{"id":3818,"date":"2025-12-15T11:15:50","date_gmt":"2025-12-15T10:15:50","guid":{"rendered":"https:\/\/hotelvillaflorida.it\/lexperience-du-lac-de-garde\/bagolino-e-il-bagoss-tradizione-gusto-e-storia-alpina\/"},"modified":"2025-12-15T14:26:06","modified_gmt":"2025-12-15T13:26:06","slug":"bagolino-et-le-bagoss","status":"publish","type":"page","link":"https:\/\/hotelvillaflorida.it\/fr\/lexperience-du-lac-de-garde\/bagolino-et-le-bagoss\/","title":{"rendered":"Bagolino et le Bag\u00f2ss"},"content":{"rendered":"<section class=\"l-section wpb_row us_custom_3a797162 hide_on_mobiles height_small\"><div class=\"l-section-overlay\" style=\"background:linear-gradient(180deg,rgba(0,0,0,0.00),rgba(0,0,0,0.20))\"><\/div><div class=\"l-section-h i-cf\"><div class=\"g-cols vc_row via_grid cols_1 laptops-cols_inherit tablets-cols_inherit mobiles-cols_1 valign_bottom type_default stacking_default\"><div class=\"wpb_column vc_column_container us_custom_3581a2d8\"><div class=\"vc_column-inner\"><nav class=\"g-breadcrumbs us_custom_c68474d9 has_text_color separator_icon align_right\" itemscope itemtype=\"http:\/\/schema.org\/BreadcrumbList\"><div class=\"g-breadcrumbs-item\" itemscope itemprop=\"itemListElement\" itemtype=\"http:\/\/schema.org\/ListItem\"><a itemprop=\"item\" href=\"https:\/\/hotelvillaflorida.it\/fr\/\"><span itemprop=\"name\">Accueil<\/span><\/a><meta itemprop=\"position\" content=\"1\"\/><\/div><div class=\"g-breadcrumbs-separator\"><i class=\"far fa-angle-right\"><\/i><\/div><div class=\"g-breadcrumbs-item\">Pages<\/div><\/nav><\/div><\/div><\/div><\/div><\/section><section class=\"l-section wpb_row us_custom_3a797162 hide_on_default hide_on_laptops hide_on_tablets height_small\"><div class=\"l-section-overlay\" style=\"background:linear-gradient(180deg,rgba(0,0,0,0.00),rgba(0,0,0,0.20))\"><\/div><div class=\"l-section-h i-cf\"><div class=\"g-cols vc_row via_grid cols_1 laptops-cols_inherit tablets-cols_inherit mobiles-cols_1 valign_bottom type_default stacking_default\"><div class=\"wpb_column vc_column_container us_custom_ad22d5c8 hide_on_default hide_on_laptops hide_on_tablets\"><div class=\"vc_column-inner\"><nav class=\"g-breadcrumbs us_custom_c68474d9 has_text_color separator_icon align_right hide_current\" itemscope itemtype=\"http:\/\/schema.org\/BreadcrumbList\"><div class=\"g-breadcrumbs-item\" itemscope itemprop=\"itemListElement\" itemtype=\"http:\/\/schema.org\/ListItem\"><a itemprop=\"item\" href=\"https:\/\/hotelvillaflorida.it\/fr\/\"><span itemprop=\"name\">Accueil<\/span><\/a><meta itemprop=\"position\" content=\"1\"\/><\/div><div class=\"g-breadcrumbs-separator\"><i class=\"far fa-angle-right\"><\/i><\/div><div class=\"g-breadcrumbs-item\">Pages<\/div><\/nav><\/div><\/div><\/div><\/div><\/section><section class=\"l-section wpb_row height_medium\" id=\"prima\"><div class=\"l-section-h i-cf\"><div class=\"g-cols vc_row via_grid cols_1 laptops-cols_inherit tablets-cols_inherit mobiles-cols_1 valign_top type_default stacking_default\"><div class=\"wpb_column vc_column_container\"><div class=\"vc_column-inner\"><div class=\"w-vwrapper us_custom_c97daedd align_center valign_top\"><div class=\"w-text us_custom_d056f26d has_text_color\"><span class=\"w-text-h\"><span class=\"w-text-value\">Un voyage entre art, histoire et nature.<\/span><\/span><\/div><h1 class=\"w-text us_custom_201b0d3e\"><span class=\"w-text-h\"><span class=\"w-text-value\">Bagolino et le Bag\u00f2ss : tradition, saveurs et histoire alpine<\/span><\/span><\/h1><h3 class=\"w-text us_custom_ebbdc731\"><span class=\"w-text-h\"><span class=\"w-text-value\">L&rsquo;un des villages les plus charmants de la r\u00e9gion et son fromage d&rsquo;excellence<\/span><\/span><\/h3><div class=\"w-separator size_large\"><\/div><\/div><div class=\"wpb_text_column\"><div class=\"wpb_wrapper\"><p>Bagolino est l&rsquo;un des villages historiques les plus pittoresques de la r\u00e9gion, nich\u00e9 entre les montagnes et riche en charme, en histoire et en traditions s\u00e9culaires. Son centre historique, avec ses ruelles pav\u00e9es, ses arches en pierre, ses \u00e9glises orn\u00e9es de fresques et ses palais historiques, t\u00e9moigne d&rsquo;un pass\u00e9 important li\u00e9 au commerce et \u00e0 la vie montagnarde.<\/p>\n<p>Se promener \u00e0 Bagolino, c&rsquo;est s&rsquo;immerger dans une atmosph\u00e8re authentique, o\u00f9 la culture alpine est encore fortement ancr\u00e9e. Le village est \u00e9galement connu pour son c\u00e9l\u00e8bre carnaval, consid\u00e9r\u00e9 comme l&rsquo;un des plus anciens et des plus fascinants d&rsquo;Italie, mais il conserve un grand charme tout au long de l&rsquo;ann\u00e9e.<\/p>\n<p>Bagolino est \u00e9galement le berceau du Bag\u00f2ss, un fromage AOP rare et pr\u00e9cieux, produit selon des m\u00e9thodes traditionnelles avec du lait de montagne et affin\u00e9 longtemps. Au go\u00fbt intense et aromatique, le Bag\u00f2ss est un v\u00e9ritable d\u00e9lice gastronomique, appr\u00e9ci\u00e9 des connaisseurs et symbole de la culture locale. Vous pouvez le d\u00e9guster dans les boutiques du village ou dans les restaurants typiques de la r\u00e9gion.<\/p>\n<p>Une visite \u00e0 Bagolino est parfaite pour ceux qui aiment allier culture, gastronomie et paysages alpins. Depuis l&rsquo;h\u00f4tel Villa Florida, cette excursion est une exp\u00e9rience id\u00e9ale pour d\u00e9couvrir un aspect plus authentique de la r\u00e9gion, loin des itin\u00e9raires les plus fr\u00e9quent\u00e9s, enrichissant votre s\u00e9jour sur le lac de Garde de saveurs et de traditions uniques.<\/p>\n<\/div><\/div><\/div><\/div><\/div><\/div><\/section><section class=\"l-section wpb_row height_medium\"><div class=\"l-section-h i-cf\"><div class=\"g-cols vc_row via_grid cols_1 laptops-cols_inherit tablets-cols_inherit mobiles-cols_1 valign_top type_default stacking_default\"><div class=\"wpb_column vc_column_container\"><div class=\"vc_column-inner\"><div class=\"w-grid us_carousel us_custom_eaca26c6 centro us_animate_this type_carousel layout_277 preload_style_spinner items_3 ratio_1x1\" id=\"us_grid_1\" style=\"--items:3;--gap:0.5rem;--item-ratio:1;\"><style>.layout_277 .w-grid-item-h{border-radius:0.1rem}.layout_277 .usg_post_image_1{transition-duration:0.3s;transform-origin:50% 50%;transform:scale(1) translate(0%,0%)}.layout_277 .w-grid-item-h:focus-within .usg_post_image_1,.layout_277 .w-grid-item-h:hover .usg_post_image_1{transform:scale(1.05) translate(0%,0%);opacity:1;background:var(--color-header-transparent-text-hover)!important}.layout_277 .usg_post_image_1{position:absolute!important;left:0!important;top:0!important;bottom:0!important;right:0!important}<\/style><div class=\"w-grid-list owl-carousel valign_stretch dotstyle_smudge navstyle_4 arrows-ver-pos_middle arrows-hor-pos_on_sides_inside arrows-disabled_hide owl-responsive-2000 with_dots with_arrows\" style=\"--transition-duration:1050ms;--arrows-size:1.5rem;--arrows-hor-offset:calc(20px - 0.5rem);--arrows-gap:10px;\">\t<article class=\"w-grid-item post-3734 attachment type-attachment status-inherit hentry\" data-id=\"3734\">\r\n\t\t<div class=\"w-grid-item-h\">\r\n\t\t\t\t\t\t\t<a ref=\"magnificPopupGrid\" href=\"https:\/\/hotelvillaflorida.it\/wp-content\/uploads\/2025\/12\/46800_2.jpg\" class=\"w-grid-item-anchor\" aria-label=\"Hotel Villa Florida - Gardone Riviera on Lake Garda\"><\/a>\r\n\t\t\t\t\t\t<div class=\"w-post-elm post_image usg_post_image_1 stretched\"><img loading=\"lazy\" decoding=\"async\" width=\"932\" height=\"549\" src=\"https:\/\/hotelvillaflorida.it\/wp-content\/uploads\/2025\/12\/46800_2.jpg\" class=\"attachment-large size-large\" alt=\"Hotel Villa Florida - Gardone Riviera on Lake Garda\" srcset=\"https:\/\/hotelvillaflorida.it\/wp-content\/uploads\/2025\/12\/46800_2.jpg 932w, https:\/\/hotelvillaflorida.it\/wp-content\/uploads\/2025\/12\/46800_2-300x177.jpg 300w\" sizes=\"auto, (max-width: 932px) 100vw, 932px\" \/><\/div>\t\t<\/div>\r\n\t\t\t<\/article>\r\n\t<article class=\"w-grid-item post-3746 attachment type-attachment status-inherit hentry\" data-id=\"3746\">\r\n\t\t<div class=\"w-grid-item-h\">\r\n\t\t\t\t\t\t\t<a ref=\"magnificPopupGrid\" href=\"https:\/\/hotelvillaflorida.it\/wp-content\/uploads\/2025\/12\/Bagolino-Il-Carnevale-01.jpg\" class=\"w-grid-item-anchor\" aria-label=\"Hotel Villa Florida - Gardone Riviera on Lake Garda\"><\/a>\r\n\t\t\t\t\t\t<div class=\"w-post-elm post_image usg_post_image_1 stretched\"><img loading=\"lazy\" decoding=\"async\" width=\"1024\" height=\"512\" src=\"https:\/\/hotelvillaflorida.it\/wp-content\/uploads\/2025\/12\/Bagolino-Il-Carnevale-01-1024x512.jpg\" class=\"attachment-large size-large\" alt=\"Hotel Villa Florida - Gardone Riviera on Lake Garda\" srcset=\"https:\/\/hotelvillaflorida.it\/wp-content\/uploads\/2025\/12\/Bagolino-Il-Carnevale-01-1024x512.jpg 1024w, https:\/\/hotelvillaflorida.it\/wp-content\/uploads\/2025\/12\/Bagolino-Il-Carnevale-01-300x150.jpg 300w, https:\/\/hotelvillaflorida.it\/wp-content\/uploads\/2025\/12\/Bagolino-Il-Carnevale-01.jpg 1600w\" sizes=\"auto, (max-width: 1024px) 100vw, 1024px\" \/><\/div>\t\t<\/div>\r\n\t\t\t<\/article>\r\n\t<article class=\"w-grid-item post-3742 attachment type-attachment status-inherit hentry\" data-id=\"3742\">\r\n\t\t<div class=\"w-grid-item-h\">\r\n\t\t\t\t\t\t\t<a ref=\"magnificPopupGrid\" href=\"https:\/\/hotelvillaflorida.it\/wp-content\/uploads\/2025\/12\/formaggio-bagoss-bagolino-fusi-valentina-e1593180953259.jpg\" class=\"w-grid-item-anchor\" aria-label=\"Hotel Villa Florida - Gardone Riviera on Lake Garda\"><\/a>\r\n\t\t\t\t\t\t<div class=\"w-post-elm post_image usg_post_image_1 stretched\"><img loading=\"lazy\" decoding=\"async\" width=\"1024\" height=\"619\" src=\"https:\/\/hotelvillaflorida.it\/wp-content\/uploads\/2025\/12\/formaggio-bagoss-bagolino-fusi-valentina-e1593180953259-1024x619.jpg\" class=\"attachment-large size-large\" alt=\"Hotel Villa Florida - Gardone Riviera on Lake Garda\" srcset=\"https:\/\/hotelvillaflorida.it\/wp-content\/uploads\/2025\/12\/formaggio-bagoss-bagolino-fusi-valentina-e1593180953259-1024x619.jpg 1024w, https:\/\/hotelvillaflorida.it\/wp-content\/uploads\/2025\/12\/formaggio-bagoss-bagolino-fusi-valentina-e1593180953259-300x181.jpg 300w\" sizes=\"auto, (max-width: 1024px) 100vw, 1024px\" \/><\/div>\t\t<\/div>\r\n\t\t\t<\/article>\r\n<\/div><div class=\"w-grid-carousel-json hidden\" onclick='return {&quot;carousel_settings&quot;:{&quot;aria_labels&quot;:{&quot;prev&quot;:&quot;Pr\\u00e9c\\u00e9dent&quot;,&quot;next&quot;:&quot;Suivant&quot;},&quot;autoplayContinual&quot;:false,&quot;autoplayHoverPause&quot;:false,&quot;autoplayTimeout&quot;:3000,&quot;autoWidth&quot;:false,&quot;smartSpeed&quot;:1050,&quot;margin&quot;:0,&quot;mouseDrag&quot;:true,&quot;rtl&quot;:false,&quot;slideBy&quot;:&quot;1&quot;,&quot;touchDrag&quot;:true,&quot;slideTransition&quot;:&quot;&quot;,&quot;responsive&quot;:{&quot;0&quot;:{&quot;autoHeight&quot;:false,&quot;autoplay&quot;:true,&quot;autoWidth&quot;:false,&quot;center&quot;:false,&quot;dots&quot;:true,&quot;items&quot;:1,&quot;loop&quot;:true,&quot;nav&quot;:false,&quot;stagePadding&quot;:40,&quot;slideBy&quot;:&quot;1&quot;},&quot;601&quot;:{&quot;items&quot;:3,&quot;autoplay&quot;:false,&quot;center&quot;:false,&quot;dots&quot;:true,&quot;nav&quot;:true,&quot;autoHeight&quot;:false,&quot;autoWidth&quot;:false,&quot;loop&quot;:false,&quot;stagePadding&quot;:50}}}}'><\/div><\/div><\/div><\/div><\/div><\/div><\/section>\n","protected":false},"excerpt":{"rendered":"","protected":false},"author":1,"featured_media":3738,"parent":2246,"menu_order":89,"comment_status":"closed","ping_status":"closed","template":"","meta":{"_acf_changed":false,"footnotes":""},"evidenza":[38],"class_list":["post-3818","page","type-page","status-publish","has-post-thumbnail","hentry","evidenza-evidenza"],"acf":[],"yoast_head":"<!-- This site is optimized with the Yoast SEO plugin v27.4 - https:\/\/yoast.com\/product\/yoast-seo-wordpress\/ -->\n<title>Bagolino et le Bag\u00f2ss | Village historique et saveurs<\/title>\n<meta name=\"description\" content=\"D\u00e9couvrez Bagolino, village historique de caract\u00e8re, et le Bag\u00f2ss AOP, fromage embl\u00e9matique des traditions locales.\" \/>\n<meta name=\"robots\" content=\"index, follow, max-snippet:-1, max-image-preview:large, max-video-preview:-1\" \/>\n<link rel=\"canonical\" href=\"https:\/\/hotelvillaflorida.it\/fr\/lexperience-du-lac-de-garde\/bagolino-et-le-bagoss\/\" \/>\n<meta property=\"og:locale\" content=\"fr_FR\" \/>\n<meta property=\"og:type\" content=\"article\" \/>\n<meta property=\"og:title\" content=\"Bagolino et le Bag\u00f2ss | Village historique et saveurs\" \/>\n<meta property=\"og:description\" content=\"D\u00e9couvrez Bagolino, village historique de caract\u00e8re, et le Bag\u00f2ss AOP, fromage embl\u00e9matique des traditions locales.\" \/>\n<meta property=\"og:url\" content=\"https:\/\/hotelvillaflorida.it\/fr\/lexperience-du-lac-de-garde\/bagolino-et-le-bagoss\/\" \/>\n<meta property=\"og:site_name\" content=\"Hotel Villa Florida\" \/>\n<meta property=\"article:publisher\" content=\"https:\/\/www.facebook.com\/HotelVillaFlorida\" \/>\n<meta property=\"article:modified_time\" content=\"2025-12-15T13:26:06+00:00\" \/>\n<meta property=\"og:image\" content=\"https:\/\/hotelvillaflorida.it\/wp-content\/uploads\/2025\/12\/bagolino-valle-sabbia.jpg\" \/>\n\t<meta property=\"og:image:width\" content=\"2100\" \/>\n\t<meta property=\"og:image:height\" content=\"1575\" \/>\n\t<meta property=\"og:image:type\" content=\"image\/jpeg\" \/>\n<meta name=\"twitter:card\" content=\"summary_large_image\" \/>\n<meta name=\"twitter:label1\" content=\"Dur\u00e9e de lecture estim\u00e9e\" \/>\n\t<meta name=\"twitter:data1\" content=\"2 minutes\" \/>\n<script type=\"application\/ld+json\" class=\"yoast-schema-graph\">{\"@context\":\"https:\\\/\\\/schema.org\",\"@graph\":[{\"@type\":\"WebPage\",\"@id\":\"https:\\\/\\\/hotelvillaflorida.it\\\/fr\\\/lexperience-du-lac-de-garde\\\/bagolino-et-le-bagoss\\\/\",\"url\":\"https:\\\/\\\/hotelvillaflorida.it\\\/fr\\\/lexperience-du-lac-de-garde\\\/bagolino-et-le-bagoss\\\/\",\"name\":\"Bagolino et le Bag\u00f2ss | Village historique et saveurs\",\"isPartOf\":{\"@id\":\"https:\\\/\\\/hotelvillaflorida.it\\\/fr\\\/#website\"},\"primaryImageOfPage\":{\"@id\":\"https:\\\/\\\/hotelvillaflorida.it\\\/fr\\\/lexperience-du-lac-de-garde\\\/bagolino-et-le-bagoss\\\/#primaryimage\"},\"image\":{\"@id\":\"https:\\\/\\\/hotelvillaflorida.it\\\/fr\\\/lexperience-du-lac-de-garde\\\/bagolino-et-le-bagoss\\\/#primaryimage\"},\"thumbnailUrl\":\"https:\\\/\\\/hotelvillaflorida.it\\\/wp-content\\\/uploads\\\/2025\\\/12\\\/bagolino-valle-sabbia.jpg\",\"datePublished\":\"2025-12-15T10:15:50+00:00\",\"dateModified\":\"2025-12-15T13:26:06+00:00\",\"description\":\"D\u00e9couvrez Bagolino, village historique de caract\u00e8re, et le Bag\u00f2ss AOP, fromage embl\u00e9matique des traditions locales.\",\"breadcrumb\":{\"@id\":\"https:\\\/\\\/hotelvillaflorida.it\\\/fr\\\/lexperience-du-lac-de-garde\\\/bagolino-et-le-bagoss\\\/#breadcrumb\"},\"inLanguage\":\"fr-FR\",\"potentialAction\":[{\"@type\":\"ReadAction\",\"target\":[\"https:\\\/\\\/hotelvillaflorida.it\\\/fr\\\/lexperience-du-lac-de-garde\\\/bagolino-et-le-bagoss\\\/\"]}]},{\"@type\":\"ImageObject\",\"inLanguage\":\"fr-FR\",\"@id\":\"https:\\\/\\\/hotelvillaflorida.it\\\/fr\\\/lexperience-du-lac-de-garde\\\/bagolino-et-le-bagoss\\\/#primaryimage\",\"url\":\"https:\\\/\\\/hotelvillaflorida.it\\\/wp-content\\\/uploads\\\/2025\\\/12\\\/bagolino-valle-sabbia.jpg\",\"contentUrl\":\"https:\\\/\\\/hotelvillaflorida.it\\\/wp-content\\\/uploads\\\/2025\\\/12\\\/bagolino-valle-sabbia.jpg\",\"width\":2100,\"height\":1575,\"caption\":\"Hotel Villa Florida - Gardone Riviera on Lake Garda\"},{\"@type\":\"BreadcrumbList\",\"@id\":\"https:\\\/\\\/hotelvillaflorida.it\\\/fr\\\/lexperience-du-lac-de-garde\\\/bagolino-et-le-bagoss\\\/#breadcrumb\",\"itemListElement\":[{\"@type\":\"ListItem\",\"position\":1,\"name\":\"Home\",\"item\":\"https:\\\/\\\/hotelvillaflorida.it\\\/fr\\\/\"},{\"@type\":\"ListItem\",\"position\":2,\"name\":\"L&#8217;exp\u00e9rience du lac de Garde\",\"item\":\"https:\\\/\\\/hotelvillaflorida.it\\\/fr\\\/lexperience-du-lac-de-garde\\\/\"},{\"@type\":\"ListItem\",\"position\":3,\"name\":\"Bagolino et le Bag\u00f2ss\"}]},{\"@type\":\"WebSite\",\"@id\":\"https:\\\/\\\/hotelvillaflorida.it\\\/fr\\\/#website\",\"url\":\"https:\\\/\\\/hotelvillaflorida.it\\\/fr\\\/\",\"name\":\"Hotel Villa Florida\",\"description\":\"Hotel Villa Florida Gardone Riviera\",\"publisher\":{\"@id\":\"https:\\\/\\\/hotelvillaflorida.it\\\/fr\\\/#organization\"},\"alternateName\":\"Hotel Villa Florida Gardone Riviera\",\"potentialAction\":[{\"@type\":\"SearchAction\",\"target\":{\"@type\":\"EntryPoint\",\"urlTemplate\":\"https:\\\/\\\/hotelvillaflorida.it\\\/fr\\\/?s={search_term_string}\"},\"query-input\":{\"@type\":\"PropertyValueSpecification\",\"valueRequired\":true,\"valueName\":\"search_term_string\"}}],\"inLanguage\":\"fr-FR\"},{\"@type\":\"Organization\",\"@id\":\"https:\\\/\\\/hotelvillaflorida.it\\\/fr\\\/#organization\",\"name\":\"Hotel Villa Florida\",\"alternateName\":\"Hotel Villa Florida Gardone Riviera\",\"url\":\"https:\\\/\\\/hotelvillaflorida.it\\\/fr\\\/\",\"logo\":{\"@type\":\"ImageObject\",\"inLanguage\":\"fr-FR\",\"@id\":\"https:\\\/\\\/hotelvillaflorida.it\\\/fr\\\/#\\\/schema\\\/logo\\\/image\\\/\",\"url\":\"https:\\\/\\\/hotelvillaflorida.it\\\/wp-content\\\/uploads\\\/2024\\\/12\\\/Risorsa-5.svg\",\"contentUrl\":\"https:\\\/\\\/hotelvillaflorida.it\\\/wp-content\\\/uploads\\\/2024\\\/12\\\/Risorsa-5.svg\",\"width\":\"1024\",\"height\":\"1024\",\"caption\":\"Hotel Villa Florida\"},\"image\":{\"@id\":\"https:\\\/\\\/hotelvillaflorida.it\\\/fr\\\/#\\\/schema\\\/logo\\\/image\\\/\"},\"sameAs\":[\"https:\\\/\\\/www.facebook.com\\\/HotelVillaFlorida\"]}]}<\/script>\n<!-- \/ Yoast SEO plugin. -->","yoast_head_json":{"title":"Bagolino et le Bag\u00f2ss | Village historique et saveurs","description":"D\u00e9couvrez Bagolino, village historique de caract\u00e8re, et le Bag\u00f2ss AOP, fromage embl\u00e9matique des traditions locales.","robots":{"index":"index","follow":"follow","max-snippet":"max-snippet:-1","max-image-preview":"max-image-preview:large","max-video-preview":"max-video-preview:-1"},"canonical":"https:\/\/hotelvillaflorida.it\/fr\/lexperience-du-lac-de-garde\/bagolino-et-le-bagoss\/","og_locale":"fr_FR","og_type":"article","og_title":"Bagolino et le Bag\u00f2ss | Village historique et saveurs","og_description":"D\u00e9couvrez Bagolino, village historique de caract\u00e8re, et le Bag\u00f2ss AOP, fromage embl\u00e9matique des traditions locales.","og_url":"https:\/\/hotelvillaflorida.it\/fr\/lexperience-du-lac-de-garde\/bagolino-et-le-bagoss\/","og_site_name":"Hotel Villa Florida","article_publisher":"https:\/\/www.facebook.com\/HotelVillaFlorida","article_modified_time":"2025-12-15T13:26:06+00:00","og_image":[{"width":2100,"height":1575,"url":"https:\/\/hotelvillaflorida.it\/wp-content\/uploads\/2025\/12\/bagolino-valle-sabbia.jpg","type":"image\/jpeg"}],"twitter_card":"summary_large_image","twitter_misc":{"Dur\u00e9e de lecture estim\u00e9e":"2 minutes"},"schema":{"@context":"https:\/\/schema.org","@graph":[{"@type":"WebPage","@id":"https:\/\/hotelvillaflorida.it\/fr\/lexperience-du-lac-de-garde\/bagolino-et-le-bagoss\/","url":"https:\/\/hotelvillaflorida.it\/fr\/lexperience-du-lac-de-garde\/bagolino-et-le-bagoss\/","name":"Bagolino et le Bag\u00f2ss | Village historique et saveurs","isPartOf":{"@id":"https:\/\/hotelvillaflorida.it\/fr\/#website"},"primaryImageOfPage":{"@id":"https:\/\/hotelvillaflorida.it\/fr\/lexperience-du-lac-de-garde\/bagolino-et-le-bagoss\/#primaryimage"},"image":{"@id":"https:\/\/hotelvillaflorida.it\/fr\/lexperience-du-lac-de-garde\/bagolino-et-le-bagoss\/#primaryimage"},"thumbnailUrl":"https:\/\/hotelvillaflorida.it\/wp-content\/uploads\/2025\/12\/bagolino-valle-sabbia.jpg","datePublished":"2025-12-15T10:15:50+00:00","dateModified":"2025-12-15T13:26:06+00:00","description":"D\u00e9couvrez Bagolino, village historique de caract\u00e8re, et le Bag\u00f2ss AOP, fromage embl\u00e9matique des traditions locales.","breadcrumb":{"@id":"https:\/\/hotelvillaflorida.it\/fr\/lexperience-du-lac-de-garde\/bagolino-et-le-bagoss\/#breadcrumb"},"inLanguage":"fr-FR","potentialAction":[{"@type":"ReadAction","target":["https:\/\/hotelvillaflorida.it\/fr\/lexperience-du-lac-de-garde\/bagolino-et-le-bagoss\/"]}]},{"@type":"ImageObject","inLanguage":"fr-FR","@id":"https:\/\/hotelvillaflorida.it\/fr\/lexperience-du-lac-de-garde\/bagolino-et-le-bagoss\/#primaryimage","url":"https:\/\/hotelvillaflorida.it\/wp-content\/uploads\/2025\/12\/bagolino-valle-sabbia.jpg","contentUrl":"https:\/\/hotelvillaflorida.it\/wp-content\/uploads\/2025\/12\/bagolino-valle-sabbia.jpg","width":2100,"height":1575,"caption":"Hotel Villa Florida - Gardone Riviera on Lake Garda"},{"@type":"BreadcrumbList","@id":"https:\/\/hotelvillaflorida.it\/fr\/lexperience-du-lac-de-garde\/bagolino-et-le-bagoss\/#breadcrumb","itemListElement":[{"@type":"ListItem","position":1,"name":"Home","item":"https:\/\/hotelvillaflorida.it\/fr\/"},{"@type":"ListItem","position":2,"name":"L&#8217;exp\u00e9rience du lac de Garde","item":"https:\/\/hotelvillaflorida.it\/fr\/lexperience-du-lac-de-garde\/"},{"@type":"ListItem","position":3,"name":"Bagolino et le Bag\u00f2ss"}]},{"@type":"WebSite","@id":"https:\/\/hotelvillaflorida.it\/fr\/#website","url":"https:\/\/hotelvillaflorida.it\/fr\/","name":"Hotel Villa Florida","description":"Hotel Villa Florida Gardone Riviera","publisher":{"@id":"https:\/\/hotelvillaflorida.it\/fr\/#organization"},"alternateName":"Hotel Villa Florida Gardone Riviera","potentialAction":[{"@type":"SearchAction","target":{"@type":"EntryPoint","urlTemplate":"https:\/\/hotelvillaflorida.it\/fr\/?s={search_term_string}"},"query-input":{"@type":"PropertyValueSpecification","valueRequired":true,"valueName":"search_term_string"}}],"inLanguage":"fr-FR"},{"@type":"Organization","@id":"https:\/\/hotelvillaflorida.it\/fr\/#organization","name":"Hotel Villa Florida","alternateName":"Hotel Villa Florida Gardone Riviera","url":"https:\/\/hotelvillaflorida.it\/fr\/","logo":{"@type":"ImageObject","inLanguage":"fr-FR","@id":"https:\/\/hotelvillaflorida.it\/fr\/#\/schema\/logo\/image\/","url":"https:\/\/hotelvillaflorida.it\/wp-content\/uploads\/2024\/12\/Risorsa-5.svg","contentUrl":"https:\/\/hotelvillaflorida.it\/wp-content\/uploads\/2024\/12\/Risorsa-5.svg","width":"1024","height":"1024","caption":"Hotel Villa Florida"},"image":{"@id":"https:\/\/hotelvillaflorida.it\/fr\/#\/schema\/logo\/image\/"},"sameAs":["https:\/\/www.facebook.com\/HotelVillaFlorida"]}]}},"publishpress_future_workflow_manual_trigger":{"enabledWorkflows":[]},"_links":{"self":[{"href":"https:\/\/hotelvillaflorida.it\/fr\/wp-json\/wp\/v2\/pages\/3818","targetHints":{"allow":["GET"]}}],"collection":[{"href":"https:\/\/hotelvillaflorida.it\/fr\/wp-json\/wp\/v2\/pages"}],"about":[{"href":"https:\/\/hotelvillaflorida.it\/fr\/wp-json\/wp\/v2\/types\/page"}],"author":[{"embeddable":true,"href":"https:\/\/hotelvillaflorida.it\/fr\/wp-json\/wp\/v2\/users\/1"}],"replies":[{"embeddable":true,"href":"https:\/\/hotelvillaflorida.it\/fr\/wp-json\/wp\/v2\/comments?post=3818"}],"version-history":[{"count":2,"href":"https:\/\/hotelvillaflorida.it\/fr\/wp-json\/wp\/v2\/pages\/3818\/revisions"}],"predecessor-version":[{"id":3820,"href":"https:\/\/hotelvillaflorida.it\/fr\/wp-json\/wp\/v2\/pages\/3818\/revisions\/3820"}],"up":[{"embeddable":true,"href":"https:\/\/hotelvillaflorida.it\/fr\/wp-json\/wp\/v2\/pages\/2246"}],"wp:featuredmedia":[{"embeddable":true,"href":"https:\/\/hotelvillaflorida.it\/fr\/wp-json\/wp\/v2\/media\/3738"}],"wp:attachment":[{"href":"https:\/\/hotelvillaflorida.it\/fr\/wp-json\/wp\/v2\/media?parent=3818"}],"wp:term":[{"taxonomy":"evidenza","embeddable":true,"href":"https:\/\/hotelvillaflorida.it\/fr\/wp-json\/wp\/v2\/evidenza?post=3818"}],"curies":[{"name":"wp","href":"https:\/\/api.w.org\/{rel}","templated":true}]}}