{"id":3792,"date":"2025-12-15T11:21:16","date_gmt":"2025-12-15T10:21:16","guid":{"rendered":"https:\/\/hotelvillaflorida.it\/lexperience-du-lac-de-garde\/strada-della-forra-terrazza-del-brivido-e-montecastello\/"},"modified":"2025-12-15T14:28:50","modified_gmt":"2025-12-15T13:28:50","slug":"route-de-la-forra-terrasse-du-frisson-et-montecastello","status":"publish","type":"page","link":"https:\/\/hotelvillaflorida.it\/fr\/lexperience-du-lac-de-garde\/route-de-la-forra-terrasse-du-frisson-et-montecastello\/","title":{"rendered":"Route de la Forra, Terrasse du Frisson et Montecastello"},"content":{"rendered":"<section class=\"l-section wpb_row us_custom_3a797162 hide_on_mobiles height_small\"><div class=\"l-section-overlay\" style=\"background:linear-gradient(180deg,rgba(0,0,0,0.00),rgba(0,0,0,0.20))\"><\/div><div class=\"l-section-h i-cf\"><div class=\"g-cols vc_row via_grid cols_1 laptops-cols_inherit tablets-cols_inherit mobiles-cols_1 valign_bottom type_default stacking_default\"><div class=\"wpb_column vc_column_container us_custom_3581a2d8\"><div class=\"vc_column-inner\"><nav class=\"g-breadcrumbs us_custom_c68474d9 has_text_color separator_icon align_right\" itemscope itemtype=\"http:\/\/schema.org\/BreadcrumbList\"><div class=\"g-breadcrumbs-item\" itemscope itemprop=\"itemListElement\" itemtype=\"http:\/\/schema.org\/ListItem\"><a itemprop=\"item\" href=\"https:\/\/hotelvillaflorida.it\/fr\/\"><span itemprop=\"name\">Accueil<\/span><\/a><meta itemprop=\"position\" content=\"1\"\/><\/div><div class=\"g-breadcrumbs-separator\"><i class=\"far fa-angle-right\"><\/i><\/div><div class=\"g-breadcrumbs-item\">Pages<\/div><\/nav><\/div><\/div><\/div><\/div><\/section><section class=\"l-section wpb_row us_custom_3a797162 hide_on_default hide_on_laptops hide_on_tablets height_small\"><div class=\"l-section-overlay\" style=\"background:linear-gradient(180deg,rgba(0,0,0,0.00),rgba(0,0,0,0.20))\"><\/div><div class=\"l-section-h i-cf\"><div class=\"g-cols vc_row via_grid cols_1 laptops-cols_inherit tablets-cols_inherit mobiles-cols_1 valign_bottom type_default stacking_default\"><div class=\"wpb_column vc_column_container us_custom_ad22d5c8 hide_on_default hide_on_laptops hide_on_tablets\"><div class=\"vc_column-inner\"><nav class=\"g-breadcrumbs us_custom_c68474d9 has_text_color separator_icon align_right hide_current\" itemscope itemtype=\"http:\/\/schema.org\/BreadcrumbList\"><div class=\"g-breadcrumbs-item\" itemscope itemprop=\"itemListElement\" itemtype=\"http:\/\/schema.org\/ListItem\"><a itemprop=\"item\" href=\"https:\/\/hotelvillaflorida.it\/fr\/\"><span itemprop=\"name\">Accueil<\/span><\/a><meta itemprop=\"position\" content=\"1\"\/><\/div><div class=\"g-breadcrumbs-separator\"><i class=\"far fa-angle-right\"><\/i><\/div><div class=\"g-breadcrumbs-item\">Pages<\/div><\/nav><\/div><\/div><\/div><\/div><\/section><section class=\"l-section wpb_row height_medium\" id=\"prima\"><div class=\"l-section-h i-cf\"><div class=\"g-cols vc_row via_grid cols_1 laptops-cols_inherit tablets-cols_inherit mobiles-cols_1 valign_top type_default stacking_default\"><div class=\"wpb_column vc_column_container\"><div class=\"vc_column-inner\"><div class=\"w-vwrapper us_custom_c97daedd align_center valign_top\"><div class=\"w-text us_custom_d056f26d has_text_color\"><span class=\"w-text-h\"><span class=\"w-text-value\">Un voyage entre art, histoire et nature.<\/span><\/span><\/div><h1 class=\"w-text us_custom_201b0d3e\"><span class=\"w-text-h\"><span class=\"w-text-value\">Route de la Forra, Terrasse du Frisson et Montecastello<\/span><\/span><\/h1><h3 class=\"w-text us_custom_ebbdc731\"><span class=\"w-text-h\"><span class=\"w-text-value\">Entre panoramas spectaculaires, routes l\u00e9gendaires et lieux empreints de spiritualit\u00e9<\/span><\/span><\/h3><div class=\"w-separator size_large\"><\/div><\/div><div class=\"wpb_text_column\"><div class=\"wpb_wrapper\"><p>La Strada della Forra est consid\u00e9r\u00e9e comme l&rsquo;une des routes panoramiques les plus belles et les plus suggestives d&rsquo;Europe. Creus\u00e9e dans la roche et suspendue entre des parois verticales et des vues sur le lac, elle offre une exp\u00e9rience unique, appr\u00e9ci\u00e9e des voyageurs, des photographes et des passionn\u00e9s de moteurs. La parcourir, c&rsquo;est vivre un voyage passionnant, o\u00f9 chaque virage offre un nouveau panorama \u00e0 couper le souffle.<\/p>\n<p>Le long du parcours, vous atteindrez la c\u00e9l\u00e8bre Terrazza del Brivido di Tremosine, un balcon naturel suspendu \u00e0 plus de 350 m\u00e8tres au-dessus du lac de Garde. De l\u00e0, la vue est tout simplement spectaculaire : le bleu du lac se confond avec le ciel et les montagnes cr\u00e9ent un paysage d&rsquo;une rare beaut\u00e9, id\u00e9al pour une pause photo inoubliable.<\/p>\n<p>Non loin de l\u00e0 se trouve le sanctuaire de Montecastello, l&rsquo;un des lieux les plus suggestifs et spirituels du lac de Garde. Perch\u00e9 sur un \u00e9peron rocheux, il domine le lac avec une vue extraordinaire et offre une atmosph\u00e8re de paix et de recueillement. La visite du sanctuaire allie beaut\u00e9 du paysage, histoire et spiritualit\u00e9.<\/p>\n<p>Cette excursion est parfaite pour ceux qui souhaitent d\u00e9couvrir le lac de Garde sous un angle privil\u00e9gi\u00e9, en combinant \u00e9motions, panoramas embl\u00e9matiques et lieux de grand charme. Au d\u00e9part de l&rsquo;h\u00f4tel Villa Florida, la Strada della Forra et ses points de vue panoramiques constituent l&rsquo;une des exp\u00e9riences les plus m\u00e9morables \u00e0 vivre pendant votre s\u00e9jour.<\/p>\n<\/div><\/div><\/div><\/div><\/div><\/div><\/section><section class=\"l-section wpb_row height_medium\"><div class=\"l-section-h i-cf\"><div class=\"g-cols vc_row via_grid cols_1 laptops-cols_inherit tablets-cols_inherit mobiles-cols_1 valign_top type_default stacking_default\"><div class=\"wpb_column vc_column_container\"><div class=\"vc_column-inner\"><div class=\"w-grid us_carousel us_custom_eaca26c6 centro us_animate_this type_carousel layout_277 preload_style_spinner items_3 ratio_1x1\" id=\"us_grid_1\" style=\"--items:3;--gap:0.5rem;--item-ratio:1;\"><style>.layout_277 .w-grid-item-h{border-radius:0.1rem}.layout_277 .usg_post_image_1{transition-duration:0.3s;transform-origin:50% 50%;transform:scale(1) translate(0%,0%)}.layout_277 .w-grid-item-h:focus-within .usg_post_image_1,.layout_277 .w-grid-item-h:hover .usg_post_image_1{transform:scale(1.05) translate(0%,0%);opacity:1;background:var(--color-header-transparent-text-hover)!important}.layout_277 .usg_post_image_1{position:absolute!important;left:0!important;top:0!important;bottom:0!important;right:0!important}<\/style><div class=\"w-grid-list owl-carousel valign_stretch dotstyle_smudge navstyle_4 arrows-ver-pos_middle arrows-hor-pos_on_sides_inside arrows-disabled_hide owl-responsive-2000 with_dots with_arrows\" style=\"--transition-duration:1050ms;--arrows-size:1.5rem;--arrows-hor-offset:calc(20px - 0.5rem);--arrows-gap:10px;\">\t<article class=\"w-grid-item post-3769 attachment type-attachment status-inherit hentry\" data-id=\"3769\">\r\n\t\t<div class=\"w-grid-item-h\">\r\n\t\t\t\t\t\t\t<a ref=\"magnificPopupGrid\" href=\"https:\/\/hotelvillaflorida.it\/wp-content\/uploads\/2025\/12\/strada-forra.jpg\" class=\"w-grid-item-anchor\" aria-label=\"Hotel Villa Florida - Gardone Riviera on Lake Garda\"><\/a>\r\n\t\t\t\t\t\t<div class=\"w-post-elm post_image usg_post_image_1 stretched\"><img loading=\"lazy\" decoding=\"async\" width=\"1024\" height=\"683\" src=\"https:\/\/hotelvillaflorida.it\/wp-content\/uploads\/2025\/12\/strada-forra-1024x683.jpg\" class=\"attachment-large size-large\" alt=\"Hotel Villa Florida - Gardone Riviera on Lake Garda\" srcset=\"https:\/\/hotelvillaflorida.it\/wp-content\/uploads\/2025\/12\/strada-forra-1024x683.jpg 1024w, https:\/\/hotelvillaflorida.it\/wp-content\/uploads\/2025\/12\/strada-forra-300x200.jpg 300w, https:\/\/hotelvillaflorida.it\/wp-content\/uploads\/2025\/12\/strada-forra.jpg 1200w\" sizes=\"auto, (max-width: 1024px) 100vw, 1024px\" \/><\/div>\t\t<\/div>\r\n\t\t\t<\/article>\r\n\t<article class=\"w-grid-item post-3765 attachment type-attachment status-inherit hentry\" data-id=\"3765\">\r\n\t\t<div class=\"w-grid-item-h\">\r\n\t\t\t\t\t\t\t<a ref=\"magnificPopupGrid\" href=\"https:\/\/hotelvillaflorida.it\/wp-content\/uploads\/2025\/12\/20200819_141206-scaled.jpg\" class=\"w-grid-item-anchor\" aria-label=\"Hotel Villa Florida - Gardone Riviera on Lake Garda\"><\/a>\r\n\t\t\t\t\t\t<div class=\"w-post-elm post_image usg_post_image_1 stretched\"><img loading=\"lazy\" decoding=\"async\" width=\"1024\" height=\"768\" src=\"https:\/\/hotelvillaflorida.it\/wp-content\/uploads\/2025\/12\/20200819_141206-1024x768.jpg\" class=\"attachment-large size-large\" alt=\"Hotel Villa Florida - Gardone Riviera on Lake Garda\" srcset=\"https:\/\/hotelvillaflorida.it\/wp-content\/uploads\/2025\/12\/20200819_141206-1024x768.jpg 1024w, https:\/\/hotelvillaflorida.it\/wp-content\/uploads\/2025\/12\/20200819_141206-300x225.jpg 300w\" sizes=\"auto, (max-width: 1024px) 100vw, 1024px\" \/><\/div>\t\t<\/div>\r\n\t\t\t<\/article>\r\n\t<article class=\"w-grid-item post-3773 attachment type-attachment status-inherit hentry\" data-id=\"3773\">\r\n\t\t<div class=\"w-grid-item-h\">\r\n\t\t\t\t\t\t\t<a ref=\"magnificPopupGrid\" href=\"https:\/\/hotelvillaflorida.it\/wp-content\/uploads\/2025\/12\/Santuario-di-Montecastello-di-Tignale.jpg\" class=\"w-grid-item-anchor\" aria-label=\"Hotel Villa Florida - Gardone Riviera on Lake Garda\"><\/a>\r\n\t\t\t\t\t\t<div class=\"w-post-elm post_image usg_post_image_1 stretched\"><img loading=\"lazy\" decoding=\"async\" width=\"1000\" height=\"668\" src=\"https:\/\/hotelvillaflorida.it\/wp-content\/uploads\/2025\/12\/Santuario-di-Montecastello-di-Tignale.jpg\" class=\"attachment-large size-large\" alt=\"Hotel Villa Florida - Gardone Riviera on Lake Garda\" srcset=\"https:\/\/hotelvillaflorida.it\/wp-content\/uploads\/2025\/12\/Santuario-di-Montecastello-di-Tignale.jpg 1000w, https:\/\/hotelvillaflorida.it\/wp-content\/uploads\/2025\/12\/Santuario-di-Montecastello-di-Tignale-300x200.jpg 300w\" sizes=\"auto, (max-width: 1000px) 100vw, 1000px\" \/><\/div>\t\t<\/div>\r\n\t\t\t<\/article>\r\n<\/div><div class=\"w-grid-carousel-json hidden\" onclick='return {&quot;carousel_settings&quot;:{&quot;aria_labels&quot;:{&quot;prev&quot;:&quot;Pr\\u00e9c\\u00e9dent&quot;,&quot;next&quot;:&quot;Suivant&quot;},&quot;autoplayContinual&quot;:false,&quot;autoplayHoverPause&quot;:false,&quot;autoplayTimeout&quot;:3000,&quot;autoWidth&quot;:false,&quot;smartSpeed&quot;:1050,&quot;margin&quot;:0,&quot;mouseDrag&quot;:true,&quot;rtl&quot;:false,&quot;slideBy&quot;:&quot;1&quot;,&quot;touchDrag&quot;:true,&quot;slideTransition&quot;:&quot;&quot;,&quot;responsive&quot;:{&quot;0&quot;:{&quot;autoHeight&quot;:false,&quot;autoplay&quot;:true,&quot;autoWidth&quot;:false,&quot;center&quot;:false,&quot;dots&quot;:true,&quot;items&quot;:1,&quot;loop&quot;:true,&quot;nav&quot;:false,&quot;stagePadding&quot;:40,&quot;slideBy&quot;:&quot;1&quot;},&quot;601&quot;:{&quot;items&quot;:3,&quot;autoplay&quot;:false,&quot;center&quot;:false,&quot;dots&quot;:true,&quot;nav&quot;:true,&quot;autoHeight&quot;:false,&quot;autoWidth&quot;:false,&quot;loop&quot;:false,&quot;stagePadding&quot;:50}}}}'><\/div><\/div><\/div><\/div><\/div><\/div><\/section>\n","protected":false},"excerpt":{"rendered":"","protected":false},"author":1,"featured_media":3761,"parent":2246,"menu_order":74,"comment_status":"closed","ping_status":"closed","template":"","meta":{"_acf_changed":false,"footnotes":""},"evidenza":[38],"class_list":["post-3792","page","type-page","status-publish","has-post-thumbnail","hentry","evidenza-evidenza"],"acf":[],"yoast_head":"<!-- This site is optimized with the Yoast SEO plugin v27.4 - https:\/\/yoast.com\/product\/yoast-seo-wordpress\/ -->\n<title>Strada della Forra et Terrasse du Vertige | Vue sur le lac<\/title>\n<meta name=\"description\" content=\"Parcourez la Strada della Forra, admirez la Terrasse du Vertige et le sanctuaire de Montecastello avec vue sur le lac de Garde.\" \/>\n<meta name=\"robots\" content=\"index, follow, max-snippet:-1, max-image-preview:large, max-video-preview:-1\" \/>\n<link rel=\"canonical\" href=\"https:\/\/hotelvillaflorida.it\/fr\/lexperience-du-lac-de-garde\/route-de-la-forra-terrasse-du-frisson-et-montecastello\/\" \/>\n<meta property=\"og:locale\" content=\"fr_FR\" \/>\n<meta property=\"og:type\" content=\"article\" \/>\n<meta property=\"og:title\" content=\"Strada della Forra et Terrasse du Vertige | Vue sur le lac\" \/>\n<meta property=\"og:description\" content=\"Parcourez la Strada della Forra, admirez la Terrasse du Vertige et le sanctuaire de Montecastello avec vue sur le lac de Garde.\" \/>\n<meta property=\"og:url\" content=\"https:\/\/hotelvillaflorida.it\/fr\/lexperience-du-lac-de-garde\/route-de-la-forra-terrasse-du-frisson-et-montecastello\/\" \/>\n<meta property=\"og:site_name\" content=\"Hotel Villa Florida\" \/>\n<meta property=\"article:publisher\" content=\"https:\/\/www.facebook.com\/HotelVillaFlorida\" \/>\n<meta property=\"article:modified_time\" content=\"2025-12-15T13:28:50+00:00\" \/>\n<meta property=\"og:image\" content=\"https:\/\/hotelvillaflorida.it\/wp-content\/uploads\/2025\/12\/Strada-della-Forra-Tremosine-Gardasee-Lombardei-Italien-2-1.jpg\" \/>\n\t<meta property=\"og:image:width\" content=\"1920\" \/>\n\t<meta property=\"og:image:height\" content=\"1080\" \/>\n\t<meta property=\"og:image:type\" content=\"image\/jpeg\" \/>\n<meta name=\"twitter:card\" content=\"summary_large_image\" \/>\n<meta name=\"twitter:label1\" content=\"Dur\u00e9e de lecture estim\u00e9e\" \/>\n\t<meta name=\"twitter:data1\" content=\"2 minutes\" \/>\n<script type=\"application\/ld+json\" class=\"yoast-schema-graph\">{\"@context\":\"https:\\\/\\\/schema.org\",\"@graph\":[{\"@type\":\"WebPage\",\"@id\":\"https:\\\/\\\/hotelvillaflorida.it\\\/fr\\\/lexperience-du-lac-de-garde\\\/route-de-la-forra-terrasse-du-frisson-et-montecastello\\\/\",\"url\":\"https:\\\/\\\/hotelvillaflorida.it\\\/fr\\\/lexperience-du-lac-de-garde\\\/route-de-la-forra-terrasse-du-frisson-et-montecastello\\\/\",\"name\":\"Strada della Forra et Terrasse du Vertige | Vue sur le lac\",\"isPartOf\":{\"@id\":\"https:\\\/\\\/hotelvillaflorida.it\\\/fr\\\/#website\"},\"primaryImageOfPage\":{\"@id\":\"https:\\\/\\\/hotelvillaflorida.it\\\/fr\\\/lexperience-du-lac-de-garde\\\/route-de-la-forra-terrasse-du-frisson-et-montecastello\\\/#primaryimage\"},\"image\":{\"@id\":\"https:\\\/\\\/hotelvillaflorida.it\\\/fr\\\/lexperience-du-lac-de-garde\\\/route-de-la-forra-terrasse-du-frisson-et-montecastello\\\/#primaryimage\"},\"thumbnailUrl\":\"https:\\\/\\\/hotelvillaflorida.it\\\/wp-content\\\/uploads\\\/2025\\\/12\\\/Strada-della-Forra-Tremosine-Gardasee-Lombardei-Italien-2-1.jpg\",\"datePublished\":\"2025-12-15T10:21:16+00:00\",\"dateModified\":\"2025-12-15T13:28:50+00:00\",\"description\":\"Parcourez la Strada della Forra, admirez la Terrasse du Vertige et le sanctuaire de Montecastello avec vue sur le lac de Garde.\",\"breadcrumb\":{\"@id\":\"https:\\\/\\\/hotelvillaflorida.it\\\/fr\\\/lexperience-du-lac-de-garde\\\/route-de-la-forra-terrasse-du-frisson-et-montecastello\\\/#breadcrumb\"},\"inLanguage\":\"fr-FR\",\"potentialAction\":[{\"@type\":\"ReadAction\",\"target\":[\"https:\\\/\\\/hotelvillaflorida.it\\\/fr\\\/lexperience-du-lac-de-garde\\\/route-de-la-forra-terrasse-du-frisson-et-montecastello\\\/\"]}]},{\"@type\":\"ImageObject\",\"inLanguage\":\"fr-FR\",\"@id\":\"https:\\\/\\\/hotelvillaflorida.it\\\/fr\\\/lexperience-du-lac-de-garde\\\/route-de-la-forra-terrasse-du-frisson-et-montecastello\\\/#primaryimage\",\"url\":\"https:\\\/\\\/hotelvillaflorida.it\\\/wp-content\\\/uploads\\\/2025\\\/12\\\/Strada-della-Forra-Tremosine-Gardasee-Lombardei-Italien-2-1.jpg\",\"contentUrl\":\"https:\\\/\\\/hotelvillaflorida.it\\\/wp-content\\\/uploads\\\/2025\\\/12\\\/Strada-della-Forra-Tremosine-Gardasee-Lombardei-Italien-2-1.jpg\",\"width\":1920,\"height\":1080,\"caption\":\"xr:d:DAF4woRd3zo:155,j:7199418364825274292,t:24010319\"},{\"@type\":\"BreadcrumbList\",\"@id\":\"https:\\\/\\\/hotelvillaflorida.it\\\/fr\\\/lexperience-du-lac-de-garde\\\/route-de-la-forra-terrasse-du-frisson-et-montecastello\\\/#breadcrumb\",\"itemListElement\":[{\"@type\":\"ListItem\",\"position\":1,\"name\":\"Home\",\"item\":\"https:\\\/\\\/hotelvillaflorida.it\\\/fr\\\/\"},{\"@type\":\"ListItem\",\"position\":2,\"name\":\"L&#8217;exp\u00e9rience du lac de Garde\",\"item\":\"https:\\\/\\\/hotelvillaflorida.it\\\/fr\\\/lexperience-du-lac-de-garde\\\/\"},{\"@type\":\"ListItem\",\"position\":3,\"name\":\"Route de la Forra, Terrasse du Frisson et Montecastello\"}]},{\"@type\":\"WebSite\",\"@id\":\"https:\\\/\\\/hotelvillaflorida.it\\\/fr\\\/#website\",\"url\":\"https:\\\/\\\/hotelvillaflorida.it\\\/fr\\\/\",\"name\":\"Hotel Villa Florida\",\"description\":\"Hotel Villa Florida Gardone Riviera\",\"publisher\":{\"@id\":\"https:\\\/\\\/hotelvillaflorida.it\\\/fr\\\/#organization\"},\"alternateName\":\"Hotel Villa Florida Gardone Riviera\",\"potentialAction\":[{\"@type\":\"SearchAction\",\"target\":{\"@type\":\"EntryPoint\",\"urlTemplate\":\"https:\\\/\\\/hotelvillaflorida.it\\\/fr\\\/?s={search_term_string}\"},\"query-input\":{\"@type\":\"PropertyValueSpecification\",\"valueRequired\":true,\"valueName\":\"search_term_string\"}}],\"inLanguage\":\"fr-FR\"},{\"@type\":\"Organization\",\"@id\":\"https:\\\/\\\/hotelvillaflorida.it\\\/fr\\\/#organization\",\"name\":\"Hotel Villa Florida\",\"alternateName\":\"Hotel Villa Florida Gardone Riviera\",\"url\":\"https:\\\/\\\/hotelvillaflorida.it\\\/fr\\\/\",\"logo\":{\"@type\":\"ImageObject\",\"inLanguage\":\"fr-FR\",\"@id\":\"https:\\\/\\\/hotelvillaflorida.it\\\/fr\\\/#\\\/schema\\\/logo\\\/image\\\/\",\"url\":\"https:\\\/\\\/hotelvillaflorida.it\\\/wp-content\\\/uploads\\\/2024\\\/12\\\/Risorsa-5.svg\",\"contentUrl\":\"https:\\\/\\\/hotelvillaflorida.it\\\/wp-content\\\/uploads\\\/2024\\\/12\\\/Risorsa-5.svg\",\"width\":\"1024\",\"height\":\"1024\",\"caption\":\"Hotel Villa Florida\"},\"image\":{\"@id\":\"https:\\\/\\\/hotelvillaflorida.it\\\/fr\\\/#\\\/schema\\\/logo\\\/image\\\/\"},\"sameAs\":[\"https:\\\/\\\/www.facebook.com\\\/HotelVillaFlorida\"]}]}<\/script>\n<!-- \/ Yoast SEO plugin. -->","yoast_head_json":{"title":"Strada della Forra et Terrasse du Vertige | Vue sur le lac","description":"Parcourez la Strada della Forra, admirez la Terrasse du Vertige et le sanctuaire de Montecastello avec vue sur le lac de Garde.","robots":{"index":"index","follow":"follow","max-snippet":"max-snippet:-1","max-image-preview":"max-image-preview:large","max-video-preview":"max-video-preview:-1"},"canonical":"https:\/\/hotelvillaflorida.it\/fr\/lexperience-du-lac-de-garde\/route-de-la-forra-terrasse-du-frisson-et-montecastello\/","og_locale":"fr_FR","og_type":"article","og_title":"Strada della Forra et Terrasse du Vertige | Vue sur le lac","og_description":"Parcourez la Strada della Forra, admirez la Terrasse du Vertige et le sanctuaire de Montecastello avec vue sur le lac de Garde.","og_url":"https:\/\/hotelvillaflorida.it\/fr\/lexperience-du-lac-de-garde\/route-de-la-forra-terrasse-du-frisson-et-montecastello\/","og_site_name":"Hotel Villa Florida","article_publisher":"https:\/\/www.facebook.com\/HotelVillaFlorida","article_modified_time":"2025-12-15T13:28:50+00:00","og_image":[{"width":1920,"height":1080,"url":"https:\/\/hotelvillaflorida.it\/wp-content\/uploads\/2025\/12\/Strada-della-Forra-Tremosine-Gardasee-Lombardei-Italien-2-1.jpg","type":"image\/jpeg"}],"twitter_card":"summary_large_image","twitter_misc":{"Dur\u00e9e de lecture estim\u00e9e":"2 minutes"},"schema":{"@context":"https:\/\/schema.org","@graph":[{"@type":"WebPage","@id":"https:\/\/hotelvillaflorida.it\/fr\/lexperience-du-lac-de-garde\/route-de-la-forra-terrasse-du-frisson-et-montecastello\/","url":"https:\/\/hotelvillaflorida.it\/fr\/lexperience-du-lac-de-garde\/route-de-la-forra-terrasse-du-frisson-et-montecastello\/","name":"Strada della Forra et Terrasse du Vertige | Vue sur le lac","isPartOf":{"@id":"https:\/\/hotelvillaflorida.it\/fr\/#website"},"primaryImageOfPage":{"@id":"https:\/\/hotelvillaflorida.it\/fr\/lexperience-du-lac-de-garde\/route-de-la-forra-terrasse-du-frisson-et-montecastello\/#primaryimage"},"image":{"@id":"https:\/\/hotelvillaflorida.it\/fr\/lexperience-du-lac-de-garde\/route-de-la-forra-terrasse-du-frisson-et-montecastello\/#primaryimage"},"thumbnailUrl":"https:\/\/hotelvillaflorida.it\/wp-content\/uploads\/2025\/12\/Strada-della-Forra-Tremosine-Gardasee-Lombardei-Italien-2-1.jpg","datePublished":"2025-12-15T10:21:16+00:00","dateModified":"2025-12-15T13:28:50+00:00","description":"Parcourez la Strada della Forra, admirez la Terrasse du Vertige et le sanctuaire de Montecastello avec vue sur le lac de Garde.","breadcrumb":{"@id":"https:\/\/hotelvillaflorida.it\/fr\/lexperience-du-lac-de-garde\/route-de-la-forra-terrasse-du-frisson-et-montecastello\/#breadcrumb"},"inLanguage":"fr-FR","potentialAction":[{"@type":"ReadAction","target":["https:\/\/hotelvillaflorida.it\/fr\/lexperience-du-lac-de-garde\/route-de-la-forra-terrasse-du-frisson-et-montecastello\/"]}]},{"@type":"ImageObject","inLanguage":"fr-FR","@id":"https:\/\/hotelvillaflorida.it\/fr\/lexperience-du-lac-de-garde\/route-de-la-forra-terrasse-du-frisson-et-montecastello\/#primaryimage","url":"https:\/\/hotelvillaflorida.it\/wp-content\/uploads\/2025\/12\/Strada-della-Forra-Tremosine-Gardasee-Lombardei-Italien-2-1.jpg","contentUrl":"https:\/\/hotelvillaflorida.it\/wp-content\/uploads\/2025\/12\/Strada-della-Forra-Tremosine-Gardasee-Lombardei-Italien-2-1.jpg","width":1920,"height":1080,"caption":"xr:d:DAF4woRd3zo:155,j:7199418364825274292,t:24010319"},{"@type":"BreadcrumbList","@id":"https:\/\/hotelvillaflorida.it\/fr\/lexperience-du-lac-de-garde\/route-de-la-forra-terrasse-du-frisson-et-montecastello\/#breadcrumb","itemListElement":[{"@type":"ListItem","position":1,"name":"Home","item":"https:\/\/hotelvillaflorida.it\/fr\/"},{"@type":"ListItem","position":2,"name":"L&#8217;exp\u00e9rience du lac de Garde","item":"https:\/\/hotelvillaflorida.it\/fr\/lexperience-du-lac-de-garde\/"},{"@type":"ListItem","position":3,"name":"Route de la Forra, Terrasse du Frisson et Montecastello"}]},{"@type":"WebSite","@id":"https:\/\/hotelvillaflorida.it\/fr\/#website","url":"https:\/\/hotelvillaflorida.it\/fr\/","name":"Hotel Villa Florida","description":"Hotel Villa Florida Gardone Riviera","publisher":{"@id":"https:\/\/hotelvillaflorida.it\/fr\/#organization"},"alternateName":"Hotel Villa Florida Gardone Riviera","potentialAction":[{"@type":"SearchAction","target":{"@type":"EntryPoint","urlTemplate":"https:\/\/hotelvillaflorida.it\/fr\/?s={search_term_string}"},"query-input":{"@type":"PropertyValueSpecification","valueRequired":true,"valueName":"search_term_string"}}],"inLanguage":"fr-FR"},{"@type":"Organization","@id":"https:\/\/hotelvillaflorida.it\/fr\/#organization","name":"Hotel Villa Florida","alternateName":"Hotel Villa Florida Gardone Riviera","url":"https:\/\/hotelvillaflorida.it\/fr\/","logo":{"@type":"ImageObject","inLanguage":"fr-FR","@id":"https:\/\/hotelvillaflorida.it\/fr\/#\/schema\/logo\/image\/","url":"https:\/\/hotelvillaflorida.it\/wp-content\/uploads\/2024\/12\/Risorsa-5.svg","contentUrl":"https:\/\/hotelvillaflorida.it\/wp-content\/uploads\/2024\/12\/Risorsa-5.svg","width":"1024","height":"1024","caption":"Hotel Villa Florida"},"image":{"@id":"https:\/\/hotelvillaflorida.it\/fr\/#\/schema\/logo\/image\/"},"sameAs":["https:\/\/www.facebook.com\/HotelVillaFlorida"]}]}},"publishpress_future_workflow_manual_trigger":{"enabledWorkflows":[]},"_links":{"self":[{"href":"https:\/\/hotelvillaflorida.it\/fr\/wp-json\/wp\/v2\/pages\/3792","targetHints":{"allow":["GET"]}}],"collection":[{"href":"https:\/\/hotelvillaflorida.it\/fr\/wp-json\/wp\/v2\/pages"}],"about":[{"href":"https:\/\/hotelvillaflorida.it\/fr\/wp-json\/wp\/v2\/types\/page"}],"author":[{"embeddable":true,"href":"https:\/\/hotelvillaflorida.it\/fr\/wp-json\/wp\/v2\/users\/1"}],"replies":[{"embeddable":true,"href":"https:\/\/hotelvillaflorida.it\/fr\/wp-json\/wp\/v2\/comments?post=3792"}],"version-history":[{"count":2,"href":"https:\/\/hotelvillaflorida.it\/fr\/wp-json\/wp\/v2\/pages\/3792\/revisions"}],"predecessor-version":[{"id":3794,"href":"https:\/\/hotelvillaflorida.it\/fr\/wp-json\/wp\/v2\/pages\/3792\/revisions\/3794"}],"up":[{"embeddable":true,"href":"https:\/\/hotelvillaflorida.it\/fr\/wp-json\/wp\/v2\/pages\/2246"}],"wp:featuredmedia":[{"embeddable":true,"href":"https:\/\/hotelvillaflorida.it\/fr\/wp-json\/wp\/v2\/media\/3761"}],"wp:attachment":[{"href":"https:\/\/hotelvillaflorida.it\/fr\/wp-json\/wp\/v2\/media?parent=3792"}],"wp:term":[{"taxonomy":"evidenza","embeddable":true,"href":"https:\/\/hotelvillaflorida.it\/fr\/wp-json\/wp\/v2\/evidenza?post=3792"}],"curies":[{"name":"wp","href":"https:\/\/api.w.org\/{rel}","templated":true}]}}