{"id":3522,"date":"2025-10-27T09:26:50","date_gmt":"2025-10-27T08:26:50","guid":{"rendered":"https:\/\/hotelvillaflorida.it\/lexperience-du-lac-de-garde\/il-vittoriale-degli-italiani\/"},"modified":"2026-02-20T10:50:32","modified_gmt":"2026-02-20T09:50:32","slug":"il-vittoriale-degli-italiani","status":"publish","type":"page","link":"https:\/\/hotelvillaflorida.it\/fr\/lexperience-du-lac-de-garde\/il-vittoriale-degli-italiani\/","title":{"rendered":"Il Vittoriale degli Italiani"},"content":{"rendered":"<section class=\"l-section wpb_row us_custom_3a797162 hide_on_mobiles height_small\"><div class=\"l-section-overlay\" style=\"background:linear-gradient(180deg,rgba(0,0,0,0.00),rgba(0,0,0,0.20))\"><\/div><div class=\"l-section-h i-cf\"><div class=\"g-cols vc_row via_grid cols_1 laptops-cols_inherit tablets-cols_inherit mobiles-cols_1 valign_bottom type_default stacking_default\"><div class=\"wpb_column vc_column_container us_custom_3581a2d8\"><div class=\"vc_column-inner\"><nav class=\"g-breadcrumbs us_custom_c68474d9 has_text_color separator_icon align_right\" itemscope itemtype=\"http:\/\/schema.org\/BreadcrumbList\"><div class=\"g-breadcrumbs-item\" itemscope itemprop=\"itemListElement\" itemtype=\"http:\/\/schema.org\/ListItem\"><a itemprop=\"item\" href=\"https:\/\/hotelvillaflorida.it\/fr\/\"><span itemprop=\"name\">Accueil<\/span><\/a><meta itemprop=\"position\" content=\"1\"\/><\/div><div class=\"g-breadcrumbs-separator\"><i class=\"far fa-angle-right\"><\/i><\/div><div class=\"g-breadcrumbs-item\">Pages<\/div><\/nav><\/div><\/div><\/div><\/div><\/section><section class=\"l-section wpb_row us_custom_3a797162 hide_on_default hide_on_laptops hide_on_tablets height_small\"><div class=\"l-section-overlay\" style=\"background:linear-gradient(180deg,rgba(0,0,0,0.00),rgba(0,0,0,0.20))\"><\/div><div class=\"l-section-h i-cf\"><div class=\"g-cols vc_row via_grid cols_1 laptops-cols_inherit tablets-cols_inherit mobiles-cols_1 valign_bottom type_default stacking_default\"><div class=\"wpb_column vc_column_container us_custom_ad22d5c8 hide_on_default hide_on_laptops hide_on_tablets\"><div class=\"vc_column-inner\"><nav class=\"g-breadcrumbs us_custom_c68474d9 has_text_color separator_icon align_right hide_current\" itemscope itemtype=\"http:\/\/schema.org\/BreadcrumbList\"><div class=\"g-breadcrumbs-item\" itemscope itemprop=\"itemListElement\" itemtype=\"http:\/\/schema.org\/ListItem\"><a itemprop=\"item\" href=\"https:\/\/hotelvillaflorida.it\/fr\/\"><span itemprop=\"name\">Accueil<\/span><\/a><meta itemprop=\"position\" content=\"1\"\/><\/div><div class=\"g-breadcrumbs-separator\"><i class=\"far fa-angle-right\"><\/i><\/div><div class=\"g-breadcrumbs-item\">Pages<\/div><\/nav><\/div><\/div><\/div><\/div><\/section><section class=\"l-section wpb_row height_medium\" id=\"prima\"><div class=\"l-section-h i-cf\"><div class=\"g-cols vc_row via_grid cols_1 laptops-cols_inherit tablets-cols_inherit mobiles-cols_1 valign_top type_default stacking_default\"><div class=\"wpb_column vc_column_container\"><div class=\"vc_column-inner\"><div class=\"w-vwrapper us_custom_c97daedd align_center valign_top\"><div class=\"w-text us_custom_d056f26d has_text_color\"><span class=\"w-text-h\"><span class=\"w-text-value\">Un voyage entre art, histoire et nature.<\/span><\/span><\/div><h1 class=\"w-text us_custom_201b0d3e\"><span class=\"w-text-h\"><span class=\"w-text-value\">Le Vittoriale degli Italiani : la maison-mus\u00e9e de Gabriele D&rsquo;Annunzio \u00e0 deux minutes de l&rsquo;h\u00f4tel<\/span><\/span><\/h1><h3 class=\"w-text us_custom_ebbdc731\"><span class=\"w-text-h\"><span class=\"w-text-value\">\u00c0 quelques pas de l&rsquo;h\u00f4tel Villa Florida, un lieu embl\u00e9matique de Gardone Riviera<\/span><\/span><\/h3><div class=\"w-separator size_large\"><\/div><\/div><div class=\"wpb_text_column\"><div class=\"wpb_wrapper\"><p>\u00c0 seulement deux minutes en voiture de l&rsquo;h\u00f4tel Villa Florida se trouve le c\u00e9l\u00e8bre Vittoriale degli Italiani, l&rsquo;extraordinaire demeure de Gabriele D&rsquo;Annunzio, aujourd&rsquo;hui l&rsquo;un des complexes monumentaux les plus visit\u00e9s du lac de Garde.<br \/>\nLe Vittoriale est un v\u00e9ritable microcosme : un ensemble de b\u00e2timents, de jardins, de th\u00e9\u00e2tres, de rues et de terrasses panoramiques qui racontent la vie, l&rsquo;art et les exploits du po\u00e8te-soldat.<br \/>\nParmi les lieux les plus embl\u00e9matiques, citons le navire Puglia, le MAS 96, le th\u00e9\u00e2tre en plein air et le mausol\u00e9e, qui domine Gardone Riviera depuis les hauteurs.<\/p>\n<p>Se promener dans ces lieux, c&rsquo;est faire un voyage dans le temps, plong\u00e9 dans une atmosph\u00e8re o\u00f9 l&rsquo;histoire, la nature et la culture cohabitent en parfaite harmonie.<br \/>\nUne \u00e9tape incontournable pour ceux qui s\u00e9journent au lac de Garde et souhaitent d\u00e9couvrir l&rsquo;une de ses \u00e2mes les plus authentiques et fascinantes.<\/p>\n<\/div><\/div><\/div><\/div><\/div><\/div><\/section><section class=\"l-section wpb_row height_medium\"><div class=\"l-section-h i-cf\"><div class=\"g-cols vc_row via_grid cols_1 laptops-cols_inherit tablets-cols_inherit mobiles-cols_1 valign_top type_default stacking_default\"><div class=\"wpb_column vc_column_container\"><div class=\"vc_column-inner\"><div class=\"w-grid us_carousel us_custom_eaca26c6 centro us_animate_this type_carousel layout_277 preload_style_spinner items_3 ratio_1x1\" id=\"us_grid_1\" style=\"--items:3;--gap:0.5rem;--item-ratio:1;\"><style>.layout_277 .w-grid-item-h{border-radius:0.1rem}.layout_277 .usg_post_image_1{transition-duration:0.3s;transform-origin:50% 50%;transform:scale(1) translate(0%,0%)}.layout_277 .w-grid-item-h:focus-within .usg_post_image_1,.layout_277 .w-grid-item-h:hover .usg_post_image_1{transform:scale(1.05) translate(0%,0%);opacity:1;background:var(--color-header-transparent-text-hover)!important}.layout_277 .usg_post_image_1{position:absolute!important;left:0!important;top:0!important;bottom:0!important;right:0!important}<\/style><div class=\"w-grid-list owl-carousel valign_stretch dotstyle_smudge navstyle_4 arrows-ver-pos_middle arrows-hor-pos_on_sides_inside arrows-disabled_hide owl-responsive-2000 with_dots with_arrows\" style=\"--transition-duration:1050ms;--arrows-size:1.5rem;--arrows-hor-offset:calc(20px - 0.5rem);--arrows-gap:10px;\">\t<article class=\"w-grid-item post-3464 attachment type-attachment status-inherit hentry\" data-id=\"3464\">\r\n\t\t<div class=\"w-grid-item-h\">\r\n\t\t\t\t\t\t\t<a ref=\"magnificPopupGrid\" href=\"https:\/\/hotelvillaflorida.it\/wp-content\/uploads\/2025\/10\/prua-regia-nave-puglia-vittoriale-italiani-d-annunzio-gardone-lombardia.jpg\" class=\"w-grid-item-anchor\" aria-label=\"Hotel Villa Florida - Gardone Riviera on Lake Garda\"><\/a>\r\n\t\t\t\t\t\t<div class=\"w-post-elm post_image usg_post_image_1 stretched\"><img loading=\"lazy\" decoding=\"async\" width=\"900\" height=\"675\" src=\"https:\/\/hotelvillaflorida.it\/wp-content\/uploads\/2025\/10\/prua-regia-nave-puglia-vittoriale-italiani-d-annunzio-gardone-lombardia.jpg\" class=\"attachment-large size-large\" alt=\"Hotel Villa Florida - Gardone Riviera on Lake Garda\" srcset=\"https:\/\/hotelvillaflorida.it\/wp-content\/uploads\/2025\/10\/prua-regia-nave-puglia-vittoriale-italiani-d-annunzio-gardone-lombardia.jpg 900w, https:\/\/hotelvillaflorida.it\/wp-content\/uploads\/2025\/10\/prua-regia-nave-puglia-vittoriale-italiani-d-annunzio-gardone-lombardia-300x225.jpg 300w\" sizes=\"auto, (max-width: 900px) 100vw, 900px\" \/><\/div>\t\t<\/div>\r\n\t\t\t<\/article>\r\n\t<article class=\"w-grid-item post-3468 attachment type-attachment status-inherit hentry\" data-id=\"3468\">\r\n\t\t<div class=\"w-grid-item-h\">\r\n\t\t\t\t\t\t\t<a ref=\"magnificPopupGrid\" href=\"https:\/\/hotelvillaflorida.it\/wp-content\/uploads\/2025\/10\/Officina_phMarcoBeckPeccoz-e1608717953588.jpg\" class=\"w-grid-item-anchor\" aria-label=\"Hotel Villa Florida - Gardone Riviera on Lake Garda\"><\/a>\r\n\t\t\t\t\t\t<div class=\"w-post-elm post_image usg_post_image_1 stretched\"><img loading=\"lazy\" decoding=\"async\" width=\"1024\" height=\"680\" src=\"https:\/\/hotelvillaflorida.it\/wp-content\/uploads\/2025\/10\/Officina_phMarcoBeckPeccoz-e1608717953588-1024x680.jpg\" class=\"attachment-large size-large\" alt=\"Hotel Villa Florida - Gardone Riviera on Lake Garda\" srcset=\"https:\/\/hotelvillaflorida.it\/wp-content\/uploads\/2025\/10\/Officina_phMarcoBeckPeccoz-e1608717953588-1024x680.jpg 1024w, https:\/\/hotelvillaflorida.it\/wp-content\/uploads\/2025\/10\/Officina_phMarcoBeckPeccoz-e1608717953588-300x199.jpg 300w, https:\/\/hotelvillaflorida.it\/wp-content\/uploads\/2025\/10\/Officina_phMarcoBeckPeccoz-e1608717953588.jpg 1200w\" sizes=\"auto, (max-width: 1024px) 100vw, 1024px\" \/><\/div>\t\t<\/div>\r\n\t\t\t<\/article>\r\n\t<article class=\"w-grid-item post-3472 attachment type-attachment status-inherit hentry\" data-id=\"3472\">\r\n\t\t<div class=\"w-grid-item-h\">\r\n\t\t\t\t\t\t\t<a ref=\"magnificPopupGrid\" href=\"https:\/\/hotelvillaflorida.it\/wp-content\/uploads\/2025\/10\/IMG_2527-scaled.jpg\" class=\"w-grid-item-anchor\" aria-label=\"Hotel Villa Florida - Gardone Riviera on Lake Garda\"><\/a>\r\n\t\t\t\t\t\t<div class=\"w-post-elm post_image usg_post_image_1 stretched\"><img loading=\"lazy\" decoding=\"async\" width=\"1024\" height=\"683\" src=\"https:\/\/hotelvillaflorida.it\/wp-content\/uploads\/2025\/10\/IMG_2527-1024x683.jpg\" class=\"attachment-large size-large\" alt=\"Hotel Villa Florida - Gardone Riviera on Lake Garda\" srcset=\"https:\/\/hotelvillaflorida.it\/wp-content\/uploads\/2025\/10\/IMG_2527-1024x683.jpg 1024w, https:\/\/hotelvillaflorida.it\/wp-content\/uploads\/2025\/10\/IMG_2527-300x200.jpg 300w, https:\/\/hotelvillaflorida.it\/wp-content\/uploads\/2025\/10\/IMG_2527-1920x1280.jpg 1920w, https:\/\/hotelvillaflorida.it\/wp-content\/uploads\/2025\/10\/IMG_2527-1280x853.jpg 1280w\" sizes=\"auto, (max-width: 1024px) 100vw, 1024px\" \/><\/div>\t\t<\/div>\r\n\t\t\t<\/article>\r\n<\/div><div class=\"w-grid-carousel-json hidden\" onclick='return {&quot;carousel_settings&quot;:{&quot;aria_labels&quot;:{&quot;prev&quot;:&quot;Pr\\u00e9c\\u00e9dent&quot;,&quot;next&quot;:&quot;Suivant&quot;},&quot;autoplayContinual&quot;:false,&quot;autoplayHoverPause&quot;:false,&quot;autoplayTimeout&quot;:3000,&quot;autoWidth&quot;:false,&quot;smartSpeed&quot;:1050,&quot;margin&quot;:0,&quot;mouseDrag&quot;:true,&quot;rtl&quot;:false,&quot;slideBy&quot;:&quot;1&quot;,&quot;touchDrag&quot;:true,&quot;slideTransition&quot;:&quot;&quot;,&quot;responsive&quot;:{&quot;0&quot;:{&quot;autoHeight&quot;:false,&quot;autoplay&quot;:true,&quot;autoWidth&quot;:false,&quot;center&quot;:false,&quot;dots&quot;:true,&quot;items&quot;:1,&quot;loop&quot;:true,&quot;nav&quot;:false,&quot;stagePadding&quot;:40,&quot;slideBy&quot;:&quot;1&quot;},&quot;601&quot;:{&quot;items&quot;:3,&quot;autoplay&quot;:false,&quot;center&quot;:false,&quot;dots&quot;:true,&quot;nav&quot;:true,&quot;autoHeight&quot;:false,&quot;autoWidth&quot;:false,&quot;loop&quot;:false,&quot;stagePadding&quot;:50}}}}'><\/div><\/div><\/div><\/div><\/div><\/div><\/section>\n","protected":false},"excerpt":{"rendered":"","protected":false},"author":1,"featured_media":3460,"parent":2246,"menu_order":29,"comment_status":"closed","ping_status":"closed","template":"","meta":{"_acf_changed":false,"footnotes":""},"evidenza":[38],"class_list":["post-3522","page","type-page","status-publish","has-post-thumbnail","hentry","evidenza-evidenza"],"acf":[],"yoast_head":"<!-- This site is optimized with the Yoast SEO plugin v27.4 - https:\/\/yoast.com\/product\/yoast-seo-wordpress\/ -->\n<title>Vittoriale Gardone Riviera - \u00c0 2 minutes de l&#039;h\u00f4tel Villa Florida<\/title>\n<meta name=\"description\" content=\"D\u00e9couvrez le Vittoriale degli Italiani, la maison-mus\u00e9e de Gabriele D&#039;Annunzio \u00e0 deux minutes de l&#039;h\u00f4tel Villa Florida. Art, culture et vues sur le lac de Garde.\" \/>\n<meta name=\"robots\" content=\"index, follow, max-snippet:-1, max-image-preview:large, max-video-preview:-1\" \/>\n<link rel=\"canonical\" href=\"https:\/\/hotelvillaflorida.it\/fr\/lexperience-du-lac-de-garde\/il-vittoriale-degli-italiani\/\" \/>\n<meta property=\"og:locale\" content=\"fr_FR\" \/>\n<meta property=\"og:type\" content=\"article\" \/>\n<meta property=\"og:title\" content=\"Vittoriale Gardone Riviera - \u00c0 2 minutes de l&#039;h\u00f4tel Villa Florida\" \/>\n<meta property=\"og:description\" content=\"D\u00e9couvrez le Vittoriale degli Italiani, la maison-mus\u00e9e de Gabriele D&#039;Annunzio \u00e0 deux minutes de l&#039;h\u00f4tel Villa Florida. Art, culture et vues sur le lac de Garde.\" \/>\n<meta property=\"og:url\" content=\"https:\/\/hotelvillaflorida.it\/fr\/lexperience-du-lac-de-garde\/il-vittoriale-degli-italiani\/\" \/>\n<meta property=\"og:site_name\" content=\"Hotel Villa Florida\" \/>\n<meta property=\"article:publisher\" content=\"https:\/\/www.facebook.com\/HotelVillaFlorida\" \/>\n<meta property=\"article:modified_time\" content=\"2026-02-20T09:50:32+00:00\" \/>\n<meta property=\"og:image\" content=\"https:\/\/hotelvillaflorida.it\/wp-content\/uploads\/2025\/10\/vittoriale-degli-italiani-1.webp\" \/>\n\t<meta property=\"og:image:width\" content=\"1800\" \/>\n\t<meta property=\"og:image:height\" content=\"1377\" \/>\n\t<meta property=\"og:image:type\" content=\"image\/webp\" \/>\n<meta name=\"twitter:card\" content=\"summary_large_image\" \/>\n<meta name=\"twitter:label1\" content=\"Dur\u00e9e de lecture estim\u00e9e\" \/>\n\t<meta name=\"twitter:data1\" content=\"2 minutes\" \/>\n<script type=\"application\/ld+json\" class=\"yoast-schema-graph\">{\"@context\":\"https:\\\/\\\/schema.org\",\"@graph\":[{\"@type\":\"WebPage\",\"@id\":\"https:\\\/\\\/hotelvillaflorida.it\\\/fr\\\/lexperience-du-lac-de-garde\\\/il-vittoriale-degli-italiani\\\/\",\"url\":\"https:\\\/\\\/hotelvillaflorida.it\\\/fr\\\/lexperience-du-lac-de-garde\\\/il-vittoriale-degli-italiani\\\/\",\"name\":\"Vittoriale Gardone Riviera - \u00c0 2 minutes de l'h\u00f4tel Villa Florida\",\"isPartOf\":{\"@id\":\"https:\\\/\\\/hotelvillaflorida.it\\\/fr\\\/#website\"},\"primaryImageOfPage\":{\"@id\":\"https:\\\/\\\/hotelvillaflorida.it\\\/fr\\\/lexperience-du-lac-de-garde\\\/il-vittoriale-degli-italiani\\\/#primaryimage\"},\"image\":{\"@id\":\"https:\\\/\\\/hotelvillaflorida.it\\\/fr\\\/lexperience-du-lac-de-garde\\\/il-vittoriale-degli-italiani\\\/#primaryimage\"},\"thumbnailUrl\":\"https:\\\/\\\/hotelvillaflorida.it\\\/wp-content\\\/uploads\\\/2025\\\/10\\\/vittoriale-degli-italiani-1.webp\",\"datePublished\":\"2025-10-27T08:26:50+00:00\",\"dateModified\":\"2026-02-20T09:50:32+00:00\",\"description\":\"D\u00e9couvrez le Vittoriale degli Italiani, la maison-mus\u00e9e de Gabriele D'Annunzio \u00e0 deux minutes de l'h\u00f4tel Villa Florida. Art, culture et vues sur le lac de Garde.\",\"breadcrumb\":{\"@id\":\"https:\\\/\\\/hotelvillaflorida.it\\\/fr\\\/lexperience-du-lac-de-garde\\\/il-vittoriale-degli-italiani\\\/#breadcrumb\"},\"inLanguage\":\"fr-FR\",\"potentialAction\":[{\"@type\":\"ReadAction\",\"target\":[\"https:\\\/\\\/hotelvillaflorida.it\\\/fr\\\/lexperience-du-lac-de-garde\\\/il-vittoriale-degli-italiani\\\/\"]}]},{\"@type\":\"ImageObject\",\"inLanguage\":\"fr-FR\",\"@id\":\"https:\\\/\\\/hotelvillaflorida.it\\\/fr\\\/lexperience-du-lac-de-garde\\\/il-vittoriale-degli-italiani\\\/#primaryimage\",\"url\":\"https:\\\/\\\/hotelvillaflorida.it\\\/wp-content\\\/uploads\\\/2025\\\/10\\\/vittoriale-degli-italiani-1.webp\",\"contentUrl\":\"https:\\\/\\\/hotelvillaflorida.it\\\/wp-content\\\/uploads\\\/2025\\\/10\\\/vittoriale-degli-italiani-1.webp\",\"width\":1800,\"height\":1377,\"caption\":\"Hotel Villa Florida - Gardone Riviera on Lake Garda\"},{\"@type\":\"BreadcrumbList\",\"@id\":\"https:\\\/\\\/hotelvillaflorida.it\\\/fr\\\/lexperience-du-lac-de-garde\\\/il-vittoriale-degli-italiani\\\/#breadcrumb\",\"itemListElement\":[{\"@type\":\"ListItem\",\"position\":1,\"name\":\"Home\",\"item\":\"https:\\\/\\\/hotelvillaflorida.it\\\/fr\\\/\"},{\"@type\":\"ListItem\",\"position\":2,\"name\":\"L&#8217;exp\u00e9rience du lac de Garde\",\"item\":\"https:\\\/\\\/hotelvillaflorida.it\\\/fr\\\/lexperience-du-lac-de-garde\\\/\"},{\"@type\":\"ListItem\",\"position\":3,\"name\":\"Il Vittoriale degli Italiani\"}]},{\"@type\":\"WebSite\",\"@id\":\"https:\\\/\\\/hotelvillaflorida.it\\\/fr\\\/#website\",\"url\":\"https:\\\/\\\/hotelvillaflorida.it\\\/fr\\\/\",\"name\":\"Hotel Villa Florida\",\"description\":\"Hotel Villa Florida Gardone Riviera\",\"publisher\":{\"@id\":\"https:\\\/\\\/hotelvillaflorida.it\\\/fr\\\/#organization\"},\"alternateName\":\"Hotel Villa Florida Gardone Riviera\",\"potentialAction\":[{\"@type\":\"SearchAction\",\"target\":{\"@type\":\"EntryPoint\",\"urlTemplate\":\"https:\\\/\\\/hotelvillaflorida.it\\\/fr\\\/?s={search_term_string}\"},\"query-input\":{\"@type\":\"PropertyValueSpecification\",\"valueRequired\":true,\"valueName\":\"search_term_string\"}}],\"inLanguage\":\"fr-FR\"},{\"@type\":\"Organization\",\"@id\":\"https:\\\/\\\/hotelvillaflorida.it\\\/fr\\\/#organization\",\"name\":\"Hotel Villa Florida\",\"alternateName\":\"Hotel Villa Florida Gardone Riviera\",\"url\":\"https:\\\/\\\/hotelvillaflorida.it\\\/fr\\\/\",\"logo\":{\"@type\":\"ImageObject\",\"inLanguage\":\"fr-FR\",\"@id\":\"https:\\\/\\\/hotelvillaflorida.it\\\/fr\\\/#\\\/schema\\\/logo\\\/image\\\/\",\"url\":\"https:\\\/\\\/hotelvillaflorida.it\\\/wp-content\\\/uploads\\\/2024\\\/12\\\/Risorsa-5.svg\",\"contentUrl\":\"https:\\\/\\\/hotelvillaflorida.it\\\/wp-content\\\/uploads\\\/2024\\\/12\\\/Risorsa-5.svg\",\"width\":\"1024\",\"height\":\"1024\",\"caption\":\"Hotel Villa Florida\"},\"image\":{\"@id\":\"https:\\\/\\\/hotelvillaflorida.it\\\/fr\\\/#\\\/schema\\\/logo\\\/image\\\/\"},\"sameAs\":[\"https:\\\/\\\/www.facebook.com\\\/HotelVillaFlorida\"]}]}<\/script>\n<!-- \/ Yoast SEO plugin. -->","yoast_head_json":{"title":"Vittoriale Gardone Riviera - \u00c0 2 minutes de l'h\u00f4tel Villa Florida","description":"D\u00e9couvrez le Vittoriale degli Italiani, la maison-mus\u00e9e de Gabriele D'Annunzio \u00e0 deux minutes de l'h\u00f4tel Villa Florida. Art, culture et vues sur le lac de Garde.","robots":{"index":"index","follow":"follow","max-snippet":"max-snippet:-1","max-image-preview":"max-image-preview:large","max-video-preview":"max-video-preview:-1"},"canonical":"https:\/\/hotelvillaflorida.it\/fr\/lexperience-du-lac-de-garde\/il-vittoriale-degli-italiani\/","og_locale":"fr_FR","og_type":"article","og_title":"Vittoriale Gardone Riviera - \u00c0 2 minutes de l'h\u00f4tel Villa Florida","og_description":"D\u00e9couvrez le Vittoriale degli Italiani, la maison-mus\u00e9e de Gabriele D'Annunzio \u00e0 deux minutes de l'h\u00f4tel Villa Florida. Art, culture et vues sur le lac de Garde.","og_url":"https:\/\/hotelvillaflorida.it\/fr\/lexperience-du-lac-de-garde\/il-vittoriale-degli-italiani\/","og_site_name":"Hotel Villa Florida","article_publisher":"https:\/\/www.facebook.com\/HotelVillaFlorida","article_modified_time":"2026-02-20T09:50:32+00:00","og_image":[{"width":1800,"height":1377,"url":"https:\/\/hotelvillaflorida.it\/wp-content\/uploads\/2025\/10\/vittoriale-degli-italiani-1.webp","type":"image\/webp"}],"twitter_card":"summary_large_image","twitter_misc":{"Dur\u00e9e de lecture estim\u00e9e":"2 minutes"},"schema":{"@context":"https:\/\/schema.org","@graph":[{"@type":"WebPage","@id":"https:\/\/hotelvillaflorida.it\/fr\/lexperience-du-lac-de-garde\/il-vittoriale-degli-italiani\/","url":"https:\/\/hotelvillaflorida.it\/fr\/lexperience-du-lac-de-garde\/il-vittoriale-degli-italiani\/","name":"Vittoriale Gardone Riviera - \u00c0 2 minutes de l'h\u00f4tel Villa Florida","isPartOf":{"@id":"https:\/\/hotelvillaflorida.it\/fr\/#website"},"primaryImageOfPage":{"@id":"https:\/\/hotelvillaflorida.it\/fr\/lexperience-du-lac-de-garde\/il-vittoriale-degli-italiani\/#primaryimage"},"image":{"@id":"https:\/\/hotelvillaflorida.it\/fr\/lexperience-du-lac-de-garde\/il-vittoriale-degli-italiani\/#primaryimage"},"thumbnailUrl":"https:\/\/hotelvillaflorida.it\/wp-content\/uploads\/2025\/10\/vittoriale-degli-italiani-1.webp","datePublished":"2025-10-27T08:26:50+00:00","dateModified":"2026-02-20T09:50:32+00:00","description":"D\u00e9couvrez le Vittoriale degli Italiani, la maison-mus\u00e9e de Gabriele D'Annunzio \u00e0 deux minutes de l'h\u00f4tel Villa Florida. Art, culture et vues sur le lac de Garde.","breadcrumb":{"@id":"https:\/\/hotelvillaflorida.it\/fr\/lexperience-du-lac-de-garde\/il-vittoriale-degli-italiani\/#breadcrumb"},"inLanguage":"fr-FR","potentialAction":[{"@type":"ReadAction","target":["https:\/\/hotelvillaflorida.it\/fr\/lexperience-du-lac-de-garde\/il-vittoriale-degli-italiani\/"]}]},{"@type":"ImageObject","inLanguage":"fr-FR","@id":"https:\/\/hotelvillaflorida.it\/fr\/lexperience-du-lac-de-garde\/il-vittoriale-degli-italiani\/#primaryimage","url":"https:\/\/hotelvillaflorida.it\/wp-content\/uploads\/2025\/10\/vittoriale-degli-italiani-1.webp","contentUrl":"https:\/\/hotelvillaflorida.it\/wp-content\/uploads\/2025\/10\/vittoriale-degli-italiani-1.webp","width":1800,"height":1377,"caption":"Hotel Villa Florida - Gardone Riviera on Lake Garda"},{"@type":"BreadcrumbList","@id":"https:\/\/hotelvillaflorida.it\/fr\/lexperience-du-lac-de-garde\/il-vittoriale-degli-italiani\/#breadcrumb","itemListElement":[{"@type":"ListItem","position":1,"name":"Home","item":"https:\/\/hotelvillaflorida.it\/fr\/"},{"@type":"ListItem","position":2,"name":"L&#8217;exp\u00e9rience du lac de Garde","item":"https:\/\/hotelvillaflorida.it\/fr\/lexperience-du-lac-de-garde\/"},{"@type":"ListItem","position":3,"name":"Il Vittoriale degli Italiani"}]},{"@type":"WebSite","@id":"https:\/\/hotelvillaflorida.it\/fr\/#website","url":"https:\/\/hotelvillaflorida.it\/fr\/","name":"Hotel Villa Florida","description":"Hotel Villa Florida Gardone Riviera","publisher":{"@id":"https:\/\/hotelvillaflorida.it\/fr\/#organization"},"alternateName":"Hotel Villa Florida Gardone Riviera","potentialAction":[{"@type":"SearchAction","target":{"@type":"EntryPoint","urlTemplate":"https:\/\/hotelvillaflorida.it\/fr\/?s={search_term_string}"},"query-input":{"@type":"PropertyValueSpecification","valueRequired":true,"valueName":"search_term_string"}}],"inLanguage":"fr-FR"},{"@type":"Organization","@id":"https:\/\/hotelvillaflorida.it\/fr\/#organization","name":"Hotel Villa Florida","alternateName":"Hotel Villa Florida Gardone Riviera","url":"https:\/\/hotelvillaflorida.it\/fr\/","logo":{"@type":"ImageObject","inLanguage":"fr-FR","@id":"https:\/\/hotelvillaflorida.it\/fr\/#\/schema\/logo\/image\/","url":"https:\/\/hotelvillaflorida.it\/wp-content\/uploads\/2024\/12\/Risorsa-5.svg","contentUrl":"https:\/\/hotelvillaflorida.it\/wp-content\/uploads\/2024\/12\/Risorsa-5.svg","width":"1024","height":"1024","caption":"Hotel Villa Florida"},"image":{"@id":"https:\/\/hotelvillaflorida.it\/fr\/#\/schema\/logo\/image\/"},"sameAs":["https:\/\/www.facebook.com\/HotelVillaFlorida"]}]}},"publishpress_future_workflow_manual_trigger":{"enabledWorkflows":[]},"_links":{"self":[{"href":"https:\/\/hotelvillaflorida.it\/fr\/wp-json\/wp\/v2\/pages\/3522","targetHints":{"allow":["GET"]}}],"collection":[{"href":"https:\/\/hotelvillaflorida.it\/fr\/wp-json\/wp\/v2\/pages"}],"about":[{"href":"https:\/\/hotelvillaflorida.it\/fr\/wp-json\/wp\/v2\/types\/page"}],"author":[{"embeddable":true,"href":"https:\/\/hotelvillaflorida.it\/fr\/wp-json\/wp\/v2\/users\/1"}],"replies":[{"embeddable":true,"href":"https:\/\/hotelvillaflorida.it\/fr\/wp-json\/wp\/v2\/comments?post=3522"}],"version-history":[{"count":2,"href":"https:\/\/hotelvillaflorida.it\/fr\/wp-json\/wp\/v2\/pages\/3522\/revisions"}],"predecessor-version":[{"id":3524,"href":"https:\/\/hotelvillaflorida.it\/fr\/wp-json\/wp\/v2\/pages\/3522\/revisions\/3524"}],"up":[{"embeddable":true,"href":"https:\/\/hotelvillaflorida.it\/fr\/wp-json\/wp\/v2\/pages\/2246"}],"wp:featuredmedia":[{"embeddable":true,"href":"https:\/\/hotelvillaflorida.it\/fr\/wp-json\/wp\/v2\/media\/3460"}],"wp:attachment":[{"href":"https:\/\/hotelvillaflorida.it\/fr\/wp-json\/wp\/v2\/media?parent=3522"}],"wp:term":[{"taxonomy":"evidenza","embeddable":true,"href":"https:\/\/hotelvillaflorida.it\/fr\/wp-json\/wp\/v2\/evidenza?post=3522"}],"curies":[{"name":"wp","href":"https:\/\/api.w.org\/{rel}","templated":true}]}}