{"id":3427,"date":"2025-10-07T15:55:14","date_gmt":"2025-10-07T13:55:14","guid":{"rendered":"https:\/\/hotelvillaflorida.it\/lexperience-du-lac-de-garde\/tour-durch-die-zitronengewaechshaeuser\/"},"modified":"2025-11-10T11:23:31","modified_gmt":"2025-11-10T10:23:31","slug":"la-ou-poussent-les-citrons-lhistoire-fleurit","status":"publish","type":"page","link":"https:\/\/hotelvillaflorida.it\/fr\/lexperience-du-lac-de-garde\/la-ou-poussent-les-citrons-lhistoire-fleurit\/","title":{"rendered":"L\u00e0 o\u00f9 poussent les citrons, l&rsquo;histoire fleurit."},"content":{"rendered":"<section class=\"l-section wpb_row us_custom_3a797162 hide_on_mobiles height_small\"><div class=\"l-section-overlay\" style=\"background:linear-gradient(180deg,rgba(0,0,0,0.00),rgba(0,0,0,0.20))\"><\/div><div class=\"l-section-h i-cf\"><div class=\"g-cols vc_row via_grid cols_1 laptops-cols_inherit tablets-cols_inherit mobiles-cols_1 valign_bottom type_default stacking_default\"><div class=\"wpb_column vc_column_container us_custom_3581a2d8\"><div class=\"vc_column-inner\"><nav class=\"g-breadcrumbs us_custom_c68474d9 has_text_color separator_icon align_right\" itemscope itemtype=\"http:\/\/schema.org\/BreadcrumbList\"><div class=\"g-breadcrumbs-item\" itemscope itemprop=\"itemListElement\" itemtype=\"http:\/\/schema.org\/ListItem\"><a itemprop=\"item\" href=\"https:\/\/hotelvillaflorida.it\/fr\/\"><span itemprop=\"name\">Accueil<\/span><\/a><meta itemprop=\"position\" content=\"1\"\/><\/div><div class=\"g-breadcrumbs-separator\"><i class=\"far fa-angle-right\"><\/i><\/div><div class=\"g-breadcrumbs-item\">Pages<\/div><\/nav><\/div><\/div><\/div><\/div><\/section><section class=\"l-section wpb_row us_custom_3a797162 hide_on_default hide_on_laptops hide_on_tablets height_small\"><div class=\"l-section-overlay\" style=\"background:linear-gradient(180deg,rgba(0,0,0,0.00),rgba(0,0,0,0.20))\"><\/div><div class=\"l-section-h i-cf\"><div class=\"g-cols vc_row via_grid cols_1 laptops-cols_inherit tablets-cols_inherit mobiles-cols_1 valign_bottom type_default stacking_default\"><div class=\"wpb_column vc_column_container us_custom_ad22d5c8 hide_on_default hide_on_laptops hide_on_tablets\"><div class=\"vc_column-inner\"><nav class=\"g-breadcrumbs us_custom_c68474d9 has_text_color separator_icon align_right hide_current\" itemscope itemtype=\"http:\/\/schema.org\/BreadcrumbList\"><div class=\"g-breadcrumbs-item\" itemscope itemprop=\"itemListElement\" itemtype=\"http:\/\/schema.org\/ListItem\"><a itemprop=\"item\" href=\"https:\/\/hotelvillaflorida.it\/fr\/\"><span itemprop=\"name\">Accueil<\/span><\/a><meta itemprop=\"position\" content=\"1\"\/><\/div><div class=\"g-breadcrumbs-separator\"><i class=\"far fa-angle-right\"><\/i><\/div><div class=\"g-breadcrumbs-item\">Pages<\/div><\/nav><\/div><\/div><\/div><\/div><\/section><section class=\"l-section wpb_row height_medium\" id=\"prima\"><div class=\"l-section-h i-cf\"><div class=\"g-cols vc_row via_grid cols_1 laptops-cols_inherit tablets-cols_inherit mobiles-cols_1 valign_top type_default stacking_default\"><div class=\"wpb_column vc_column_container\"><div class=\"vc_column-inner\"><div class=\"w-vwrapper us_custom_c97daedd align_center valign_top\"><div class=\"w-text us_custom_d056f26d has_text_color\"><span class=\"w-text-h\"><span class=\"w-text-value\">Exp\u00e9riences sur le lac de Garde<\/span><\/span><\/div><h1 class=\"w-text us_custom_201b0d3e\"><span class=\"w-text-h\"><span class=\"w-text-value\">Visite guid\u00e9e des citronniers de Gargnano<\/span><\/span><\/h1><h3 class=\"w-text us_custom_ebbdc731\"><span class=\"w-text-h\"><span class=\"w-text-value\">L\u00e0 o\u00f9 poussent les citrons, l&rsquo;histoire fleurit.<\/span><\/span><\/h3><div class=\"w-separator size_medium\"><\/div><div class=\"wpb_text_column\"><div class=\"wpb_wrapper\"><p>L&rsquo;arriv\u00e9e des citrons sur le lac de Garde remonte \u00e0 la fin du XIIe si\u00e8cle, lorsque Saint Fran\u00e7ois d&rsquo;Assise fonda un couvent \u00e0 Gargnano. Au fil des si\u00e8cles, afin de favoriser la culture de ces fruits m\u00e9diterran\u00e9ens et de les prot\u00e9ger du froid, les jardiniers du Garda ont construit les Limonaie, des serres en ma\u00e7onnerie extraordinaires et uniques au monde. Ces structures, encore visibles aujourd&rsquo;hui le long de la rive occidentale du lac, repr\u00e9sentent le point le plus au nord du monde o\u00f9 l&rsquo;on cultive des agrumes.<\/p>\n<p>Le \u00ab Limonaie Tour \u00bb est une promenade guid\u00e9e \u00e0 la d\u00e9couverte des jardins de citronniers de Gargnano, t\u00e9moignage historique, architectural et culturel de grande valeur. Au cours de la visite, vous pourrez d\u00e9couvrir l&rsquo;histoire des Limonaie et admirer les terrasses suggestives qui caract\u00e9risent le paysage du lac de Garde.<\/p>\n<p>L&rsquo;exp\u00e9rience se termine par une d\u00e9gustation de produits locaux dans la boutique de la coop\u00e9rative agricole Terre &amp; Sapori.<br \/>\nLe parcours n&rsquo;est pas adapt\u00e9 aux personnes \u00e0 mobilit\u00e9 r\u00e9duite ou aux familles avec des poussettes, car il comprend des mont\u00e9es, des escaliers et des chemins pav\u00e9s. Les chiens tenus en laisse sont admis. Il est recommand\u00e9 de porter des chaussures confortables, d&#8217;emporter de l&rsquo;eau, un chapeau et de la cr\u00e8me solaire. En cas de pluie, la promenade peut \u00eatre annul\u00e9e.<\/p>\n<\/div><\/div><\/div><\/div><\/div><\/div><\/div><\/section><section class=\"l-section wpb_row height_medium\"><div class=\"l-section-h i-cf\"><div class=\"g-cols vc_row via_grid cols_1 laptops-cols_inherit tablets-cols_inherit mobiles-cols_1 valign_top type_default stacking_default\"><div class=\"wpb_column vc_column_container\"><div class=\"vc_column-inner\"><div class=\"w-grid us_carousel us_custom_eaca26c6 centro us_animate_this type_carousel layout_277 preload_style_spinner items_3 ratio_1x1\" id=\"us_grid_1\" style=\"--items:3;--gap:0.5rem;--item-ratio:1;\"><style>.layout_277 .w-grid-item-h{border-radius:0.1rem}.layout_277 .usg_post_image_1{transition-duration:0.3s;transform-origin:50% 50%;transform:scale(1) translate(0%,0%)}.layout_277 .w-grid-item-h:focus-within .usg_post_image_1,.layout_277 .w-grid-item-h:hover .usg_post_image_1{transform:scale(1.05) translate(0%,0%);opacity:1;background:var(--color-header-transparent-text-hover)!important}.layout_277 .usg_post_image_1{position:absolute!important;left:0!important;top:0!important;bottom:0!important;right:0!important}<\/style><div class=\"w-grid-list owl-carousel valign_stretch dotstyle_smudge navstyle_4 arrows-ver-pos_middle arrows-hor-pos_on_sides_inside arrows-disabled_hide owl-responsive-2000 with_dots with_arrows\" style=\"--transition-duration:1050ms;--arrows-size:1.5rem;--arrows-hor-offset:calc(20px - 0.5rem);--arrows-gap:10px;\">\t<article class=\"w-grid-item post-3392 attachment type-attachment status-inherit hentry\" data-id=\"3392\">\r\n\t\t<div class=\"w-grid-item-h\">\r\n\t\t\t\t\t\t\t<a ref=\"magnificPopupGrid\" href=\"https:\/\/hotelvillaflorida.it\/wp-content\/uploads\/2025\/10\/LIMONAIE-TOUR-15-P2122547.jpg\" class=\"w-grid-item-anchor\" aria-label=\"Hotel Villa Florida - Gardone Riviera on Lake Garda\"><\/a>\r\n\t\t\t\t\t\t<div class=\"w-post-elm post_image usg_post_image_1 stretched\"><img loading=\"lazy\" decoding=\"async\" width=\"876\" height=\"876\" src=\"https:\/\/hotelvillaflorida.it\/wp-content\/uploads\/2025\/10\/LIMONAIE-TOUR-15-P2122547.jpg\" class=\"attachment-large size-large\" alt=\"Hotel Villa Florida - Gardone Riviera on Lake Garda\" srcset=\"https:\/\/hotelvillaflorida.it\/wp-content\/uploads\/2025\/10\/LIMONAIE-TOUR-15-P2122547.jpg 876w, https:\/\/hotelvillaflorida.it\/wp-content\/uploads\/2025\/10\/LIMONAIE-TOUR-15-P2122547-300x300.jpg 300w, https:\/\/hotelvillaflorida.it\/wp-content\/uploads\/2025\/10\/LIMONAIE-TOUR-15-P2122547-150x150.jpg 150w, https:\/\/hotelvillaflorida.it\/wp-content\/uploads\/2025\/10\/LIMONAIE-TOUR-15-P2122547-600x600.jpg 600w\" sizes=\"auto, (max-width: 876px) 100vw, 876px\" \/><\/div>\t\t<\/div>\r\n\t\t\t<\/article>\r\n\t<article class=\"w-grid-item post-3396 attachment type-attachment status-inherit hentry\" data-id=\"3396\">\r\n\t\t<div class=\"w-grid-item-h\">\r\n\t\t\t\t\t\t\t<a ref=\"magnificPopupGrid\" href=\"https:\/\/hotelvillaflorida.it\/wp-content\/uploads\/2025\/10\/LIMONAIE-TOUR-1-P2122616.jpg\" class=\"w-grid-item-anchor\" aria-label=\"DCIM100MEDIADJI_0013.JPG\"><\/a>\r\n\t\t\t\t\t\t<div class=\"w-post-elm post_image usg_post_image_1 stretched\"><img loading=\"lazy\" decoding=\"async\" width=\"900\" height=\"900\" src=\"https:\/\/hotelvillaflorida.it\/wp-content\/uploads\/2025\/10\/LIMONAIE-TOUR-1-P2122616.jpg\" class=\"attachment-large size-large\" alt=\"Hotel Villa Florida - Gardone Riviera on Lake Garda\" srcset=\"https:\/\/hotelvillaflorida.it\/wp-content\/uploads\/2025\/10\/LIMONAIE-TOUR-1-P2122616.jpg 900w, https:\/\/hotelvillaflorida.it\/wp-content\/uploads\/2025\/10\/LIMONAIE-TOUR-1-P2122616-300x300.jpg 300w, https:\/\/hotelvillaflorida.it\/wp-content\/uploads\/2025\/10\/LIMONAIE-TOUR-1-P2122616-150x150.jpg 150w, https:\/\/hotelvillaflorida.it\/wp-content\/uploads\/2025\/10\/LIMONAIE-TOUR-1-P2122616-600x600.jpg 600w\" sizes=\"auto, (max-width: 900px) 100vw, 900px\" \/><\/div>\t\t<\/div>\r\n\t\t\t<\/article>\r\n\t<article class=\"w-grid-item post-3400 attachment type-attachment status-inherit hentry\" data-id=\"3400\">\r\n\t\t<div class=\"w-grid-item-h\">\r\n\t\t\t\t\t\t\t<a ref=\"magnificPopupGrid\" href=\"https:\/\/hotelvillaflorida.it\/wp-content\/uploads\/2025\/10\/LIMONAIE-TOUR-04-LIMONAIE-TOUR-P2122952.jpg\" class=\"w-grid-item-anchor\" aria-label=\"Hotel Villa Florida - Gardone Riviera on Lake Garda\"><\/a>\r\n\t\t\t\t\t\t<div class=\"w-post-elm post_image usg_post_image_1 stretched\"><img loading=\"lazy\" decoding=\"async\" width=\"900\" height=\"900\" src=\"https:\/\/hotelvillaflorida.it\/wp-content\/uploads\/2025\/10\/LIMONAIE-TOUR-04-LIMONAIE-TOUR-P2122952.jpg\" class=\"attachment-large size-large\" alt=\"Hotel Villa Florida - Gardone Riviera on Lake Garda\" srcset=\"https:\/\/hotelvillaflorida.it\/wp-content\/uploads\/2025\/10\/LIMONAIE-TOUR-04-LIMONAIE-TOUR-P2122952.jpg 900w, https:\/\/hotelvillaflorida.it\/wp-content\/uploads\/2025\/10\/LIMONAIE-TOUR-04-LIMONAIE-TOUR-P2122952-300x300.jpg 300w, https:\/\/hotelvillaflorida.it\/wp-content\/uploads\/2025\/10\/LIMONAIE-TOUR-04-LIMONAIE-TOUR-P2122952-150x150.jpg 150w, https:\/\/hotelvillaflorida.it\/wp-content\/uploads\/2025\/10\/LIMONAIE-TOUR-04-LIMONAIE-TOUR-P2122952-600x600.jpg 600w\" sizes=\"auto, (max-width: 900px) 100vw, 900px\" \/><\/div>\t\t<\/div>\r\n\t\t\t<\/article>\r\n\t<article class=\"w-grid-item post-3404 attachment type-attachment status-inherit hentry\" data-id=\"3404\">\r\n\t\t<div class=\"w-grid-item-h\">\r\n\t\t\t\t\t\t\t<a ref=\"magnificPopupGrid\" href=\"https:\/\/hotelvillaflorida.it\/wp-content\/uploads\/2025\/10\/LIMONAIE-TOUR-14-PRODUTTIVA-CROCEFISSO-.jpg\" class=\"w-grid-item-anchor\" aria-label=\"Hotel Villa Florida - Gardone Riviera on Lake Garda\"><\/a>\r\n\t\t\t\t\t\t<div class=\"w-post-elm post_image usg_post_image_1 stretched\"><img loading=\"lazy\" decoding=\"async\" width=\"900\" height=\"900\" src=\"https:\/\/hotelvillaflorida.it\/wp-content\/uploads\/2025\/10\/LIMONAIE-TOUR-14-PRODUTTIVA-CROCEFISSO-.jpg\" class=\"attachment-large size-large\" alt=\"Hotel Villa Florida - Gardone Riviera on Lake Garda\" srcset=\"https:\/\/hotelvillaflorida.it\/wp-content\/uploads\/2025\/10\/LIMONAIE-TOUR-14-PRODUTTIVA-CROCEFISSO-.jpg 900w, https:\/\/hotelvillaflorida.it\/wp-content\/uploads\/2025\/10\/LIMONAIE-TOUR-14-PRODUTTIVA-CROCEFISSO--300x300.jpg 300w, https:\/\/hotelvillaflorida.it\/wp-content\/uploads\/2025\/10\/LIMONAIE-TOUR-14-PRODUTTIVA-CROCEFISSO--150x150.jpg 150w, https:\/\/hotelvillaflorida.it\/wp-content\/uploads\/2025\/10\/LIMONAIE-TOUR-14-PRODUTTIVA-CROCEFISSO--600x600.jpg 600w\" sizes=\"auto, (max-width: 900px) 100vw, 900px\" \/><\/div>\t\t<\/div>\r\n\t\t\t<\/article>\r\n<\/div><div class=\"w-grid-carousel-json hidden\" onclick='return {&quot;carousel_settings&quot;:{&quot;aria_labels&quot;:{&quot;prev&quot;:&quot;Pr\\u00e9c\\u00e9dent&quot;,&quot;next&quot;:&quot;Suivant&quot;},&quot;autoplayContinual&quot;:false,&quot;autoplayHoverPause&quot;:false,&quot;autoplayTimeout&quot;:3000,&quot;autoWidth&quot;:false,&quot;smartSpeed&quot;:1050,&quot;margin&quot;:0,&quot;mouseDrag&quot;:true,&quot;rtl&quot;:false,&quot;slideBy&quot;:&quot;1&quot;,&quot;touchDrag&quot;:true,&quot;slideTransition&quot;:&quot;&quot;,&quot;responsive&quot;:{&quot;0&quot;:{&quot;autoHeight&quot;:false,&quot;autoplay&quot;:true,&quot;autoWidth&quot;:false,&quot;center&quot;:false,&quot;dots&quot;:true,&quot;items&quot;:1,&quot;loop&quot;:true,&quot;nav&quot;:false,&quot;stagePadding&quot;:40,&quot;slideBy&quot;:&quot;1&quot;},&quot;601&quot;:{&quot;items&quot;:3,&quot;autoplay&quot;:false,&quot;center&quot;:false,&quot;dots&quot;:true,&quot;nav&quot;:true,&quot;autoHeight&quot;:false,&quot;autoWidth&quot;:false,&quot;loop&quot;:true,&quot;stagePadding&quot;:50}}}}'><\/div><\/div><\/div><\/div><\/div><\/div><\/section>\n","protected":false},"excerpt":{"rendered":"","protected":false},"author":1,"featured_media":3675,"parent":2246,"menu_order":63,"comment_status":"closed","ping_status":"closed","template":"","meta":{"_acf_changed":false,"footnotes":""},"evidenza":[38],"class_list":["post-3427","page","type-page","status-publish","has-post-thumbnail","hentry","evidenza-evidenza"],"acf":[],"yoast_head":"<!-- This site is optimized with the Yoast SEO plugin v27.4 - https:\/\/yoast.com\/product\/yoast-seo-wordpress\/ -->\n<title>Visite guid\u00e9e des citronniers de Gargnano - H\u00f4tel Villa Florida<\/title>\n<meta name=\"description\" content=\"D\u00e9couvrez les citronniers historiques de Gargnano lors d&#039;une promenade guid\u00e9e entre nature, culture et d\u00e9gustation de produits locaux sur le lac de Garde.\" \/>\n<meta name=\"robots\" content=\"index, follow, max-snippet:-1, max-image-preview:large, max-video-preview:-1\" \/>\n<link rel=\"canonical\" href=\"https:\/\/hotelvillaflorida.it\/fr\/lexperience-du-lac-de-garde\/la-ou-poussent-les-citrons-lhistoire-fleurit\/\" \/>\n<meta property=\"og:locale\" content=\"fr_FR\" \/>\n<meta property=\"og:type\" content=\"article\" \/>\n<meta property=\"og:title\" content=\"Visite guid\u00e9e des citronniers de Gargnano - H\u00f4tel Villa Florida\" \/>\n<meta property=\"og:description\" content=\"D\u00e9couvrez les citronniers historiques de Gargnano lors d&#039;une promenade guid\u00e9e entre nature, culture et d\u00e9gustation de produits locaux sur le lac de Garde.\" \/>\n<meta property=\"og:url\" content=\"https:\/\/hotelvillaflorida.it\/fr\/lexperience-du-lac-de-garde\/la-ou-poussent-les-citrons-lhistoire-fleurit\/\" \/>\n<meta property=\"og:site_name\" content=\"Hotel Villa Florida\" \/>\n<meta property=\"article:publisher\" content=\"https:\/\/www.facebook.com\/HotelVillaFlorida\" \/>\n<meta property=\"article:modified_time\" content=\"2025-11-10T10:23:31+00:00\" \/>\n<meta property=\"og:image\" content=\"https:\/\/hotelvillaflorida.it\/wp-content\/uploads\/2025\/11\/MG_5225.jpg\" \/>\n\t<meta property=\"og:image:width\" content=\"2000\" \/>\n\t<meta property=\"og:image:height\" content=\"1200\" \/>\n\t<meta property=\"og:image:type\" content=\"image\/jpeg\" \/>\n<meta name=\"twitter:card\" content=\"summary_large_image\" \/>\n<meta name=\"twitter:label1\" content=\"Dur\u00e9e de lecture estim\u00e9e\" \/>\n\t<meta name=\"twitter:data1\" content=\"2 minutes\" \/>\n<script type=\"application\/ld+json\" class=\"yoast-schema-graph\">{\"@context\":\"https:\\\/\\\/schema.org\",\"@graph\":[{\"@type\":\"WebPage\",\"@id\":\"https:\\\/\\\/hotelvillaflorida.it\\\/fr\\\/lexperience-du-lac-de-garde\\\/la-ou-poussent-les-citrons-lhistoire-fleurit\\\/\",\"url\":\"https:\\\/\\\/hotelvillaflorida.it\\\/fr\\\/lexperience-du-lac-de-garde\\\/la-ou-poussent-les-citrons-lhistoire-fleurit\\\/\",\"name\":\"Visite guid\u00e9e des citronniers de Gargnano - H\u00f4tel Villa Florida\",\"isPartOf\":{\"@id\":\"https:\\\/\\\/hotelvillaflorida.it\\\/fr\\\/#website\"},\"primaryImageOfPage\":{\"@id\":\"https:\\\/\\\/hotelvillaflorida.it\\\/fr\\\/lexperience-du-lac-de-garde\\\/la-ou-poussent-les-citrons-lhistoire-fleurit\\\/#primaryimage\"},\"image\":{\"@id\":\"https:\\\/\\\/hotelvillaflorida.it\\\/fr\\\/lexperience-du-lac-de-garde\\\/la-ou-poussent-les-citrons-lhistoire-fleurit\\\/#primaryimage\"},\"thumbnailUrl\":\"https:\\\/\\\/hotelvillaflorida.it\\\/wp-content\\\/uploads\\\/2025\\\/11\\\/MG_5225.jpg\",\"datePublished\":\"2025-10-07T13:55:14+00:00\",\"dateModified\":\"2025-11-10T10:23:31+00:00\",\"description\":\"D\u00e9couvrez les citronniers historiques de Gargnano lors d'une promenade guid\u00e9e entre nature, culture et d\u00e9gustation de produits locaux sur le lac de Garde.\",\"breadcrumb\":{\"@id\":\"https:\\\/\\\/hotelvillaflorida.it\\\/fr\\\/lexperience-du-lac-de-garde\\\/la-ou-poussent-les-citrons-lhistoire-fleurit\\\/#breadcrumb\"},\"inLanguage\":\"fr-FR\",\"potentialAction\":[{\"@type\":\"ReadAction\",\"target\":[\"https:\\\/\\\/hotelvillaflorida.it\\\/fr\\\/lexperience-du-lac-de-garde\\\/la-ou-poussent-les-citrons-lhistoire-fleurit\\\/\"]}]},{\"@type\":\"ImageObject\",\"inLanguage\":\"fr-FR\",\"@id\":\"https:\\\/\\\/hotelvillaflorida.it\\\/fr\\\/lexperience-du-lac-de-garde\\\/la-ou-poussent-les-citrons-lhistoire-fleurit\\\/#primaryimage\",\"url\":\"https:\\\/\\\/hotelvillaflorida.it\\\/wp-content\\\/uploads\\\/2025\\\/11\\\/MG_5225.jpg\",\"contentUrl\":\"https:\\\/\\\/hotelvillaflorida.it\\\/wp-content\\\/uploads\\\/2025\\\/11\\\/MG_5225.jpg\",\"width\":2000,\"height\":1200,\"caption\":\"H\u00f4tels 4 \u00e9toiles Lac de Garde\"},{\"@type\":\"BreadcrumbList\",\"@id\":\"https:\\\/\\\/hotelvillaflorida.it\\\/fr\\\/lexperience-du-lac-de-garde\\\/la-ou-poussent-les-citrons-lhistoire-fleurit\\\/#breadcrumb\",\"itemListElement\":[{\"@type\":\"ListItem\",\"position\":1,\"name\":\"Home\",\"item\":\"https:\\\/\\\/hotelvillaflorida.it\\\/fr\\\/\"},{\"@type\":\"ListItem\",\"position\":2,\"name\":\"L&#8217;exp\u00e9rience du lac de Garde\",\"item\":\"https:\\\/\\\/hotelvillaflorida.it\\\/fr\\\/lexperience-du-lac-de-garde\\\/\"},{\"@type\":\"ListItem\",\"position\":3,\"name\":\"L\u00e0 o\u00f9 poussent les citrons, l&#8217;histoire fleurit.\"}]},{\"@type\":\"WebSite\",\"@id\":\"https:\\\/\\\/hotelvillaflorida.it\\\/fr\\\/#website\",\"url\":\"https:\\\/\\\/hotelvillaflorida.it\\\/fr\\\/\",\"name\":\"Hotel Villa Florida\",\"description\":\"Hotel Villa Florida Gardone Riviera\",\"publisher\":{\"@id\":\"https:\\\/\\\/hotelvillaflorida.it\\\/fr\\\/#organization\"},\"alternateName\":\"Hotel Villa Florida Gardone Riviera\",\"potentialAction\":[{\"@type\":\"SearchAction\",\"target\":{\"@type\":\"EntryPoint\",\"urlTemplate\":\"https:\\\/\\\/hotelvillaflorida.it\\\/fr\\\/?s={search_term_string}\"},\"query-input\":{\"@type\":\"PropertyValueSpecification\",\"valueRequired\":true,\"valueName\":\"search_term_string\"}}],\"inLanguage\":\"fr-FR\"},{\"@type\":\"Organization\",\"@id\":\"https:\\\/\\\/hotelvillaflorida.it\\\/fr\\\/#organization\",\"name\":\"Hotel Villa Florida\",\"alternateName\":\"Hotel Villa Florida Gardone Riviera\",\"url\":\"https:\\\/\\\/hotelvillaflorida.it\\\/fr\\\/\",\"logo\":{\"@type\":\"ImageObject\",\"inLanguage\":\"fr-FR\",\"@id\":\"https:\\\/\\\/hotelvillaflorida.it\\\/fr\\\/#\\\/schema\\\/logo\\\/image\\\/\",\"url\":\"https:\\\/\\\/hotelvillaflorida.it\\\/wp-content\\\/uploads\\\/2024\\\/12\\\/Risorsa-5.svg\",\"contentUrl\":\"https:\\\/\\\/hotelvillaflorida.it\\\/wp-content\\\/uploads\\\/2024\\\/12\\\/Risorsa-5.svg\",\"width\":\"1024\",\"height\":\"1024\",\"caption\":\"Hotel Villa Florida\"},\"image\":{\"@id\":\"https:\\\/\\\/hotelvillaflorida.it\\\/fr\\\/#\\\/schema\\\/logo\\\/image\\\/\"},\"sameAs\":[\"https:\\\/\\\/www.facebook.com\\\/HotelVillaFlorida\"]}]}<\/script>\n<!-- \/ Yoast SEO plugin. -->","yoast_head_json":{"title":"Visite guid\u00e9e des citronniers de Gargnano - H\u00f4tel Villa Florida","description":"D\u00e9couvrez les citronniers historiques de Gargnano lors d'une promenade guid\u00e9e entre nature, culture et d\u00e9gustation de produits locaux sur le lac de Garde.","robots":{"index":"index","follow":"follow","max-snippet":"max-snippet:-1","max-image-preview":"max-image-preview:large","max-video-preview":"max-video-preview:-1"},"canonical":"https:\/\/hotelvillaflorida.it\/fr\/lexperience-du-lac-de-garde\/la-ou-poussent-les-citrons-lhistoire-fleurit\/","og_locale":"fr_FR","og_type":"article","og_title":"Visite guid\u00e9e des citronniers de Gargnano - H\u00f4tel Villa Florida","og_description":"D\u00e9couvrez les citronniers historiques de Gargnano lors d'une promenade guid\u00e9e entre nature, culture et d\u00e9gustation de produits locaux sur le lac de Garde.","og_url":"https:\/\/hotelvillaflorida.it\/fr\/lexperience-du-lac-de-garde\/la-ou-poussent-les-citrons-lhistoire-fleurit\/","og_site_name":"Hotel Villa Florida","article_publisher":"https:\/\/www.facebook.com\/HotelVillaFlorida","article_modified_time":"2025-11-10T10:23:31+00:00","og_image":[{"width":2000,"height":1200,"url":"https:\/\/hotelvillaflorida.it\/wp-content\/uploads\/2025\/11\/MG_5225.jpg","type":"image\/jpeg"}],"twitter_card":"summary_large_image","twitter_misc":{"Dur\u00e9e de lecture estim\u00e9e":"2 minutes"},"schema":{"@context":"https:\/\/schema.org","@graph":[{"@type":"WebPage","@id":"https:\/\/hotelvillaflorida.it\/fr\/lexperience-du-lac-de-garde\/la-ou-poussent-les-citrons-lhistoire-fleurit\/","url":"https:\/\/hotelvillaflorida.it\/fr\/lexperience-du-lac-de-garde\/la-ou-poussent-les-citrons-lhistoire-fleurit\/","name":"Visite guid\u00e9e des citronniers de Gargnano - H\u00f4tel Villa Florida","isPartOf":{"@id":"https:\/\/hotelvillaflorida.it\/fr\/#website"},"primaryImageOfPage":{"@id":"https:\/\/hotelvillaflorida.it\/fr\/lexperience-du-lac-de-garde\/la-ou-poussent-les-citrons-lhistoire-fleurit\/#primaryimage"},"image":{"@id":"https:\/\/hotelvillaflorida.it\/fr\/lexperience-du-lac-de-garde\/la-ou-poussent-les-citrons-lhistoire-fleurit\/#primaryimage"},"thumbnailUrl":"https:\/\/hotelvillaflorida.it\/wp-content\/uploads\/2025\/11\/MG_5225.jpg","datePublished":"2025-10-07T13:55:14+00:00","dateModified":"2025-11-10T10:23:31+00:00","description":"D\u00e9couvrez les citronniers historiques de Gargnano lors d'une promenade guid\u00e9e entre nature, culture et d\u00e9gustation de produits locaux sur le lac de Garde.","breadcrumb":{"@id":"https:\/\/hotelvillaflorida.it\/fr\/lexperience-du-lac-de-garde\/la-ou-poussent-les-citrons-lhistoire-fleurit\/#breadcrumb"},"inLanguage":"fr-FR","potentialAction":[{"@type":"ReadAction","target":["https:\/\/hotelvillaflorida.it\/fr\/lexperience-du-lac-de-garde\/la-ou-poussent-les-citrons-lhistoire-fleurit\/"]}]},{"@type":"ImageObject","inLanguage":"fr-FR","@id":"https:\/\/hotelvillaflorida.it\/fr\/lexperience-du-lac-de-garde\/la-ou-poussent-les-citrons-lhistoire-fleurit\/#primaryimage","url":"https:\/\/hotelvillaflorida.it\/wp-content\/uploads\/2025\/11\/MG_5225.jpg","contentUrl":"https:\/\/hotelvillaflorida.it\/wp-content\/uploads\/2025\/11\/MG_5225.jpg","width":2000,"height":1200,"caption":"H\u00f4tels 4 \u00e9toiles Lac de Garde"},{"@type":"BreadcrumbList","@id":"https:\/\/hotelvillaflorida.it\/fr\/lexperience-du-lac-de-garde\/la-ou-poussent-les-citrons-lhistoire-fleurit\/#breadcrumb","itemListElement":[{"@type":"ListItem","position":1,"name":"Home","item":"https:\/\/hotelvillaflorida.it\/fr\/"},{"@type":"ListItem","position":2,"name":"L&#8217;exp\u00e9rience du lac de Garde","item":"https:\/\/hotelvillaflorida.it\/fr\/lexperience-du-lac-de-garde\/"},{"@type":"ListItem","position":3,"name":"L\u00e0 o\u00f9 poussent les citrons, l&#8217;histoire fleurit."}]},{"@type":"WebSite","@id":"https:\/\/hotelvillaflorida.it\/fr\/#website","url":"https:\/\/hotelvillaflorida.it\/fr\/","name":"Hotel Villa Florida","description":"Hotel Villa Florida Gardone Riviera","publisher":{"@id":"https:\/\/hotelvillaflorida.it\/fr\/#organization"},"alternateName":"Hotel Villa Florida Gardone Riviera","potentialAction":[{"@type":"SearchAction","target":{"@type":"EntryPoint","urlTemplate":"https:\/\/hotelvillaflorida.it\/fr\/?s={search_term_string}"},"query-input":{"@type":"PropertyValueSpecification","valueRequired":true,"valueName":"search_term_string"}}],"inLanguage":"fr-FR"},{"@type":"Organization","@id":"https:\/\/hotelvillaflorida.it\/fr\/#organization","name":"Hotel Villa Florida","alternateName":"Hotel Villa Florida Gardone Riviera","url":"https:\/\/hotelvillaflorida.it\/fr\/","logo":{"@type":"ImageObject","inLanguage":"fr-FR","@id":"https:\/\/hotelvillaflorida.it\/fr\/#\/schema\/logo\/image\/","url":"https:\/\/hotelvillaflorida.it\/wp-content\/uploads\/2024\/12\/Risorsa-5.svg","contentUrl":"https:\/\/hotelvillaflorida.it\/wp-content\/uploads\/2024\/12\/Risorsa-5.svg","width":"1024","height":"1024","caption":"Hotel Villa Florida"},"image":{"@id":"https:\/\/hotelvillaflorida.it\/fr\/#\/schema\/logo\/image\/"},"sameAs":["https:\/\/www.facebook.com\/HotelVillaFlorida"]}]}},"publishpress_future_workflow_manual_trigger":{"enabledWorkflows":[]},"_links":{"self":[{"href":"https:\/\/hotelvillaflorida.it\/fr\/wp-json\/wp\/v2\/pages\/3427","targetHints":{"allow":["GET"]}}],"collection":[{"href":"https:\/\/hotelvillaflorida.it\/fr\/wp-json\/wp\/v2\/pages"}],"about":[{"href":"https:\/\/hotelvillaflorida.it\/fr\/wp-json\/wp\/v2\/types\/page"}],"author":[{"embeddable":true,"href":"https:\/\/hotelvillaflorida.it\/fr\/wp-json\/wp\/v2\/users\/1"}],"replies":[{"embeddable":true,"href":"https:\/\/hotelvillaflorida.it\/fr\/wp-json\/wp\/v2\/comments?post=3427"}],"version-history":[{"count":3,"href":"https:\/\/hotelvillaflorida.it\/fr\/wp-json\/wp\/v2\/pages\/3427\/revisions"}],"predecessor-version":[{"id":3679,"href":"https:\/\/hotelvillaflorida.it\/fr\/wp-json\/wp\/v2\/pages\/3427\/revisions\/3679"}],"up":[{"embeddable":true,"href":"https:\/\/hotelvillaflorida.it\/fr\/wp-json\/wp\/v2\/pages\/2246"}],"wp:featuredmedia":[{"embeddable":true,"href":"https:\/\/hotelvillaflorida.it\/fr\/wp-json\/wp\/v2\/media\/3675"}],"wp:attachment":[{"href":"https:\/\/hotelvillaflorida.it\/fr\/wp-json\/wp\/v2\/media?parent=3427"}],"wp:term":[{"taxonomy":"evidenza","embeddable":true,"href":"https:\/\/hotelvillaflorida.it\/fr\/wp-json\/wp\/v2\/evidenza?post=3427"}],"curies":[{"name":"wp","href":"https:\/\/api.w.org\/{rel}","templated":true}]}}