{"id":2254,"date":"2024-12-05T11:01:16","date_gmt":"2024-12-05T10:01:16","guid":{"rendered":"https:\/\/hotelvillaflorida.it\/lago-di-garda-experience\/trekking\/"},"modified":"2025-10-07T14:29:01","modified_gmt":"2025-10-07T12:29:01","slug":"trekking","status":"publish","type":"page","link":"https:\/\/hotelvillaflorida.it\/fr\/lexperience-du-lac-de-garde\/trekking\/","title":{"rendered":"Trekking"},"content":{"rendered":"<section class=\"l-section wpb_row us_custom_3a797162 hide_on_mobiles height_small\"><div class=\"l-section-overlay\" style=\"background:linear-gradient(180deg,rgba(0,0,0,0.00),rgba(0,0,0,0.20))\"><\/div><div class=\"l-section-h i-cf\"><div class=\"g-cols vc_row via_grid cols_1 laptops-cols_inherit tablets-cols_inherit mobiles-cols_1 valign_bottom type_default stacking_default\"><div class=\"wpb_column vc_column_container us_custom_3581a2d8\"><div class=\"vc_column-inner\"><nav class=\"g-breadcrumbs us_custom_c68474d9 has_text_color separator_icon align_right\" itemscope itemtype=\"http:\/\/schema.org\/BreadcrumbList\"><div class=\"g-breadcrumbs-item\" itemscope itemprop=\"itemListElement\" itemtype=\"http:\/\/schema.org\/ListItem\"><a itemprop=\"item\" href=\"https:\/\/hotelvillaflorida.it\/fr\/\"><span itemprop=\"name\">Accueil<\/span><\/a><meta itemprop=\"position\" content=\"1\"\/><\/div><div class=\"g-breadcrumbs-separator\"><i class=\"far fa-angle-right\"><\/i><\/div><div class=\"g-breadcrumbs-item\">Pages<\/div><\/nav><\/div><\/div><\/div><\/div><\/section><section class=\"l-section wpb_row us_custom_3a797162 hide_on_default hide_on_laptops hide_on_tablets height_small\"><div class=\"l-section-overlay\" style=\"background:linear-gradient(180deg,rgba(0,0,0,0.00),rgba(0,0,0,0.20))\"><\/div><div class=\"l-section-h i-cf\"><div class=\"g-cols vc_row via_grid cols_1 laptops-cols_inherit tablets-cols_inherit mobiles-cols_1 valign_bottom type_default stacking_default\"><div class=\"wpb_column vc_column_container us_custom_ad22d5c8 hide_on_default hide_on_laptops hide_on_tablets\"><div class=\"vc_column-inner\"><nav class=\"g-breadcrumbs us_custom_c68474d9 has_text_color separator_icon align_right hide_current\" itemscope itemtype=\"http:\/\/schema.org\/BreadcrumbList\"><div class=\"g-breadcrumbs-item\" itemscope itemprop=\"itemListElement\" itemtype=\"http:\/\/schema.org\/ListItem\"><a itemprop=\"item\" href=\"https:\/\/hotelvillaflorida.it\/fr\/\"><span itemprop=\"name\">Accueil<\/span><\/a><meta itemprop=\"position\" content=\"1\"\/><\/div><div class=\"g-breadcrumbs-separator\"><i class=\"far fa-angle-right\"><\/i><\/div><div class=\"g-breadcrumbs-item\">Pages<\/div><\/nav><\/div><\/div><\/div><\/div><\/section><section class=\"l-section wpb_row height_medium\" id=\"prima\"><div class=\"l-section-h i-cf\"><div class=\"g-cols vc_row via_grid cols_1 laptops-cols_inherit tablets-cols_inherit mobiles-cols_1 valign_top type_default stacking_default\"><div class=\"wpb_column vc_column_container\"><div class=\"vc_column-inner\"><div class=\"w-vwrapper us_custom_c97daedd align_center valign_top\"><div class=\"w-text us_custom_d056f26d has_text_color\"><span class=\"w-text-h\"><span class=\"w-text-value\">Exp\u00e9riences au Lac de Garde<\/span><\/span><\/div><h1 class=\"w-text us_custom_201b0d3e\"><span class=\"w-text-h\"><span class=\"w-text-value\">Trekking sur le lac de Garde<\/span><\/span><\/h1><h3 class=\"w-text us_custom_ebbdc731\"><span class=\"w-text-h\"><span class=\"w-text-value\">Une exp\u00e9rience inoubliable entre sentiers et vues panoramiques<\/span><\/span><\/h3><div class=\"w-separator size_medium\"><\/div><div class=\"wpb_text_column us_custom_432d3f53\"><div class=\"wpb_wrapper\"><p class=\"p1\">Que vous soyez un amateur de trekking ou que vous pr\u00e9f\u00e9riez des promenades relaxantes, vous trouverez l\u2019itin\u00e9raire id\u00e9al pour vous sur le lac de Garde. Des parcours pour tous les niveaux de difficult\u00e9 et d\u2019int\u00e9r\u00eats, pour des vacances sous le signe du bien-\u00eatre et de la d\u00e9tente. Laissez-vous inspirer par la beaut\u00e9 et la magie de la marche en plein air. Vous rentrerez chez vous avec une \u00e9nergie renouvel\u00e9e.<\/p>\n<\/div><\/div><\/div><div class=\"w-separator size_large\"><\/div><div class=\"g-cols wpb_row via_grid cols_4 laptops-cols_inherit tablets-cols_inherit mobiles-cols_1 valign_top type_default stacking_default\" style=\"--columns-gap:3rem;\"><div class=\"wpb_column vc_column_container\"><div class=\"vc_column-inner\"><div class=\"wpb_text_column\"><div class=\"wpb_wrapper\"><p><strong>Monte Pizzocolo, <\/strong>une ascension qui offre des vues spectaculaires sur le lac et les montagnes environnantes.<\/p>\n<\/div><\/div><\/div><\/div><div class=\"wpb_column vc_column_container\"><div class=\"vc_column-inner\"><div class=\"wpb_text_column\"><div class=\"wpb_wrapper\"><p><strong>Cima Comer, <\/strong><span><\/span>un itin\u00e9raire difficile pour les amoureux de la nature sauvage et des vues immacul\u00e9es.<\/p>\n<\/div><\/div><\/div><\/div><div class=\"wpb_column vc_column_container\"><div class=\"vc_column-inner\"><div class=\"wpb_text_column\"><div class=\"wpb_wrapper\"><p><strong> L\u2019ermitage de la Saint-Valentin, <\/strong><span><\/span>une excursion facile en immersion dans la tranquillit\u00e9 de la for\u00eat, avec un ermitage \u00e9vocateur comme point d\u2019arriv\u00e9e.<\/p>\n<\/div><\/div><\/div><\/div><div class=\"wpb_column vc_column_container\"><div class=\"vc_column-inner\"><div class=\"wpb_text_column\"><div class=\"wpb_wrapper\"><p><strong>Sal\u00f2 et Monte San Bartolomeo, <\/strong><span><\/span>un itin\u00e9raire historique-naturaliste qui vous m\u00e8nera \u00e0 la d\u00e9couverte de Sal\u00f2 et du sanctuaire situ\u00e9 au sommet du mont.<\/p>\n<\/div><\/div><\/div><\/div><\/div><\/div><\/div><\/div><\/div><\/section><section class=\"l-section wpb_row height_medium\"><div class=\"l-section-h i-cf\"><div class=\"g-cols vc_row via_grid cols_1 laptops-cols_inherit tablets-cols_inherit mobiles-cols_1 valign_top type_default stacking_default\"><div class=\"wpb_column vc_column_container\"><div class=\"vc_column-inner\"><div class=\"w-grid us_carousel us_custom_eaca26c6 centro us_animate_this type_carousel layout_277 preload_style_spinner items_3 ratio_1x1\" id=\"us_grid_1\" style=\"--items:3;--gap:0.5rem;--item-ratio:1;\"><style>.layout_277 .w-grid-item-h{border-radius:0.1rem}.layout_277 .usg_post_image_1{transition-duration:0.3s;transform-origin:50% 50%;transform:scale(1) translate(0%,0%)}.layout_277 .w-grid-item-h:focus-within .usg_post_image_1,.layout_277 .w-grid-item-h:hover .usg_post_image_1{transform:scale(1.05) translate(0%,0%);opacity:1;background:var(--color-header-transparent-text-hover)!important}.layout_277 .usg_post_image_1{position:absolute!important;left:0!important;top:0!important;bottom:0!important;right:0!important}<\/style><div class=\"w-grid-list owl-carousel valign_stretch dotstyle_smudge navstyle_4 arrows-ver-pos_middle arrows-hor-pos_on_sides_inside arrows-disabled_hide owl-responsive-2000 with_dots with_arrows\" style=\"--transition-duration:1050ms;--arrows-size:1.5rem;--arrows-hor-offset:calc(20px - 0.5rem);--arrows-gap:10px;\">\t<article class=\"w-grid-item post-2127 attachment type-attachment status-inherit hentry\" data-id=\"2127\">\r\n\t\t<div class=\"w-grid-item-h\">\r\n\t\t\t\t\t\t\t<a ref=\"magnificPopupGrid\" href=\"https:\/\/hotelvillaflorida.it\/wp-content\/uploads\/2024\/12\/trekking-comer.jpg\" class=\"w-grid-item-anchor\" aria-label=\"H\u00f4tels 4 \u00e9toiles Lac de Garde\"><\/a>\r\n\t\t\t\t\t\t<div class=\"w-post-elm post_image usg_post_image_1 stretched\"><img loading=\"lazy\" decoding=\"async\" width=\"1024\" height=\"683\" src=\"https:\/\/hotelvillaflorida.it\/wp-content\/uploads\/2024\/12\/trekking-comer.jpg\" class=\"attachment-large size-large\" alt=\"H\u00f4tels 4 \u00e9toiles Lac de Garde\" srcset=\"https:\/\/hotelvillaflorida.it\/wp-content\/uploads\/2024\/12\/trekking-comer.jpg 1024w, https:\/\/hotelvillaflorida.it\/wp-content\/uploads\/2024\/12\/trekking-comer-300x200.jpg 300w\" sizes=\"auto, (max-width: 1024px) 100vw, 1024px\" \/><\/div>\t\t<\/div>\r\n\t\t\t<\/article>\r\n\t<article class=\"w-grid-item post-2128 attachment type-attachment status-inherit hentry\" data-id=\"2128\">\r\n\t\t<div class=\"w-grid-item-h\">\r\n\t\t\t\t\t\t\t<a ref=\"magnificPopupGrid\" href=\"https:\/\/hotelvillaflorida.it\/wp-content\/uploads\/2024\/12\/trekking-pizzocolo.jpg\" class=\"w-grid-item-anchor\" aria-label=\"H\u00f4tels 4 \u00e9toiles Lac de Garde\"><\/a>\r\n\t\t\t\t\t\t<div class=\"w-post-elm post_image usg_post_image_1 stretched\"><img loading=\"lazy\" decoding=\"async\" width=\"1024\" height=\"683\" src=\"https:\/\/hotelvillaflorida.it\/wp-content\/uploads\/2024\/12\/trekking-pizzocolo.jpg\" class=\"attachment-large size-large\" alt=\"H\u00f4tels 4 \u00e9toiles Lac de Garde\" srcset=\"https:\/\/hotelvillaflorida.it\/wp-content\/uploads\/2024\/12\/trekking-pizzocolo.jpg 1024w, https:\/\/hotelvillaflorida.it\/wp-content\/uploads\/2024\/12\/trekking-pizzocolo-300x200.jpg 300w\" sizes=\"auto, (max-width: 1024px) 100vw, 1024px\" \/><\/div>\t\t<\/div>\r\n\t\t\t<\/article>\r\n\t<article class=\"w-grid-item post-2129 attachment type-attachment status-inherit hentry\" data-id=\"2129\">\r\n\t\t<div class=\"w-grid-item-h\">\r\n\t\t\t\t\t\t\t<a ref=\"magnificPopupGrid\" href=\"https:\/\/hotelvillaflorida.it\/wp-content\/uploads\/2024\/12\/trekking-eremo_san_valentino.jpg\" class=\"w-grid-item-anchor\" aria-label=\"H\u00f4tels 4 \u00e9toiles Lac de Garde\"><\/a>\r\n\t\t\t\t\t\t<div class=\"w-post-elm post_image usg_post_image_1 stretched\"><img loading=\"lazy\" decoding=\"async\" width=\"1024\" height=\"683\" src=\"https:\/\/hotelvillaflorida.it\/wp-content\/uploads\/2024\/12\/trekking-eremo_san_valentino.jpg\" class=\"attachment-large size-large\" alt=\"H\u00f4tels 4 \u00e9toiles Lac de Garde\" srcset=\"https:\/\/hotelvillaflorida.it\/wp-content\/uploads\/2024\/12\/trekking-eremo_san_valentino.jpg 1024w, https:\/\/hotelvillaflorida.it\/wp-content\/uploads\/2024\/12\/trekking-eremo_san_valentino-300x200.jpg 300w\" sizes=\"auto, (max-width: 1024px) 100vw, 1024px\" \/><\/div>\t\t<\/div>\r\n\t\t\t<\/article>\r\n<\/div><div class=\"w-grid-carousel-json hidden\" onclick='return {&quot;carousel_settings&quot;:{&quot;aria_labels&quot;:{&quot;prev&quot;:&quot;Pr\\u00e9c\\u00e9dent&quot;,&quot;next&quot;:&quot;Suivant&quot;},&quot;autoplayContinual&quot;:false,&quot;autoplayHoverPause&quot;:false,&quot;autoplayTimeout&quot;:3000,&quot;autoWidth&quot;:false,&quot;smartSpeed&quot;:1050,&quot;margin&quot;:0,&quot;mouseDrag&quot;:true,&quot;rtl&quot;:false,&quot;slideBy&quot;:&quot;1&quot;,&quot;touchDrag&quot;:true,&quot;slideTransition&quot;:&quot;&quot;,&quot;responsive&quot;:{&quot;0&quot;:{&quot;autoHeight&quot;:false,&quot;autoplay&quot;:true,&quot;autoWidth&quot;:false,&quot;center&quot;:false,&quot;dots&quot;:true,&quot;items&quot;:1,&quot;loop&quot;:true,&quot;nav&quot;:false,&quot;stagePadding&quot;:40,&quot;slideBy&quot;:&quot;1&quot;},&quot;601&quot;:{&quot;items&quot;:3,&quot;autoplay&quot;:false,&quot;center&quot;:false,&quot;dots&quot;:true,&quot;nav&quot;:true,&quot;autoHeight&quot;:false,&quot;autoWidth&quot;:false,&quot;loop&quot;:false,&quot;stagePadding&quot;:50}}}}'><\/div><\/div><\/div><\/div><\/div><\/div><\/section>\n","protected":false},"excerpt":{"rendered":"","protected":false},"author":1,"featured_media":2085,"parent":2246,"menu_order":77,"comment_status":"closed","ping_status":"closed","template":"","meta":{"_acf_changed":false,"footnotes":""},"evidenza":[38],"class_list":["post-2254","page","type-page","status-publish","has-post-thumbnail","hentry","evidenza-evidenza"],"acf":[],"yoast_head":"<!-- This site is optimized with the Yoast SEO plugin v27.4 - https:\/\/yoast.com\/product\/yoast-seo-wordpress\/ -->\n<title>Trekking Lac de Garde | H\u00f4tel Villa Florida<\/title>\n<meta name=\"description\" content=\"D\u00e9couvrez les sentiers de randonn\u00e9e pittoresques autour du lac de Garde. Des exp\u00e9riences uniques dans la nature au d\u00e9part de l&#039;h\u00f4tel Villa Florida\" \/>\n<meta name=\"robots\" content=\"index, follow, max-snippet:-1, max-image-preview:large, max-video-preview:-1\" \/>\n<link rel=\"canonical\" href=\"https:\/\/hotelvillaflorida.it\/fr\/lexperience-du-lac-de-garde\/trekking\/\" \/>\n<meta property=\"og:locale\" content=\"fr_FR\" \/>\n<meta property=\"og:type\" content=\"article\" \/>\n<meta property=\"og:title\" content=\"Trekking Lac de Garde | H\u00f4tel Villa Florida\" \/>\n<meta property=\"og:description\" content=\"D\u00e9couvrez les sentiers de randonn\u00e9e pittoresques autour du lac de Garde. Des exp\u00e9riences uniques dans la nature au d\u00e9part de l&#039;h\u00f4tel Villa Florida\" \/>\n<meta property=\"og:url\" content=\"https:\/\/hotelvillaflorida.it\/fr\/lexperience-du-lac-de-garde\/trekking\/\" \/>\n<meta property=\"og:site_name\" content=\"Hotel Villa Florida\" \/>\n<meta property=\"article:publisher\" content=\"https:\/\/www.facebook.com\/HotelVillaFlorida\" \/>\n<meta property=\"article:modified_time\" content=\"2025-10-07T12:29:01+00:00\" \/>\n<meta property=\"og:image\" content=\"https:\/\/hotelvillaflorida.it\/wp-content\/uploads\/2024\/12\/trekking-lago-di-garda1.jpg\" \/>\n\t<meta property=\"og:image:width\" content=\"1980\" \/>\n\t<meta property=\"og:image:height\" content=\"1209\" \/>\n\t<meta property=\"og:image:type\" content=\"image\/jpeg\" \/>\n<meta name=\"twitter:card\" content=\"summary_large_image\" \/>\n<meta name=\"twitter:label1\" content=\"Dur\u00e9e de lecture estim\u00e9e\" \/>\n\t<meta name=\"twitter:data1\" content=\"2 minutes\" \/>\n<script type=\"application\/ld+json\" class=\"yoast-schema-graph\">{\"@context\":\"https:\\\/\\\/schema.org\",\"@graph\":[{\"@type\":\"WebPage\",\"@id\":\"https:\\\/\\\/hotelvillaflorida.it\\\/fr\\\/lexperience-du-lac-de-garde\\\/trekking\\\/\",\"url\":\"https:\\\/\\\/hotelvillaflorida.it\\\/fr\\\/lexperience-du-lac-de-garde\\\/trekking\\\/\",\"name\":\"Trekking Lac de Garde | H\u00f4tel Villa Florida\",\"isPartOf\":{\"@id\":\"https:\\\/\\\/hotelvillaflorida.it\\\/fr\\\/#website\"},\"primaryImageOfPage\":{\"@id\":\"https:\\\/\\\/hotelvillaflorida.it\\\/fr\\\/lexperience-du-lac-de-garde\\\/trekking\\\/#primaryimage\"},\"image\":{\"@id\":\"https:\\\/\\\/hotelvillaflorida.it\\\/fr\\\/lexperience-du-lac-de-garde\\\/trekking\\\/#primaryimage\"},\"thumbnailUrl\":\"https:\\\/\\\/hotelvillaflorida.it\\\/wp-content\\\/uploads\\\/2024\\\/12\\\/trekking-lago-di-garda1.jpg\",\"datePublished\":\"2024-12-05T10:01:16+00:00\",\"dateModified\":\"2025-10-07T12:29:01+00:00\",\"description\":\"D\u00e9couvrez les sentiers de randonn\u00e9e pittoresques autour du lac de Garde. Des exp\u00e9riences uniques dans la nature au d\u00e9part de l'h\u00f4tel Villa Florida\",\"breadcrumb\":{\"@id\":\"https:\\\/\\\/hotelvillaflorida.it\\\/fr\\\/lexperience-du-lac-de-garde\\\/trekking\\\/#breadcrumb\"},\"inLanguage\":\"fr-FR\",\"potentialAction\":[{\"@type\":\"ReadAction\",\"target\":[\"https:\\\/\\\/hotelvillaflorida.it\\\/fr\\\/lexperience-du-lac-de-garde\\\/trekking\\\/\"]}]},{\"@type\":\"ImageObject\",\"inLanguage\":\"fr-FR\",\"@id\":\"https:\\\/\\\/hotelvillaflorida.it\\\/fr\\\/lexperience-du-lac-de-garde\\\/trekking\\\/#primaryimage\",\"url\":\"https:\\\/\\\/hotelvillaflorida.it\\\/wp-content\\\/uploads\\\/2024\\\/12\\\/trekking-lago-di-garda1.jpg\",\"contentUrl\":\"https:\\\/\\\/hotelvillaflorida.it\\\/wp-content\\\/uploads\\\/2024\\\/12\\\/trekking-lago-di-garda1.jpg\",\"width\":1980,\"height\":1209,\"caption\":\"H\u00f4tels 4 \u00e9toiles Lac de Garde\"},{\"@type\":\"BreadcrumbList\",\"@id\":\"https:\\\/\\\/hotelvillaflorida.it\\\/fr\\\/lexperience-du-lac-de-garde\\\/trekking\\\/#breadcrumb\",\"itemListElement\":[{\"@type\":\"ListItem\",\"position\":1,\"name\":\"Home\",\"item\":\"https:\\\/\\\/hotelvillaflorida.it\\\/fr\\\/\"},{\"@type\":\"ListItem\",\"position\":2,\"name\":\"L&#8217;exp\u00e9rience du lac de Garde\",\"item\":\"https:\\\/\\\/hotelvillaflorida.it\\\/fr\\\/lexperience-du-lac-de-garde\\\/\"},{\"@type\":\"ListItem\",\"position\":3,\"name\":\"Trekking\"}]},{\"@type\":\"WebSite\",\"@id\":\"https:\\\/\\\/hotelvillaflorida.it\\\/fr\\\/#website\",\"url\":\"https:\\\/\\\/hotelvillaflorida.it\\\/fr\\\/\",\"name\":\"Hotel Villa Florida\",\"description\":\"Hotel Villa Florida Gardone Riviera\",\"publisher\":{\"@id\":\"https:\\\/\\\/hotelvillaflorida.it\\\/fr\\\/#organization\"},\"alternateName\":\"Hotel Villa Florida Gardone Riviera\",\"potentialAction\":[{\"@type\":\"SearchAction\",\"target\":{\"@type\":\"EntryPoint\",\"urlTemplate\":\"https:\\\/\\\/hotelvillaflorida.it\\\/fr\\\/?s={search_term_string}\"},\"query-input\":{\"@type\":\"PropertyValueSpecification\",\"valueRequired\":true,\"valueName\":\"search_term_string\"}}],\"inLanguage\":\"fr-FR\"},{\"@type\":\"Organization\",\"@id\":\"https:\\\/\\\/hotelvillaflorida.it\\\/fr\\\/#organization\",\"name\":\"Hotel Villa Florida\",\"alternateName\":\"Hotel Villa Florida Gardone Riviera\",\"url\":\"https:\\\/\\\/hotelvillaflorida.it\\\/fr\\\/\",\"logo\":{\"@type\":\"ImageObject\",\"inLanguage\":\"fr-FR\",\"@id\":\"https:\\\/\\\/hotelvillaflorida.it\\\/fr\\\/#\\\/schema\\\/logo\\\/image\\\/\",\"url\":\"https:\\\/\\\/hotelvillaflorida.it\\\/wp-content\\\/uploads\\\/2024\\\/12\\\/Risorsa-5.svg\",\"contentUrl\":\"https:\\\/\\\/hotelvillaflorida.it\\\/wp-content\\\/uploads\\\/2024\\\/12\\\/Risorsa-5.svg\",\"width\":\"1024\",\"height\":\"1024\",\"caption\":\"Hotel Villa Florida\"},\"image\":{\"@id\":\"https:\\\/\\\/hotelvillaflorida.it\\\/fr\\\/#\\\/schema\\\/logo\\\/image\\\/\"},\"sameAs\":[\"https:\\\/\\\/www.facebook.com\\\/HotelVillaFlorida\"]}]}<\/script>\n<!-- \/ Yoast SEO plugin. -->","yoast_head_json":{"title":"Trekking Lac de Garde | H\u00f4tel Villa Florida","description":"D\u00e9couvrez les sentiers de randonn\u00e9e pittoresques autour du lac de Garde. Des exp\u00e9riences uniques dans la nature au d\u00e9part de l'h\u00f4tel Villa Florida","robots":{"index":"index","follow":"follow","max-snippet":"max-snippet:-1","max-image-preview":"max-image-preview:large","max-video-preview":"max-video-preview:-1"},"canonical":"https:\/\/hotelvillaflorida.it\/fr\/lexperience-du-lac-de-garde\/trekking\/","og_locale":"fr_FR","og_type":"article","og_title":"Trekking Lac de Garde | H\u00f4tel Villa Florida","og_description":"D\u00e9couvrez les sentiers de randonn\u00e9e pittoresques autour du lac de Garde. Des exp\u00e9riences uniques dans la nature au d\u00e9part de l'h\u00f4tel Villa Florida","og_url":"https:\/\/hotelvillaflorida.it\/fr\/lexperience-du-lac-de-garde\/trekking\/","og_site_name":"Hotel Villa Florida","article_publisher":"https:\/\/www.facebook.com\/HotelVillaFlorida","article_modified_time":"2025-10-07T12:29:01+00:00","og_image":[{"width":1980,"height":1209,"url":"https:\/\/hotelvillaflorida.it\/wp-content\/uploads\/2024\/12\/trekking-lago-di-garda1.jpg","type":"image\/jpeg"}],"twitter_card":"summary_large_image","twitter_misc":{"Dur\u00e9e de lecture estim\u00e9e":"2 minutes"},"schema":{"@context":"https:\/\/schema.org","@graph":[{"@type":"WebPage","@id":"https:\/\/hotelvillaflorida.it\/fr\/lexperience-du-lac-de-garde\/trekking\/","url":"https:\/\/hotelvillaflorida.it\/fr\/lexperience-du-lac-de-garde\/trekking\/","name":"Trekking Lac de Garde | H\u00f4tel Villa Florida","isPartOf":{"@id":"https:\/\/hotelvillaflorida.it\/fr\/#website"},"primaryImageOfPage":{"@id":"https:\/\/hotelvillaflorida.it\/fr\/lexperience-du-lac-de-garde\/trekking\/#primaryimage"},"image":{"@id":"https:\/\/hotelvillaflorida.it\/fr\/lexperience-du-lac-de-garde\/trekking\/#primaryimage"},"thumbnailUrl":"https:\/\/hotelvillaflorida.it\/wp-content\/uploads\/2024\/12\/trekking-lago-di-garda1.jpg","datePublished":"2024-12-05T10:01:16+00:00","dateModified":"2025-10-07T12:29:01+00:00","description":"D\u00e9couvrez les sentiers de randonn\u00e9e pittoresques autour du lac de Garde. Des exp\u00e9riences uniques dans la nature au d\u00e9part de l'h\u00f4tel Villa Florida","breadcrumb":{"@id":"https:\/\/hotelvillaflorida.it\/fr\/lexperience-du-lac-de-garde\/trekking\/#breadcrumb"},"inLanguage":"fr-FR","potentialAction":[{"@type":"ReadAction","target":["https:\/\/hotelvillaflorida.it\/fr\/lexperience-du-lac-de-garde\/trekking\/"]}]},{"@type":"ImageObject","inLanguage":"fr-FR","@id":"https:\/\/hotelvillaflorida.it\/fr\/lexperience-du-lac-de-garde\/trekking\/#primaryimage","url":"https:\/\/hotelvillaflorida.it\/wp-content\/uploads\/2024\/12\/trekking-lago-di-garda1.jpg","contentUrl":"https:\/\/hotelvillaflorida.it\/wp-content\/uploads\/2024\/12\/trekking-lago-di-garda1.jpg","width":1980,"height":1209,"caption":"H\u00f4tels 4 \u00e9toiles Lac de Garde"},{"@type":"BreadcrumbList","@id":"https:\/\/hotelvillaflorida.it\/fr\/lexperience-du-lac-de-garde\/trekking\/#breadcrumb","itemListElement":[{"@type":"ListItem","position":1,"name":"Home","item":"https:\/\/hotelvillaflorida.it\/fr\/"},{"@type":"ListItem","position":2,"name":"L&#8217;exp\u00e9rience du lac de Garde","item":"https:\/\/hotelvillaflorida.it\/fr\/lexperience-du-lac-de-garde\/"},{"@type":"ListItem","position":3,"name":"Trekking"}]},{"@type":"WebSite","@id":"https:\/\/hotelvillaflorida.it\/fr\/#website","url":"https:\/\/hotelvillaflorida.it\/fr\/","name":"Hotel Villa Florida","description":"Hotel Villa Florida Gardone Riviera","publisher":{"@id":"https:\/\/hotelvillaflorida.it\/fr\/#organization"},"alternateName":"Hotel Villa Florida Gardone Riviera","potentialAction":[{"@type":"SearchAction","target":{"@type":"EntryPoint","urlTemplate":"https:\/\/hotelvillaflorida.it\/fr\/?s={search_term_string}"},"query-input":{"@type":"PropertyValueSpecification","valueRequired":true,"valueName":"search_term_string"}}],"inLanguage":"fr-FR"},{"@type":"Organization","@id":"https:\/\/hotelvillaflorida.it\/fr\/#organization","name":"Hotel Villa Florida","alternateName":"Hotel Villa Florida Gardone Riviera","url":"https:\/\/hotelvillaflorida.it\/fr\/","logo":{"@type":"ImageObject","inLanguage":"fr-FR","@id":"https:\/\/hotelvillaflorida.it\/fr\/#\/schema\/logo\/image\/","url":"https:\/\/hotelvillaflorida.it\/wp-content\/uploads\/2024\/12\/Risorsa-5.svg","contentUrl":"https:\/\/hotelvillaflorida.it\/wp-content\/uploads\/2024\/12\/Risorsa-5.svg","width":"1024","height":"1024","caption":"Hotel Villa Florida"},"image":{"@id":"https:\/\/hotelvillaflorida.it\/fr\/#\/schema\/logo\/image\/"},"sameAs":["https:\/\/www.facebook.com\/HotelVillaFlorida"]}]}},"publishpress_future_workflow_manual_trigger":{"enabledWorkflows":[]},"_links":{"self":[{"href":"https:\/\/hotelvillaflorida.it\/fr\/wp-json\/wp\/v2\/pages\/2254","targetHints":{"allow":["GET"]}}],"collection":[{"href":"https:\/\/hotelvillaflorida.it\/fr\/wp-json\/wp\/v2\/pages"}],"about":[{"href":"https:\/\/hotelvillaflorida.it\/fr\/wp-json\/wp\/v2\/types\/page"}],"author":[{"embeddable":true,"href":"https:\/\/hotelvillaflorida.it\/fr\/wp-json\/wp\/v2\/users\/1"}],"replies":[{"embeddable":true,"href":"https:\/\/hotelvillaflorida.it\/fr\/wp-json\/wp\/v2\/comments?post=2254"}],"version-history":[{"count":2,"href":"https:\/\/hotelvillaflorida.it\/fr\/wp-json\/wp\/v2\/pages\/2254\/revisions"}],"predecessor-version":[{"id":2256,"href":"https:\/\/hotelvillaflorida.it\/fr\/wp-json\/wp\/v2\/pages\/2254\/revisions\/2256"}],"up":[{"embeddable":true,"href":"https:\/\/hotelvillaflorida.it\/fr\/wp-json\/wp\/v2\/pages\/2246"}],"wp:featuredmedia":[{"embeddable":true,"href":"https:\/\/hotelvillaflorida.it\/fr\/wp-json\/wp\/v2\/media\/2085"}],"wp:attachment":[{"href":"https:\/\/hotelvillaflorida.it\/fr\/wp-json\/wp\/v2\/media?parent=2254"}],"wp:term":[{"taxonomy":"evidenza","embeddable":true,"href":"https:\/\/hotelvillaflorida.it\/fr\/wp-json\/wp\/v2\/evidenza?post=2254"}],"curies":[{"name":"wp","href":"https:\/\/api.w.org\/{rel}","templated":true}]}}