{"id":2222,"date":"2024-12-05T11:00:00","date_gmt":"2024-12-05T10:00:00","guid":{"rendered":"https:\/\/hotelvillaflorida.it\/parc-avec-piscine\/oliveraie\/"},"modified":"2026-02-27T18:24:36","modified_gmt":"2026-02-27T17:24:36","slug":"oliveraie","status":"publish","type":"page","link":"https:\/\/hotelvillaflorida.it\/fr\/parc-avec-piscine\/oliveraie\/","title":{"rendered":"Oliveraie biologique"},"content":{"rendered":"<section class=\"l-section wpb_row us_custom_3a797162 hide_on_mobiles height_small\"><div class=\"l-section-overlay\" style=\"background:linear-gradient(180deg,rgba(0,0,0,0.00),rgba(0,0,0,0.20))\"><\/div><div class=\"l-section-h i-cf\"><div class=\"g-cols vc_row via_grid cols_1 laptops-cols_inherit tablets-cols_inherit mobiles-cols_1 valign_bottom type_default stacking_default\"><div class=\"wpb_column vc_column_container us_custom_3581a2d8\"><div class=\"vc_column-inner\"><nav class=\"g-breadcrumbs us_custom_c68474d9 has_text_color separator_icon align_right\" itemscope itemtype=\"http:\/\/schema.org\/BreadcrumbList\"><div class=\"g-breadcrumbs-item\" itemscope itemprop=\"itemListElement\" itemtype=\"http:\/\/schema.org\/ListItem\"><a itemprop=\"item\" href=\"https:\/\/hotelvillaflorida.it\/fr\/\"><span itemprop=\"name\">Accueil<\/span><\/a><meta itemprop=\"position\" content=\"1\"\/><\/div><div class=\"g-breadcrumbs-separator\"><i class=\"far fa-angle-right\"><\/i><\/div><div class=\"g-breadcrumbs-item\">Pages<\/div><\/nav><\/div><\/div><\/div><\/div><\/section><section class=\"l-section wpb_row us_custom_3a797162 hide_on_default hide_on_laptops hide_on_tablets height_small\"><div class=\"l-section-overlay\" style=\"background:linear-gradient(180deg,rgba(0,0,0,0.00),rgba(0,0,0,0.20))\"><\/div><div class=\"l-section-h i-cf\"><div class=\"g-cols vc_row via_grid cols_1 laptops-cols_inherit tablets-cols_inherit mobiles-cols_1 valign_bottom type_default stacking_default\"><div class=\"wpb_column vc_column_container us_custom_ad22d5c8 hide_on_default hide_on_laptops hide_on_tablets\"><div class=\"vc_column-inner\"><nav class=\"g-breadcrumbs us_custom_c68474d9 has_text_color separator_icon align_right hide_current\" itemscope itemtype=\"http:\/\/schema.org\/BreadcrumbList\"><div class=\"g-breadcrumbs-item\" itemscope itemprop=\"itemListElement\" itemtype=\"http:\/\/schema.org\/ListItem\"><a itemprop=\"item\" href=\"https:\/\/hotelvillaflorida.it\/fr\/\"><span itemprop=\"name\">Accueil<\/span><\/a><meta itemprop=\"position\" content=\"1\"\/><\/div><div class=\"g-breadcrumbs-separator\"><i class=\"far fa-angle-right\"><\/i><\/div><div class=\"g-breadcrumbs-item\">Pages<\/div><\/nav><\/div><\/div><\/div><\/div><\/section><section class=\"l-section wpb_row height_medium\" id=\"prima\"><div class=\"l-section-h i-cf\"><div class=\"g-cols vc_row via_grid cols_1 laptops-cols_inherit tablets-cols_inherit mobiles-cols_1 valign_top type_default stacking_default\"><div class=\"wpb_column vc_column_container\"><div class=\"vc_column-inner\"><div class=\"w-vwrapper us_custom_c97daedd align_center valign_top\"><div class=\"w-text us_custom_d056f26d has_text_color\"><span class=\"w-text-h\"><span class=\"w-text-value\">D\u00c9COUVREZ L\u2019HUILE DE GARDE<\/span><\/span><\/div><h1 class=\"w-text us_custom_201b0d3e\"><span class=\"w-text-h\"><span class=\"w-text-value\">Plongez dans notre oliveraie biologique<\/span><\/span><\/h1><h3 class=\"w-text us_custom_ebbdc731\"><span class=\"w-text-h\"><span class=\"w-text-value\">Parmi les oliviers centenaires, chaque souffle respire l\u2019histoire et le calme.<\/span><\/span><\/h3><div class=\"w-separator size_small\"><\/div><div class=\"wpb_text_column us_custom_d0c27e40\"><div class=\"wpb_wrapper\"><p class=\"p1\">L\u2019oliveraie est le c\u0153ur battant de ce magnifique \u00e9cosyst\u00e8me, o\u00f9 les oliviers sont de v\u00e9ritables t\u00e9moins du pass\u00e9 et de l\u2019amour avec lequel ils ont \u00e9t\u00e9 soign\u00e9s. Gr\u00e2ce au climat m\u00e9diterran\u00e9en doux exceptionnel de Gardone\u00a0Riviera, ils produisent une huile biologique extra vierge de haute qualit\u00e9.<\/p>\n<p class=\"p1\">Nich\u00e9e dans la tranquillit\u00e9 d\u2019un coin de verdure de notre parc, l\u2019oliveraie biologique est un v\u00e9ritable havre de paix. Cultiv\u00e9e avec passion selon des m\u00e9thodes traditionnelles, l\u2019oliveraie produit des olives de haute qualit\u00e9, qui donnent vie \u00e0 une huile extra vierge au go\u00fbt unique et authentique.<\/p>\n<p class=\"p1\">Chaque plante est soign\u00e9e directement par notre famille, afin d\u2019assurer une production durable qui respecte l\u2019environnement et les rythmes de la nature. En vous promenant parmi les oliviers, vous pourrez vivre une exp\u00e9rience d\u2019harmonie totale avec la beaut\u00e9 du paysage environnant.<\/p>\n<\/div><\/div><\/div><\/div><\/div><\/div><\/div><\/section><section class=\"l-section wpb_row us_custom_a76ed53e height_auto color_alternate\"><div class=\"l-section-h i-cf\"><div class=\"g-cols vc_row via_grid cols_2 laptops-cols_inherit tablets-cols_inherit mobiles-cols_1 valign_middle type_default reversed stacking_default\"><div class=\"wpb_column vc_column_container\"><div class=\"vc_column-inner\"><div class=\"w-vwrapper us_custom_8bf6feca align_none valign_top\"><div class=\"w-text us_custom_d056f26d has_text_color\"><span class=\"w-text-h\"><span class=\"w-text-value\">HOMEMADE<\/span><\/span><\/div><h3 class=\"w-text\"><span class=\"w-text-h\"><span class=\"w-text-value\">Nous vous invitons \u00e0 d\u00e9guster l\u2019huile de notre production.<\/span><\/span><\/h3><div class=\"wpb_text_column\"><div class=\"wpb_wrapper\"><p class=\"p1\">Laissez-vous s\u00e9duire par la saveur authentique de notre huile d\u2019olive extra vierge, fruit des olives r\u00e9colt\u00e9es directement dans notre oliveraie biologique. Avec un parfum fruit\u00e9 et des notes d\u00e9licates, c\u2019est l\u2019accompagnement id\u00e9al pour chaque plat, mettant en valeur les saveurs authentiques de nos terres. Venez d\u00e9couvrir notre huile et vivez une exp\u00e9rience sensorielle qui parle de tradition, de nature et de qualit\u00e9.<\/p>\n<\/div><\/div><\/div><\/div><\/div><div class=\"wpb_column vc_column_container us_custom_06c91521 us_animate_this has_bg_color\"><div class=\"vc_column-inner\"><\/div><\/div><\/div><\/div><\/section>\n","protected":false},"excerpt":{"rendered":"AccueilPagesAccueilPagesD\u00c9COUVREZ L\u2019HUILE DE GARDEPlongez dans notre oliveraie biologiqueParmi les oliviers centenaires, chaque souffle respire l\u2019histoire et le calme.L\u2019oliveraie est le c\u0153ur battant de ce magnifique \u00e9cosyst\u00e8me, o\u00f9 les oliviers sont de v\u00e9ritables t\u00e9moins du pass\u00e9 et de l\u2019amour avec lequel ils ont \u00e9t\u00e9 soign\u00e9s. Gr\u00e2ce au climat m\u00e9diterran\u00e9en doux exceptionnel de Gardone\u00a0Riviera, ils produisent une...","protected":false},"author":1,"featured_media":2060,"parent":2202,"menu_order":133,"comment_status":"closed","ping_status":"closed","template":"","meta":{"_acf_changed":false,"footnotes":""},"evidenza":[],"class_list":["post-2222","page","type-page","status-publish","has-post-thumbnail","hentry"],"acf":[],"yoast_head":"<!-- This site is optimized with the Yoast SEO plugin v27.4 - https:\/\/yoast.com\/product\/yoast-seo-wordpress\/ -->\n<title>Oliveraie avec Vue sur le Lac | Hotel Villa Florida<\/title>\n<meta name=\"description\" content=\"Visitez l&#039;oliveraie de l&#039;h\u00f4tel Villa Florida : un coin authentique du lac de Garde entre nature et tradition \u00e0 Gardone Riviera.\" \/>\n<meta name=\"robots\" content=\"index, follow, max-snippet:-1, max-image-preview:large, max-video-preview:-1\" \/>\n<link rel=\"canonical\" href=\"https:\/\/hotelvillaflorida.it\/fr\/parc-avec-piscine\/oliveraie\/\" \/>\n<meta property=\"og:locale\" content=\"fr_FR\" \/>\n<meta property=\"og:type\" content=\"article\" \/>\n<meta property=\"og:title\" content=\"Oliveraie avec Vue sur le Lac | Hotel Villa Florida\" \/>\n<meta property=\"og:description\" content=\"Visitez l&#039;oliveraie de l&#039;h\u00f4tel Villa Florida : un coin authentique du lac de Garde entre nature et tradition \u00e0 Gardone Riviera.\" \/>\n<meta property=\"og:url\" content=\"https:\/\/hotelvillaflorida.it\/fr\/parc-avec-piscine\/oliveraie\/\" \/>\n<meta property=\"og:site_name\" content=\"Hotel Villa Florida\" \/>\n<meta property=\"article:publisher\" content=\"https:\/\/www.facebook.com\/HotelVillaFlorida\" \/>\n<meta property=\"article:modified_time\" content=\"2026-02-27T17:24:36+00:00\" \/>\n<meta property=\"og:image\" content=\"https:\/\/hotelvillaflorida.it\/wp-content\/uploads\/2024\/12\/IMG_4020.jpg\" \/>\n\t<meta property=\"og:image:width\" content=\"1280\" \/>\n\t<meta property=\"og:image:height\" content=\"853\" \/>\n\t<meta property=\"og:image:type\" content=\"image\/jpeg\" \/>\n<meta name=\"twitter:card\" content=\"summary_large_image\" \/>\n<meta name=\"twitter:label1\" content=\"Dur\u00e9e de lecture estim\u00e9e\" \/>\n\t<meta name=\"twitter:data1\" content=\"2 minutes\" \/>\n<script type=\"application\/ld+json\" class=\"yoast-schema-graph\">{\"@context\":\"https:\\\/\\\/schema.org\",\"@graph\":[{\"@type\":\"WebPage\",\"@id\":\"https:\\\/\\\/hotelvillaflorida.it\\\/fr\\\/parc-avec-piscine\\\/oliveraie\\\/\",\"url\":\"https:\\\/\\\/hotelvillaflorida.it\\\/fr\\\/parc-avec-piscine\\\/oliveraie\\\/\",\"name\":\"Oliveraie avec Vue sur le Lac | Hotel Villa Florida\",\"isPartOf\":{\"@id\":\"https:\\\/\\\/hotelvillaflorida.it\\\/fr\\\/#website\"},\"primaryImageOfPage\":{\"@id\":\"https:\\\/\\\/hotelvillaflorida.it\\\/fr\\\/parc-avec-piscine\\\/oliveraie\\\/#primaryimage\"},\"image\":{\"@id\":\"https:\\\/\\\/hotelvillaflorida.it\\\/fr\\\/parc-avec-piscine\\\/oliveraie\\\/#primaryimage\"},\"thumbnailUrl\":\"https:\\\/\\\/hotelvillaflorida.it\\\/wp-content\\\/uploads\\\/2024\\\/12\\\/IMG_4020.jpg\",\"datePublished\":\"2024-12-05T10:00:00+00:00\",\"dateModified\":\"2026-02-27T17:24:36+00:00\",\"description\":\"Visitez l'oliveraie de l'h\u00f4tel Villa Florida : un coin authentique du lac de Garde entre nature et tradition \u00e0 Gardone Riviera.\",\"breadcrumb\":{\"@id\":\"https:\\\/\\\/hotelvillaflorida.it\\\/fr\\\/parc-avec-piscine\\\/oliveraie\\\/#breadcrumb\"},\"inLanguage\":\"fr-FR\",\"potentialAction\":[{\"@type\":\"ReadAction\",\"target\":[\"https:\\\/\\\/hotelvillaflorida.it\\\/fr\\\/parc-avec-piscine\\\/oliveraie\\\/\"]}]},{\"@type\":\"ImageObject\",\"inLanguage\":\"fr-FR\",\"@id\":\"https:\\\/\\\/hotelvillaflorida.it\\\/fr\\\/parc-avec-piscine\\\/oliveraie\\\/#primaryimage\",\"url\":\"https:\\\/\\\/hotelvillaflorida.it\\\/wp-content\\\/uploads\\\/2024\\\/12\\\/IMG_4020.jpg\",\"contentUrl\":\"https:\\\/\\\/hotelvillaflorida.it\\\/wp-content\\\/uploads\\\/2024\\\/12\\\/IMG_4020.jpg\",\"width\":1280,\"height\":853,\"caption\":\"H\u00f4tels 4 \u00e9toiles Lac de Garde\"},{\"@type\":\"BreadcrumbList\",\"@id\":\"https:\\\/\\\/hotelvillaflorida.it\\\/fr\\\/parc-avec-piscine\\\/oliveraie\\\/#breadcrumb\",\"itemListElement\":[{\"@type\":\"ListItem\",\"position\":1,\"name\":\"Home\",\"item\":\"https:\\\/\\\/hotelvillaflorida.it\\\/fr\\\/\"},{\"@type\":\"ListItem\",\"position\":2,\"name\":\"Parc avec piscine\",\"item\":\"https:\\\/\\\/hotelvillaflorida.it\\\/fr\\\/parc-avec-piscine\\\/\"},{\"@type\":\"ListItem\",\"position\":3,\"name\":\"Oliveraie biologique\"}]},{\"@type\":\"WebSite\",\"@id\":\"https:\\\/\\\/hotelvillaflorida.it\\\/fr\\\/#website\",\"url\":\"https:\\\/\\\/hotelvillaflorida.it\\\/fr\\\/\",\"name\":\"Hotel Villa Florida\",\"description\":\"Hotel Villa Florida Gardone Riviera\",\"publisher\":{\"@id\":\"https:\\\/\\\/hotelvillaflorida.it\\\/fr\\\/#organization\"},\"alternateName\":\"Hotel Villa Florida Gardone Riviera\",\"potentialAction\":[{\"@type\":\"SearchAction\",\"target\":{\"@type\":\"EntryPoint\",\"urlTemplate\":\"https:\\\/\\\/hotelvillaflorida.it\\\/fr\\\/?s={search_term_string}\"},\"query-input\":{\"@type\":\"PropertyValueSpecification\",\"valueRequired\":true,\"valueName\":\"search_term_string\"}}],\"inLanguage\":\"fr-FR\"},{\"@type\":\"Organization\",\"@id\":\"https:\\\/\\\/hotelvillaflorida.it\\\/fr\\\/#organization\",\"name\":\"Hotel Villa Florida\",\"alternateName\":\"Hotel Villa Florida Gardone Riviera\",\"url\":\"https:\\\/\\\/hotelvillaflorida.it\\\/fr\\\/\",\"logo\":{\"@type\":\"ImageObject\",\"inLanguage\":\"fr-FR\",\"@id\":\"https:\\\/\\\/hotelvillaflorida.it\\\/fr\\\/#\\\/schema\\\/logo\\\/image\\\/\",\"url\":\"https:\\\/\\\/hotelvillaflorida.it\\\/wp-content\\\/uploads\\\/2024\\\/12\\\/Risorsa-5.svg\",\"contentUrl\":\"https:\\\/\\\/hotelvillaflorida.it\\\/wp-content\\\/uploads\\\/2024\\\/12\\\/Risorsa-5.svg\",\"width\":\"1024\",\"height\":\"1024\",\"caption\":\"Hotel Villa Florida\"},\"image\":{\"@id\":\"https:\\\/\\\/hotelvillaflorida.it\\\/fr\\\/#\\\/schema\\\/logo\\\/image\\\/\"},\"sameAs\":[\"https:\\\/\\\/www.facebook.com\\\/HotelVillaFlorida\"]}]}<\/script>\n<!-- \/ Yoast SEO plugin. -->","yoast_head_json":{"title":"Oliveraie avec Vue sur le Lac | Hotel Villa Florida","description":"Visitez l'oliveraie de l'h\u00f4tel Villa Florida : un coin authentique du lac de Garde entre nature et tradition \u00e0 Gardone Riviera.","robots":{"index":"index","follow":"follow","max-snippet":"max-snippet:-1","max-image-preview":"max-image-preview:large","max-video-preview":"max-video-preview:-1"},"canonical":"https:\/\/hotelvillaflorida.it\/fr\/parc-avec-piscine\/oliveraie\/","og_locale":"fr_FR","og_type":"article","og_title":"Oliveraie avec Vue sur le Lac | Hotel Villa Florida","og_description":"Visitez l'oliveraie de l'h\u00f4tel Villa Florida : un coin authentique du lac de Garde entre nature et tradition \u00e0 Gardone Riviera.","og_url":"https:\/\/hotelvillaflorida.it\/fr\/parc-avec-piscine\/oliveraie\/","og_site_name":"Hotel Villa Florida","article_publisher":"https:\/\/www.facebook.com\/HotelVillaFlorida","article_modified_time":"2026-02-27T17:24:36+00:00","og_image":[{"width":1280,"height":853,"url":"https:\/\/hotelvillaflorida.it\/wp-content\/uploads\/2024\/12\/IMG_4020.jpg","type":"image\/jpeg"}],"twitter_card":"summary_large_image","twitter_misc":{"Dur\u00e9e de lecture estim\u00e9e":"2 minutes"},"schema":{"@context":"https:\/\/schema.org","@graph":[{"@type":"WebPage","@id":"https:\/\/hotelvillaflorida.it\/fr\/parc-avec-piscine\/oliveraie\/","url":"https:\/\/hotelvillaflorida.it\/fr\/parc-avec-piscine\/oliveraie\/","name":"Oliveraie avec Vue sur le Lac | Hotel Villa Florida","isPartOf":{"@id":"https:\/\/hotelvillaflorida.it\/fr\/#website"},"primaryImageOfPage":{"@id":"https:\/\/hotelvillaflorida.it\/fr\/parc-avec-piscine\/oliveraie\/#primaryimage"},"image":{"@id":"https:\/\/hotelvillaflorida.it\/fr\/parc-avec-piscine\/oliveraie\/#primaryimage"},"thumbnailUrl":"https:\/\/hotelvillaflorida.it\/wp-content\/uploads\/2024\/12\/IMG_4020.jpg","datePublished":"2024-12-05T10:00:00+00:00","dateModified":"2026-02-27T17:24:36+00:00","description":"Visitez l'oliveraie de l'h\u00f4tel Villa Florida : un coin authentique du lac de Garde entre nature et tradition \u00e0 Gardone Riviera.","breadcrumb":{"@id":"https:\/\/hotelvillaflorida.it\/fr\/parc-avec-piscine\/oliveraie\/#breadcrumb"},"inLanguage":"fr-FR","potentialAction":[{"@type":"ReadAction","target":["https:\/\/hotelvillaflorida.it\/fr\/parc-avec-piscine\/oliveraie\/"]}]},{"@type":"ImageObject","inLanguage":"fr-FR","@id":"https:\/\/hotelvillaflorida.it\/fr\/parc-avec-piscine\/oliveraie\/#primaryimage","url":"https:\/\/hotelvillaflorida.it\/wp-content\/uploads\/2024\/12\/IMG_4020.jpg","contentUrl":"https:\/\/hotelvillaflorida.it\/wp-content\/uploads\/2024\/12\/IMG_4020.jpg","width":1280,"height":853,"caption":"H\u00f4tels 4 \u00e9toiles Lac de Garde"},{"@type":"BreadcrumbList","@id":"https:\/\/hotelvillaflorida.it\/fr\/parc-avec-piscine\/oliveraie\/#breadcrumb","itemListElement":[{"@type":"ListItem","position":1,"name":"Home","item":"https:\/\/hotelvillaflorida.it\/fr\/"},{"@type":"ListItem","position":2,"name":"Parc avec piscine","item":"https:\/\/hotelvillaflorida.it\/fr\/parc-avec-piscine\/"},{"@type":"ListItem","position":3,"name":"Oliveraie biologique"}]},{"@type":"WebSite","@id":"https:\/\/hotelvillaflorida.it\/fr\/#website","url":"https:\/\/hotelvillaflorida.it\/fr\/","name":"Hotel Villa Florida","description":"Hotel Villa Florida Gardone Riviera","publisher":{"@id":"https:\/\/hotelvillaflorida.it\/fr\/#organization"},"alternateName":"Hotel Villa Florida Gardone Riviera","potentialAction":[{"@type":"SearchAction","target":{"@type":"EntryPoint","urlTemplate":"https:\/\/hotelvillaflorida.it\/fr\/?s={search_term_string}"},"query-input":{"@type":"PropertyValueSpecification","valueRequired":true,"valueName":"search_term_string"}}],"inLanguage":"fr-FR"},{"@type":"Organization","@id":"https:\/\/hotelvillaflorida.it\/fr\/#organization","name":"Hotel Villa Florida","alternateName":"Hotel Villa Florida Gardone Riviera","url":"https:\/\/hotelvillaflorida.it\/fr\/","logo":{"@type":"ImageObject","inLanguage":"fr-FR","@id":"https:\/\/hotelvillaflorida.it\/fr\/#\/schema\/logo\/image\/","url":"https:\/\/hotelvillaflorida.it\/wp-content\/uploads\/2024\/12\/Risorsa-5.svg","contentUrl":"https:\/\/hotelvillaflorida.it\/wp-content\/uploads\/2024\/12\/Risorsa-5.svg","width":"1024","height":"1024","caption":"Hotel Villa Florida"},"image":{"@id":"https:\/\/hotelvillaflorida.it\/fr\/#\/schema\/logo\/image\/"},"sameAs":["https:\/\/www.facebook.com\/HotelVillaFlorida"]}]}},"publishpress_future_workflow_manual_trigger":{"enabledWorkflows":[]},"_links":{"self":[{"href":"https:\/\/hotelvillaflorida.it\/fr\/wp-json\/wp\/v2\/pages\/2222","targetHints":{"allow":["GET"]}}],"collection":[{"href":"https:\/\/hotelvillaflorida.it\/fr\/wp-json\/wp\/v2\/pages"}],"about":[{"href":"https:\/\/hotelvillaflorida.it\/fr\/wp-json\/wp\/v2\/types\/page"}],"author":[{"embeddable":true,"href":"https:\/\/hotelvillaflorida.it\/fr\/wp-json\/wp\/v2\/users\/1"}],"replies":[{"embeddable":true,"href":"https:\/\/hotelvillaflorida.it\/fr\/wp-json\/wp\/v2\/comments?post=2222"}],"version-history":[{"count":3,"href":"https:\/\/hotelvillaflorida.it\/fr\/wp-json\/wp\/v2\/pages\/2222\/revisions"}],"predecessor-version":[{"id":3909,"href":"https:\/\/hotelvillaflorida.it\/fr\/wp-json\/wp\/v2\/pages\/2222\/revisions\/3909"}],"up":[{"embeddable":true,"href":"https:\/\/hotelvillaflorida.it\/fr\/wp-json\/wp\/v2\/pages\/2202"}],"wp:featuredmedia":[{"embeddable":true,"href":"https:\/\/hotelvillaflorida.it\/fr\/wp-json\/wp\/v2\/media\/2060"}],"wp:attachment":[{"href":"https:\/\/hotelvillaflorida.it\/fr\/wp-json\/wp\/v2\/media?parent=2222"}],"wp:term":[{"taxonomy":"evidenza","embeddable":true,"href":"https:\/\/hotelvillaflorida.it\/fr\/wp-json\/wp\/v2\/evidenza?post=2222"}],"curies":[{"name":"wp","href":"https:\/\/api.w.org\/{rel}","templated":true}]}}