{"id":2207,"date":"2024-12-05T10:59:49","date_gmt":"2024-12-05T09:59:49","guid":{"rendered":"https:\/\/hotelvillaflorida.it\/parc-avec-piscine\/piscina\/"},"modified":"2026-02-27T18:24:27","modified_gmt":"2026-02-27T17:24:27","slug":"piscine-panoramique","status":"publish","type":"page","link":"https:\/\/hotelvillaflorida.it\/fr\/parc-avec-piscine\/piscine-panoramique\/","title":{"rendered":"Piscine panoramique avec vue sur le lac"},"content":{"rendered":"<section class=\"l-section wpb_row us_custom_3a797162 hide_on_mobiles height_small\"><div class=\"l-section-overlay\" style=\"background:linear-gradient(180deg,rgba(0,0,0,0.00),rgba(0,0,0,0.20))\"><\/div><div class=\"l-section-h i-cf\"><div class=\"g-cols vc_row via_grid cols_1 laptops-cols_inherit tablets-cols_inherit mobiles-cols_1 valign_bottom type_default stacking_default\"><div class=\"wpb_column vc_column_container us_custom_3581a2d8\"><div class=\"vc_column-inner\"><nav class=\"g-breadcrumbs us_custom_c68474d9 has_text_color separator_icon align_right\" itemscope itemtype=\"http:\/\/schema.org\/BreadcrumbList\"><div class=\"g-breadcrumbs-item\" itemscope itemprop=\"itemListElement\" itemtype=\"http:\/\/schema.org\/ListItem\"><a itemprop=\"item\" href=\"https:\/\/hotelvillaflorida.it\/fr\/\"><span itemprop=\"name\">Accueil<\/span><\/a><meta itemprop=\"position\" content=\"1\"\/><\/div><div class=\"g-breadcrumbs-separator\"><i class=\"far fa-angle-right\"><\/i><\/div><div class=\"g-breadcrumbs-item\">Pages<\/div><\/nav><\/div><\/div><\/div><\/div><\/section><section class=\"l-section wpb_row us_custom_3a797162 hide_on_default hide_on_laptops hide_on_tablets height_small\"><div class=\"l-section-overlay\" style=\"background:linear-gradient(180deg,rgba(0,0,0,0.00),rgba(0,0,0,0.20))\"><\/div><div class=\"l-section-h i-cf\"><div class=\"g-cols vc_row via_grid cols_1 laptops-cols_inherit tablets-cols_inherit mobiles-cols_1 valign_bottom type_default stacking_default\"><div class=\"wpb_column vc_column_container us_custom_ad22d5c8 hide_on_default hide_on_laptops hide_on_tablets\"><div class=\"vc_column-inner\"><nav class=\"g-breadcrumbs us_custom_c68474d9 has_text_color separator_icon align_right hide_current\" itemscope itemtype=\"http:\/\/schema.org\/BreadcrumbList\"><div class=\"g-breadcrumbs-item\" itemscope itemprop=\"itemListElement\" itemtype=\"http:\/\/schema.org\/ListItem\"><a itemprop=\"item\" href=\"https:\/\/hotelvillaflorida.it\/fr\/\"><span itemprop=\"name\">Accueil<\/span><\/a><meta itemprop=\"position\" content=\"1\"\/><\/div><div class=\"g-breadcrumbs-separator\"><i class=\"far fa-angle-right\"><\/i><\/div><div class=\"g-breadcrumbs-item\">Pages<\/div><\/nav><\/div><\/div><\/div><\/div><\/section><section class=\"l-section wpb_row height_medium\" id=\"prima\"><div class=\"l-section-h i-cf\"><div class=\"g-cols vc_row via_grid cols_1 laptops-cols_inherit tablets-cols_inherit mobiles-cols_1 valign_top type_default stacking_default\"><div class=\"wpb_column vc_column_container\"><div class=\"vc_column-inner\"><div class=\"w-vwrapper us_custom_c97daedd align_center valign_top\"><div class=\"w-text us_custom_d056f26d has_text_color\"><span class=\"w-text-h\"><span class=\"w-text-value\">VILLA IMMERG\u00c9E DANS LA VERDURE D\u2019UNE OLIVERAIE BIOLOGIQUE<\/span><\/span><\/div><h1 class=\"w-text us_custom_201b0d3e\"><span class=\"w-text-h\"><span class=\"w-text-value\">H\u00f4tel avec piscine \u00e0 Gardone Riviera<\/span><\/span><\/h1><h3 class=\"w-text us_custom_ebbdc731\"><span class=\"w-text-h\"><span class=\"w-text-value\">O\u00f9 le ciel se refl\u00e8te dans l\u2019eau et o\u00f9 la d\u00e9tente devient une exp\u00e9rience unique.<\/span><\/span><\/h3><div class=\"w-separator size_small\"><\/div><div class=\"wpb_text_column us_custom_d0c27e40\"><div class=\"wpb_wrapper\"><p class=\"p1\">La piscine panoramique de l\u2019H\u00f4tel Villa\u00a0Florida, immerg\u00e9e dans la verdure luxuriante du parc et du verger d\u2019agrumes, offre un refuge id\u00e9al pour qui recherche d\u00e9tente et bien-\u00eatre sur le lac de Garde. Le cadre naturel qui entoure la piscine est un v\u00e9ritable havre de paix, entre oliviers, lauriers roses et bougainvilliers.<\/p>\n<p class=\"p1\">La piscine mesure 27\u00a0x\u00a09\u00a0m\u00e8tres et est id\u00e9ale pour se rafra\u00eechir pendant les chaudes journ\u00e9es d\u2019\u00e9t\u00e9. Sa position strat\u00e9gique, avec une vue panoramique sur le lac et l\u2019\u00eele de Garde, offre une sensation d\u2019immersion totale dans la nature. C\u2019est l\u2019endroit id\u00e9al pour s\u2019octroyer des moments de d\u00e9tente, tout en sirotant un verre au bord de la piscine ou en faisant une baignade r\u00e9g\u00e9n\u00e9rante.<\/p>\n<p class=\"p1\">La zone environnante est \u00e9l\u00e9gamment meubl\u00e9e, avec des chaises longues et un solarium, qui vous invitent \u00e0 profiter du paysage en toute tranquillit\u00e9. Les plantes qui entourent la piscine ont \u00e9t\u00e9 soigneusement choisies, non seulement pour leur beaut\u00e9, mais aussi pour leur r\u00f4le dans la cr\u00e9ation d\u2019une atmosph\u00e8re intime et harmonieuse, en parfaite osmose avec la nature environnante. Chaque \u00e9l\u00e9ment a \u00e9t\u00e9 pens\u00e9 pour offrir un confort absolu et une discr\u00e9tion totale, sans jamais d\u00e9tourner le regard de la beaut\u00e9 naturelle qui enveloppe cet endroit paradisiaque.<\/p>\n<\/div><\/div><\/div><\/div><\/div><\/div><\/div><\/section><section class=\"l-section wpb_row height_medium\"><div class=\"l-section-h i-cf\"><div class=\"g-cols vc_row via_grid cols_1 laptops-cols_inherit tablets-cols_inherit mobiles-cols_1 valign_top type_default stacking_default\"><div class=\"wpb_column vc_column_container\"><div class=\"vc_column-inner\"><div class=\"w-grid us_carousel us_custom_eaca26c6 centro us_animate_this type_carousel layout_277 preload_style_spinner items_3 ratio_1x1\" id=\"us_grid_1\" style=\"--items:3;--gap:0.5rem;--item-ratio:1;\"><style>.layout_277 .w-grid-item-h{border-radius:0.1rem}.layout_277 .usg_post_image_1{transition-duration:0.3s;transform-origin:50% 50%;transform:scale(1) translate(0%,0%)}.layout_277 .w-grid-item-h:focus-within .usg_post_image_1,.layout_277 .w-grid-item-h:hover .usg_post_image_1{transform:scale(1.05) translate(0%,0%);opacity:1;background:var(--color-header-transparent-text-hover)!important}.layout_277 .usg_post_image_1{position:absolute!important;left:0!important;top:0!important;bottom:0!important;right:0!important}<\/style><div class=\"w-grid-list owl-carousel valign_stretch dotstyle_smudge navstyle_4 arrows-ver-pos_middle arrows-hor-pos_on_sides_inside arrows-disabled_hide owl-responsive-2000 with_dots with_arrows\" style=\"--transition-duration:1050ms;--arrows-size:1.5rem;--arrows-hor-offset:calc(20px - 0.5rem);--arrows-gap:10px;\">\t<article class=\"w-grid-item post-2038 attachment type-attachment status-inherit hentry\" data-id=\"2038\">\r\n\t\t<div class=\"w-grid-item-h\">\r\n\t\t\t\t\t\t\t<a ref=\"magnificPopupGrid\" href=\"https:\/\/hotelvillaflorida.it\/wp-content\/uploads\/2024\/12\/IMG_3643-Modifica.jpg\" class=\"w-grid-item-anchor\" aria-label=\"H\u00f4tels 4 \u00e9toiles Lac de Garde\"><\/a>\r\n\t\t\t\t\t\t<div class=\"w-post-elm post_image usg_post_image_1 stretched\"><img loading=\"lazy\" decoding=\"async\" width=\"1024\" height=\"683\" src=\"https:\/\/hotelvillaflorida.it\/wp-content\/uploads\/2024\/12\/IMG_3643-Modifica-1024x683.jpg\" class=\"attachment-large size-large\" alt=\"H\u00f4tels 4 \u00e9toiles Lac de Garde\" srcset=\"https:\/\/hotelvillaflorida.it\/wp-content\/uploads\/2024\/12\/IMG_3643-Modifica-1024x683.jpg 1024w, https:\/\/hotelvillaflorida.it\/wp-content\/uploads\/2024\/12\/IMG_3643-Modifica-300x200.jpg 300w\" sizes=\"auto, (max-width: 1024px) 100vw, 1024px\" \/><\/div>\t\t<\/div>\r\n\t\t\t<\/article>\r\n\t<article class=\"w-grid-item post-2046 attachment type-attachment status-inherit hentry\" data-id=\"2046\">\r\n\t\t<div class=\"w-grid-item-h\">\r\n\t\t\t\t\t\t\t<a ref=\"magnificPopupGrid\" href=\"https:\/\/hotelvillaflorida.it\/wp-content\/uploads\/2024\/12\/IMG_3761-Modifica.jpg\" class=\"w-grid-item-anchor\" aria-label=\"H\u00f4tels 4 \u00e9toiles Lac de Garde\"><\/a>\r\n\t\t\t\t\t\t<div class=\"w-post-elm post_image usg_post_image_1 stretched\"><img loading=\"lazy\" decoding=\"async\" width=\"1024\" height=\"683\" src=\"https:\/\/hotelvillaflorida.it\/wp-content\/uploads\/2024\/12\/IMG_3761-Modifica-1024x683.jpg\" class=\"attachment-large size-large\" alt=\"H\u00f4tels 4 \u00e9toiles Lac de Garde\" srcset=\"https:\/\/hotelvillaflorida.it\/wp-content\/uploads\/2024\/12\/IMG_3761-Modifica-1024x683.jpg 1024w, https:\/\/hotelvillaflorida.it\/wp-content\/uploads\/2024\/12\/IMG_3761-Modifica-300x200.jpg 300w\" sizes=\"auto, (max-width: 1024px) 100vw, 1024px\" \/><\/div>\t\t<\/div>\r\n\t\t\t<\/article>\r\n\t<article class=\"w-grid-item post-2039 attachment type-attachment status-inherit hentry\" data-id=\"2039\">\r\n\t\t<div class=\"w-grid-item-h\">\r\n\t\t\t\t\t\t\t<a ref=\"magnificPopupGrid\" href=\"https:\/\/hotelvillaflorida.it\/wp-content\/uploads\/2024\/12\/IMG_3638-Modifica.jpg\" class=\"w-grid-item-anchor\" aria-label=\"H\u00f4tel 4 \u00e9toiles au Lac de Garde\"><\/a>\r\n\t\t\t\t\t\t<div class=\"w-post-elm post_image usg_post_image_1 stretched\"><img loading=\"lazy\" decoding=\"async\" width=\"1024\" height=\"683\" src=\"https:\/\/hotelvillaflorida.it\/wp-content\/uploads\/2024\/12\/IMG_3638-Modifica-1024x683.jpg\" class=\"attachment-large size-large\" alt=\"H\u00f4tel 4 \u00e9toiles au Lac de Garde\" srcset=\"https:\/\/hotelvillaflorida.it\/wp-content\/uploads\/2024\/12\/IMG_3638-Modifica-1024x683.jpg 1024w, https:\/\/hotelvillaflorida.it\/wp-content\/uploads\/2024\/12\/IMG_3638-Modifica-300x200.jpg 300w\" sizes=\"auto, (max-width: 1024px) 100vw, 1024px\" \/><\/div>\t\t<\/div>\r\n\t\t\t<\/article>\r\n\t<article class=\"w-grid-item post-2032 attachment type-attachment status-inherit hentry\" data-id=\"2032\">\r\n\t\t<div class=\"w-grid-item-h\">\r\n\t\t\t\t\t\t\t<a ref=\"magnificPopupGrid\" href=\"https:\/\/hotelvillaflorida.it\/wp-content\/uploads\/2024\/12\/Hotel-Florida-63.jpg\" class=\"w-grid-item-anchor\" aria-label=\"H\u00f4tels 4 \u00e9toiles Lac de Garde\"><\/a>\r\n\t\t\t\t\t\t<div class=\"w-post-elm post_image usg_post_image_1 stretched\"><img loading=\"lazy\" decoding=\"async\" width=\"1024\" height=\"667\" src=\"https:\/\/hotelvillaflorida.it\/wp-content\/uploads\/2024\/12\/Hotel-Florida-63-1024x667.jpg\" class=\"attachment-large size-large\" alt=\"H\u00f4tels 4 \u00e9toiles Lac de Garde\" srcset=\"https:\/\/hotelvillaflorida.it\/wp-content\/uploads\/2024\/12\/Hotel-Florida-63-1024x667.jpg 1024w, https:\/\/hotelvillaflorida.it\/wp-content\/uploads\/2024\/12\/Hotel-Florida-63-300x195.jpg 300w, https:\/\/hotelvillaflorida.it\/wp-content\/uploads\/2024\/12\/Hotel-Florida-63.jpg 1300w\" sizes=\"auto, (max-width: 1024px) 100vw, 1024px\" \/><\/div>\t\t<\/div>\r\n\t\t\t<\/article>\r\n\t<article class=\"w-grid-item post-2018 attachment type-attachment status-inherit hentry\" data-id=\"2018\">\r\n\t\t<div class=\"w-grid-item-h\">\r\n\t\t\t\t\t\t\t<a ref=\"magnificPopupGrid\" href=\"https:\/\/hotelvillaflorida.it\/wp-content\/uploads\/2024\/12\/IMG_4285.jpg\" class=\"w-grid-item-anchor\" aria-label=\"H\u00f4tels 4 \u00e9toiles Lac de Garde\"><\/a>\r\n\t\t\t\t\t\t<div class=\"w-post-elm post_image usg_post_image_1 stretched\"><img loading=\"lazy\" decoding=\"async\" width=\"1024\" height=\"683\" src=\"https:\/\/hotelvillaflorida.it\/wp-content\/uploads\/2024\/12\/IMG_4285-1024x683.jpg\" class=\"attachment-large size-large\" alt=\"H\u00f4tels 4 \u00e9toiles Lac de Garde\" srcset=\"https:\/\/hotelvillaflorida.it\/wp-content\/uploads\/2024\/12\/IMG_4285-1024x683.jpg 1024w, https:\/\/hotelvillaflorida.it\/wp-content\/uploads\/2024\/12\/IMG_4285-300x200.jpg 300w\" sizes=\"auto, (max-width: 1024px) 100vw, 1024px\" \/><\/div>\t\t<\/div>\r\n\t\t\t<\/article>\r\n<\/div><div class=\"w-grid-carousel-json hidden\" onclick='return {&quot;carousel_settings&quot;:{&quot;aria_labels&quot;:{&quot;prev&quot;:&quot;Pr\\u00e9c\\u00e9dent&quot;,&quot;next&quot;:&quot;Suivant&quot;},&quot;autoplayContinual&quot;:false,&quot;autoplayHoverPause&quot;:false,&quot;autoplayTimeout&quot;:3000,&quot;autoWidth&quot;:false,&quot;smartSpeed&quot;:1050,&quot;margin&quot;:0,&quot;mouseDrag&quot;:true,&quot;rtl&quot;:false,&quot;slideBy&quot;:&quot;1&quot;,&quot;touchDrag&quot;:true,&quot;slideTransition&quot;:&quot;&quot;,&quot;responsive&quot;:{&quot;0&quot;:{&quot;autoHeight&quot;:false,&quot;autoplay&quot;:true,&quot;autoWidth&quot;:false,&quot;center&quot;:false,&quot;dots&quot;:true,&quot;items&quot;:1,&quot;loop&quot;:true,&quot;nav&quot;:false,&quot;stagePadding&quot;:40,&quot;slideBy&quot;:&quot;1&quot;},&quot;601&quot;:{&quot;items&quot;:3,&quot;autoplay&quot;:false,&quot;center&quot;:false,&quot;dots&quot;:true,&quot;nav&quot;:true,&quot;autoHeight&quot;:false,&quot;autoWidth&quot;:false,&quot;loop&quot;:true,&quot;stagePadding&quot;:50}}}}'><\/div><\/div><\/div><\/div><\/div><\/div><\/section>\n","protected":false},"excerpt":{"rendered":"","protected":false},"author":1,"featured_media":1922,"parent":2202,"menu_order":137,"comment_status":"closed","ping_status":"closed","template":"","meta":{"_acf_changed":false,"footnotes":""},"evidenza":[],"class_list":["post-2207","page","type-page","status-publish","has-post-thumbnail","hentry"],"acf":[],"yoast_head":"<!-- This site is optimized with the Yoast SEO plugin v27.4 - https:\/\/yoast.com\/product\/yoast-seo-wordpress\/ -->\n<title>Piscine panoramique de l&#039;h\u00f4tel Villa Florida Gardone Riviera<\/title>\n<meta name=\"description\" content=\"Profitez de la piscine panoramique de l&#039;h\u00f4tel Villa Florida : une oasis de d\u00e9tente avec des vues \u00e0 couper le souffle \u00e0 Gardone Riviera sur le lac de Garde.\" \/>\n<meta name=\"robots\" content=\"index, follow, max-snippet:-1, max-image-preview:large, max-video-preview:-1\" \/>\n<link rel=\"canonical\" href=\"https:\/\/hotelvillaflorida.it\/fr\/parc-avec-piscine\/piscine-panoramique\/\" \/>\n<meta property=\"og:locale\" content=\"fr_FR\" \/>\n<meta property=\"og:type\" content=\"article\" \/>\n<meta property=\"og:title\" content=\"Piscine panoramique de l&#039;h\u00f4tel Villa Florida Gardone Riviera\" \/>\n<meta property=\"og:description\" content=\"Profitez de la piscine panoramique de l&#039;h\u00f4tel Villa Florida : une oasis de d\u00e9tente avec des vues \u00e0 couper le souffle \u00e0 Gardone Riviera sur le lac de Garde.\" \/>\n<meta property=\"og:url\" content=\"https:\/\/hotelvillaflorida.it\/fr\/parc-avec-piscine\/piscine-panoramique\/\" \/>\n<meta property=\"og:site_name\" content=\"Hotel Villa Florida\" \/>\n<meta property=\"article:publisher\" content=\"https:\/\/www.facebook.com\/HotelVillaFlorida\" \/>\n<meta property=\"article:modified_time\" content=\"2026-02-27T17:24:27+00:00\" \/>\n<meta property=\"og:image\" content=\"https:\/\/hotelvillaflorida.it\/wp-content\/uploads\/2024\/12\/piscina-villa-florida-gardone.jpg\" \/>\n\t<meta property=\"og:image:width\" content=\"1524\" \/>\n\t<meta property=\"og:image:height\" content=\"867\" \/>\n\t<meta property=\"og:image:type\" content=\"image\/jpeg\" \/>\n<meta name=\"twitter:card\" content=\"summary_large_image\" \/>\n<meta name=\"twitter:label1\" content=\"Dur\u00e9e de lecture estim\u00e9e\" \/>\n\t<meta name=\"twitter:data1\" content=\"2 minutes\" \/>\n<script type=\"application\/ld+json\" class=\"yoast-schema-graph\">{\"@context\":\"https:\\\/\\\/schema.org\",\"@graph\":[{\"@type\":\"WebPage\",\"@id\":\"https:\\\/\\\/hotelvillaflorida.it\\\/fr\\\/parc-avec-piscine\\\/piscine-panoramique\\\/\",\"url\":\"https:\\\/\\\/hotelvillaflorida.it\\\/fr\\\/parc-avec-piscine\\\/piscine-panoramique\\\/\",\"name\":\"Piscine panoramique de l'h\u00f4tel Villa Florida Gardone Riviera\",\"isPartOf\":{\"@id\":\"https:\\\/\\\/hotelvillaflorida.it\\\/fr\\\/#website\"},\"primaryImageOfPage\":{\"@id\":\"https:\\\/\\\/hotelvillaflorida.it\\\/fr\\\/parc-avec-piscine\\\/piscine-panoramique\\\/#primaryimage\"},\"image\":{\"@id\":\"https:\\\/\\\/hotelvillaflorida.it\\\/fr\\\/parc-avec-piscine\\\/piscine-panoramique\\\/#primaryimage\"},\"thumbnailUrl\":\"https:\\\/\\\/hotelvillaflorida.it\\\/wp-content\\\/uploads\\\/2024\\\/12\\\/piscina-villa-florida-gardone.jpg\",\"datePublished\":\"2024-12-05T09:59:49+00:00\",\"dateModified\":\"2026-02-27T17:24:27+00:00\",\"description\":\"Profitez de la piscine panoramique de l'h\u00f4tel Villa Florida : une oasis de d\u00e9tente avec des vues \u00e0 couper le souffle \u00e0 Gardone Riviera sur le lac de Garde.\",\"breadcrumb\":{\"@id\":\"https:\\\/\\\/hotelvillaflorida.it\\\/fr\\\/parc-avec-piscine\\\/piscine-panoramique\\\/#breadcrumb\"},\"inLanguage\":\"fr-FR\",\"potentialAction\":[{\"@type\":\"ReadAction\",\"target\":[\"https:\\\/\\\/hotelvillaflorida.it\\\/fr\\\/parc-avec-piscine\\\/piscine-panoramique\\\/\"]}]},{\"@type\":\"ImageObject\",\"inLanguage\":\"fr-FR\",\"@id\":\"https:\\\/\\\/hotelvillaflorida.it\\\/fr\\\/parc-avec-piscine\\\/piscine-panoramique\\\/#primaryimage\",\"url\":\"https:\\\/\\\/hotelvillaflorida.it\\\/wp-content\\\/uploads\\\/2024\\\/12\\\/piscina-villa-florida-gardone.jpg\",\"contentUrl\":\"https:\\\/\\\/hotelvillaflorida.it\\\/wp-content\\\/uploads\\\/2024\\\/12\\\/piscina-villa-florida-gardone.jpg\",\"width\":1524,\"height\":867,\"caption\":\"H\u00f4tels 4 \u00e9toiles Lac de Garde\"},{\"@type\":\"BreadcrumbList\",\"@id\":\"https:\\\/\\\/hotelvillaflorida.it\\\/fr\\\/parc-avec-piscine\\\/piscine-panoramique\\\/#breadcrumb\",\"itemListElement\":[{\"@type\":\"ListItem\",\"position\":1,\"name\":\"Home\",\"item\":\"https:\\\/\\\/hotelvillaflorida.it\\\/fr\\\/\"},{\"@type\":\"ListItem\",\"position\":2,\"name\":\"Parc avec piscine\",\"item\":\"https:\\\/\\\/hotelvillaflorida.it\\\/fr\\\/parc-avec-piscine\\\/\"},{\"@type\":\"ListItem\",\"position\":3,\"name\":\"Piscine panoramique avec vue sur le lac\"}]},{\"@type\":\"WebSite\",\"@id\":\"https:\\\/\\\/hotelvillaflorida.it\\\/fr\\\/#website\",\"url\":\"https:\\\/\\\/hotelvillaflorida.it\\\/fr\\\/\",\"name\":\"Hotel Villa Florida\",\"description\":\"Hotel Villa Florida Gardone Riviera\",\"publisher\":{\"@id\":\"https:\\\/\\\/hotelvillaflorida.it\\\/fr\\\/#organization\"},\"alternateName\":\"Hotel Villa Florida Gardone Riviera\",\"potentialAction\":[{\"@type\":\"SearchAction\",\"target\":{\"@type\":\"EntryPoint\",\"urlTemplate\":\"https:\\\/\\\/hotelvillaflorida.it\\\/fr\\\/?s={search_term_string}\"},\"query-input\":{\"@type\":\"PropertyValueSpecification\",\"valueRequired\":true,\"valueName\":\"search_term_string\"}}],\"inLanguage\":\"fr-FR\"},{\"@type\":\"Organization\",\"@id\":\"https:\\\/\\\/hotelvillaflorida.it\\\/fr\\\/#organization\",\"name\":\"Hotel Villa Florida\",\"alternateName\":\"Hotel Villa Florida Gardone Riviera\",\"url\":\"https:\\\/\\\/hotelvillaflorida.it\\\/fr\\\/\",\"logo\":{\"@type\":\"ImageObject\",\"inLanguage\":\"fr-FR\",\"@id\":\"https:\\\/\\\/hotelvillaflorida.it\\\/fr\\\/#\\\/schema\\\/logo\\\/image\\\/\",\"url\":\"https:\\\/\\\/hotelvillaflorida.it\\\/wp-content\\\/uploads\\\/2024\\\/12\\\/Risorsa-5.svg\",\"contentUrl\":\"https:\\\/\\\/hotelvillaflorida.it\\\/wp-content\\\/uploads\\\/2024\\\/12\\\/Risorsa-5.svg\",\"width\":\"1024\",\"height\":\"1024\",\"caption\":\"Hotel Villa Florida\"},\"image\":{\"@id\":\"https:\\\/\\\/hotelvillaflorida.it\\\/fr\\\/#\\\/schema\\\/logo\\\/image\\\/\"},\"sameAs\":[\"https:\\\/\\\/www.facebook.com\\\/HotelVillaFlorida\"]}]}<\/script>\n<!-- \/ Yoast SEO plugin. -->","yoast_head_json":{"title":"Piscine panoramique de l'h\u00f4tel Villa Florida Gardone Riviera","description":"Profitez de la piscine panoramique de l'h\u00f4tel Villa Florida : une oasis de d\u00e9tente avec des vues \u00e0 couper le souffle \u00e0 Gardone Riviera sur le lac de Garde.","robots":{"index":"index","follow":"follow","max-snippet":"max-snippet:-1","max-image-preview":"max-image-preview:large","max-video-preview":"max-video-preview:-1"},"canonical":"https:\/\/hotelvillaflorida.it\/fr\/parc-avec-piscine\/piscine-panoramique\/","og_locale":"fr_FR","og_type":"article","og_title":"Piscine panoramique de l'h\u00f4tel Villa Florida Gardone Riviera","og_description":"Profitez de la piscine panoramique de l'h\u00f4tel Villa Florida : une oasis de d\u00e9tente avec des vues \u00e0 couper le souffle \u00e0 Gardone Riviera sur le lac de Garde.","og_url":"https:\/\/hotelvillaflorida.it\/fr\/parc-avec-piscine\/piscine-panoramique\/","og_site_name":"Hotel Villa Florida","article_publisher":"https:\/\/www.facebook.com\/HotelVillaFlorida","article_modified_time":"2026-02-27T17:24:27+00:00","og_image":[{"width":1524,"height":867,"url":"https:\/\/hotelvillaflorida.it\/wp-content\/uploads\/2024\/12\/piscina-villa-florida-gardone.jpg","type":"image\/jpeg"}],"twitter_card":"summary_large_image","twitter_misc":{"Dur\u00e9e de lecture estim\u00e9e":"2 minutes"},"schema":{"@context":"https:\/\/schema.org","@graph":[{"@type":"WebPage","@id":"https:\/\/hotelvillaflorida.it\/fr\/parc-avec-piscine\/piscine-panoramique\/","url":"https:\/\/hotelvillaflorida.it\/fr\/parc-avec-piscine\/piscine-panoramique\/","name":"Piscine panoramique de l'h\u00f4tel Villa Florida Gardone Riviera","isPartOf":{"@id":"https:\/\/hotelvillaflorida.it\/fr\/#website"},"primaryImageOfPage":{"@id":"https:\/\/hotelvillaflorida.it\/fr\/parc-avec-piscine\/piscine-panoramique\/#primaryimage"},"image":{"@id":"https:\/\/hotelvillaflorida.it\/fr\/parc-avec-piscine\/piscine-panoramique\/#primaryimage"},"thumbnailUrl":"https:\/\/hotelvillaflorida.it\/wp-content\/uploads\/2024\/12\/piscina-villa-florida-gardone.jpg","datePublished":"2024-12-05T09:59:49+00:00","dateModified":"2026-02-27T17:24:27+00:00","description":"Profitez de la piscine panoramique de l'h\u00f4tel Villa Florida : une oasis de d\u00e9tente avec des vues \u00e0 couper le souffle \u00e0 Gardone Riviera sur le lac de Garde.","breadcrumb":{"@id":"https:\/\/hotelvillaflorida.it\/fr\/parc-avec-piscine\/piscine-panoramique\/#breadcrumb"},"inLanguage":"fr-FR","potentialAction":[{"@type":"ReadAction","target":["https:\/\/hotelvillaflorida.it\/fr\/parc-avec-piscine\/piscine-panoramique\/"]}]},{"@type":"ImageObject","inLanguage":"fr-FR","@id":"https:\/\/hotelvillaflorida.it\/fr\/parc-avec-piscine\/piscine-panoramique\/#primaryimage","url":"https:\/\/hotelvillaflorida.it\/wp-content\/uploads\/2024\/12\/piscina-villa-florida-gardone.jpg","contentUrl":"https:\/\/hotelvillaflorida.it\/wp-content\/uploads\/2024\/12\/piscina-villa-florida-gardone.jpg","width":1524,"height":867,"caption":"H\u00f4tels 4 \u00e9toiles Lac de Garde"},{"@type":"BreadcrumbList","@id":"https:\/\/hotelvillaflorida.it\/fr\/parc-avec-piscine\/piscine-panoramique\/#breadcrumb","itemListElement":[{"@type":"ListItem","position":1,"name":"Home","item":"https:\/\/hotelvillaflorida.it\/fr\/"},{"@type":"ListItem","position":2,"name":"Parc avec piscine","item":"https:\/\/hotelvillaflorida.it\/fr\/parc-avec-piscine\/"},{"@type":"ListItem","position":3,"name":"Piscine panoramique avec vue sur le lac"}]},{"@type":"WebSite","@id":"https:\/\/hotelvillaflorida.it\/fr\/#website","url":"https:\/\/hotelvillaflorida.it\/fr\/","name":"Hotel Villa Florida","description":"Hotel Villa Florida Gardone Riviera","publisher":{"@id":"https:\/\/hotelvillaflorida.it\/fr\/#organization"},"alternateName":"Hotel Villa Florida Gardone Riviera","potentialAction":[{"@type":"SearchAction","target":{"@type":"EntryPoint","urlTemplate":"https:\/\/hotelvillaflorida.it\/fr\/?s={search_term_string}"},"query-input":{"@type":"PropertyValueSpecification","valueRequired":true,"valueName":"search_term_string"}}],"inLanguage":"fr-FR"},{"@type":"Organization","@id":"https:\/\/hotelvillaflorida.it\/fr\/#organization","name":"Hotel Villa Florida","alternateName":"Hotel Villa Florida Gardone Riviera","url":"https:\/\/hotelvillaflorida.it\/fr\/","logo":{"@type":"ImageObject","inLanguage":"fr-FR","@id":"https:\/\/hotelvillaflorida.it\/fr\/#\/schema\/logo\/image\/","url":"https:\/\/hotelvillaflorida.it\/wp-content\/uploads\/2024\/12\/Risorsa-5.svg","contentUrl":"https:\/\/hotelvillaflorida.it\/wp-content\/uploads\/2024\/12\/Risorsa-5.svg","width":"1024","height":"1024","caption":"Hotel Villa Florida"},"image":{"@id":"https:\/\/hotelvillaflorida.it\/fr\/#\/schema\/logo\/image\/"},"sameAs":["https:\/\/www.facebook.com\/HotelVillaFlorida"]}]}},"publishpress_future_workflow_manual_trigger":{"enabledWorkflows":[]},"_links":{"self":[{"href":"https:\/\/hotelvillaflorida.it\/fr\/wp-json\/wp\/v2\/pages\/2207","targetHints":{"allow":["GET"]}}],"collection":[{"href":"https:\/\/hotelvillaflorida.it\/fr\/wp-json\/wp\/v2\/pages"}],"about":[{"href":"https:\/\/hotelvillaflorida.it\/fr\/wp-json\/wp\/v2\/types\/page"}],"author":[{"embeddable":true,"href":"https:\/\/hotelvillaflorida.it\/fr\/wp-json\/wp\/v2\/users\/1"}],"replies":[{"embeddable":true,"href":"https:\/\/hotelvillaflorida.it\/fr\/wp-json\/wp\/v2\/comments?post=2207"}],"version-history":[{"count":3,"href":"https:\/\/hotelvillaflorida.it\/fr\/wp-json\/wp\/v2\/pages\/2207\/revisions"}],"predecessor-version":[{"id":3908,"href":"https:\/\/hotelvillaflorida.it\/fr\/wp-json\/wp\/v2\/pages\/2207\/revisions\/3908"}],"up":[{"embeddable":true,"href":"https:\/\/hotelvillaflorida.it\/fr\/wp-json\/wp\/v2\/pages\/2202"}],"wp:featuredmedia":[{"embeddable":true,"href":"https:\/\/hotelvillaflorida.it\/fr\/wp-json\/wp\/v2\/media\/1922"}],"wp:attachment":[{"href":"https:\/\/hotelvillaflorida.it\/fr\/wp-json\/wp\/v2\/media?parent=2207"}],"wp:term":[{"taxonomy":"evidenza","embeddable":true,"href":"https:\/\/hotelvillaflorida.it\/fr\/wp-json\/wp\/v2\/evidenza?post=2207"}],"curies":[{"name":"wp","href":"https:\/\/api.w.org\/{rel}","templated":true}]}}