{"id":2202,"date":"2024-12-05T10:58:57","date_gmt":"2024-12-05T09:58:57","guid":{"rendered":"https:\/\/hotelvillaflorida.it\/parc-avec-piscine\/"},"modified":"2025-02-26T17:19:42","modified_gmt":"2025-02-26T16:19:42","slug":"parc-avec-piscine","status":"publish","type":"page","link":"https:\/\/hotelvillaflorida.it\/fr\/parc-avec-piscine\/","title":{"rendered":"Parc avec piscine"},"content":{"rendered":"<section class=\"l-section wpb_row hide_on_mobiles height_medium with_video\"><div id=\"us_bg_video_kbab\" class=\"l-section-video\"><script id=\"us_bg_video_kbab-script\">!function(w){var node = document.getElementById( 'us_bg_video_kbab' );if ( w.innerWidth <= 100 ) { node.remove() }}(window);<\/script><style>@media(max-width:100px){#us_bg_video_kbab{display:none!important}}<\/style><video  autoplay loop muted playsinline preload=\"auto\" tabindex=\"-1\"><source type=\"video\/mp4\" src=\"https:\/\/hotelvillaflorida.it\/wp-content\/uploads\/2024\/12\/ClipVideoPiscina.mp4\" \/><\/video><\/div><div class=\"l-section-overlay\" style=\"background:linear-gradient(180deg,rgba(0,0,0,0.00),rgba(0,0,0,0.20))\"><\/div><div class=\"l-section-h i-cf\"><div class=\"g-cols vc_row via_grid cols_1 laptops-cols_inherit tablets-cols_inherit mobiles-cols_1 valign_bottom type_default stacking_default\"><div class=\"wpb_column vc_column_container us_custom_3581a2d8\"><div class=\"vc_column-inner\"><\/div><\/div><\/div><\/div><\/section><section class=\"l-section wpb_row hide_on_default hide_on_laptops hide_on_tablets height_small with_video\"><div id=\"us_bg_video_df3e\" class=\"l-section-video\"><script id=\"us_bg_video_df3e-script\">!function(w){var node = document.getElementById( 'us_bg_video_df3e' );if ( w.innerWidth <= 100 ) { node.remove() }}(window);<\/script><style>@media(max-width:100px){#us_bg_video_df3e{display:none!important}}<\/style><video  autoplay loop muted playsinline preload=\"auto\" tabindex=\"-1\"><source type=\"video\/mp4\" src=\"https:\/\/hotelvillaflorida.it\/wp-content\/uploads\/2024\/12\/ClipVideoPiscina.mp4\" \/><\/video><\/div><div class=\"l-section-overlay\" style=\"background:linear-gradient(180deg,rgba(0,0,0,0.00),rgba(0,0,0,0.20))\"><\/div><div class=\"l-section-h i-cf\"><div class=\"g-cols vc_row via_grid cols_1 laptops-cols_inherit tablets-cols_inherit mobiles-cols_1 valign_bottom type_default stacking_default\"><div class=\"wpb_column vc_column_container us_custom_ad22d5c8 hide_on_default hide_on_laptops hide_on_tablets\"><div class=\"vc_column-inner\"><\/div><\/div><\/div><\/div><\/section><section class=\"l-section wpb_row height_medium\" id=\"prima\"><div class=\"l-section-h i-cf\"><div class=\"g-cols vc_row via_grid cols_1 laptops-cols_inherit tablets-cols_inherit mobiles-cols_1 valign_top type_default stacking_default\"><div class=\"wpb_column vc_column_container\"><div class=\"vc_column-inner\"><div class=\"w-vwrapper us_custom_c97daedd align_center valign_top\"><div class=\"w-text us_custom_d056f26d has_text_color\"><span class=\"w-text-h\"><span class=\"w-text-value\">6 HECTARES DE NATURE, DE PARFUMS ET DE D\u00c9TENTE<\/span><\/span><\/div><h1 class=\"w-text us_custom_6d77e64b\"><span class=\"w-text-h\"><span class=\"w-text-value\">H\u00f4tel avec parc et piscine \u00e0 Gardone Riviera<\/span><\/span><\/h1><h3 class=\"w-text us_custom_ebbdc731\"><span class=\"w-text-h\"><span class=\"w-text-value\">Un lieu enchant\u00e9 o\u00f9 la nature p\u00e9n\u00e8tre l\u2019\u00e2me et offre des \u00e9motions intemporelles.<\/span><\/span><\/h3><div class=\"w-separator size_small\"><\/div><div class=\"wpb_text_column us_custom_d0c27e40\"><div class=\"wpb_wrapper\"><p class=\"p1\">Le parc qui entoure l\u2019H\u00f4tel Villa\u00a0Florida est un charmant coin de nature, o\u00f9 le ciel au-dessus de Gardone\u00a0Riviera et les eaux du lac de Garde se rencontrent en totale harmonie. Nich\u00e9 au c\u0153ur de six hectares de l\u2019oliveraie biologique et du verger d\u2019agrumes en terrasses, cet espace naturel est un v\u00e9ritable paradis pour qui recherche un refuge de paix et de tranquillit\u00e9. Le parc n\u2019est pas seulement un lieu de beaut\u00e9 visuelle, mais aussi un symbole d\u2019engagement et de passion pour la protection de l\u2019environnement.<\/p>\n<\/div><\/div><\/div><\/div><\/div><\/div><\/div><\/section><section class=\"l-section wpb_row us_custom_73043f25 height_auto\"><div class=\"l-section-h i-cf\"><div class=\"g-cols vc_row via_grid cols_2 laptops-cols_inherit tablets-cols_inherit mobiles-cols_1 valign_middle type_default stacking_default\"><div class=\"wpb_column vc_column_container us_custom_a93e357a us_animate_this has_bg_color has-link\"><div class=\"vc_column-inner\"><\/div><a href=\"https:\/\/hotelvillaflorida.it\/fr\/parc-avec-piscine\/piscine-panoramique\/\" class=\"vc_column-link smooth-scroll\" aria-label=\"Lien\"><\/a><\/div><div class=\"wpb_column vc_column_container\"><div class=\"vc_column-inner\"><div class=\"w-vwrapper us_custom_8bf6feca align_none valign_top\"><div class=\"w-text us_custom_d056f26d has_text_color\"><span class=\"w-text-h\"><span class=\"w-text-value\">PISCINE PANORAMIQUE<\/span><\/span><\/div><h3 class=\"w-text\"><span class=\"w-text-h\"><span class=\"w-text-value\">D\u00e9tendez-vous au bord de l\u2019eau, avec une vue imprenable sur le lac de Garde.<\/span><\/span><\/h3><div class=\"wpb_text_column\"><div class=\"wpb_wrapper\"><p class=\"p1\">Notre piscine, surplombant les eaux cristallines du lac de Garde, est l\u2019endroit id\u00e9al pour vous relaxer et vous laisser envo\u00fbter par la beaut\u00e9 du paysage. Un coin de tranquillit\u00e9 o\u00f9 le temps semble s\u2019arr\u00eater.<\/p>\n<\/div><\/div><div class=\"w-btn-wrapper align_none hide_on_mobiles\"><a class=\"w-btn us-btn-style_1\" href=\"https:\/\/hotelvillaflorida.it\/fr\/parc-avec-piscine\/piscine-panoramique\/\"><span class=\"w-btn-label\">plonger dans la piscine<\/span><\/a><\/div><\/div><\/div><\/div><\/div><\/div><\/section><section class=\"l-section wpb_row us_custom_4c77c721 height_auto\"><div class=\"l-section-h i-cf\"><div class=\"g-cols vc_row via_grid cols_2 laptops-cols_inherit tablets-cols_inherit mobiles-cols_1 valign_middle type_default reversed stacking_default\"><div class=\"wpb_column vc_column_container\"><div class=\"vc_column-inner\"><div class=\"w-vwrapper us_custom_43d464e5 align_none valign_top\"><div class=\"w-text us_custom_d056f26d has_text_color\"><span class=\"w-text-h\"><span class=\"w-text-value\">JARDIN D\u2019AGRUMES<\/span><\/span><\/div><h3 class=\"w-text\"><span class=\"w-text-h\"><span class=\"w-text-value\">Une oasis de couleurs et de parfums au c\u0153ur de la nature.<\/span><\/span><\/h3><div class=\"wpb_text_column\"><div class=\"wpb_wrapper\"><p class=\"p1\">Le jardin de l\u2019H\u00f4tel Villa\u00a0Florida est un lieu enchant\u00e9, o\u00f9 le vert luxuriant se m\u00eale aux parfums m\u00e9diterran\u00e9ens et aux couleurs vives des fleurs<\/p>\n<\/div><\/div><div class=\"w-btn-wrapper align_none hide_on_mobiles\"><a class=\"w-btn us-btn-style_1\" href=\"https:\/\/hotelvillaflorida.it\/fr\/parc-avec-piscine\/jardin\/\"><span class=\"w-btn-label\">promenades dans le jardin<\/span><\/a><\/div><\/div><\/div><\/div><div class=\"wpb_column vc_column_container us_custom_17216d28 us_animate_this has_bg_color has-link\"><div class=\"vc_column-inner\"><\/div><a href=\"https:\/\/hotelvillaflorida.it\/fr\/parc-avec-piscine\/jardin\/\" class=\"vc_column-link smooth-scroll\" aria-label=\"Lien\"><\/a><\/div><\/div><\/div><\/section><section class=\"l-section wpb_row us_custom_ec9218fc height_auto\"><div class=\"l-section-h i-cf\"><div class=\"g-cols vc_row via_grid cols_2 laptops-cols_inherit tablets-cols_inherit mobiles-cols_1 valign_middle type_default stacking_default\"><div class=\"wpb_column vc_column_container us_custom_250b1ba2 us_animate_this has_bg_color has-link\"><div class=\"vc_column-inner\"><\/div><a href=\"https:\/\/hotelvillaflorida.it\/fr\/parc-avec-piscine\/oliveraie\/\" class=\"vc_column-link smooth-scroll\" aria-label=\"Lien\"><\/a><\/div><div class=\"wpb_column vc_column_container\"><div class=\"vc_column-inner\"><div class=\"w-vwrapper us_custom_8bf6feca align_none valign_top\"><div class=\"w-text us_custom_d056f26d has_text_color\"><span class=\"w-text-h\"><span class=\"w-text-value\">NOTRE OLIVERAIE BIOLOGIQUE<\/span><\/span><\/div><h3 class=\"w-text\"><span class=\"w-text-h\"><span class=\"w-text-value\">La magie des oliviers, entre histoire et s\u00e9r\u00e9nit\u00e9.<\/span><\/span><\/h3><div class=\"wpb_text_column\"><div class=\"wpb_wrapper\"><p class=\"p1\">Promenez-vous parmi d\u2019anciens oliviers qui racontent des si\u00e8cles de tradition et de soin. L\u2019oliveraie de l\u2019H\u00f4tel Villa\u00a0Florida est un symbole du lien profond avec le terroir.<\/p>\n<\/div><\/div><div class=\"w-btn-wrapper align_none hide_on_mobiles\"><a class=\"w-btn us-btn-style_1\" href=\"https:\/\/hotelvillaflorida.it\/fr\/parc-avec-piscine\/oliveraie\/\"><span class=\"w-btn-label\">d\u00e9couvrir l&rsquo;oliveraie<\/span><\/a><\/div><\/div><\/div><\/div><\/div><\/div><\/section>\n","protected":false},"excerpt":{"rendered":"6 HECTARES DE NATURE, DE PARFUMS ET DE D\u00c9TENTEH\u00f4tel avec parc et piscine \u00e0 Gardone RivieraUn lieu enchant\u00e9 o\u00f9 la nature p\u00e9n\u00e8tre l\u2019\u00e2me et offre des \u00e9motions intemporelles.Le parc qui entoure l\u2019H\u00f4tel Villa\u00a0Florida est un charmant coin de nature, o\u00f9 le ciel au-dessus de Gardone\u00a0Riviera et les eaux du lac de Garde se rencontrent en...","protected":false},"author":1,"featured_media":2043,"parent":0,"menu_order":119,"comment_status":"closed","ping_status":"closed","template":"","meta":{"_acf_changed":false,"footnotes":""},"evidenza":[],"class_list":["post-2202","page","type-page","status-publish","has-post-thumbnail","hentry"],"acf":[],"yoast_head":"<!-- This site is optimized with the Yoast SEO plugin v27.4 - https:\/\/yoast.com\/product\/yoast-seo-wordpress\/ -->\n<title>Parc avec piscine et jardin | Hotel Villa Florida<\/title>\n<meta name=\"description\" content=\"D\u00e9tendez-vous dans le parc de l&#039;h\u00f4tel Villa Florida : piscine panoramique, jardin soign\u00e9 et vue unique sur le lac de Garde.\" \/>\n<meta name=\"robots\" content=\"index, follow, max-snippet:-1, max-image-preview:large, max-video-preview:-1\" \/>\n<link rel=\"canonical\" href=\"https:\/\/hotelvillaflorida.it\/fr\/parc-avec-piscine\/\" \/>\n<meta property=\"og:locale\" content=\"fr_FR\" \/>\n<meta property=\"og:type\" content=\"article\" \/>\n<meta property=\"og:title\" content=\"Parc avec piscine et jardin | Hotel Villa Florida\" \/>\n<meta property=\"og:description\" content=\"D\u00e9tendez-vous dans le parc de l&#039;h\u00f4tel Villa Florida : piscine panoramique, jardin soign\u00e9 et vue unique sur le lac de Garde.\" \/>\n<meta property=\"og:url\" content=\"https:\/\/hotelvillaflorida.it\/fr\/parc-avec-piscine\/\" \/>\n<meta property=\"og:site_name\" content=\"Hotel Villa Florida\" \/>\n<meta property=\"article:publisher\" content=\"https:\/\/www.facebook.com\/HotelVillaFlorida\" \/>\n<meta property=\"article:modified_time\" content=\"2025-02-26T16:19:42+00:00\" \/>\n<meta property=\"og:image\" content=\"https:\/\/hotelvillaflorida.it\/wp-content\/uploads\/2024\/12\/IMG_3655-Modifica.jpg\" \/>\n\t<meta property=\"og:image:width\" content=\"2560\" \/>\n\t<meta property=\"og:image:height\" content=\"1707\" \/>\n\t<meta property=\"og:image:type\" content=\"image\/jpeg\" \/>\n<meta name=\"twitter:card\" content=\"summary_large_image\" \/>\n<meta name=\"twitter:label1\" content=\"Dur\u00e9e de lecture estim\u00e9e\" \/>\n\t<meta name=\"twitter:data1\" content=\"3 minutes\" \/>\n<script type=\"application\/ld+json\" class=\"yoast-schema-graph\">{\"@context\":\"https:\\\/\\\/schema.org\",\"@graph\":[{\"@type\":\"WebPage\",\"@id\":\"https:\\\/\\\/hotelvillaflorida.it\\\/fr\\\/parc-avec-piscine\\\/\",\"url\":\"https:\\\/\\\/hotelvillaflorida.it\\\/fr\\\/parc-avec-piscine\\\/\",\"name\":\"Parc avec piscine et jardin | Hotel Villa Florida\",\"isPartOf\":{\"@id\":\"https:\\\/\\\/hotelvillaflorida.it\\\/fr\\\/#website\"},\"primaryImageOfPage\":{\"@id\":\"https:\\\/\\\/hotelvillaflorida.it\\\/fr\\\/parc-avec-piscine\\\/#primaryimage\"},\"image\":{\"@id\":\"https:\\\/\\\/hotelvillaflorida.it\\\/fr\\\/parc-avec-piscine\\\/#primaryimage\"},\"thumbnailUrl\":\"https:\\\/\\\/hotelvillaflorida.it\\\/wp-content\\\/uploads\\\/2024\\\/12\\\/IMG_3655-Modifica.jpg\",\"datePublished\":\"2024-12-05T09:58:57+00:00\",\"dateModified\":\"2025-02-26T16:19:42+00:00\",\"description\":\"D\u00e9tendez-vous dans le parc de l'h\u00f4tel Villa Florida : piscine panoramique, jardin soign\u00e9 et vue unique sur le lac de Garde.\",\"breadcrumb\":{\"@id\":\"https:\\\/\\\/hotelvillaflorida.it\\\/fr\\\/parc-avec-piscine\\\/#breadcrumb\"},\"inLanguage\":\"fr-FR\",\"potentialAction\":[{\"@type\":\"ReadAction\",\"target\":[\"https:\\\/\\\/hotelvillaflorida.it\\\/fr\\\/parc-avec-piscine\\\/\"]}]},{\"@type\":\"ImageObject\",\"inLanguage\":\"fr-FR\",\"@id\":\"https:\\\/\\\/hotelvillaflorida.it\\\/fr\\\/parc-avec-piscine\\\/#primaryimage\",\"url\":\"https:\\\/\\\/hotelvillaflorida.it\\\/wp-content\\\/uploads\\\/2024\\\/12\\\/IMG_3655-Modifica.jpg\",\"contentUrl\":\"https:\\\/\\\/hotelvillaflorida.it\\\/wp-content\\\/uploads\\\/2024\\\/12\\\/IMG_3655-Modifica.jpg\",\"width\":2560,\"height\":1707,\"caption\":\"H\u00f4tels 4 \u00e9toiles Lac de Garde\"},{\"@type\":\"BreadcrumbList\",\"@id\":\"https:\\\/\\\/hotelvillaflorida.it\\\/fr\\\/parc-avec-piscine\\\/#breadcrumb\",\"itemListElement\":[{\"@type\":\"ListItem\",\"position\":1,\"name\":\"Home\",\"item\":\"https:\\\/\\\/hotelvillaflorida.it\\\/fr\\\/\"},{\"@type\":\"ListItem\",\"position\":2,\"name\":\"Parc avec piscine\"}]},{\"@type\":\"WebSite\",\"@id\":\"https:\\\/\\\/hotelvillaflorida.it\\\/fr\\\/#website\",\"url\":\"https:\\\/\\\/hotelvillaflorida.it\\\/fr\\\/\",\"name\":\"Hotel Villa Florida\",\"description\":\"Hotel Villa Florida Gardone Riviera\",\"publisher\":{\"@id\":\"https:\\\/\\\/hotelvillaflorida.it\\\/fr\\\/#organization\"},\"alternateName\":\"Hotel Villa Florida Gardone Riviera\",\"potentialAction\":[{\"@type\":\"SearchAction\",\"target\":{\"@type\":\"EntryPoint\",\"urlTemplate\":\"https:\\\/\\\/hotelvillaflorida.it\\\/fr\\\/?s={search_term_string}\"},\"query-input\":{\"@type\":\"PropertyValueSpecification\",\"valueRequired\":true,\"valueName\":\"search_term_string\"}}],\"inLanguage\":\"fr-FR\"},{\"@type\":\"Organization\",\"@id\":\"https:\\\/\\\/hotelvillaflorida.it\\\/fr\\\/#organization\",\"name\":\"Hotel Villa Florida\",\"alternateName\":\"Hotel Villa Florida Gardone Riviera\",\"url\":\"https:\\\/\\\/hotelvillaflorida.it\\\/fr\\\/\",\"logo\":{\"@type\":\"ImageObject\",\"inLanguage\":\"fr-FR\",\"@id\":\"https:\\\/\\\/hotelvillaflorida.it\\\/fr\\\/#\\\/schema\\\/logo\\\/image\\\/\",\"url\":\"https:\\\/\\\/hotelvillaflorida.it\\\/wp-content\\\/uploads\\\/2024\\\/12\\\/Risorsa-5.svg\",\"contentUrl\":\"https:\\\/\\\/hotelvillaflorida.it\\\/wp-content\\\/uploads\\\/2024\\\/12\\\/Risorsa-5.svg\",\"width\":\"1024\",\"height\":\"1024\",\"caption\":\"Hotel Villa Florida\"},\"image\":{\"@id\":\"https:\\\/\\\/hotelvillaflorida.it\\\/fr\\\/#\\\/schema\\\/logo\\\/image\\\/\"},\"sameAs\":[\"https:\\\/\\\/www.facebook.com\\\/HotelVillaFlorida\"]}]}<\/script>\n<!-- \/ Yoast SEO plugin. -->","yoast_head_json":{"title":"Parc avec piscine et jardin | Hotel Villa Florida","description":"D\u00e9tendez-vous dans le parc de l'h\u00f4tel Villa Florida : piscine panoramique, jardin soign\u00e9 et vue unique sur le lac de Garde.","robots":{"index":"index","follow":"follow","max-snippet":"max-snippet:-1","max-image-preview":"max-image-preview:large","max-video-preview":"max-video-preview:-1"},"canonical":"https:\/\/hotelvillaflorida.it\/fr\/parc-avec-piscine\/","og_locale":"fr_FR","og_type":"article","og_title":"Parc avec piscine et jardin | Hotel Villa Florida","og_description":"D\u00e9tendez-vous dans le parc de l'h\u00f4tel Villa Florida : piscine panoramique, jardin soign\u00e9 et vue unique sur le lac de Garde.","og_url":"https:\/\/hotelvillaflorida.it\/fr\/parc-avec-piscine\/","og_site_name":"Hotel Villa Florida","article_publisher":"https:\/\/www.facebook.com\/HotelVillaFlorida","article_modified_time":"2025-02-26T16:19:42+00:00","og_image":[{"width":2560,"height":1707,"url":"https:\/\/hotelvillaflorida.it\/wp-content\/uploads\/2024\/12\/IMG_3655-Modifica.jpg","type":"image\/jpeg"}],"twitter_card":"summary_large_image","twitter_misc":{"Dur\u00e9e de lecture estim\u00e9e":"3 minutes"},"schema":{"@context":"https:\/\/schema.org","@graph":[{"@type":"WebPage","@id":"https:\/\/hotelvillaflorida.it\/fr\/parc-avec-piscine\/","url":"https:\/\/hotelvillaflorida.it\/fr\/parc-avec-piscine\/","name":"Parc avec piscine et jardin | Hotel Villa Florida","isPartOf":{"@id":"https:\/\/hotelvillaflorida.it\/fr\/#website"},"primaryImageOfPage":{"@id":"https:\/\/hotelvillaflorida.it\/fr\/parc-avec-piscine\/#primaryimage"},"image":{"@id":"https:\/\/hotelvillaflorida.it\/fr\/parc-avec-piscine\/#primaryimage"},"thumbnailUrl":"https:\/\/hotelvillaflorida.it\/wp-content\/uploads\/2024\/12\/IMG_3655-Modifica.jpg","datePublished":"2024-12-05T09:58:57+00:00","dateModified":"2025-02-26T16:19:42+00:00","description":"D\u00e9tendez-vous dans le parc de l'h\u00f4tel Villa Florida : piscine panoramique, jardin soign\u00e9 et vue unique sur le lac de Garde.","breadcrumb":{"@id":"https:\/\/hotelvillaflorida.it\/fr\/parc-avec-piscine\/#breadcrumb"},"inLanguage":"fr-FR","potentialAction":[{"@type":"ReadAction","target":["https:\/\/hotelvillaflorida.it\/fr\/parc-avec-piscine\/"]}]},{"@type":"ImageObject","inLanguage":"fr-FR","@id":"https:\/\/hotelvillaflorida.it\/fr\/parc-avec-piscine\/#primaryimage","url":"https:\/\/hotelvillaflorida.it\/wp-content\/uploads\/2024\/12\/IMG_3655-Modifica.jpg","contentUrl":"https:\/\/hotelvillaflorida.it\/wp-content\/uploads\/2024\/12\/IMG_3655-Modifica.jpg","width":2560,"height":1707,"caption":"H\u00f4tels 4 \u00e9toiles Lac de Garde"},{"@type":"BreadcrumbList","@id":"https:\/\/hotelvillaflorida.it\/fr\/parc-avec-piscine\/#breadcrumb","itemListElement":[{"@type":"ListItem","position":1,"name":"Home","item":"https:\/\/hotelvillaflorida.it\/fr\/"},{"@type":"ListItem","position":2,"name":"Parc avec piscine"}]},{"@type":"WebSite","@id":"https:\/\/hotelvillaflorida.it\/fr\/#website","url":"https:\/\/hotelvillaflorida.it\/fr\/","name":"Hotel Villa Florida","description":"Hotel Villa Florida Gardone Riviera","publisher":{"@id":"https:\/\/hotelvillaflorida.it\/fr\/#organization"},"alternateName":"Hotel Villa Florida Gardone Riviera","potentialAction":[{"@type":"SearchAction","target":{"@type":"EntryPoint","urlTemplate":"https:\/\/hotelvillaflorida.it\/fr\/?s={search_term_string}"},"query-input":{"@type":"PropertyValueSpecification","valueRequired":true,"valueName":"search_term_string"}}],"inLanguage":"fr-FR"},{"@type":"Organization","@id":"https:\/\/hotelvillaflorida.it\/fr\/#organization","name":"Hotel Villa Florida","alternateName":"Hotel Villa Florida Gardone Riviera","url":"https:\/\/hotelvillaflorida.it\/fr\/","logo":{"@type":"ImageObject","inLanguage":"fr-FR","@id":"https:\/\/hotelvillaflorida.it\/fr\/#\/schema\/logo\/image\/","url":"https:\/\/hotelvillaflorida.it\/wp-content\/uploads\/2024\/12\/Risorsa-5.svg","contentUrl":"https:\/\/hotelvillaflorida.it\/wp-content\/uploads\/2024\/12\/Risorsa-5.svg","width":"1024","height":"1024","caption":"Hotel Villa Florida"},"image":{"@id":"https:\/\/hotelvillaflorida.it\/fr\/#\/schema\/logo\/image\/"},"sameAs":["https:\/\/www.facebook.com\/HotelVillaFlorida"]}]}},"publishpress_future_workflow_manual_trigger":{"enabledWorkflows":[]},"_links":{"self":[{"href":"https:\/\/hotelvillaflorida.it\/fr\/wp-json\/wp\/v2\/pages\/2202","targetHints":{"allow":["GET"]}}],"collection":[{"href":"https:\/\/hotelvillaflorida.it\/fr\/wp-json\/wp\/v2\/pages"}],"about":[{"href":"https:\/\/hotelvillaflorida.it\/fr\/wp-json\/wp\/v2\/types\/page"}],"author":[{"embeddable":true,"href":"https:\/\/hotelvillaflorida.it\/fr\/wp-json\/wp\/v2\/users\/1"}],"replies":[{"embeddable":true,"href":"https:\/\/hotelvillaflorida.it\/fr\/wp-json\/wp\/v2\/comments?post=2202"}],"version-history":[{"count":6,"href":"https:\/\/hotelvillaflorida.it\/fr\/wp-json\/wp\/v2\/pages\/2202\/revisions"}],"predecessor-version":[{"id":2228,"href":"https:\/\/hotelvillaflorida.it\/fr\/wp-json\/wp\/v2\/pages\/2202\/revisions\/2228"}],"wp:featuredmedia":[{"embeddable":true,"href":"https:\/\/hotelvillaflorida.it\/fr\/wp-json\/wp\/v2\/media\/2043"}],"wp:attachment":[{"href":"https:\/\/hotelvillaflorida.it\/fr\/wp-json\/wp\/v2\/media?parent=2202"}],"wp:term":[{"taxonomy":"evidenza","embeddable":true,"href":"https:\/\/hotelvillaflorida.it\/fr\/wp-json\/wp\/v2\/evidenza?post=2202"}],"curies":[{"name":"wp","href":"https:\/\/api.w.org\/{rel}","templated":true}]}}