{"id":3814,"date":"2025-12-15T11:15:50","date_gmt":"2025-12-15T10:15:50","guid":{"rendered":"https:\/\/hotelvillaflorida.it\/erlebnis-gardasee\/bagolino-e-il-bagoss-tradizione-gusto-e-storia-alpina\/"},"modified":"2025-12-15T14:26:33","modified_gmt":"2025-12-15T13:26:33","slug":"bagolino-und-der-bagoss","status":"publish","type":"page","link":"https:\/\/hotelvillaflorida.it\/de\/erlebnis-gardasee\/bagolino-und-der-bagoss\/","title":{"rendered":"Bagolino und der Bag\u00f2ss"},"content":{"rendered":"<section class=\"l-section wpb_row us_custom_3a797162 hide_on_mobiles height_small\"><div class=\"l-section-overlay\" style=\"background:linear-gradient(180deg,rgba(0,0,0,0.00),rgba(0,0,0,0.20))\"><\/div><div class=\"l-section-h i-cf\"><div class=\"g-cols vc_row via_grid cols_1 laptops-cols_inherit tablets-cols_inherit mobiles-cols_1 valign_bottom type_default stacking_default\"><div class=\"wpb_column vc_column_container us_custom_3581a2d8\"><div class=\"vc_column-inner\"><nav class=\"g-breadcrumbs us_custom_c68474d9 has_text_color separator_icon align_right\" itemscope itemtype=\"http:\/\/schema.org\/BreadcrumbList\"><div class=\"g-breadcrumbs-item\" itemscope itemprop=\"itemListElement\" itemtype=\"http:\/\/schema.org\/ListItem\"><a itemprop=\"item\" href=\"https:\/\/hotelvillaflorida.it\/de\/\"><span itemprop=\"name\">Start<\/span><\/a><meta itemprop=\"position\" content=\"1\"\/><\/div><div class=\"g-breadcrumbs-separator\"><i class=\"far fa-angle-right\"><\/i><\/div><div class=\"g-breadcrumbs-item\">Seiten<\/div><\/nav><\/div><\/div><\/div><\/div><\/section><section class=\"l-section wpb_row us_custom_3a797162 hide_on_default hide_on_laptops hide_on_tablets height_small\"><div class=\"l-section-overlay\" style=\"background:linear-gradient(180deg,rgba(0,0,0,0.00),rgba(0,0,0,0.20))\"><\/div><div class=\"l-section-h i-cf\"><div class=\"g-cols vc_row via_grid cols_1 laptops-cols_inherit tablets-cols_inherit mobiles-cols_1 valign_bottom type_default stacking_default\"><div class=\"wpb_column vc_column_container us_custom_ad22d5c8 hide_on_default hide_on_laptops hide_on_tablets\"><div class=\"vc_column-inner\"><nav class=\"g-breadcrumbs us_custom_c68474d9 has_text_color separator_icon align_right hide_current\" itemscope itemtype=\"http:\/\/schema.org\/BreadcrumbList\"><div class=\"g-breadcrumbs-item\" itemscope itemprop=\"itemListElement\" itemtype=\"http:\/\/schema.org\/ListItem\"><a itemprop=\"item\" href=\"https:\/\/hotelvillaflorida.it\/de\/\"><span itemprop=\"name\">Start<\/span><\/a><meta itemprop=\"position\" content=\"1\"\/><\/div><div class=\"g-breadcrumbs-separator\"><i class=\"far fa-angle-right\"><\/i><\/div><div class=\"g-breadcrumbs-item\">Seiten<\/div><\/nav><\/div><\/div><\/div><\/div><\/section><section class=\"l-section wpb_row height_medium\" id=\"prima\"><div class=\"l-section-h i-cf\"><div class=\"g-cols vc_row via_grid cols_1 laptops-cols_inherit tablets-cols_inherit mobiles-cols_1 valign_top type_default stacking_default\"><div class=\"wpb_column vc_column_container\"><div class=\"vc_column-inner\"><div class=\"w-vwrapper us_custom_c97daedd align_center valign_top\"><div class=\"w-text us_custom_d056f26d has_text_color\"><span class=\"w-text-h\"><span class=\"w-text-value\">Eine Reise durch Kunst, Geschichte und Natur.<\/span><\/span><\/div><h1 class=\"w-text us_custom_201b0d3e\"><span class=\"w-text-h\"><span class=\"w-text-value\">Bagolino und der Bag\u00f2ss: Tradition, Geschmack und Geschichte der Alpen<\/span><\/span><\/h1><h3 class=\"w-text us_custom_ebbdc731\"><span class=\"w-text-h\"><span class=\"w-text-value\">Eines der faszinierendsten D\u00f6rfer der Region und sein hervorragender K\u00e4se<\/span><\/span><\/h3><div class=\"w-separator size_large\"><\/div><\/div><div class=\"wpb_text_column\"><div class=\"wpb_wrapper\"><p>Bagolino ist eines der eindrucksvollsten historischen D\u00f6rfer der Region, eingebettet zwischen den Bergen und reich an Charme, Geschichte und jahrhundertealten Traditionen. Die Altstadt mit ihren gepflasterten Gassen, Steinb\u00f6gen, freskengeschm\u00fcckten Kirchen und historischen Geb\u00e4uden zeugt von einer bedeutenden Vergangenheit, die eng mit dem Handel und dem Leben in den Bergen verbunden ist.<\/p>\n<p>Ein Spaziergang durch Bagolino bedeutet, in eine authentische Atmosph\u00e4re einzutauchen, in der die alpine Kultur noch stark verwurzelt ist. Das Dorf ist auch f\u00fcr seinen ber\u00fchmten Karneval bekannt, der als einer der \u00e4ltesten und faszinierendsten Italiens gilt, aber zu jeder Jahreszeit seinen Reiz hat.<\/p>\n<p>Bagolino ist auch die Heimat des Bag\u00f2ss, eines seltenen und wertvollen K\u00e4ses mit gesch\u00fctzter Ursprungsbezeichnung, der nach traditionellen Methoden aus Bergmilch hergestellt und lange gereift wird. Mit seinem intensiven und aromatischen Geschmack ist der Bag\u00f2ss eine echte gastronomische K\u00f6stlichkeit, die von Kennern gesch\u00e4tzt wird und ein Symbol der lokalen Kultur ist. Man kann ihn in den Gesch\u00e4ften des Dorfes oder in den typischen Restaurants der Gegend probieren.<\/p>\n<p>Ein Besuch in Bagolino ist perfekt f\u00fcr alle, die Kultur, Gastronomie und Alpenlandschaften verbinden m\u00f6chten. Vom Hotel Villa Florida aus ist dieser Ausflug ein ideales Erlebnis, um ein authentischeres Gesicht der Region fernab der ausgetretenen Pfade zu entdecken und Ihren Aufenthalt am Gardasee mit einzigartigen Aromen und Traditionen zu bereichern.<\/p>\n<\/div><\/div><\/div><\/div><\/div><\/div><\/section><section class=\"l-section wpb_row height_medium\"><div class=\"l-section-h i-cf\"><div class=\"g-cols vc_row via_grid cols_1 laptops-cols_inherit tablets-cols_inherit mobiles-cols_1 valign_top type_default stacking_default\"><div class=\"wpb_column vc_column_container\"><div class=\"vc_column-inner\"><div class=\"w-grid us_carousel us_custom_eaca26c6 centro us_animate_this type_carousel layout_277 preload_style_spinner items_3 ratio_1x1\" id=\"us_grid_1\" style=\"--items:3;--gap:0.5rem;--item-ratio:1;\"><style>.layout_277 .w-grid-item-h{border-radius:0.1rem}.layout_277 .usg_post_image_1{transition-duration:0.3s;transform-origin:50% 50%;transform:scale(1) translate(0%,0%)}.layout_277 .w-grid-item-h:focus-within .usg_post_image_1,.layout_277 .w-grid-item-h:hover .usg_post_image_1{transform:scale(1.05) translate(0%,0%);opacity:1;background:var(--color-header-transparent-text-hover)!important}.layout_277 .usg_post_image_1{position:absolute!important;left:0!important;top:0!important;bottom:0!important;right:0!important}<\/style><div class=\"w-grid-list owl-carousel valign_stretch dotstyle_smudge navstyle_4 arrows-ver-pos_middle arrows-hor-pos_on_sides_inside arrows-disabled_hide owl-responsive-2000 with_dots with_arrows\" style=\"--transition-duration:1050ms;--arrows-size:1.5rem;--arrows-hor-offset:calc(20px - 0.5rem);--arrows-gap:10px;\">\t<article class=\"w-grid-item post-3735 attachment type-attachment status-inherit hentry\" data-id=\"3735\">\r\n\t\t<div class=\"w-grid-item-h\">\r\n\t\t\t\t\t\t\t<a ref=\"magnificPopupGrid\" href=\"https:\/\/hotelvillaflorida.it\/wp-content\/uploads\/2025\/12\/46800_2.jpg\" class=\"w-grid-item-anchor\" aria-label=\"Hotel Villa Florida - Gardone Riviera on Lake Garda\"><\/a>\r\n\t\t\t\t\t\t<div class=\"w-post-elm post_image usg_post_image_1 stretched\"><img loading=\"lazy\" decoding=\"async\" width=\"932\" height=\"549\" src=\"https:\/\/hotelvillaflorida.it\/wp-content\/uploads\/2025\/12\/46800_2.jpg\" class=\"attachment-large size-large\" alt=\"Hotel Villa Florida - Gardone Riviera on Lake Garda\" srcset=\"https:\/\/hotelvillaflorida.it\/wp-content\/uploads\/2025\/12\/46800_2.jpg 932w, https:\/\/hotelvillaflorida.it\/wp-content\/uploads\/2025\/12\/46800_2-300x177.jpg 300w\" sizes=\"auto, (max-width: 932px) 100vw, 932px\" \/><\/div>\t\t<\/div>\r\n\t\t\t<\/article>\r\n\t<article class=\"w-grid-item post-3747 attachment type-attachment status-inherit hentry\" data-id=\"3747\">\r\n\t\t<div class=\"w-grid-item-h\">\r\n\t\t\t\t\t\t\t<a ref=\"magnificPopupGrid\" href=\"https:\/\/hotelvillaflorida.it\/wp-content\/uploads\/2025\/12\/Bagolino-Il-Carnevale-01.jpg\" class=\"w-grid-item-anchor\" aria-label=\"Hotel Villa Florida - Gardone Riviera on Lake Garda\"><\/a>\r\n\t\t\t\t\t\t<div class=\"w-post-elm post_image usg_post_image_1 stretched\"><img loading=\"lazy\" decoding=\"async\" width=\"1024\" height=\"512\" src=\"https:\/\/hotelvillaflorida.it\/wp-content\/uploads\/2025\/12\/Bagolino-Il-Carnevale-01-1024x512.jpg\" class=\"attachment-large size-large\" alt=\"Hotel Villa Florida - Gardone Riviera on Lake Garda\" srcset=\"https:\/\/hotelvillaflorida.it\/wp-content\/uploads\/2025\/12\/Bagolino-Il-Carnevale-01-1024x512.jpg 1024w, https:\/\/hotelvillaflorida.it\/wp-content\/uploads\/2025\/12\/Bagolino-Il-Carnevale-01-300x150.jpg 300w, https:\/\/hotelvillaflorida.it\/wp-content\/uploads\/2025\/12\/Bagolino-Il-Carnevale-01.jpg 1600w\" sizes=\"auto, (max-width: 1024px) 100vw, 1024px\" \/><\/div>\t\t<\/div>\r\n\t\t\t<\/article>\r\n\t<article class=\"w-grid-item post-3743 attachment type-attachment status-inherit hentry\" data-id=\"3743\">\r\n\t\t<div class=\"w-grid-item-h\">\r\n\t\t\t\t\t\t\t<a ref=\"magnificPopupGrid\" href=\"https:\/\/hotelvillaflorida.it\/wp-content\/uploads\/2025\/12\/formaggio-bagoss-bagolino-fusi-valentina-e1593180953259.jpg\" class=\"w-grid-item-anchor\" aria-label=\"Hotel Villa Florida - Gardone Riviera on Lake Garda\"><\/a>\r\n\t\t\t\t\t\t<div class=\"w-post-elm post_image usg_post_image_1 stretched\"><img loading=\"lazy\" decoding=\"async\" width=\"1024\" height=\"619\" src=\"https:\/\/hotelvillaflorida.it\/wp-content\/uploads\/2025\/12\/formaggio-bagoss-bagolino-fusi-valentina-e1593180953259-1024x619.jpg\" class=\"attachment-large size-large\" alt=\"Hotel Villa Florida - Gardone Riviera on Lake Garda\" srcset=\"https:\/\/hotelvillaflorida.it\/wp-content\/uploads\/2025\/12\/formaggio-bagoss-bagolino-fusi-valentina-e1593180953259-1024x619.jpg 1024w, https:\/\/hotelvillaflorida.it\/wp-content\/uploads\/2025\/12\/formaggio-bagoss-bagolino-fusi-valentina-e1593180953259-300x181.jpg 300w\" sizes=\"auto, (max-width: 1024px) 100vw, 1024px\" \/><\/div>\t\t<\/div>\r\n\t\t\t<\/article>\r\n<\/div><div class=\"w-grid-carousel-json hidden\" onclick='return {&quot;carousel_settings&quot;:{&quot;aria_labels&quot;:{&quot;prev&quot;:&quot;Zur\\u00fcck&quot;,&quot;next&quot;:&quot;Weiter&quot;},&quot;autoplayContinual&quot;:false,&quot;autoplayHoverPause&quot;:false,&quot;autoplayTimeout&quot;:3000,&quot;autoWidth&quot;:false,&quot;smartSpeed&quot;:1050,&quot;margin&quot;:0,&quot;mouseDrag&quot;:true,&quot;rtl&quot;:false,&quot;slideBy&quot;:&quot;1&quot;,&quot;touchDrag&quot;:true,&quot;slideTransition&quot;:&quot;&quot;,&quot;responsive&quot;:{&quot;0&quot;:{&quot;autoHeight&quot;:false,&quot;autoplay&quot;:true,&quot;autoWidth&quot;:false,&quot;center&quot;:false,&quot;dots&quot;:true,&quot;items&quot;:1,&quot;loop&quot;:true,&quot;nav&quot;:false,&quot;stagePadding&quot;:40,&quot;slideBy&quot;:&quot;1&quot;},&quot;601&quot;:{&quot;items&quot;:3,&quot;autoplay&quot;:false,&quot;center&quot;:false,&quot;dots&quot;:true,&quot;nav&quot;:true,&quot;autoHeight&quot;:false,&quot;autoWidth&quot;:false,&quot;loop&quot;:false,&quot;stagePadding&quot;:50}}}}'><\/div><\/div><\/div><\/div><\/div><\/div><\/section>\n","protected":false},"excerpt":{"rendered":"","protected":false},"author":1,"featured_media":3739,"parent":1489,"menu_order":90,"comment_status":"closed","ping_status":"closed","template":"","meta":{"_acf_changed":false,"footnotes":""},"evidenza":[38],"class_list":["post-3814","page","type-page","status-publish","has-post-thumbnail","hentry","evidenza-evidenza"],"acf":[],"yoast_head":"<!-- This site is optimized with the Yoast SEO plugin v27.4 - https:\/\/yoast.com\/product\/yoast-seo-wordpress\/ -->\n<title>Bagolino &amp; Bag\u00f2ss | Historisches Dorf und Genuss<\/title>\n<meta name=\"description\" content=\"Besuchen Sie Bagolino, ein charmantes historisches Dorf, und entdecken Sie den Bag\u00f2ss DOP-K\u00e4se, eine lokale Spezialit\u00e4t.\" \/>\n<meta name=\"robots\" content=\"index, follow, max-snippet:-1, max-image-preview:large, max-video-preview:-1\" \/>\n<link rel=\"canonical\" href=\"https:\/\/hotelvillaflorida.it\/de\/erlebnis-gardasee\/bagolino-und-der-bagoss\/\" \/>\n<meta property=\"og:locale\" content=\"de_DE\" \/>\n<meta property=\"og:type\" content=\"article\" \/>\n<meta property=\"og:title\" content=\"Bagolino &amp; Bag\u00f2ss | Historisches Dorf und Genuss\" \/>\n<meta property=\"og:description\" content=\"Besuchen Sie Bagolino, ein charmantes historisches Dorf, und entdecken Sie den Bag\u00f2ss DOP-K\u00e4se, eine lokale Spezialit\u00e4t.\" \/>\n<meta property=\"og:url\" content=\"https:\/\/hotelvillaflorida.it\/de\/erlebnis-gardasee\/bagolino-und-der-bagoss\/\" \/>\n<meta property=\"og:site_name\" content=\"Hotel Villa Florida\" \/>\n<meta property=\"article:publisher\" content=\"https:\/\/www.facebook.com\/HotelVillaFlorida\" \/>\n<meta property=\"article:modified_time\" content=\"2025-12-15T13:26:33+00:00\" \/>\n<meta property=\"og:image\" content=\"https:\/\/hotelvillaflorida.it\/wp-content\/uploads\/2025\/12\/bagolino-valle-sabbia.jpg\" \/>\n\t<meta property=\"og:image:width\" content=\"2100\" \/>\n\t<meta property=\"og:image:height\" content=\"1575\" \/>\n\t<meta property=\"og:image:type\" content=\"image\/jpeg\" \/>\n<meta name=\"twitter:card\" content=\"summary_large_image\" \/>\n<meta name=\"twitter:label1\" content=\"Gesch\u00e4tzte Lesezeit\" \/>\n\t<meta name=\"twitter:data1\" content=\"2\u00a0Minuten\" \/>\n<script type=\"application\/ld+json\" class=\"yoast-schema-graph\">{\"@context\":\"https:\\\/\\\/schema.org\",\"@graph\":[{\"@type\":\"WebPage\",\"@id\":\"https:\\\/\\\/hotelvillaflorida.it\\\/de\\\/erlebnis-gardasee\\\/bagolino-und-der-bagoss\\\/\",\"url\":\"https:\\\/\\\/hotelvillaflorida.it\\\/de\\\/erlebnis-gardasee\\\/bagolino-und-der-bagoss\\\/\",\"name\":\"Bagolino & Bag\u00f2ss | Historisches Dorf und Genuss\",\"isPartOf\":{\"@id\":\"https:\\\/\\\/hotelvillaflorida.it\\\/de\\\/#website\"},\"primaryImageOfPage\":{\"@id\":\"https:\\\/\\\/hotelvillaflorida.it\\\/de\\\/erlebnis-gardasee\\\/bagolino-und-der-bagoss\\\/#primaryimage\"},\"image\":{\"@id\":\"https:\\\/\\\/hotelvillaflorida.it\\\/de\\\/erlebnis-gardasee\\\/bagolino-und-der-bagoss\\\/#primaryimage\"},\"thumbnailUrl\":\"https:\\\/\\\/hotelvillaflorida.it\\\/wp-content\\\/uploads\\\/2025\\\/12\\\/bagolino-valle-sabbia.jpg\",\"datePublished\":\"2025-12-15T10:15:50+00:00\",\"dateModified\":\"2025-12-15T13:26:33+00:00\",\"description\":\"Besuchen Sie Bagolino, ein charmantes historisches Dorf, und entdecken Sie den Bag\u00f2ss DOP-K\u00e4se, eine lokale Spezialit\u00e4t.\",\"breadcrumb\":{\"@id\":\"https:\\\/\\\/hotelvillaflorida.it\\\/de\\\/erlebnis-gardasee\\\/bagolino-und-der-bagoss\\\/#breadcrumb\"},\"inLanguage\":\"de\",\"potentialAction\":[{\"@type\":\"ReadAction\",\"target\":[\"https:\\\/\\\/hotelvillaflorida.it\\\/de\\\/erlebnis-gardasee\\\/bagolino-und-der-bagoss\\\/\"]}]},{\"@type\":\"ImageObject\",\"inLanguage\":\"de\",\"@id\":\"https:\\\/\\\/hotelvillaflorida.it\\\/de\\\/erlebnis-gardasee\\\/bagolino-und-der-bagoss\\\/#primaryimage\",\"url\":\"https:\\\/\\\/hotelvillaflorida.it\\\/wp-content\\\/uploads\\\/2025\\\/12\\\/bagolino-valle-sabbia.jpg\",\"contentUrl\":\"https:\\\/\\\/hotelvillaflorida.it\\\/wp-content\\\/uploads\\\/2025\\\/12\\\/bagolino-valle-sabbia.jpg\",\"width\":2100,\"height\":1575,\"caption\":\"Hotel Villa Florida - Gardone Riviera on Lake Garda\"},{\"@type\":\"BreadcrumbList\",\"@id\":\"https:\\\/\\\/hotelvillaflorida.it\\\/de\\\/erlebnis-gardasee\\\/bagolino-und-der-bagoss\\\/#breadcrumb\",\"itemListElement\":[{\"@type\":\"ListItem\",\"position\":1,\"name\":\"Home\",\"item\":\"https:\\\/\\\/hotelvillaflorida.it\\\/de\\\/\"},{\"@type\":\"ListItem\",\"position\":2,\"name\":\"Erlebnis Gardasee\",\"item\":\"https:\\\/\\\/hotelvillaflorida.it\\\/de\\\/erlebnis-gardasee\\\/\"},{\"@type\":\"ListItem\",\"position\":3,\"name\":\"Bagolino und der Bag\u00f2ss\"}]},{\"@type\":\"WebSite\",\"@id\":\"https:\\\/\\\/hotelvillaflorida.it\\\/de\\\/#website\",\"url\":\"https:\\\/\\\/hotelvillaflorida.it\\\/de\\\/\",\"name\":\"Hotel Villa Florida\",\"description\":\"Hotel Villa Florida Gardone Riviera\",\"publisher\":{\"@id\":\"https:\\\/\\\/hotelvillaflorida.it\\\/de\\\/#organization\"},\"alternateName\":\"Hotel Villa Florida Gardone Riviera\",\"potentialAction\":[{\"@type\":\"SearchAction\",\"target\":{\"@type\":\"EntryPoint\",\"urlTemplate\":\"https:\\\/\\\/hotelvillaflorida.it\\\/de\\\/?s={search_term_string}\"},\"query-input\":{\"@type\":\"PropertyValueSpecification\",\"valueRequired\":true,\"valueName\":\"search_term_string\"}}],\"inLanguage\":\"de\"},{\"@type\":\"Organization\",\"@id\":\"https:\\\/\\\/hotelvillaflorida.it\\\/de\\\/#organization\",\"name\":\"Hotel Villa Florida\",\"alternateName\":\"Hotel Villa Florida Gardone Riviera\",\"url\":\"https:\\\/\\\/hotelvillaflorida.it\\\/de\\\/\",\"logo\":{\"@type\":\"ImageObject\",\"inLanguage\":\"de\",\"@id\":\"https:\\\/\\\/hotelvillaflorida.it\\\/de\\\/#\\\/schema\\\/logo\\\/image\\\/\",\"url\":\"https:\\\/\\\/hotelvillaflorida.it\\\/wp-content\\\/uploads\\\/2024\\\/12\\\/Risorsa-5.svg\",\"contentUrl\":\"https:\\\/\\\/hotelvillaflorida.it\\\/wp-content\\\/uploads\\\/2024\\\/12\\\/Risorsa-5.svg\",\"width\":\"1024\",\"height\":\"1024\",\"caption\":\"Hotel Villa Florida\"},\"image\":{\"@id\":\"https:\\\/\\\/hotelvillaflorida.it\\\/de\\\/#\\\/schema\\\/logo\\\/image\\\/\"},\"sameAs\":[\"https:\\\/\\\/www.facebook.com\\\/HotelVillaFlorida\"]}]}<\/script>\n<!-- \/ Yoast SEO plugin. -->","yoast_head_json":{"title":"Bagolino & Bag\u00f2ss | Historisches Dorf und Genuss","description":"Besuchen Sie Bagolino, ein charmantes historisches Dorf, und entdecken Sie den Bag\u00f2ss DOP-K\u00e4se, eine lokale Spezialit\u00e4t.","robots":{"index":"index","follow":"follow","max-snippet":"max-snippet:-1","max-image-preview":"max-image-preview:large","max-video-preview":"max-video-preview:-1"},"canonical":"https:\/\/hotelvillaflorida.it\/de\/erlebnis-gardasee\/bagolino-und-der-bagoss\/","og_locale":"de_DE","og_type":"article","og_title":"Bagolino & Bag\u00f2ss | Historisches Dorf und Genuss","og_description":"Besuchen Sie Bagolino, ein charmantes historisches Dorf, und entdecken Sie den Bag\u00f2ss DOP-K\u00e4se, eine lokale Spezialit\u00e4t.","og_url":"https:\/\/hotelvillaflorida.it\/de\/erlebnis-gardasee\/bagolino-und-der-bagoss\/","og_site_name":"Hotel Villa Florida","article_publisher":"https:\/\/www.facebook.com\/HotelVillaFlorida","article_modified_time":"2025-12-15T13:26:33+00:00","og_image":[{"width":2100,"height":1575,"url":"https:\/\/hotelvillaflorida.it\/wp-content\/uploads\/2025\/12\/bagolino-valle-sabbia.jpg","type":"image\/jpeg"}],"twitter_card":"summary_large_image","twitter_misc":{"Gesch\u00e4tzte Lesezeit":"2\u00a0Minuten"},"schema":{"@context":"https:\/\/schema.org","@graph":[{"@type":"WebPage","@id":"https:\/\/hotelvillaflorida.it\/de\/erlebnis-gardasee\/bagolino-und-der-bagoss\/","url":"https:\/\/hotelvillaflorida.it\/de\/erlebnis-gardasee\/bagolino-und-der-bagoss\/","name":"Bagolino & Bag\u00f2ss | Historisches Dorf und Genuss","isPartOf":{"@id":"https:\/\/hotelvillaflorida.it\/de\/#website"},"primaryImageOfPage":{"@id":"https:\/\/hotelvillaflorida.it\/de\/erlebnis-gardasee\/bagolino-und-der-bagoss\/#primaryimage"},"image":{"@id":"https:\/\/hotelvillaflorida.it\/de\/erlebnis-gardasee\/bagolino-und-der-bagoss\/#primaryimage"},"thumbnailUrl":"https:\/\/hotelvillaflorida.it\/wp-content\/uploads\/2025\/12\/bagolino-valle-sabbia.jpg","datePublished":"2025-12-15T10:15:50+00:00","dateModified":"2025-12-15T13:26:33+00:00","description":"Besuchen Sie Bagolino, ein charmantes historisches Dorf, und entdecken Sie den Bag\u00f2ss DOP-K\u00e4se, eine lokale Spezialit\u00e4t.","breadcrumb":{"@id":"https:\/\/hotelvillaflorida.it\/de\/erlebnis-gardasee\/bagolino-und-der-bagoss\/#breadcrumb"},"inLanguage":"de","potentialAction":[{"@type":"ReadAction","target":["https:\/\/hotelvillaflorida.it\/de\/erlebnis-gardasee\/bagolino-und-der-bagoss\/"]}]},{"@type":"ImageObject","inLanguage":"de","@id":"https:\/\/hotelvillaflorida.it\/de\/erlebnis-gardasee\/bagolino-und-der-bagoss\/#primaryimage","url":"https:\/\/hotelvillaflorida.it\/wp-content\/uploads\/2025\/12\/bagolino-valle-sabbia.jpg","contentUrl":"https:\/\/hotelvillaflorida.it\/wp-content\/uploads\/2025\/12\/bagolino-valle-sabbia.jpg","width":2100,"height":1575,"caption":"Hotel Villa Florida - Gardone Riviera on Lake Garda"},{"@type":"BreadcrumbList","@id":"https:\/\/hotelvillaflorida.it\/de\/erlebnis-gardasee\/bagolino-und-der-bagoss\/#breadcrumb","itemListElement":[{"@type":"ListItem","position":1,"name":"Home","item":"https:\/\/hotelvillaflorida.it\/de\/"},{"@type":"ListItem","position":2,"name":"Erlebnis Gardasee","item":"https:\/\/hotelvillaflorida.it\/de\/erlebnis-gardasee\/"},{"@type":"ListItem","position":3,"name":"Bagolino und der Bag\u00f2ss"}]},{"@type":"WebSite","@id":"https:\/\/hotelvillaflorida.it\/de\/#website","url":"https:\/\/hotelvillaflorida.it\/de\/","name":"Hotel Villa Florida","description":"Hotel Villa Florida Gardone Riviera","publisher":{"@id":"https:\/\/hotelvillaflorida.it\/de\/#organization"},"alternateName":"Hotel Villa Florida Gardone Riviera","potentialAction":[{"@type":"SearchAction","target":{"@type":"EntryPoint","urlTemplate":"https:\/\/hotelvillaflorida.it\/de\/?s={search_term_string}"},"query-input":{"@type":"PropertyValueSpecification","valueRequired":true,"valueName":"search_term_string"}}],"inLanguage":"de"},{"@type":"Organization","@id":"https:\/\/hotelvillaflorida.it\/de\/#organization","name":"Hotel Villa Florida","alternateName":"Hotel Villa Florida Gardone Riviera","url":"https:\/\/hotelvillaflorida.it\/de\/","logo":{"@type":"ImageObject","inLanguage":"de","@id":"https:\/\/hotelvillaflorida.it\/de\/#\/schema\/logo\/image\/","url":"https:\/\/hotelvillaflorida.it\/wp-content\/uploads\/2024\/12\/Risorsa-5.svg","contentUrl":"https:\/\/hotelvillaflorida.it\/wp-content\/uploads\/2024\/12\/Risorsa-5.svg","width":"1024","height":"1024","caption":"Hotel Villa Florida"},"image":{"@id":"https:\/\/hotelvillaflorida.it\/de\/#\/schema\/logo\/image\/"},"sameAs":["https:\/\/www.facebook.com\/HotelVillaFlorida"]}]}},"publishpress_future_workflow_manual_trigger":{"enabledWorkflows":[]},"_links":{"self":[{"href":"https:\/\/hotelvillaflorida.it\/de\/wp-json\/wp\/v2\/pages\/3814","targetHints":{"allow":["GET"]}}],"collection":[{"href":"https:\/\/hotelvillaflorida.it\/de\/wp-json\/wp\/v2\/pages"}],"about":[{"href":"https:\/\/hotelvillaflorida.it\/de\/wp-json\/wp\/v2\/types\/page"}],"author":[{"embeddable":true,"href":"https:\/\/hotelvillaflorida.it\/de\/wp-json\/wp\/v2\/users\/1"}],"replies":[{"embeddable":true,"href":"https:\/\/hotelvillaflorida.it\/de\/wp-json\/wp\/v2\/comments?post=3814"}],"version-history":[{"count":2,"href":"https:\/\/hotelvillaflorida.it\/de\/wp-json\/wp\/v2\/pages\/3814\/revisions"}],"predecessor-version":[{"id":3816,"href":"https:\/\/hotelvillaflorida.it\/de\/wp-json\/wp\/v2\/pages\/3814\/revisions\/3816"}],"up":[{"embeddable":true,"href":"https:\/\/hotelvillaflorida.it\/de\/wp-json\/wp\/v2\/pages\/1489"}],"wp:featuredmedia":[{"embeddable":true,"href":"https:\/\/hotelvillaflorida.it\/de\/wp-json\/wp\/v2\/media\/3739"}],"wp:attachment":[{"href":"https:\/\/hotelvillaflorida.it\/de\/wp-json\/wp\/v2\/media?parent=3814"}],"wp:term":[{"taxonomy":"evidenza","embeddable":true,"href":"https:\/\/hotelvillaflorida.it\/de\/wp-json\/wp\/v2\/evidenza?post=3814"}],"curies":[{"name":"wp","href":"https:\/\/api.w.org\/{rel}","templated":true}]}}