{"id":2444,"date":"2025-02-20T18:35:48","date_gmt":"2025-02-20T17:35:48","guid":{"rendered":"https:\/\/hotelvillaflorida.it\/infos-und-leistungen\/ltk-golfschule-gardasee-italien\/"},"modified":"2026-02-19T17:17:05","modified_gmt":"2026-02-19T16:17:05","slug":"ltk-golfschule-gardasee-italien","status":"publish","type":"page","link":"https:\/\/hotelvillaflorida.it\/de\/infos-und-leistungen\/ltk-golfschule-gardasee-italien\/","title":{"rendered":"LTK Golfschule Gardasee Italien"},"content":{"rendered":"<section class=\"l-section wpb_row us_custom_3a797162 hide_on_mobiles height_small\"><div class=\"l-section-overlay\" style=\"background:linear-gradient(180deg,rgba(0,0,0,0.00),rgba(0,0,0,0.20))\"><\/div><div class=\"l-section-h i-cf\"><div class=\"g-cols vc_row via_grid cols_1 laptops-cols_inherit tablets-cols_inherit mobiles-cols_1 valign_bottom type_default stacking_default\"><div class=\"wpb_column vc_column_container us_custom_3581a2d8\"><div class=\"vc_column-inner\"><nav class=\"g-breadcrumbs us_custom_c68474d9 has_text_color separator_icon align_right\" itemscope itemtype=\"http:\/\/schema.org\/BreadcrumbList\"><div class=\"g-breadcrumbs-item\" itemscope itemprop=\"itemListElement\" itemtype=\"http:\/\/schema.org\/ListItem\"><a itemprop=\"item\" href=\"https:\/\/hotelvillaflorida.it\/de\/\"><span itemprop=\"name\">Start<\/span><\/a><meta itemprop=\"position\" content=\"1\"\/><\/div><div class=\"g-breadcrumbs-separator\"><i class=\"far fa-angle-right\"><\/i><\/div><div class=\"g-breadcrumbs-item\">Seiten<\/div><\/nav><\/div><\/div><\/div><\/div><\/section><section class=\"l-section wpb_row us_custom_3a797162 hide_on_default hide_on_laptops hide_on_tablets height_small\"><div class=\"l-section-overlay\" style=\"background:linear-gradient(180deg,rgba(0,0,0,0.00),rgba(0,0,0,0.20))\"><\/div><div class=\"l-section-h i-cf\"><div class=\"g-cols vc_row via_grid cols_1 laptops-cols_inherit tablets-cols_inherit mobiles-cols_1 valign_bottom type_default stacking_default\"><div class=\"wpb_column vc_column_container us_custom_ad22d5c8 hide_on_default hide_on_laptops hide_on_tablets\"><div class=\"vc_column-inner\"><nav class=\"g-breadcrumbs us_custom_c68474d9 has_text_color separator_icon align_right hide_current\" itemscope itemtype=\"http:\/\/schema.org\/BreadcrumbList\"><div class=\"g-breadcrumbs-item\" itemscope itemprop=\"itemListElement\" itemtype=\"http:\/\/schema.org\/ListItem\"><a itemprop=\"item\" href=\"https:\/\/hotelvillaflorida.it\/de\/\"><span itemprop=\"name\">Start<\/span><\/a><meta itemprop=\"position\" content=\"1\"\/><\/div><div class=\"g-breadcrumbs-separator\"><i class=\"far fa-angle-right\"><\/i><\/div><div class=\"g-breadcrumbs-item\">Seiten<\/div><\/nav><\/div><\/div><\/div><\/div><\/section><section class=\"l-section wpb_row height_medium\" id=\"prima\"><div class=\"l-section-h i-cf\"><div class=\"g-cols vc_row via_grid cols_1 laptops-cols_inherit tablets-cols_inherit mobiles-cols_1 valign_top type_default stacking_default\"><div class=\"wpb_column vc_column_container\"><div class=\"vc_column-inner\"><div class=\"w-vwrapper us_custom_c97daedd align_center valign_top\"><div class=\"w-text us_custom_d056f26d has_text_color\"><span class=\"w-text-h\"><span class=\"w-text-value\">Golfschule Gardasee<\/span><\/span><\/div><h1 class=\"w-text us_custom_201b0d3e\"><span class=\"w-text-h\"><span class=\"w-text-value\">LTK Golfschule Gardasee Italien<\/span><\/span><\/h1><h3 class=\"w-text us_custom_ebbdc731\"><span class=\"w-text-h\"><span class=\"w-text-value\">Golfurlaub mit Platzreife, Aufbau- und Expertenkursen Ganzheitliche und hocheffektive Golfkurse in Italien am Gardasee gemeinsam mit Lars Tobias K\u00fcpper seit 2008<\/span><\/span><\/h3><div class=\"w-separator size_small\"><\/div><div class=\"wpb_text_column us_custom_d0c27e40\"><div class=\"wpb_wrapper\"><p>Unser Hotel bietet eine interessante Vereinbarung mit der Golfschule LTK, die Kurse im Golfclub Paradiso del Garda, San Vigilio Golf Club, Garda Golf CC, Golf Bogliaco, Arzaga Golf, Colombaro Golf, Verona GC und Golf Ca degli Ulivi organisiert.<\/p>\n<\/div><\/div><div class=\"w-separator size_small\"><\/div><div class=\"w-btn-wrapper align_center\"><a class=\"w-btn us-btn-style_1\" target=\"_blank\" href=\"https:\/\/ltkgolf.com\/\"><span class=\"w-btn-label\">LTK Golfschule<\/span><\/a><\/div><\/div><\/div><\/div><\/div><\/div><\/section><section class=\"l-section wpb_row height_medium color_alternate\"><div class=\"l-section-h i-cf\"><div class=\"g-cols vc_row via_grid cols_1-2 laptops-cols_inherit tablets-cols_inherit mobiles-cols_1 valign_top type_default stacking_default\"><div class=\"wpb_column vc_column_container\"><div class=\"vc_column-inner\"><div class=\"w-image us_custom_447bff20 align_none\"><div class=\"w-image-h\"><img decoding=\"async\" width=\"1024\" height=\"1024\" src=\"https:\/\/hotelvillaflorida.it\/wp-content\/uploads\/2025\/02\/IMG_20250106_152551-2048x2048-1-1024x1024.jpg\" class=\"attachment-large size-large\" alt=\"Hotel Villa Florida - Gardone Riviera on Lake Garda\" loading=\"lazy\" srcset=\"https:\/\/hotelvillaflorida.it\/wp-content\/uploads\/2025\/02\/IMG_20250106_152551-2048x2048-1-1024x1024.jpg 1024w, https:\/\/hotelvillaflorida.it\/wp-content\/uploads\/2025\/02\/IMG_20250106_152551-2048x2048-1-300x300.jpg 300w, https:\/\/hotelvillaflorida.it\/wp-content\/uploads\/2025\/02\/IMG_20250106_152551-2048x2048-1-150x150.jpg 150w, https:\/\/hotelvillaflorida.it\/wp-content\/uploads\/2025\/02\/IMG_20250106_152551-2048x2048-1-600x600.jpg 600w, https:\/\/hotelvillaflorida.it\/wp-content\/uploads\/2025\/02\/IMG_20250106_152551-2048x2048-1.jpg 2048w\" sizes=\"auto, (max-width: 1024px) 100vw, 1024px\" \/><\/div><\/div><\/div><\/div><div class=\"wpb_column vc_column_container\"><div class=\"vc_column-inner\"><h3 class=\"w-text\"><span class=\"w-text-h\"><span class=\"w-text-value\">Lars Tobias K\u00fcpper<\/span><\/span><\/h3><div class=\"wpb_text_column\"><div class=\"wpb_wrapper\"><p>Lars absolvierte nach dem Abitur und dem Grundwehrdienst die Ausbildung zum Fully Qualified PGA Professional und legte damit den Grundstein f\u00fcr seine Karriere im Golfsport. Sein Interesse an Sport und Medien f\u00fchrte ihn zu einem Praktikum in der Sportredaktion der Wuppertaler Rundschau, bevor er sich weiter in Richtung Coaching und Gesundheit spezialisierte.<br \/>\nEr erwarb die Qualifikation als Psychologischer Berater an der Hamburger Akademie und vertiefte sein Wissen im Bereich Golf-Biomechanik als Professional in Pforzheim. Dar\u00fcber hinaus bildete er sich zum Vitalcoach in Wuppertal weiter.<br \/>\nSeine internationale Ausbildung umfasst ein Studium des International Golf Management an der Akademie f\u00fcr Sport und Management in Salzburg. Als PGA Health Pro, eine exklusive Qualifikation, die weltweit nur 51 Golfprofessionals besitzen, bringt er eine einzigartige Kombination aus Golf- und Gesundheitskompetenz mit.<br \/>\nMit der Ausbilderbef\u00e4higung der PGA gibt Lars sein Wissen an zuk\u00fcnftige Golfprofessionals weiter. Zus\u00e4tzlich hat er zahlreiche Fortbildungen bei der deutschen und italienischen PGA absolviert und sich in modernen Analysetechnologien zertifiziert, darunter TrackMan University, Flightscope und K-Vest.<br \/>\nSeine Leidenschaft f\u00fcr den Wettkampf zeigt sich in der Teilnahme an einer Vielzahl von Profiturnieren, bei denen er wertvolle Erfahrungen auf h\u00f6chstem Niveau gesammelt hat.<\/p>\n<\/div><\/div><\/div><\/div><\/div><\/div><\/section>\n","protected":false},"excerpt":{"rendered":"StartSeitenStartSeitenGolfschule GardaseeLTK Golfschule Gardasee ItalienGolfurlaub mit Platzreife, Aufbau- und Expertenkursen Ganzheitliche und hocheffektive Golfkurse in Italien am Gardasee gemeinsam mit Lars Tobias K\u00fcpper seit 2008Unser Hotel bietet eine interessante Vereinbarung mit der Golfschule LTK, die Kurse im Golfclub Paradiso del Garda, San Vigilio Golf Club, Garda Golf CC, Golf Bogliaco, Arzaga Golf, Colombaro Golf, Verona...","protected":false},"author":1,"featured_media":2423,"parent":1547,"menu_order":23,"comment_status":"closed","ping_status":"closed","template":"","meta":{"_acf_changed":false,"footnotes":""},"evidenza":[],"class_list":["post-2444","page","type-page","status-publish","has-post-thumbnail","hentry"],"acf":[],"yoast_head":"<!-- This site is optimized with the Yoast SEO plugin v27.5 - https:\/\/yoast.com\/product\/yoast-seo-wordpress\/ -->\n<title>Golfschule am Gardasee | Hotel Villa Florida<\/title>\n<meta name=\"description\" content=\"Das Hotel Villa Florida bietet eine Vereinbarung mit der LTK Golfschule an, die Kurse in den besten Golfclubs am Gardasee organisiert\" \/>\n<meta name=\"robots\" content=\"index, follow, max-snippet:-1, max-image-preview:large, max-video-preview:-1\" \/>\n<link rel=\"canonical\" href=\"https:\/\/hotelvillaflorida.it\/de\/infos-und-leistungen\/ltk-golfschule-gardasee-italien\/\" \/>\n<meta property=\"og:locale\" content=\"de_DE\" \/>\n<meta property=\"og:type\" content=\"article\" \/>\n<meta property=\"og:title\" content=\"Golfschule am Gardasee | Hotel Villa Florida\" \/>\n<meta property=\"og:description\" content=\"Das Hotel Villa Florida bietet eine Vereinbarung mit der LTK Golfschule an, die Kurse in den besten Golfclubs am Gardasee organisiert\" \/>\n<meta property=\"og:url\" content=\"https:\/\/hotelvillaflorida.it\/de\/infos-und-leistungen\/ltk-golfschule-gardasee-italien\/\" \/>\n<meta property=\"og:site_name\" content=\"Hotel Villa Florida\" \/>\n<meta property=\"article:publisher\" content=\"https:\/\/www.facebook.com\/HotelVillaFlorida\" \/>\n<meta property=\"article:modified_time\" content=\"2026-02-19T16:17:05+00:00\" \/>\n<meta property=\"og:image\" content=\"https:\/\/hotelvillaflorida.it\/wp-content\/uploads\/2025\/02\/allan-nygren-xvKQuNtOhI-unsplash-scaled-1.jpg\" \/>\n\t<meta property=\"og:image:width\" content=\"2560\" \/>\n\t<meta property=\"og:image:height\" content=\"1707\" \/>\n\t<meta property=\"og:image:type\" content=\"image\/jpeg\" \/>\n<meta name=\"twitter:card\" content=\"summary_large_image\" \/>\n<meta name=\"twitter:label1\" content=\"Gesch\u00e4tzte Lesezeit\" \/>\n\t<meta name=\"twitter:data1\" content=\"2\u00a0Minuten\" \/>\n<script type=\"application\/ld+json\" class=\"yoast-schema-graph\">{\"@context\":\"https:\\\/\\\/schema.org\",\"@graph\":[{\"@type\":\"WebPage\",\"@id\":\"https:\\\/\\\/hotelvillaflorida.it\\\/de\\\/infos-und-leistungen\\\/ltk-golfschule-gardasee-italien\\\/\",\"url\":\"https:\\\/\\\/hotelvillaflorida.it\\\/de\\\/infos-und-leistungen\\\/ltk-golfschule-gardasee-italien\\\/\",\"name\":\"Golfschule am Gardasee | Hotel Villa Florida\",\"isPartOf\":{\"@id\":\"https:\\\/\\\/hotelvillaflorida.it\\\/de\\\/#website\"},\"primaryImageOfPage\":{\"@id\":\"https:\\\/\\\/hotelvillaflorida.it\\\/de\\\/infos-und-leistungen\\\/ltk-golfschule-gardasee-italien\\\/#primaryimage\"},\"image\":{\"@id\":\"https:\\\/\\\/hotelvillaflorida.it\\\/de\\\/infos-und-leistungen\\\/ltk-golfschule-gardasee-italien\\\/#primaryimage\"},\"thumbnailUrl\":\"https:\\\/\\\/hotelvillaflorida.it\\\/wp-content\\\/uploads\\\/2025\\\/02\\\/allan-nygren-xvKQuNtOhI-unsplash-scaled-1.jpg\",\"datePublished\":\"2025-02-20T17:35:48+00:00\",\"dateModified\":\"2026-02-19T16:17:05+00:00\",\"description\":\"Das Hotel Villa Florida bietet eine Vereinbarung mit der LTK Golfschule an, die Kurse in den besten Golfclubs am Gardasee organisiert\",\"breadcrumb\":{\"@id\":\"https:\\\/\\\/hotelvillaflorida.it\\\/de\\\/infos-und-leistungen\\\/ltk-golfschule-gardasee-italien\\\/#breadcrumb\"},\"inLanguage\":\"de\",\"potentialAction\":[{\"@type\":\"ReadAction\",\"target\":[\"https:\\\/\\\/hotelvillaflorida.it\\\/de\\\/infos-und-leistungen\\\/ltk-golfschule-gardasee-italien\\\/\"]}]},{\"@type\":\"ImageObject\",\"inLanguage\":\"de\",\"@id\":\"https:\\\/\\\/hotelvillaflorida.it\\\/de\\\/infos-und-leistungen\\\/ltk-golfschule-gardasee-italien\\\/#primaryimage\",\"url\":\"https:\\\/\\\/hotelvillaflorida.it\\\/wp-content\\\/uploads\\\/2025\\\/02\\\/allan-nygren-xvKQuNtOhI-unsplash-scaled-1.jpg\",\"contentUrl\":\"https:\\\/\\\/hotelvillaflorida.it\\\/wp-content\\\/uploads\\\/2025\\\/02\\\/allan-nygren-xvKQuNtOhI-unsplash-scaled-1.jpg\",\"width\":2560,\"height\":1707,\"caption\":\"Hotel Villa Florida - Gardone Riviera on Lake Garda\"},{\"@type\":\"BreadcrumbList\",\"@id\":\"https:\\\/\\\/hotelvillaflorida.it\\\/de\\\/infos-und-leistungen\\\/ltk-golfschule-gardasee-italien\\\/#breadcrumb\",\"itemListElement\":[{\"@type\":\"ListItem\",\"position\":1,\"name\":\"Home\",\"item\":\"https:\\\/\\\/hotelvillaflorida.it\\\/de\\\/\"},{\"@type\":\"ListItem\",\"position\":2,\"name\":\"Infos und Leistungen\",\"item\":\"https:\\\/\\\/hotelvillaflorida.it\\\/de\\\/infos-und-leistungen\\\/\"},{\"@type\":\"ListItem\",\"position\":3,\"name\":\"LTK Golfschule Gardasee Italien\"}]},{\"@type\":\"WebSite\",\"@id\":\"https:\\\/\\\/hotelvillaflorida.it\\\/de\\\/#website\",\"url\":\"https:\\\/\\\/hotelvillaflorida.it\\\/de\\\/\",\"name\":\"Hotel Villa Florida\",\"description\":\"Hotel Villa Florida Gardone Riviera\",\"publisher\":{\"@id\":\"https:\\\/\\\/hotelvillaflorida.it\\\/de\\\/#organization\"},\"alternateName\":\"Hotel Villa Florida Gardone Riviera\",\"potentialAction\":[{\"@type\":\"SearchAction\",\"target\":{\"@type\":\"EntryPoint\",\"urlTemplate\":\"https:\\\/\\\/hotelvillaflorida.it\\\/de\\\/?s={search_term_string}\"},\"query-input\":{\"@type\":\"PropertyValueSpecification\",\"valueRequired\":true,\"valueName\":\"search_term_string\"}}],\"inLanguage\":\"de\"},{\"@type\":\"Organization\",\"@id\":\"https:\\\/\\\/hotelvillaflorida.it\\\/de\\\/#organization\",\"name\":\"Hotel Villa Florida\",\"alternateName\":\"Hotel Villa Florida Gardone Riviera\",\"url\":\"https:\\\/\\\/hotelvillaflorida.it\\\/de\\\/\",\"logo\":{\"@type\":\"ImageObject\",\"inLanguage\":\"de\",\"@id\":\"https:\\\/\\\/hotelvillaflorida.it\\\/de\\\/#\\\/schema\\\/logo\\\/image\\\/\",\"url\":\"https:\\\/\\\/hotelvillaflorida.it\\\/wp-content\\\/uploads\\\/2024\\\/12\\\/Risorsa-5.svg\",\"contentUrl\":\"https:\\\/\\\/hotelvillaflorida.it\\\/wp-content\\\/uploads\\\/2024\\\/12\\\/Risorsa-5.svg\",\"width\":\"1024\",\"height\":\"1024\",\"caption\":\"Hotel Villa Florida\"},\"image\":{\"@id\":\"https:\\\/\\\/hotelvillaflorida.it\\\/de\\\/#\\\/schema\\\/logo\\\/image\\\/\"},\"sameAs\":[\"https:\\\/\\\/www.facebook.com\\\/HotelVillaFlorida\"]}]}<\/script>\n<!-- \/ Yoast SEO plugin. -->","yoast_head_json":{"title":"Golfschule am Gardasee | Hotel Villa Florida","description":"Das Hotel Villa Florida bietet eine Vereinbarung mit der LTK Golfschule an, die Kurse in den besten Golfclubs am Gardasee organisiert","robots":{"index":"index","follow":"follow","max-snippet":"max-snippet:-1","max-image-preview":"max-image-preview:large","max-video-preview":"max-video-preview:-1"},"canonical":"https:\/\/hotelvillaflorida.it\/de\/infos-und-leistungen\/ltk-golfschule-gardasee-italien\/","og_locale":"de_DE","og_type":"article","og_title":"Golfschule am Gardasee | Hotel Villa Florida","og_description":"Das Hotel Villa Florida bietet eine Vereinbarung mit der LTK Golfschule an, die Kurse in den besten Golfclubs am Gardasee organisiert","og_url":"https:\/\/hotelvillaflorida.it\/de\/infos-und-leistungen\/ltk-golfschule-gardasee-italien\/","og_site_name":"Hotel Villa Florida","article_publisher":"https:\/\/www.facebook.com\/HotelVillaFlorida","article_modified_time":"2026-02-19T16:17:05+00:00","og_image":[{"width":2560,"height":1707,"url":"https:\/\/hotelvillaflorida.it\/wp-content\/uploads\/2025\/02\/allan-nygren-xvKQuNtOhI-unsplash-scaled-1.jpg","type":"image\/jpeg"}],"twitter_card":"summary_large_image","twitter_misc":{"Gesch\u00e4tzte Lesezeit":"2\u00a0Minuten"},"schema":{"@context":"https:\/\/schema.org","@graph":[{"@type":"WebPage","@id":"https:\/\/hotelvillaflorida.it\/de\/infos-und-leistungen\/ltk-golfschule-gardasee-italien\/","url":"https:\/\/hotelvillaflorida.it\/de\/infos-und-leistungen\/ltk-golfschule-gardasee-italien\/","name":"Golfschule am Gardasee | Hotel Villa Florida","isPartOf":{"@id":"https:\/\/hotelvillaflorida.it\/de\/#website"},"primaryImageOfPage":{"@id":"https:\/\/hotelvillaflorida.it\/de\/infos-und-leistungen\/ltk-golfschule-gardasee-italien\/#primaryimage"},"image":{"@id":"https:\/\/hotelvillaflorida.it\/de\/infos-und-leistungen\/ltk-golfschule-gardasee-italien\/#primaryimage"},"thumbnailUrl":"https:\/\/hotelvillaflorida.it\/wp-content\/uploads\/2025\/02\/allan-nygren-xvKQuNtOhI-unsplash-scaled-1.jpg","datePublished":"2025-02-20T17:35:48+00:00","dateModified":"2026-02-19T16:17:05+00:00","description":"Das Hotel Villa Florida bietet eine Vereinbarung mit der LTK Golfschule an, die Kurse in den besten Golfclubs am Gardasee organisiert","breadcrumb":{"@id":"https:\/\/hotelvillaflorida.it\/de\/infos-und-leistungen\/ltk-golfschule-gardasee-italien\/#breadcrumb"},"inLanguage":"de","potentialAction":[{"@type":"ReadAction","target":["https:\/\/hotelvillaflorida.it\/de\/infos-und-leistungen\/ltk-golfschule-gardasee-italien\/"]}]},{"@type":"ImageObject","inLanguage":"de","@id":"https:\/\/hotelvillaflorida.it\/de\/infos-und-leistungen\/ltk-golfschule-gardasee-italien\/#primaryimage","url":"https:\/\/hotelvillaflorida.it\/wp-content\/uploads\/2025\/02\/allan-nygren-xvKQuNtOhI-unsplash-scaled-1.jpg","contentUrl":"https:\/\/hotelvillaflorida.it\/wp-content\/uploads\/2025\/02\/allan-nygren-xvKQuNtOhI-unsplash-scaled-1.jpg","width":2560,"height":1707,"caption":"Hotel Villa Florida - Gardone Riviera on Lake Garda"},{"@type":"BreadcrumbList","@id":"https:\/\/hotelvillaflorida.it\/de\/infos-und-leistungen\/ltk-golfschule-gardasee-italien\/#breadcrumb","itemListElement":[{"@type":"ListItem","position":1,"name":"Home","item":"https:\/\/hotelvillaflorida.it\/de\/"},{"@type":"ListItem","position":2,"name":"Infos und Leistungen","item":"https:\/\/hotelvillaflorida.it\/de\/infos-und-leistungen\/"},{"@type":"ListItem","position":3,"name":"LTK Golfschule Gardasee Italien"}]},{"@type":"WebSite","@id":"https:\/\/hotelvillaflorida.it\/de\/#website","url":"https:\/\/hotelvillaflorida.it\/de\/","name":"Hotel Villa Florida","description":"Hotel Villa Florida Gardone Riviera","publisher":{"@id":"https:\/\/hotelvillaflorida.it\/de\/#organization"},"alternateName":"Hotel Villa Florida Gardone Riviera","potentialAction":[{"@type":"SearchAction","target":{"@type":"EntryPoint","urlTemplate":"https:\/\/hotelvillaflorida.it\/de\/?s={search_term_string}"},"query-input":{"@type":"PropertyValueSpecification","valueRequired":true,"valueName":"search_term_string"}}],"inLanguage":"de"},{"@type":"Organization","@id":"https:\/\/hotelvillaflorida.it\/de\/#organization","name":"Hotel Villa Florida","alternateName":"Hotel Villa Florida Gardone Riviera","url":"https:\/\/hotelvillaflorida.it\/de\/","logo":{"@type":"ImageObject","inLanguage":"de","@id":"https:\/\/hotelvillaflorida.it\/de\/#\/schema\/logo\/image\/","url":"https:\/\/hotelvillaflorida.it\/wp-content\/uploads\/2024\/12\/Risorsa-5.svg","contentUrl":"https:\/\/hotelvillaflorida.it\/wp-content\/uploads\/2024\/12\/Risorsa-5.svg","width":"1024","height":"1024","caption":"Hotel Villa Florida"},"image":{"@id":"https:\/\/hotelvillaflorida.it\/de\/#\/schema\/logo\/image\/"},"sameAs":["https:\/\/www.facebook.com\/HotelVillaFlorida"]}]}},"publishpress_future_workflow_manual_trigger":{"enabledWorkflows":[]},"_links":{"self":[{"href":"https:\/\/hotelvillaflorida.it\/de\/wp-json\/wp\/v2\/pages\/2444","targetHints":{"allow":["GET"]}}],"collection":[{"href":"https:\/\/hotelvillaflorida.it\/de\/wp-json\/wp\/v2\/pages"}],"about":[{"href":"https:\/\/hotelvillaflorida.it\/de\/wp-json\/wp\/v2\/types\/page"}],"author":[{"embeddable":true,"href":"https:\/\/hotelvillaflorida.it\/de\/wp-json\/wp\/v2\/users\/1"}],"replies":[{"embeddable":true,"href":"https:\/\/hotelvillaflorida.it\/de\/wp-json\/wp\/v2\/comments?post=2444"}],"version-history":[{"count":5,"href":"https:\/\/hotelvillaflorida.it\/de\/wp-json\/wp\/v2\/pages\/2444\/revisions"}],"predecessor-version":[{"id":3286,"href":"https:\/\/hotelvillaflorida.it\/de\/wp-json\/wp\/v2\/pages\/2444\/revisions\/3286"}],"up":[{"embeddable":true,"href":"https:\/\/hotelvillaflorida.it\/de\/wp-json\/wp\/v2\/pages\/1547"}],"wp:featuredmedia":[{"embeddable":true,"href":"https:\/\/hotelvillaflorida.it\/de\/wp-json\/wp\/v2\/media\/2423"}],"wp:attachment":[{"href":"https:\/\/hotelvillaflorida.it\/de\/wp-json\/wp\/v2\/media?parent=2444"}],"wp:term":[{"taxonomy":"evidenza","embeddable":true,"href":"https:\/\/hotelvillaflorida.it\/de\/wp-json\/wp\/v2\/evidenza?post=2444"}],"curies":[{"name":"wp","href":"https:\/\/api.w.org\/{rel}","templated":true}]}}