{"id":1577,"date":"2024-12-05T11:00:00","date_gmt":"2024-12-05T10:00:00","guid":{"rendered":"https:\/\/hotelvillaflorida.it\/park-mit-pool\/bio-uliveto\/"},"modified":"2026-02-19T17:16:15","modified_gmt":"2026-02-19T16:16:15","slug":"unser-bio-olivenhain","status":"publish","type":"page","link":"https:\/\/hotelvillaflorida.it\/de\/park-mit-pool\/unser-bio-olivenhain\/","title":{"rendered":"Unser Bio-Olivenhain"},"content":{"rendered":"<section class=\"l-section wpb_row us_custom_3a797162 hide_on_mobiles height_small\"><div class=\"l-section-overlay\" style=\"background:linear-gradient(180deg,rgba(0,0,0,0.00),rgba(0,0,0,0.20))\"><\/div><div class=\"l-section-h i-cf\"><div class=\"g-cols vc_row via_grid cols_1 laptops-cols_inherit tablets-cols_inherit mobiles-cols_1 valign_bottom type_default stacking_default\"><div class=\"wpb_column vc_column_container us_custom_3581a2d8\"><div class=\"vc_column-inner\"><nav class=\"g-breadcrumbs us_custom_c68474d9 has_text_color separator_icon align_right\" itemscope itemtype=\"http:\/\/schema.org\/BreadcrumbList\"><div class=\"g-breadcrumbs-item\" itemscope itemprop=\"itemListElement\" itemtype=\"http:\/\/schema.org\/ListItem\"><a itemprop=\"item\" href=\"https:\/\/hotelvillaflorida.it\/de\/\"><span itemprop=\"name\">Start<\/span><\/a><meta itemprop=\"position\" content=\"1\"\/><\/div><div class=\"g-breadcrumbs-separator\"><i class=\"far fa-angle-right\"><\/i><\/div><div class=\"g-breadcrumbs-item\">Seiten<\/div><\/nav><\/div><\/div><\/div><\/div><\/section><section class=\"l-section wpb_row us_custom_3a797162 hide_on_default hide_on_laptops hide_on_tablets height_small\"><div class=\"l-section-overlay\" style=\"background:linear-gradient(180deg,rgba(0,0,0,0.00),rgba(0,0,0,0.20))\"><\/div><div class=\"l-section-h i-cf\"><div class=\"g-cols vc_row via_grid cols_1 laptops-cols_inherit tablets-cols_inherit mobiles-cols_1 valign_bottom type_default stacking_default\"><div class=\"wpb_column vc_column_container us_custom_ad22d5c8 hide_on_default hide_on_laptops hide_on_tablets\"><div class=\"vc_column-inner\"><nav class=\"g-breadcrumbs us_custom_c68474d9 has_text_color separator_icon align_right hide_current\" itemscope itemtype=\"http:\/\/schema.org\/BreadcrumbList\"><div class=\"g-breadcrumbs-item\" itemscope itemprop=\"itemListElement\" itemtype=\"http:\/\/schema.org\/ListItem\"><a itemprop=\"item\" href=\"https:\/\/hotelvillaflorida.it\/de\/\"><span itemprop=\"name\">Start<\/span><\/a><meta itemprop=\"position\" content=\"1\"\/><\/div><div class=\"g-breadcrumbs-separator\"><i class=\"far fa-angle-right\"><\/i><\/div><div class=\"g-breadcrumbs-item\">Seiten<\/div><\/nav><\/div><\/div><\/div><\/div><\/section><section class=\"l-section wpb_row height_medium\" id=\"prima\"><div class=\"l-section-h i-cf\"><div class=\"g-cols vc_row via_grid cols_1 laptops-cols_inherit tablets-cols_inherit mobiles-cols_1 valign_top type_default stacking_default\"><div class=\"wpb_column vc_column_container\"><div class=\"vc_column-inner\"><div class=\"w-vwrapper us_custom_c97daedd align_center valign_top\"><div class=\"w-text us_custom_d056f26d has_text_color\"><span class=\"w-text-h\"><span class=\"w-text-value\">ENTDECKEN SIE DAS OLIVEN\u00d6L DES GARDASEES<\/span><\/span><\/div><h1 class=\"w-text us_custom_201b0d3e\"><span class=\"w-text-h\"><span class=\"w-text-value\">Tauchen Sie ein in unseren Bio-Olivenhain<\/span><\/span><\/h1><h3 class=\"w-text us_custom_ebbdc731\"><span class=\"w-text-h\"><span class=\"w-text-value\">Zwischen den jahrhundertealten Olivenb\u00e4umen duftet jeder Atemzug nach Geschichte und Ruhe.<\/span><\/span><\/h3><div class=\"w-separator size_small\"><\/div><div class=\"wpb_text_column us_custom_d0c27e40\"><div class=\"wpb_wrapper\"><p>Der Olivenhain ist das pulsierende Herz dieses herrlichen \u00d6kosystems, in dem die Olivenb\u00e4ume, wahre Zeugen der Vergangenheit und der Liebe, mit der sie gepflegt wurden, und Komplize des au\u00dfergew\u00f6hnlichen milden mediterranen Klimas von Gardone Riviera, ein hochwertiges natives Oliven\u00f6l extra produzieren.<br \/>\nEingebettet in die Ruhe eines gr\u00fcnen Fleckchens unseres Parks ist der Bio-Olivenhain eine wahre Oase des Friedens. Der Olivenhain wird mit Leidenschaft nach traditionellen Methoden angebaut und produziert hochwertige Oliven, aus denen ein natives Oliven\u00f6l extra mit einzigartigem und authentischem Geschmack entsteht.<br \/>\nJede Pflanze wird direkt von unserer Familie sorgf\u00e4ltig gepflegt, um eine nachhaltige Produktion zu gew\u00e4hrleisten, die die Umwelt und den Rhythmus der Natur respektiert. Bei einem Spaziergang zwischen den Olivenb\u00e4umen k\u00f6nnen Sie ein Erlebnis der totalen Harmonie mit der Sch\u00f6nheit der umliegenden Landschaft erleben.<\/p>\n<\/div><\/div><\/div><\/div><\/div><\/div><\/div><\/section><section class=\"l-section wpb_row us_custom_a76ed53e height_auto color_alternate\"><div class=\"l-section-h i-cf\"><div class=\"g-cols vc_row via_grid cols_2 laptops-cols_inherit tablets-cols_inherit mobiles-cols_1 valign_middle type_default reversed stacking_default\"><div class=\"wpb_column vc_column_container\"><div class=\"vc_column-inner\"><div class=\"w-vwrapper us_custom_8bf6feca align_none valign_top\"><div class=\"w-text us_custom_d056f26d has_text_color\"><span class=\"w-text-h\"><span class=\"w-text-value\">HOMEMADE<\/span><\/span><\/div><h3 class=\"w-text\"><span class=\"w-text-h\"><span class=\"w-text-value\">Wir laden Sie ein, das \u00d6l aus eigener Produktion zu probieren.<\/span><\/span><\/h3><div class=\"wpb_text_column\"><div class=\"wpb_wrapper\"><p>Lassen Sie sich vom authentischen Geschmack unseres nativen Oliven\u00f6ls extra verf\u00fchren, das aus Oliven gewonnen wird, die direkt aus unserem Bio-Olivenhain stammen. Mit seinem fruchtigen Duft und den zarten Noten ist er der perfekte Begleiter f\u00fcr jedes Gericht und unterstreicht den unverf\u00e4lschten Geschmack unseres Landes. Entdecken Sie unser \u00d6l und g\u00f6nnen Sie sich ein sensorisches Erlebnis, das von Tradition, Natur und Qualit\u00e4t spricht.<\/p>\n<\/div><\/div><\/div><\/div><\/div><div class=\"wpb_column vc_column_container us_custom_06c91521 us_animate_this has_bg_color\"><div class=\"vc_column-inner\"><\/div><\/div><\/div><\/div><\/section>\n","protected":false},"excerpt":{"rendered":"StartSeitenStartSeitenENTDECKEN SIE DAS OLIVEN\u00d6L DES GARDASEESTauchen Sie ein in unseren Bio-OlivenhainZwischen den jahrhundertealten Olivenb\u00e4umen duftet jeder Atemzug nach Geschichte und Ruhe.Der Olivenhain ist das pulsierende Herz dieses herrlichen \u00d6kosystems, in dem die Olivenb\u00e4ume, wahre Zeugen der Vergangenheit und der Liebe, mit der sie gepflegt wurden, und Komplize des au\u00dfergew\u00f6hnlichen milden mediterranen Klimas von Gardone Riviera,...","protected":false},"author":1,"featured_media":1127,"parent":1555,"menu_order":133,"comment_status":"closed","ping_status":"closed","template":"","meta":{"_acf_changed":false,"footnotes":""},"evidenza":[],"class_list":["post-1577","page","type-page","status-publish","has-post-thumbnail","hentry"],"acf":[],"yoast_head":"<!-- This site is optimized with the Yoast SEO plugin v27.4 - https:\/\/yoast.com\/product\/yoast-seo-wordpress\/ -->\n<title>Olivenhain mit Seeblick | Hotel Villa Florida, Gardone Riviera<\/title>\n<meta name=\"description\" content=\"Besuchen Sie den Olivenhain des Hotels Villa Florida: eine authentische Ecke des Gardasees zwischen Natur und Tradition in Gardone Riviera.\" \/>\n<meta name=\"robots\" content=\"index, follow, max-snippet:-1, max-image-preview:large, max-video-preview:-1\" \/>\n<link rel=\"canonical\" href=\"https:\/\/hotelvillaflorida.it\/de\/park-mit-pool\/unser-bio-olivenhain\/\" \/>\n<meta property=\"og:locale\" content=\"de_DE\" \/>\n<meta property=\"og:type\" content=\"article\" \/>\n<meta property=\"og:title\" content=\"Olivenhain mit Seeblick | Hotel Villa Florida, Gardone Riviera\" \/>\n<meta property=\"og:description\" content=\"Besuchen Sie den Olivenhain des Hotels Villa Florida: eine authentische Ecke des Gardasees zwischen Natur und Tradition in Gardone Riviera.\" \/>\n<meta property=\"og:url\" content=\"https:\/\/hotelvillaflorida.it\/de\/park-mit-pool\/unser-bio-olivenhain\/\" \/>\n<meta property=\"og:site_name\" content=\"Hotel Villa Florida\" \/>\n<meta property=\"article:publisher\" content=\"https:\/\/www.facebook.com\/HotelVillaFlorida\" \/>\n<meta property=\"article:modified_time\" content=\"2026-02-19T16:16:15+00:00\" \/>\n<meta property=\"og:image\" content=\"https:\/\/hotelvillaflorida.it\/wp-content\/uploads\/2024\/12\/IMG_4020.jpg\" \/>\n\t<meta property=\"og:image:width\" content=\"1280\" \/>\n\t<meta property=\"og:image:height\" content=\"853\" \/>\n\t<meta property=\"og:image:type\" content=\"image\/jpeg\" \/>\n<meta name=\"twitter:card\" content=\"summary_large_image\" \/>\n<meta name=\"twitter:label1\" content=\"Gesch\u00e4tzte Lesezeit\" \/>\n\t<meta name=\"twitter:data1\" content=\"2\u00a0Minuten\" \/>\n<script type=\"application\/ld+json\" class=\"yoast-schema-graph\">{\"@context\":\"https:\\\/\\\/schema.org\",\"@graph\":[{\"@type\":\"WebPage\",\"@id\":\"https:\\\/\\\/hotelvillaflorida.it\\\/de\\\/park-mit-pool\\\/unser-bio-olivenhain\\\/\",\"url\":\"https:\\\/\\\/hotelvillaflorida.it\\\/de\\\/park-mit-pool\\\/unser-bio-olivenhain\\\/\",\"name\":\"Olivenhain mit Seeblick | Hotel Villa Florida, Gardone Riviera\",\"isPartOf\":{\"@id\":\"https:\\\/\\\/hotelvillaflorida.it\\\/de\\\/#website\"},\"primaryImageOfPage\":{\"@id\":\"https:\\\/\\\/hotelvillaflorida.it\\\/de\\\/park-mit-pool\\\/unser-bio-olivenhain\\\/#primaryimage\"},\"image\":{\"@id\":\"https:\\\/\\\/hotelvillaflorida.it\\\/de\\\/park-mit-pool\\\/unser-bio-olivenhain\\\/#primaryimage\"},\"thumbnailUrl\":\"https:\\\/\\\/hotelvillaflorida.it\\\/wp-content\\\/uploads\\\/2024\\\/12\\\/IMG_4020.jpg\",\"datePublished\":\"2024-12-05T10:00:00+00:00\",\"dateModified\":\"2026-02-19T16:16:15+00:00\",\"description\":\"Besuchen Sie den Olivenhain des Hotels Villa Florida: eine authentische Ecke des Gardasees zwischen Natur und Tradition in Gardone Riviera.\",\"breadcrumb\":{\"@id\":\"https:\\\/\\\/hotelvillaflorida.it\\\/de\\\/park-mit-pool\\\/unser-bio-olivenhain\\\/#breadcrumb\"},\"inLanguage\":\"de\",\"potentialAction\":[{\"@type\":\"ReadAction\",\"target\":[\"https:\\\/\\\/hotelvillaflorida.it\\\/de\\\/park-mit-pool\\\/unser-bio-olivenhain\\\/\"]}]},{\"@type\":\"ImageObject\",\"inLanguage\":\"de\",\"@id\":\"https:\\\/\\\/hotelvillaflorida.it\\\/de\\\/park-mit-pool\\\/unser-bio-olivenhain\\\/#primaryimage\",\"url\":\"https:\\\/\\\/hotelvillaflorida.it\\\/wp-content\\\/uploads\\\/2024\\\/12\\\/IMG_4020.jpg\",\"contentUrl\":\"https:\\\/\\\/hotelvillaflorida.it\\\/wp-content\\\/uploads\\\/2024\\\/12\\\/IMG_4020.jpg\",\"width\":1280,\"height\":853,\"caption\":\"gardasee 4 sterne hotels\"},{\"@type\":\"BreadcrumbList\",\"@id\":\"https:\\\/\\\/hotelvillaflorida.it\\\/de\\\/park-mit-pool\\\/unser-bio-olivenhain\\\/#breadcrumb\",\"itemListElement\":[{\"@type\":\"ListItem\",\"position\":1,\"name\":\"Home\",\"item\":\"https:\\\/\\\/hotelvillaflorida.it\\\/de\\\/\"},{\"@type\":\"ListItem\",\"position\":2,\"name\":\"Park mit pool\",\"item\":\"https:\\\/\\\/hotelvillaflorida.it\\\/de\\\/park-mit-pool\\\/\"},{\"@type\":\"ListItem\",\"position\":3,\"name\":\"Unser Bio-Olivenhain\"}]},{\"@type\":\"WebSite\",\"@id\":\"https:\\\/\\\/hotelvillaflorida.it\\\/de\\\/#website\",\"url\":\"https:\\\/\\\/hotelvillaflorida.it\\\/de\\\/\",\"name\":\"Hotel Villa Florida\",\"description\":\"Hotel Villa Florida Gardone Riviera\",\"publisher\":{\"@id\":\"https:\\\/\\\/hotelvillaflorida.it\\\/de\\\/#organization\"},\"alternateName\":\"Hotel Villa Florida Gardone Riviera\",\"potentialAction\":[{\"@type\":\"SearchAction\",\"target\":{\"@type\":\"EntryPoint\",\"urlTemplate\":\"https:\\\/\\\/hotelvillaflorida.it\\\/de\\\/?s={search_term_string}\"},\"query-input\":{\"@type\":\"PropertyValueSpecification\",\"valueRequired\":true,\"valueName\":\"search_term_string\"}}],\"inLanguage\":\"de\"},{\"@type\":\"Organization\",\"@id\":\"https:\\\/\\\/hotelvillaflorida.it\\\/de\\\/#organization\",\"name\":\"Hotel Villa Florida\",\"alternateName\":\"Hotel Villa Florida Gardone Riviera\",\"url\":\"https:\\\/\\\/hotelvillaflorida.it\\\/de\\\/\",\"logo\":{\"@type\":\"ImageObject\",\"inLanguage\":\"de\",\"@id\":\"https:\\\/\\\/hotelvillaflorida.it\\\/de\\\/#\\\/schema\\\/logo\\\/image\\\/\",\"url\":\"https:\\\/\\\/hotelvillaflorida.it\\\/wp-content\\\/uploads\\\/2024\\\/12\\\/Risorsa-5.svg\",\"contentUrl\":\"https:\\\/\\\/hotelvillaflorida.it\\\/wp-content\\\/uploads\\\/2024\\\/12\\\/Risorsa-5.svg\",\"width\":\"1024\",\"height\":\"1024\",\"caption\":\"Hotel Villa Florida\"},\"image\":{\"@id\":\"https:\\\/\\\/hotelvillaflorida.it\\\/de\\\/#\\\/schema\\\/logo\\\/image\\\/\"},\"sameAs\":[\"https:\\\/\\\/www.facebook.com\\\/HotelVillaFlorida\"]}]}<\/script>\n<!-- \/ Yoast SEO plugin. -->","yoast_head_json":{"title":"Olivenhain mit Seeblick | Hotel Villa Florida, Gardone Riviera","description":"Besuchen Sie den Olivenhain des Hotels Villa Florida: eine authentische Ecke des Gardasees zwischen Natur und Tradition in Gardone Riviera.","robots":{"index":"index","follow":"follow","max-snippet":"max-snippet:-1","max-image-preview":"max-image-preview:large","max-video-preview":"max-video-preview:-1"},"canonical":"https:\/\/hotelvillaflorida.it\/de\/park-mit-pool\/unser-bio-olivenhain\/","og_locale":"de_DE","og_type":"article","og_title":"Olivenhain mit Seeblick | Hotel Villa Florida, Gardone Riviera","og_description":"Besuchen Sie den Olivenhain des Hotels Villa Florida: eine authentische Ecke des Gardasees zwischen Natur und Tradition in Gardone Riviera.","og_url":"https:\/\/hotelvillaflorida.it\/de\/park-mit-pool\/unser-bio-olivenhain\/","og_site_name":"Hotel Villa Florida","article_publisher":"https:\/\/www.facebook.com\/HotelVillaFlorida","article_modified_time":"2026-02-19T16:16:15+00:00","og_image":[{"width":1280,"height":853,"url":"https:\/\/hotelvillaflorida.it\/wp-content\/uploads\/2024\/12\/IMG_4020.jpg","type":"image\/jpeg"}],"twitter_card":"summary_large_image","twitter_misc":{"Gesch\u00e4tzte Lesezeit":"2\u00a0Minuten"},"schema":{"@context":"https:\/\/schema.org","@graph":[{"@type":"WebPage","@id":"https:\/\/hotelvillaflorida.it\/de\/park-mit-pool\/unser-bio-olivenhain\/","url":"https:\/\/hotelvillaflorida.it\/de\/park-mit-pool\/unser-bio-olivenhain\/","name":"Olivenhain mit Seeblick | Hotel Villa Florida, Gardone Riviera","isPartOf":{"@id":"https:\/\/hotelvillaflorida.it\/de\/#website"},"primaryImageOfPage":{"@id":"https:\/\/hotelvillaflorida.it\/de\/park-mit-pool\/unser-bio-olivenhain\/#primaryimage"},"image":{"@id":"https:\/\/hotelvillaflorida.it\/de\/park-mit-pool\/unser-bio-olivenhain\/#primaryimage"},"thumbnailUrl":"https:\/\/hotelvillaflorida.it\/wp-content\/uploads\/2024\/12\/IMG_4020.jpg","datePublished":"2024-12-05T10:00:00+00:00","dateModified":"2026-02-19T16:16:15+00:00","description":"Besuchen Sie den Olivenhain des Hotels Villa Florida: eine authentische Ecke des Gardasees zwischen Natur und Tradition in Gardone Riviera.","breadcrumb":{"@id":"https:\/\/hotelvillaflorida.it\/de\/park-mit-pool\/unser-bio-olivenhain\/#breadcrumb"},"inLanguage":"de","potentialAction":[{"@type":"ReadAction","target":["https:\/\/hotelvillaflorida.it\/de\/park-mit-pool\/unser-bio-olivenhain\/"]}]},{"@type":"ImageObject","inLanguage":"de","@id":"https:\/\/hotelvillaflorida.it\/de\/park-mit-pool\/unser-bio-olivenhain\/#primaryimage","url":"https:\/\/hotelvillaflorida.it\/wp-content\/uploads\/2024\/12\/IMG_4020.jpg","contentUrl":"https:\/\/hotelvillaflorida.it\/wp-content\/uploads\/2024\/12\/IMG_4020.jpg","width":1280,"height":853,"caption":"gardasee 4 sterne hotels"},{"@type":"BreadcrumbList","@id":"https:\/\/hotelvillaflorida.it\/de\/park-mit-pool\/unser-bio-olivenhain\/#breadcrumb","itemListElement":[{"@type":"ListItem","position":1,"name":"Home","item":"https:\/\/hotelvillaflorida.it\/de\/"},{"@type":"ListItem","position":2,"name":"Park mit pool","item":"https:\/\/hotelvillaflorida.it\/de\/park-mit-pool\/"},{"@type":"ListItem","position":3,"name":"Unser Bio-Olivenhain"}]},{"@type":"WebSite","@id":"https:\/\/hotelvillaflorida.it\/de\/#website","url":"https:\/\/hotelvillaflorida.it\/de\/","name":"Hotel Villa Florida","description":"Hotel Villa Florida Gardone Riviera","publisher":{"@id":"https:\/\/hotelvillaflorida.it\/de\/#organization"},"alternateName":"Hotel Villa Florida Gardone Riviera","potentialAction":[{"@type":"SearchAction","target":{"@type":"EntryPoint","urlTemplate":"https:\/\/hotelvillaflorida.it\/de\/?s={search_term_string}"},"query-input":{"@type":"PropertyValueSpecification","valueRequired":true,"valueName":"search_term_string"}}],"inLanguage":"de"},{"@type":"Organization","@id":"https:\/\/hotelvillaflorida.it\/de\/#organization","name":"Hotel Villa Florida","alternateName":"Hotel Villa Florida Gardone Riviera","url":"https:\/\/hotelvillaflorida.it\/de\/","logo":{"@type":"ImageObject","inLanguage":"de","@id":"https:\/\/hotelvillaflorida.it\/de\/#\/schema\/logo\/image\/","url":"https:\/\/hotelvillaflorida.it\/wp-content\/uploads\/2024\/12\/Risorsa-5.svg","contentUrl":"https:\/\/hotelvillaflorida.it\/wp-content\/uploads\/2024\/12\/Risorsa-5.svg","width":"1024","height":"1024","caption":"Hotel Villa Florida"},"image":{"@id":"https:\/\/hotelvillaflorida.it\/de\/#\/schema\/logo\/image\/"},"sameAs":["https:\/\/www.facebook.com\/HotelVillaFlorida"]}]}},"publishpress_future_workflow_manual_trigger":{"enabledWorkflows":[]},"_links":{"self":[{"href":"https:\/\/hotelvillaflorida.it\/de\/wp-json\/wp\/v2\/pages\/1577","targetHints":{"allow":["GET"]}}],"collection":[{"href":"https:\/\/hotelvillaflorida.it\/de\/wp-json\/wp\/v2\/pages"}],"about":[{"href":"https:\/\/hotelvillaflorida.it\/de\/wp-json\/wp\/v2\/types\/page"}],"author":[{"embeddable":true,"href":"https:\/\/hotelvillaflorida.it\/de\/wp-json\/wp\/v2\/users\/1"}],"replies":[{"embeddable":true,"href":"https:\/\/hotelvillaflorida.it\/de\/wp-json\/wp\/v2\/comments?post=1577"}],"version-history":[{"count":2,"href":"https:\/\/hotelvillaflorida.it\/de\/wp-json\/wp\/v2\/pages\/1577\/revisions"}],"predecessor-version":[{"id":1579,"href":"https:\/\/hotelvillaflorida.it\/de\/wp-json\/wp\/v2\/pages\/1577\/revisions\/1579"}],"up":[{"embeddable":true,"href":"https:\/\/hotelvillaflorida.it\/de\/wp-json\/wp\/v2\/pages\/1555"}],"wp:featuredmedia":[{"embeddable":true,"href":"https:\/\/hotelvillaflorida.it\/de\/wp-json\/wp\/v2\/media\/1127"}],"wp:attachment":[{"href":"https:\/\/hotelvillaflorida.it\/de\/wp-json\/wp\/v2\/media?parent=1577"}],"wp:term":[{"taxonomy":"evidenza","embeddable":true,"href":"https:\/\/hotelvillaflorida.it\/de\/wp-json\/wp\/v2\/evidenza?post=1577"}],"curies":[{"name":"wp","href":"https:\/\/api.w.org\/{rel}","templated":true}]}}