{"id":1555,"date":"2024-12-05T10:58:57","date_gmt":"2024-12-05T09:58:57","guid":{"rendered":"https:\/\/hotelvillaflorida.it\/parco-con-piscina\/"},"modified":"2025-08-29T16:21:00","modified_gmt":"2025-08-29T14:21:00","slug":"park-mit-pool","status":"publish","type":"page","link":"https:\/\/hotelvillaflorida.it\/de\/park-mit-pool\/","title":{"rendered":"Park mit pool"},"content":{"rendered":"<section class=\"l-section wpb_row hide_on_mobiles height_medium with_video\"><div id=\"us_bg_video_f04b\" class=\"l-section-video\"><script id=\"us_bg_video_f04b-script\">!function(w){var node = document.getElementById( 'us_bg_video_f04b' );if ( w.innerWidth <= 100 ) { node.remove() }}(window);<\/script><style>@media(max-width:100px){#us_bg_video_f04b{display:none!important}}<\/style><video  autoplay loop muted playsinline preload=\"auto\" tabindex=\"-1\"><source type=\"video\/mp4\" src=\"https:\/\/hotelvillaflorida.it\/wp-content\/uploads\/2024\/12\/ClipVideoPiscina.mp4\" \/><\/video><\/div><div class=\"l-section-overlay\" style=\"background:linear-gradient(180deg,rgba(0,0,0,0.00),rgba(0,0,0,0.20))\"><\/div><div class=\"l-section-h i-cf\"><div class=\"g-cols vc_row via_grid cols_1 laptops-cols_inherit tablets-cols_inherit mobiles-cols_1 valign_bottom type_default stacking_default\"><div class=\"wpb_column vc_column_container us_custom_3581a2d8\"><div class=\"vc_column-inner\"><\/div><\/div><\/div><\/div><\/section><section class=\"l-section wpb_row hide_on_default hide_on_laptops hide_on_tablets height_small with_video\"><div id=\"us_bg_video_a48d\" class=\"l-section-video\"><script id=\"us_bg_video_a48d-script\">!function(w){var node = document.getElementById( 'us_bg_video_a48d' );if ( w.innerWidth <= 100 ) { node.remove() }}(window);<\/script><style>@media(max-width:100px){#us_bg_video_a48d{display:none!important}}<\/style><video  autoplay loop muted playsinline preload=\"auto\" tabindex=\"-1\"><source type=\"video\/mp4\" src=\"https:\/\/hotelvillaflorida.it\/wp-content\/uploads\/2024\/12\/ClipVideoPiscina.mp4\" \/><\/video><\/div><div class=\"l-section-overlay\" style=\"background:linear-gradient(180deg,rgba(0,0,0,0.00),rgba(0,0,0,0.20))\"><\/div><div class=\"l-section-h i-cf\"><div class=\"g-cols vc_row via_grid cols_1 laptops-cols_inherit tablets-cols_inherit mobiles-cols_1 valign_bottom type_default stacking_default\"><div class=\"wpb_column vc_column_container us_custom_ad22d5c8 hide_on_default hide_on_laptops hide_on_tablets\"><div class=\"vc_column-inner\"><\/div><\/div><\/div><\/div><\/section><section class=\"l-section wpb_row height_medium\" id=\"prima\"><div class=\"l-section-h i-cf\"><div class=\"g-cols vc_row via_grid cols_1 laptops-cols_inherit tablets-cols_inherit mobiles-cols_1 valign_top type_default stacking_default\"><div class=\"wpb_column vc_column_container\"><div class=\"vc_column-inner\"><div class=\"w-vwrapper us_custom_c97daedd align_center valign_top\"><div class=\"w-text us_custom_d056f26d has_text_color\"><span class=\"w-text-h\"><span class=\"w-text-value\">6 HEKTAR NATUR, D\u00dcFTE UND ENTSPANNUNG<\/span><\/span><\/div><h1 class=\"w-text us_custom_6d77e64b\"><span class=\"w-text-h\"><span class=\"w-text-value\">hotel am Gardasee mit seeblick Park und Pool in Gardone Riviera<\/span><\/span><\/h1><h3 class=\"w-text us_custom_ebbdc731\"><span class=\"w-text-h\"><span class=\"w-text-value\">Ein verzauberter Ort, an dem die Natur die Seele umarmt und zeitlose Emotionen schenkt.<\/span><\/span><\/h3><div class=\"w-separator size_small\"><\/div><div class=\"wpb_text_column us_custom_d0c27e40\"><div class=\"wpb_wrapper\"><p><strong>Suchen Sie ein Hotel am Gardasee mit Seeblick?<\/strong><br \/>\nDer Park, der das Hotel Villa Florida umgibt, ist ein bezauberndes Fleckchen Natur, wo der Himmel \u00fcber Gardone Riviera und das Wasser des Gardasees in v\u00f6lliger Harmonie aufeinandertreffen. Eingebettet in sechs Hektar terrassenf\u00f6rmig angelegter Bio-Oliven- und Zitrushaine ist dieser Naturraum ein wahres Paradies f\u00fcr alle, die eine Oase des Friedens und der Ruhe suchen. Der Park ist nicht nur ein Ort der visuellen Sch\u00f6nheit, sondern auch ein Symbol f\u00fcr Engagement und Leidenschaft f\u00fcr die Umwelt.<\/p>\n<p data-start=\"276\" data-end=\"446\">Wenn Sie nach einem <strong data-start=\"296\" data-end=\"330\">Hotel am Gardasee mit Seeblick<\/strong> suchen, das Ruhe, Komfort und Natur vereint, dann sind Sie im Hotel Villa Florida in Gardone Riviera genau richtig. Unser 4-Sterne-Hotel befindet sich in traumhafter Panoramalage und bietet einen freien Blick auf den glitzernden Gardasee \u2013 von jedem Zimmer, jeder Suite und unserer gro\u00dfz\u00fcgigen Terrasse. Hier beginnt jeder Tag mit einem atemberaubenden Ausblick und endet mit der goldenen Abendsonne \u00fcber dem Wasser.<\/p>\n<\/div><\/div><\/div><\/div><\/div><\/div><\/div><\/section><section class=\"l-section wpb_row us_custom_73043f25 height_auto\"><div class=\"l-section-h i-cf\"><div class=\"g-cols vc_row via_grid cols_2 laptops-cols_inherit tablets-cols_inherit mobiles-cols_1 valign_middle type_default stacking_default\"><div class=\"wpb_column vc_column_container us_custom_a93e357a us_animate_this has_bg_color has-link\"><div class=\"vc_column-inner\"><\/div><a href=\"https:\/\/hotelvillaflorida.it\/de\/park-mit-pool\/hotel-mit-pool-gardasee\/\" class=\"vc_column-link smooth-scroll\" aria-label=\"Link\"><\/a><\/div><div class=\"wpb_column vc_column_container\"><div class=\"vc_column-inner\"><div class=\"w-vwrapper us_custom_8bf6feca align_none valign_top\"><div class=\"w-text us_custom_d056f26d has_text_color\"><span class=\"w-text-h\"><span class=\"w-text-value\">POOL MIT PANORAMABLICK<\/span><\/span><\/div><h3 class=\"w-text\"><span class=\"w-text-h\"><span class=\"w-text-value\">Entspannung in Hotel am Gardasee mit seeblick<\/span><\/span><\/h3><div class=\"wpb_text_column\"><div class=\"wpb_wrapper\"><p>Unser <a href=\"https:\/\/hotelvillaflorida.it\/de\/park-mit-pool\/hotel-mit-pool-gardasee\/\">Pool mit Blick<\/a> auf das kristallklare Wasser des Gardasees ist der ideale Ort, um sich zu entspannen und sich von der Sch\u00f6nheit des Panoramas verzaubern zu lassen. Ein Ort der Ruhe, an dem die Zeit stillzustehen scheint.<\/p>\n<\/div><\/div><div class=\"w-btn-wrapper align_none hide_on_mobiles\"><a class=\"w-btn us-btn-style_1\" href=\"https:\/\/hotelvillaflorida.it\/de\/park-mit-pool\/hotel-mit-pool-gardasee\/\"><span class=\"w-btn-label\">Zum Pool gehen<\/span><\/a><\/div><\/div><\/div><\/div><\/div><\/div><\/section><section class=\"l-section wpb_row us_custom_4c77c721 height_auto\"><div class=\"l-section-h i-cf\"><div class=\"g-cols vc_row via_grid cols_2 laptops-cols_inherit tablets-cols_inherit mobiles-cols_1 valign_middle type_default reversed stacking_default\"><div class=\"wpb_column vc_column_container\"><div class=\"vc_column-inner\"><div class=\"w-vwrapper us_custom_43d464e5 align_none valign_top\"><div class=\"w-text us_custom_d056f26d has_text_color\"><span class=\"w-text-h\"><span class=\"w-text-value\">ZITRUSGARTEN<\/span><\/span><\/div><h3 class=\"w-text\"><span class=\"w-text-h\"><span class=\"w-text-value\">Eine Oase der Farben und D\u00fcfte im Herzen der Natur.<\/span><\/span><\/h3><div class=\"wpb_text_column\"><div class=\"wpb_wrapper\"><p>Der Garten des Hotels Villa Florida ist ein verzauberter Ort, an dem sich das \u00fcppige Gr\u00fcn mit den D\u00fcften des Mittelmeers und den leuchtenden Farben der Blumen vermischt.<\/p>\n<\/div><\/div><div class=\"w-btn-wrapper align_none hide_on_mobiles\"><a class=\"w-btn us-btn-style_1\" href=\"https:\/\/hotelvillaflorida.it\/de\/park-mit-pool\/der-charme-des-gartens\/\"><span class=\"w-btn-label\">In den Garten gehen<\/span><\/a><\/div><\/div><\/div><\/div><div class=\"wpb_column vc_column_container us_custom_17216d28 us_animate_this has_bg_color has-link\"><div class=\"vc_column-inner\"><\/div><a href=\"https:\/\/hotelvillaflorida.it\/de\/park-mit-pool\/der-charme-des-gartens\/\" class=\"vc_column-link smooth-scroll\" aria-label=\"Link\"><\/a><\/div><\/div><\/div><\/section><section class=\"l-section wpb_row us_custom_ec9218fc height_auto\"><div class=\"l-section-h i-cf\"><div class=\"g-cols vc_row via_grid cols_2 laptops-cols_inherit tablets-cols_inherit mobiles-cols_1 valign_middle type_default stacking_default\"><div class=\"wpb_column vc_column_container us_custom_250b1ba2 us_animate_this has_bg_color has-link\"><div class=\"vc_column-inner\"><\/div><a href=\"https:\/\/hotelvillaflorida.it\/de\/park-mit-pool\/unser-bio-olivenhain\/\" class=\"vc_column-link smooth-scroll\" aria-label=\"Link\"><\/a><\/div><div class=\"wpb_column vc_column_container\"><div class=\"vc_column-inner\"><div class=\"w-vwrapper us_custom_8bf6feca align_none valign_top\"><div class=\"w-text us_custom_d056f26d has_text_color\"><span class=\"w-text-h\"><span class=\"w-text-value\">UNSER OLIVENHAIN<\/span><\/span><\/div><h3 class=\"w-text\"><span class=\"w-text-h\"><span class=\"w-text-value\">Die Magie der Olivenb\u00e4ume, zwischen Geschichte und Harmonie.<\/span><\/span><\/h3><div class=\"wpb_text_column\"><div class=\"wpb_wrapper\"><p>Spazieren Sie zwischen uralten Olivenb\u00e4umen, die von jahrhundertelanger Tradition und Sorgfalt zeugen. Der Olivenhain des Hotels Villa Florida ist ein Symbol f\u00fcr die tiefe Verbundenheit mit dem Gebiet.<\/p>\n<\/div><\/div><div class=\"w-btn-wrapper align_none hide_on_mobiles\"><a class=\"w-btn us-btn-style_1\" href=\"https:\/\/hotelvillaflorida.it\/de\/park-mit-pool\/unser-bio-olivenhain\/\"><span class=\"w-btn-label\">Olivenhain<\/span><\/a><\/div><\/div><\/div><\/div><\/div><\/div><\/section>\n","protected":false},"excerpt":{"rendered":"6 HEKTAR NATUR, D\u00dcFTE UND ENTSPANNUNGhotel am Gardasee mit seeblick Park und Pool in Gardone RivieraEin verzauberter Ort, an dem die Natur die Seele umarmt und zeitlose Emotionen schenkt.Suchen Sie ein Hotel am Gardasee mit Seeblick? Der Park, der das Hotel Villa Florida umgibt, ist ein bezauberndes Fleckchen Natur, wo der Himmel \u00fcber Gardone Riviera...","protected":false},"author":1,"featured_media":1091,"parent":0,"menu_order":120,"comment_status":"closed","ping_status":"closed","template":"","meta":{"_acf_changed":false,"footnotes":""},"evidenza":[],"class_list":["post-1555","page","type-page","status-publish","has-post-thumbnail","hentry"],"acf":[],"yoast_head":"<!-- This site is optimized with the Yoast SEO plugin v27.4 - https:\/\/yoast.com\/product\/yoast-seo-wordpress\/ -->\n<title>Hotel am Gardasee mit seeblick | Hotel Villa Florida<\/title>\n<meta name=\"description\" content=\"4-Sterne-Hotel am Gardasee mit Seeblick, Pool &amp; Terrasse. Entspannen Sie in eleganten Suiten mit Panoramablick. Bestpreis direkt buchen.\" \/>\n<meta name=\"robots\" content=\"index, follow, max-snippet:-1, max-image-preview:large, max-video-preview:-1\" \/>\n<link rel=\"canonical\" href=\"https:\/\/hotelvillaflorida.it\/de\/park-mit-pool\/\" \/>\n<meta property=\"og:locale\" content=\"de_DE\" \/>\n<meta property=\"og:type\" content=\"article\" \/>\n<meta property=\"og:title\" content=\"Hotel am Gardasee mit seeblick | Hotel Villa Florida\" \/>\n<meta property=\"og:description\" content=\"4-Sterne-Hotel am Gardasee mit Seeblick, Pool &amp; Terrasse. Entspannen Sie in eleganten Suiten mit Panoramablick. Bestpreis direkt buchen.\" \/>\n<meta property=\"og:url\" content=\"https:\/\/hotelvillaflorida.it\/de\/park-mit-pool\/\" \/>\n<meta property=\"og:site_name\" content=\"Hotel Villa Florida\" \/>\n<meta property=\"article:publisher\" content=\"https:\/\/www.facebook.com\/HotelVillaFlorida\" \/>\n<meta property=\"article:modified_time\" content=\"2025-08-29T14:21:00+00:00\" \/>\n<meta property=\"og:image\" content=\"https:\/\/hotelvillaflorida.it\/wp-content\/uploads\/2024\/12\/IMG_3655-Modifica.jpg\" \/>\n\t<meta property=\"og:image:width\" content=\"2560\" \/>\n\t<meta property=\"og:image:height\" content=\"1707\" \/>\n\t<meta property=\"og:image:type\" content=\"image\/jpeg\" \/>\n<meta name=\"twitter:card\" content=\"summary_large_image\" \/>\n<meta name=\"twitter:label1\" content=\"Gesch\u00e4tzte Lesezeit\" \/>\n\t<meta name=\"twitter:data1\" content=\"3\u00a0Minuten\" \/>\n<script type=\"application\/ld+json\" class=\"yoast-schema-graph\">{\"@context\":\"https:\\\/\\\/schema.org\",\"@graph\":[{\"@type\":\"WebPage\",\"@id\":\"https:\\\/\\\/hotelvillaflorida.it\\\/de\\\/park-mit-pool\\\/\",\"url\":\"https:\\\/\\\/hotelvillaflorida.it\\\/de\\\/park-mit-pool\\\/\",\"name\":\"Hotel am Gardasee mit seeblick | Hotel Villa Florida\",\"isPartOf\":{\"@id\":\"https:\\\/\\\/hotelvillaflorida.it\\\/de\\\/#website\"},\"primaryImageOfPage\":{\"@id\":\"https:\\\/\\\/hotelvillaflorida.it\\\/de\\\/park-mit-pool\\\/#primaryimage\"},\"image\":{\"@id\":\"https:\\\/\\\/hotelvillaflorida.it\\\/de\\\/park-mit-pool\\\/#primaryimage\"},\"thumbnailUrl\":\"https:\\\/\\\/hotelvillaflorida.it\\\/wp-content\\\/uploads\\\/2024\\\/12\\\/IMG_3655-Modifica.jpg\",\"datePublished\":\"2024-12-05T09:58:57+00:00\",\"dateModified\":\"2025-08-29T14:21:00+00:00\",\"description\":\"4-Sterne-Hotel am Gardasee mit Seeblick, Pool & Terrasse. Entspannen Sie in eleganten Suiten mit Panoramablick. Bestpreis direkt buchen.\",\"breadcrumb\":{\"@id\":\"https:\\\/\\\/hotelvillaflorida.it\\\/de\\\/park-mit-pool\\\/#breadcrumb\"},\"inLanguage\":\"de\",\"potentialAction\":[{\"@type\":\"ReadAction\",\"target\":[\"https:\\\/\\\/hotelvillaflorida.it\\\/de\\\/park-mit-pool\\\/\"]}]},{\"@type\":\"ImageObject\",\"inLanguage\":\"de\",\"@id\":\"https:\\\/\\\/hotelvillaflorida.it\\\/de\\\/park-mit-pool\\\/#primaryimage\",\"url\":\"https:\\\/\\\/hotelvillaflorida.it\\\/wp-content\\\/uploads\\\/2024\\\/12\\\/IMG_3655-Modifica.jpg\",\"contentUrl\":\"https:\\\/\\\/hotelvillaflorida.it\\\/wp-content\\\/uploads\\\/2024\\\/12\\\/IMG_3655-Modifica.jpg\",\"width\":2560,\"height\":1707,\"caption\":\"gardasee 4 sterne hotels\"},{\"@type\":\"BreadcrumbList\",\"@id\":\"https:\\\/\\\/hotelvillaflorida.it\\\/de\\\/park-mit-pool\\\/#breadcrumb\",\"itemListElement\":[{\"@type\":\"ListItem\",\"position\":1,\"name\":\"Home\",\"item\":\"https:\\\/\\\/hotelvillaflorida.it\\\/de\\\/\"},{\"@type\":\"ListItem\",\"position\":2,\"name\":\"Park mit pool\"}]},{\"@type\":\"WebSite\",\"@id\":\"https:\\\/\\\/hotelvillaflorida.it\\\/de\\\/#website\",\"url\":\"https:\\\/\\\/hotelvillaflorida.it\\\/de\\\/\",\"name\":\"Hotel Villa Florida\",\"description\":\"Hotel Villa Florida Gardone Riviera\",\"publisher\":{\"@id\":\"https:\\\/\\\/hotelvillaflorida.it\\\/de\\\/#organization\"},\"alternateName\":\"Hotel Villa Florida Gardone Riviera\",\"potentialAction\":[{\"@type\":\"SearchAction\",\"target\":{\"@type\":\"EntryPoint\",\"urlTemplate\":\"https:\\\/\\\/hotelvillaflorida.it\\\/de\\\/?s={search_term_string}\"},\"query-input\":{\"@type\":\"PropertyValueSpecification\",\"valueRequired\":true,\"valueName\":\"search_term_string\"}}],\"inLanguage\":\"de\"},{\"@type\":\"Organization\",\"@id\":\"https:\\\/\\\/hotelvillaflorida.it\\\/de\\\/#organization\",\"name\":\"Hotel Villa Florida\",\"alternateName\":\"Hotel Villa Florida Gardone Riviera\",\"url\":\"https:\\\/\\\/hotelvillaflorida.it\\\/de\\\/\",\"logo\":{\"@type\":\"ImageObject\",\"inLanguage\":\"de\",\"@id\":\"https:\\\/\\\/hotelvillaflorida.it\\\/de\\\/#\\\/schema\\\/logo\\\/image\\\/\",\"url\":\"https:\\\/\\\/hotelvillaflorida.it\\\/wp-content\\\/uploads\\\/2024\\\/12\\\/Risorsa-5.svg\",\"contentUrl\":\"https:\\\/\\\/hotelvillaflorida.it\\\/wp-content\\\/uploads\\\/2024\\\/12\\\/Risorsa-5.svg\",\"width\":\"1024\",\"height\":\"1024\",\"caption\":\"Hotel Villa Florida\"},\"image\":{\"@id\":\"https:\\\/\\\/hotelvillaflorida.it\\\/de\\\/#\\\/schema\\\/logo\\\/image\\\/\"},\"sameAs\":[\"https:\\\/\\\/www.facebook.com\\\/HotelVillaFlorida\"]}]}<\/script>\n<!-- \/ Yoast SEO plugin. -->","yoast_head_json":{"title":"Hotel am Gardasee mit seeblick | Hotel Villa Florida","description":"4-Sterne-Hotel am Gardasee mit Seeblick, Pool & Terrasse. Entspannen Sie in eleganten Suiten mit Panoramablick. Bestpreis direkt buchen.","robots":{"index":"index","follow":"follow","max-snippet":"max-snippet:-1","max-image-preview":"max-image-preview:large","max-video-preview":"max-video-preview:-1"},"canonical":"https:\/\/hotelvillaflorida.it\/de\/park-mit-pool\/","og_locale":"de_DE","og_type":"article","og_title":"Hotel am Gardasee mit seeblick | Hotel Villa Florida","og_description":"4-Sterne-Hotel am Gardasee mit Seeblick, Pool & Terrasse. Entspannen Sie in eleganten Suiten mit Panoramablick. Bestpreis direkt buchen.","og_url":"https:\/\/hotelvillaflorida.it\/de\/park-mit-pool\/","og_site_name":"Hotel Villa Florida","article_publisher":"https:\/\/www.facebook.com\/HotelVillaFlorida","article_modified_time":"2025-08-29T14:21:00+00:00","og_image":[{"width":2560,"height":1707,"url":"https:\/\/hotelvillaflorida.it\/wp-content\/uploads\/2024\/12\/IMG_3655-Modifica.jpg","type":"image\/jpeg"}],"twitter_card":"summary_large_image","twitter_misc":{"Gesch\u00e4tzte Lesezeit":"3\u00a0Minuten"},"schema":{"@context":"https:\/\/schema.org","@graph":[{"@type":"WebPage","@id":"https:\/\/hotelvillaflorida.it\/de\/park-mit-pool\/","url":"https:\/\/hotelvillaflorida.it\/de\/park-mit-pool\/","name":"Hotel am Gardasee mit seeblick | Hotel Villa Florida","isPartOf":{"@id":"https:\/\/hotelvillaflorida.it\/de\/#website"},"primaryImageOfPage":{"@id":"https:\/\/hotelvillaflorida.it\/de\/park-mit-pool\/#primaryimage"},"image":{"@id":"https:\/\/hotelvillaflorida.it\/de\/park-mit-pool\/#primaryimage"},"thumbnailUrl":"https:\/\/hotelvillaflorida.it\/wp-content\/uploads\/2024\/12\/IMG_3655-Modifica.jpg","datePublished":"2024-12-05T09:58:57+00:00","dateModified":"2025-08-29T14:21:00+00:00","description":"4-Sterne-Hotel am Gardasee mit Seeblick, Pool & Terrasse. Entspannen Sie in eleganten Suiten mit Panoramablick. Bestpreis direkt buchen.","breadcrumb":{"@id":"https:\/\/hotelvillaflorida.it\/de\/park-mit-pool\/#breadcrumb"},"inLanguage":"de","potentialAction":[{"@type":"ReadAction","target":["https:\/\/hotelvillaflorida.it\/de\/park-mit-pool\/"]}]},{"@type":"ImageObject","inLanguage":"de","@id":"https:\/\/hotelvillaflorida.it\/de\/park-mit-pool\/#primaryimage","url":"https:\/\/hotelvillaflorida.it\/wp-content\/uploads\/2024\/12\/IMG_3655-Modifica.jpg","contentUrl":"https:\/\/hotelvillaflorida.it\/wp-content\/uploads\/2024\/12\/IMG_3655-Modifica.jpg","width":2560,"height":1707,"caption":"gardasee 4 sterne hotels"},{"@type":"BreadcrumbList","@id":"https:\/\/hotelvillaflorida.it\/de\/park-mit-pool\/#breadcrumb","itemListElement":[{"@type":"ListItem","position":1,"name":"Home","item":"https:\/\/hotelvillaflorida.it\/de\/"},{"@type":"ListItem","position":2,"name":"Park mit pool"}]},{"@type":"WebSite","@id":"https:\/\/hotelvillaflorida.it\/de\/#website","url":"https:\/\/hotelvillaflorida.it\/de\/","name":"Hotel Villa Florida","description":"Hotel Villa Florida Gardone Riviera","publisher":{"@id":"https:\/\/hotelvillaflorida.it\/de\/#organization"},"alternateName":"Hotel Villa Florida Gardone Riviera","potentialAction":[{"@type":"SearchAction","target":{"@type":"EntryPoint","urlTemplate":"https:\/\/hotelvillaflorida.it\/de\/?s={search_term_string}"},"query-input":{"@type":"PropertyValueSpecification","valueRequired":true,"valueName":"search_term_string"}}],"inLanguage":"de"},{"@type":"Organization","@id":"https:\/\/hotelvillaflorida.it\/de\/#organization","name":"Hotel Villa Florida","alternateName":"Hotel Villa Florida Gardone Riviera","url":"https:\/\/hotelvillaflorida.it\/de\/","logo":{"@type":"ImageObject","inLanguage":"de","@id":"https:\/\/hotelvillaflorida.it\/de\/#\/schema\/logo\/image\/","url":"https:\/\/hotelvillaflorida.it\/wp-content\/uploads\/2024\/12\/Risorsa-5.svg","contentUrl":"https:\/\/hotelvillaflorida.it\/wp-content\/uploads\/2024\/12\/Risorsa-5.svg","width":"1024","height":"1024","caption":"Hotel Villa Florida"},"image":{"@id":"https:\/\/hotelvillaflorida.it\/de\/#\/schema\/logo\/image\/"},"sameAs":["https:\/\/www.facebook.com\/HotelVillaFlorida"]}]}},"publishpress_future_workflow_manual_trigger":{"enabledWorkflows":[]},"_links":{"self":[{"href":"https:\/\/hotelvillaflorida.it\/de\/wp-json\/wp\/v2\/pages\/1555","targetHints":{"allow":["GET"]}}],"collection":[{"href":"https:\/\/hotelvillaflorida.it\/de\/wp-json\/wp\/v2\/pages"}],"about":[{"href":"https:\/\/hotelvillaflorida.it\/de\/wp-json\/wp\/v2\/types\/page"}],"author":[{"embeddable":true,"href":"https:\/\/hotelvillaflorida.it\/de\/wp-json\/wp\/v2\/users\/1"}],"replies":[{"embeddable":true,"href":"https:\/\/hotelvillaflorida.it\/de\/wp-json\/wp\/v2\/comments?post=1555"}],"version-history":[{"count":8,"href":"https:\/\/hotelvillaflorida.it\/de\/wp-json\/wp\/v2\/pages\/1555\/revisions"}],"predecessor-version":[{"id":3289,"href":"https:\/\/hotelvillaflorida.it\/de\/wp-json\/wp\/v2\/pages\/1555\/revisions\/3289"}],"wp:featuredmedia":[{"embeddable":true,"href":"https:\/\/hotelvillaflorida.it\/de\/wp-json\/wp\/v2\/media\/1091"}],"wp:attachment":[{"href":"https:\/\/hotelvillaflorida.it\/de\/wp-json\/wp\/v2\/media?parent=1555"}],"wp:term":[{"taxonomy":"evidenza","embeddable":true,"href":"https:\/\/hotelvillaflorida.it\/de\/wp-json\/wp\/v2\/evidenza?post=1555"}],"curies":[{"name":"wp","href":"https:\/\/api.w.org\/{rel}","templated":true}]}}