{"id":1460,"date":"2024-12-05T11:01:26","date_gmt":"2024-12-05T10:01:26","guid":{"rendered":"https:\/\/hotelvillaflorida.it\/mountain-bike\/"},"modified":"2026-04-28T14:30:59","modified_gmt":"2026-04-28T12:30:59","slug":"mountain-bike","status":"publish","type":"page","link":"https:\/\/hotelvillaflorida.it\/de\/erlebnis-gardasee\/mountain-bike\/","title":{"rendered":"Mountain bike"},"content":{"rendered":"<section class=\"l-section wpb_row us_custom_3a797162 hide_on_mobiles height_small\"><div class=\"l-section-overlay\" style=\"background:linear-gradient(180deg,rgba(0,0,0,0.00),rgba(0,0,0,0.20))\"><\/div><div class=\"l-section-h i-cf\"><div class=\"g-cols vc_row via_grid cols_1 laptops-cols_inherit tablets-cols_inherit mobiles-cols_1 valign_bottom type_default stacking_default\"><div class=\"wpb_column vc_column_container us_custom_3581a2d8\"><div class=\"vc_column-inner\"><nav class=\"g-breadcrumbs us_custom_c68474d9 has_text_color separator_icon align_right\" itemscope itemtype=\"http:\/\/schema.org\/BreadcrumbList\"><div class=\"g-breadcrumbs-item\" itemscope itemprop=\"itemListElement\" itemtype=\"http:\/\/schema.org\/ListItem\"><a itemprop=\"item\" href=\"https:\/\/hotelvillaflorida.it\/de\/\"><span itemprop=\"name\">Start<\/span><\/a><meta itemprop=\"position\" content=\"1\"\/><\/div><div class=\"g-breadcrumbs-separator\"><i class=\"far fa-angle-right\"><\/i><\/div><div class=\"g-breadcrumbs-item\">Seiten<\/div><\/nav><\/div><\/div><\/div><\/div><\/section><section class=\"l-section wpb_row us_custom_3a797162 hide_on_default hide_on_laptops hide_on_tablets height_small\"><div class=\"l-section-overlay\" style=\"background:linear-gradient(180deg,rgba(0,0,0,0.00),rgba(0,0,0,0.20))\"><\/div><div class=\"l-section-h i-cf\"><div class=\"g-cols vc_row via_grid cols_1 laptops-cols_inherit tablets-cols_inherit mobiles-cols_1 valign_bottom type_default stacking_default\"><div class=\"wpb_column vc_column_container us_custom_ad22d5c8 hide_on_default hide_on_laptops hide_on_tablets\"><div class=\"vc_column-inner\"><nav class=\"g-breadcrumbs us_custom_c68474d9 has_text_color separator_icon align_right hide_current\" itemscope itemtype=\"http:\/\/schema.org\/BreadcrumbList\"><div class=\"g-breadcrumbs-item\" itemscope itemprop=\"itemListElement\" itemtype=\"http:\/\/schema.org\/ListItem\"><a itemprop=\"item\" href=\"https:\/\/hotelvillaflorida.it\/de\/\"><span itemprop=\"name\">Start<\/span><\/a><meta itemprop=\"position\" content=\"1\"\/><\/div><div class=\"g-breadcrumbs-separator\"><i class=\"far fa-angle-right\"><\/i><\/div><div class=\"g-breadcrumbs-item\">Seiten<\/div><\/nav><\/div><\/div><\/div><\/div><\/section><section class=\"l-section wpb_row height_medium\" id=\"prima\"><div class=\"l-section-h i-cf\"><div class=\"g-cols vc_row via_grid cols_1 laptops-cols_inherit tablets-cols_inherit mobiles-cols_1 valign_top type_default stacking_default\"><div class=\"wpb_column vc_column_container\"><div class=\"vc_column-inner\"><div class=\"w-vwrapper us_custom_c97daedd align_center valign_top\"><div class=\"w-text us_custom_d056f26d has_text_color\"><span class=\"w-text-h\"><span class=\"w-text-value\">Gardasee-Erlebnisse<\/span><\/span><\/div><h1 class=\"w-text us_custom_201b0d3e\"><span class=\"w-text-h\"><span class=\"w-text-value\">Riviera dei Limoni Bike-Erlebnis am Gardasee<\/span><\/span><\/h1><h3 class=\"w-text us_custom_ebbdc731\"><span class=\"w-text-h\"><span class=\"w-text-value\">Fordern Sie Ihre Grenzen auf zwei R\u00e4dern heraus<\/span><\/span><\/h3><div class=\"w-separator size_medium\"><\/div><div class=\"wpb_text_column\"><div class=\"wpb_wrapper\"><p>Der Gardasee bietet ein einzigartiges Raderlebnis.\u00a0Die Riviera dei Limoni Bike Experience in Gardone Riviera und Toscolano Maderno ist ein Paradies f\u00fcr Mountainbiker mit 480 km an Strecken, die sich durch atemberaubende Landschaften und unvergessliche Ausblicke schl\u00e4ngeln.<\/p>\n<p>Ein Spielplatz f\u00fcr Radfahrer:\u00a022 Routen f\u00fcr alle Schwierigkeitsgrade, vom Anf\u00e4nger bis zum Profi. Panoramawege, dichte W\u00e4lder und malerische D\u00f6rfer begleiten Sie auf ein unvergessliches Abenteuer.<br \/>\nEintauchen in die Natur:\u00a0Von den Ufern des Sees bis zu den sanften H\u00fcgeln bietet Ihnen die Riviera dei Limoni Bike Experience atemberaubende Panoramen und malerische Ausblicke.<\/p>\n<\/div><\/div><\/div><\/div><\/div><\/div><\/div><\/section><section class=\"l-section wpb_row height_medium\"><div class=\"l-section-h i-cf\"><div class=\"g-cols vc_row via_grid cols_1 laptops-cols_inherit tablets-cols_inherit mobiles-cols_1 valign_top type_default stacking_default\"><div class=\"wpb_column vc_column_container\"><div class=\"vc_column-inner\"><div class=\"w-grid us_post_carousel us_custom_eaca26c6 centro us_animate_this apply_url_params type_carousel layout_277 preload_style_spinner items_3 ratio_1x1\" id=\"us_post_list_vfbd\" style=\"--items:3;--gap:0.5rem;--item-ratio:1;\"><style>.layout_277 .w-grid-item-h{border-radius:0.1rem}.layout_277 .usg_post_image_1{transition-duration:0.3s;transform-origin:50% 50%;transform:scale(1) translate(0%,0%)}.layout_277 .w-grid-item-h:focus-within .usg_post_image_1,.layout_277 .w-grid-item-h:hover .usg_post_image_1{transform:scale(1.05) translate(0%,0%);opacity:1;background:var(--color-header-transparent-text-hover)!important}.layout_277 .usg_post_image_1{position:absolute!important;left:0!important;top:0!important;bottom:0!important;right:0!important}<\/style><div class=\"w-grid-list owl-carousel valign_stretch dotstyle_smudge navstyle_4 arrows-ver-pos_middle arrows-hor-pos_on_sides_inside arrows-disabled_hide owl-responsive-2000 with_dots with_arrows\" style=\"--transition-duration:1050ms;--arrows-size:1.5rem;--arrows-hor-offset:20px;--arrows-gap:10px;\">\t<article class=\"w-grid-item size_1x1 post-1279 attachment type-attachment status-inherit hentry\" data-id=\"1279\">\r\n\t\t<div class=\"w-grid-item-h\">\r\n\t\t\t\t\t\t\t<a ref=\"magnificPopupGrid\" href=\"https:\/\/hotelvillaflorida.it\/wp-content\/uploads\/2024\/12\/bike01.jpg\" class=\"w-grid-item-anchor\" aria-label=\"hotel 4 stelle lago di garda\"><\/a>\r\n\t\t\t\t\t\t<div class=\"w-post-elm post_image usg_post_image_1 stretched\"><img loading=\"lazy\" decoding=\"async\" width=\"1024\" height=\"683\" src=\"https:\/\/hotelvillaflorida.it\/wp-content\/uploads\/2024\/12\/bike01.jpg\" class=\"attachment-large size-large\" alt=\"hotel 4 stelle lago di garda\" srcset=\"https:\/\/hotelvillaflorida.it\/wp-content\/uploads\/2024\/12\/bike01.jpg 1024w, https:\/\/hotelvillaflorida.it\/wp-content\/uploads\/2024\/12\/bike01-300x200.jpg 300w\" sizes=\"auto, (max-width: 1024px) 100vw, 1024px\" \/><\/div>\t\t<\/div>\r\n\t\t\t<\/article>\r\n\t<article class=\"w-grid-item size_1x1 post-1281 attachment type-attachment status-inherit hentry\" data-id=\"1281\">\r\n\t\t<div class=\"w-grid-item-h\">\r\n\t\t\t\t\t\t\t<a ref=\"magnificPopupGrid\" href=\"https:\/\/hotelvillaflorida.it\/wp-content\/uploads\/2024\/12\/bike02.jpg\" class=\"w-grid-item-anchor\" aria-label=\"hotel 4 stelle lago di garda\"><\/a>\r\n\t\t\t\t\t\t<div class=\"w-post-elm post_image usg_post_image_1 stretched\"><img loading=\"lazy\" decoding=\"async\" width=\"1024\" height=\"683\" src=\"https:\/\/hotelvillaflorida.it\/wp-content\/uploads\/2024\/12\/bike02.jpg\" class=\"attachment-large size-large\" alt=\"hotel 4 stelle lago di garda\" srcset=\"https:\/\/hotelvillaflorida.it\/wp-content\/uploads\/2024\/12\/bike02.jpg 1024w, https:\/\/hotelvillaflorida.it\/wp-content\/uploads\/2024\/12\/bike02-300x200.jpg 300w\" sizes=\"auto, (max-width: 1024px) 100vw, 1024px\" \/><\/div>\t\t<\/div>\r\n\t\t\t<\/article>\r\n\t<article class=\"w-grid-item size_1x1 post-1283 attachment type-attachment status-inherit hentry\" data-id=\"1283\">\r\n\t\t<div class=\"w-grid-item-h\">\r\n\t\t\t\t\t\t\t<a ref=\"magnificPopupGrid\" href=\"https:\/\/hotelvillaflorida.it\/wp-content\/uploads\/2024\/12\/bike03.jpg\" class=\"w-grid-item-anchor\" aria-label=\"hotel 4 stelle lago di garda\"><\/a>\r\n\t\t\t\t\t\t<div class=\"w-post-elm post_image usg_post_image_1 stretched\"><img loading=\"lazy\" decoding=\"async\" width=\"1024\" height=\"683\" src=\"https:\/\/hotelvillaflorida.it\/wp-content\/uploads\/2024\/12\/bike03.jpg\" class=\"attachment-large size-large\" alt=\"hotel 4 stelle lago di garda\" srcset=\"https:\/\/hotelvillaflorida.it\/wp-content\/uploads\/2024\/12\/bike03.jpg 1024w, https:\/\/hotelvillaflorida.it\/wp-content\/uploads\/2024\/12\/bike03-300x200.jpg 300w\" sizes=\"auto, (max-width: 1024px) 100vw, 1024px\" \/><\/div>\t\t<\/div>\r\n\t\t\t<\/article>\r\n<\/div><div class=\"w-grid-carousel-json hidden\" onclick='return {&quot;carousel_settings&quot;:{&quot;aria_labels&quot;:{&quot;prev&quot;:&quot;Zur\\u00fcck&quot;,&quot;next&quot;:&quot;Weiter&quot;},&quot;autoplayContinual&quot;:false,&quot;autoplayHoverPause&quot;:false,&quot;autoplayTimeout&quot;:3000,&quot;autoWidth&quot;:false,&quot;smartSpeed&quot;:1050,&quot;margin&quot;:0,&quot;mouseDrag&quot;:true,&quot;rtl&quot;:false,&quot;slideBy&quot;:&quot;1&quot;,&quot;touchDrag&quot;:true,&quot;slideTransition&quot;:&quot;&quot;,&quot;responsive&quot;:{&quot;0&quot;:{&quot;autoHeight&quot;:false,&quot;autoplay&quot;:true,&quot;autoWidth&quot;:false,&quot;center&quot;:false,&quot;dots&quot;:true,&quot;items&quot;:1,&quot;loop&quot;:true,&quot;nav&quot;:false,&quot;stagePadding&quot;:40,&quot;slideBy&quot;:&quot;1&quot;},&quot;601&quot;:{&quot;items&quot;:3,&quot;autoplay&quot;:false,&quot;center&quot;:false,&quot;dots&quot;:true,&quot;nav&quot;:true,&quot;autoHeight&quot;:false,&quot;autoWidth&quot;:false,&quot;loop&quot;:false,&quot;stagePadding&quot;:50}}}}'><\/div><\/div><\/div><\/div><\/div><\/div><\/section>\n","protected":false},"excerpt":{"rendered":"","protected":false},"author":1,"featured_media":1185,"parent":1489,"menu_order":68,"comment_status":"closed","ping_status":"closed","template":"","meta":{"_acf_changed":false,"footnotes":""},"evidenza":[38],"class_list":["post-1460","page","type-page","status-publish","has-post-thumbnail","hentry","evidenza-evidenza"],"acf":[],"yoast_head":"<!-- This site is optimized with the Yoast SEO plugin v27.5 - https:\/\/yoast.com\/product\/yoast-seo-wordpress\/ -->\n<title>Mountainbike Urlaub am Gardasee | Hotel Villa Florida<\/title>\n<meta name=\"description\" content=\"Radeln Sie entlang der atemberaubenden Strecken des Gardasees. Entdecken Sie die besten Mountainbike-Erlebnisse in der N\u00e4he des Hotels Villa Florida.\" \/>\n<meta name=\"robots\" content=\"index, follow, max-snippet:-1, max-image-preview:large, max-video-preview:-1\" \/>\n<link rel=\"canonical\" href=\"https:\/\/hotelvillaflorida.it\/de\/erlebnis-gardasee\/mountain-bike\/\" \/>\n<meta property=\"og:locale\" content=\"de_DE\" \/>\n<meta property=\"og:type\" content=\"article\" \/>\n<meta property=\"og:title\" content=\"Mountainbike Urlaub am Gardasee | Hotel Villa Florida\" \/>\n<meta property=\"og:description\" content=\"Radeln Sie entlang der atemberaubenden Strecken des Gardasees. Entdecken Sie die besten Mountainbike-Erlebnisse in der N\u00e4he des Hotels Villa Florida.\" \/>\n<meta property=\"og:url\" content=\"https:\/\/hotelvillaflorida.it\/de\/erlebnis-gardasee\/mountain-bike\/\" \/>\n<meta property=\"og:site_name\" content=\"Hotel Villa Florida\" \/>\n<meta property=\"article:publisher\" content=\"https:\/\/www.facebook.com\/HotelVillaFlorida\" \/>\n<meta property=\"article:modified_time\" content=\"2026-04-28T12:30:59+00:00\" \/>\n<meta property=\"og:image\" content=\"https:\/\/hotelvillaflorida.it\/wp-content\/uploads\/2024\/12\/bike-lago-di-garda.jpg\" \/>\n\t<meta property=\"og:image:width\" content=\"1980\" \/>\n\t<meta property=\"og:image:height\" content=\"1376\" \/>\n\t<meta property=\"og:image:type\" content=\"image\/jpeg\" \/>\n<meta name=\"twitter:card\" content=\"summary_large_image\" \/>\n<meta name=\"twitter:label1\" content=\"Gesch\u00e4tzte Lesezeit\" \/>\n\t<meta name=\"twitter:data1\" content=\"2\u00a0Minuten\" \/>\n<script type=\"application\/ld+json\" class=\"yoast-schema-graph\">{\"@context\":\"https:\\\/\\\/schema.org\",\"@graph\":[{\"@type\":\"WebPage\",\"@id\":\"https:\\\/\\\/hotelvillaflorida.it\\\/de\\\/erlebnis-gardasee\\\/mountain-bike\\\/\",\"url\":\"https:\\\/\\\/hotelvillaflorida.it\\\/de\\\/erlebnis-gardasee\\\/mountain-bike\\\/\",\"name\":\"Mountainbike Urlaub am Gardasee | Hotel Villa Florida\",\"isPartOf\":{\"@id\":\"https:\\\/\\\/hotelvillaflorida.it\\\/de\\\/#website\"},\"primaryImageOfPage\":{\"@id\":\"https:\\\/\\\/hotelvillaflorida.it\\\/de\\\/erlebnis-gardasee\\\/mountain-bike\\\/#primaryimage\"},\"image\":{\"@id\":\"https:\\\/\\\/hotelvillaflorida.it\\\/de\\\/erlebnis-gardasee\\\/mountain-bike\\\/#primaryimage\"},\"thumbnailUrl\":\"https:\\\/\\\/hotelvillaflorida.it\\\/wp-content\\\/uploads\\\/2024\\\/12\\\/bike-lago-di-garda.jpg\",\"datePublished\":\"2024-12-05T10:01:26+00:00\",\"dateModified\":\"2026-04-28T12:30:59+00:00\",\"description\":\"Radeln Sie entlang der atemberaubenden Strecken des Gardasees. Entdecken Sie die besten Mountainbike-Erlebnisse in der N\u00e4he des Hotels Villa Florida.\",\"breadcrumb\":{\"@id\":\"https:\\\/\\\/hotelvillaflorida.it\\\/de\\\/erlebnis-gardasee\\\/mountain-bike\\\/#breadcrumb\"},\"inLanguage\":\"de\",\"potentialAction\":[{\"@type\":\"ReadAction\",\"target\":[\"https:\\\/\\\/hotelvillaflorida.it\\\/de\\\/erlebnis-gardasee\\\/mountain-bike\\\/\"]}]},{\"@type\":\"ImageObject\",\"inLanguage\":\"de\",\"@id\":\"https:\\\/\\\/hotelvillaflorida.it\\\/de\\\/erlebnis-gardasee\\\/mountain-bike\\\/#primaryimage\",\"url\":\"https:\\\/\\\/hotelvillaflorida.it\\\/wp-content\\\/uploads\\\/2024\\\/12\\\/bike-lago-di-garda.jpg\",\"contentUrl\":\"https:\\\/\\\/hotelvillaflorida.it\\\/wp-content\\\/uploads\\\/2024\\\/12\\\/bike-lago-di-garda.jpg\",\"width\":1980,\"height\":1376,\"caption\":\"hotel 4 stelle lago di garda\"},{\"@type\":\"BreadcrumbList\",\"@id\":\"https:\\\/\\\/hotelvillaflorida.it\\\/de\\\/erlebnis-gardasee\\\/mountain-bike\\\/#breadcrumb\",\"itemListElement\":[{\"@type\":\"ListItem\",\"position\":1,\"name\":\"Home\",\"item\":\"https:\\\/\\\/hotelvillaflorida.it\\\/de\\\/\"},{\"@type\":\"ListItem\",\"position\":2,\"name\":\"Erlebnis Gardasee\",\"item\":\"https:\\\/\\\/hotelvillaflorida.it\\\/de\\\/erlebnis-gardasee\\\/\"},{\"@type\":\"ListItem\",\"position\":3,\"name\":\"Mountain bike\"}]},{\"@type\":\"WebSite\",\"@id\":\"https:\\\/\\\/hotelvillaflorida.it\\\/de\\\/#website\",\"url\":\"https:\\\/\\\/hotelvillaflorida.it\\\/de\\\/\",\"name\":\"Hotel Villa Florida\",\"description\":\"Hotel Villa Florida Gardone Riviera\",\"publisher\":{\"@id\":\"https:\\\/\\\/hotelvillaflorida.it\\\/de\\\/#organization\"},\"alternateName\":\"Hotel Villa Florida Gardone Riviera\",\"potentialAction\":[{\"@type\":\"SearchAction\",\"target\":{\"@type\":\"EntryPoint\",\"urlTemplate\":\"https:\\\/\\\/hotelvillaflorida.it\\\/de\\\/?s={search_term_string}\"},\"query-input\":{\"@type\":\"PropertyValueSpecification\",\"valueRequired\":true,\"valueName\":\"search_term_string\"}}],\"inLanguage\":\"de\"},{\"@type\":\"Organization\",\"@id\":\"https:\\\/\\\/hotelvillaflorida.it\\\/de\\\/#organization\",\"name\":\"Hotel Villa Florida\",\"alternateName\":\"Hotel Villa Florida Gardone Riviera\",\"url\":\"https:\\\/\\\/hotelvillaflorida.it\\\/de\\\/\",\"logo\":{\"@type\":\"ImageObject\",\"inLanguage\":\"de\",\"@id\":\"https:\\\/\\\/hotelvillaflorida.it\\\/de\\\/#\\\/schema\\\/logo\\\/image\\\/\",\"url\":\"https:\\\/\\\/hotelvillaflorida.it\\\/wp-content\\\/uploads\\\/2024\\\/12\\\/Risorsa-5.svg\",\"contentUrl\":\"https:\\\/\\\/hotelvillaflorida.it\\\/wp-content\\\/uploads\\\/2024\\\/12\\\/Risorsa-5.svg\",\"width\":\"1024\",\"height\":\"1024\",\"caption\":\"Hotel Villa Florida\"},\"image\":{\"@id\":\"https:\\\/\\\/hotelvillaflorida.it\\\/de\\\/#\\\/schema\\\/logo\\\/image\\\/\"},\"sameAs\":[\"https:\\\/\\\/www.facebook.com\\\/HotelVillaFlorida\"]}]}<\/script>\n<!-- \/ Yoast SEO plugin. -->","yoast_head_json":{"title":"Mountainbike Urlaub am Gardasee | Hotel Villa Florida","description":"Radeln Sie entlang der atemberaubenden Strecken des Gardasees. Entdecken Sie die besten Mountainbike-Erlebnisse in der N\u00e4he des Hotels Villa Florida.","robots":{"index":"index","follow":"follow","max-snippet":"max-snippet:-1","max-image-preview":"max-image-preview:large","max-video-preview":"max-video-preview:-1"},"canonical":"https:\/\/hotelvillaflorida.it\/de\/erlebnis-gardasee\/mountain-bike\/","og_locale":"de_DE","og_type":"article","og_title":"Mountainbike Urlaub am Gardasee | Hotel Villa Florida","og_description":"Radeln Sie entlang der atemberaubenden Strecken des Gardasees. Entdecken Sie die besten Mountainbike-Erlebnisse in der N\u00e4he des Hotels Villa Florida.","og_url":"https:\/\/hotelvillaflorida.it\/de\/erlebnis-gardasee\/mountain-bike\/","og_site_name":"Hotel Villa Florida","article_publisher":"https:\/\/www.facebook.com\/HotelVillaFlorida","article_modified_time":"2026-04-28T12:30:59+00:00","og_image":[{"width":1980,"height":1376,"url":"https:\/\/hotelvillaflorida.it\/wp-content\/uploads\/2024\/12\/bike-lago-di-garda.jpg","type":"image\/jpeg"}],"twitter_card":"summary_large_image","twitter_misc":{"Gesch\u00e4tzte Lesezeit":"2\u00a0Minuten"},"schema":{"@context":"https:\/\/schema.org","@graph":[{"@type":"WebPage","@id":"https:\/\/hotelvillaflorida.it\/de\/erlebnis-gardasee\/mountain-bike\/","url":"https:\/\/hotelvillaflorida.it\/de\/erlebnis-gardasee\/mountain-bike\/","name":"Mountainbike Urlaub am Gardasee | Hotel Villa Florida","isPartOf":{"@id":"https:\/\/hotelvillaflorida.it\/de\/#website"},"primaryImageOfPage":{"@id":"https:\/\/hotelvillaflorida.it\/de\/erlebnis-gardasee\/mountain-bike\/#primaryimage"},"image":{"@id":"https:\/\/hotelvillaflorida.it\/de\/erlebnis-gardasee\/mountain-bike\/#primaryimage"},"thumbnailUrl":"https:\/\/hotelvillaflorida.it\/wp-content\/uploads\/2024\/12\/bike-lago-di-garda.jpg","datePublished":"2024-12-05T10:01:26+00:00","dateModified":"2026-04-28T12:30:59+00:00","description":"Radeln Sie entlang der atemberaubenden Strecken des Gardasees. Entdecken Sie die besten Mountainbike-Erlebnisse in der N\u00e4he des Hotels Villa Florida.","breadcrumb":{"@id":"https:\/\/hotelvillaflorida.it\/de\/erlebnis-gardasee\/mountain-bike\/#breadcrumb"},"inLanguage":"de","potentialAction":[{"@type":"ReadAction","target":["https:\/\/hotelvillaflorida.it\/de\/erlebnis-gardasee\/mountain-bike\/"]}]},{"@type":"ImageObject","inLanguage":"de","@id":"https:\/\/hotelvillaflorida.it\/de\/erlebnis-gardasee\/mountain-bike\/#primaryimage","url":"https:\/\/hotelvillaflorida.it\/wp-content\/uploads\/2024\/12\/bike-lago-di-garda.jpg","contentUrl":"https:\/\/hotelvillaflorida.it\/wp-content\/uploads\/2024\/12\/bike-lago-di-garda.jpg","width":1980,"height":1376,"caption":"hotel 4 stelle lago di garda"},{"@type":"BreadcrumbList","@id":"https:\/\/hotelvillaflorida.it\/de\/erlebnis-gardasee\/mountain-bike\/#breadcrumb","itemListElement":[{"@type":"ListItem","position":1,"name":"Home","item":"https:\/\/hotelvillaflorida.it\/de\/"},{"@type":"ListItem","position":2,"name":"Erlebnis Gardasee","item":"https:\/\/hotelvillaflorida.it\/de\/erlebnis-gardasee\/"},{"@type":"ListItem","position":3,"name":"Mountain bike"}]},{"@type":"WebSite","@id":"https:\/\/hotelvillaflorida.it\/de\/#website","url":"https:\/\/hotelvillaflorida.it\/de\/","name":"Hotel Villa Florida","description":"Hotel Villa Florida Gardone Riviera","publisher":{"@id":"https:\/\/hotelvillaflorida.it\/de\/#organization"},"alternateName":"Hotel Villa Florida Gardone Riviera","potentialAction":[{"@type":"SearchAction","target":{"@type":"EntryPoint","urlTemplate":"https:\/\/hotelvillaflorida.it\/de\/?s={search_term_string}"},"query-input":{"@type":"PropertyValueSpecification","valueRequired":true,"valueName":"search_term_string"}}],"inLanguage":"de"},{"@type":"Organization","@id":"https:\/\/hotelvillaflorida.it\/de\/#organization","name":"Hotel Villa Florida","alternateName":"Hotel Villa Florida Gardone Riviera","url":"https:\/\/hotelvillaflorida.it\/de\/","logo":{"@type":"ImageObject","inLanguage":"de","@id":"https:\/\/hotelvillaflorida.it\/de\/#\/schema\/logo\/image\/","url":"https:\/\/hotelvillaflorida.it\/wp-content\/uploads\/2024\/12\/Risorsa-5.svg","contentUrl":"https:\/\/hotelvillaflorida.it\/wp-content\/uploads\/2024\/12\/Risorsa-5.svg","width":"1024","height":"1024","caption":"Hotel Villa Florida"},"image":{"@id":"https:\/\/hotelvillaflorida.it\/de\/#\/schema\/logo\/image\/"},"sameAs":["https:\/\/www.facebook.com\/HotelVillaFlorida"]}]}},"publishpress_future_workflow_manual_trigger":{"enabledWorkflows":[]},"_links":{"self":[{"href":"https:\/\/hotelvillaflorida.it\/de\/wp-json\/wp\/v2\/pages\/1460","targetHints":{"allow":["GET"]}}],"collection":[{"href":"https:\/\/hotelvillaflorida.it\/de\/wp-json\/wp\/v2\/pages"}],"about":[{"href":"https:\/\/hotelvillaflorida.it\/de\/wp-json\/wp\/v2\/types\/page"}],"author":[{"embeddable":true,"href":"https:\/\/hotelvillaflorida.it\/de\/wp-json\/wp\/v2\/users\/1"}],"replies":[{"embeddable":true,"href":"https:\/\/hotelvillaflorida.it\/de\/wp-json\/wp\/v2\/comments?post=1460"}],"version-history":[{"count":3,"href":"https:\/\/hotelvillaflorida.it\/de\/wp-json\/wp\/v2\/pages\/1460\/revisions"}],"predecessor-version":[{"id":4033,"href":"https:\/\/hotelvillaflorida.it\/de\/wp-json\/wp\/v2\/pages\/1460\/revisions\/4033"}],"up":[{"embeddable":true,"href":"https:\/\/hotelvillaflorida.it\/de\/wp-json\/wp\/v2\/pages\/1489"}],"wp:featuredmedia":[{"embeddable":true,"href":"https:\/\/hotelvillaflorida.it\/de\/wp-json\/wp\/v2\/media\/1185"}],"wp:attachment":[{"href":"https:\/\/hotelvillaflorida.it\/de\/wp-json\/wp\/v2\/media?parent=1460"}],"wp:term":[{"taxonomy":"evidenza","embeddable":true,"href":"https:\/\/hotelvillaflorida.it\/de\/wp-json\/wp\/v2\/evidenza?post=1460"}],"curies":[{"name":"wp","href":"https:\/\/api.w.org\/{rel}","templated":true}]}}