{"id":1442,"date":"2024-12-05T11:01:07","date_gmt":"2024-12-05T10:01:07","guid":{"rendered":"https:\/\/hotelvillaflorida.it\/golf\/"},"modified":"2025-10-07T14:27:44","modified_gmt":"2025-10-07T12:27:44","slug":"golf","status":"publish","type":"page","link":"https:\/\/hotelvillaflorida.it\/de\/erlebnis-gardasee\/golf\/","title":{"rendered":"Golf"},"content":{"rendered":"<section class=\"l-section wpb_row us_custom_3a797162 hide_on_mobiles height_small\"><div class=\"l-section-overlay\" style=\"background:linear-gradient(180deg,rgba(0,0,0,0.00),rgba(0,0,0,0.20))\"><\/div><div class=\"l-section-h i-cf\"><div class=\"g-cols vc_row via_grid cols_1 laptops-cols_inherit tablets-cols_inherit mobiles-cols_1 valign_bottom type_default stacking_default\"><div class=\"wpb_column vc_column_container us_custom_3581a2d8\"><div class=\"vc_column-inner\"><nav class=\"g-breadcrumbs us_custom_c68474d9 has_text_color separator_icon align_right\" itemscope itemtype=\"http:\/\/schema.org\/BreadcrumbList\"><div class=\"g-breadcrumbs-item\" itemscope itemprop=\"itemListElement\" itemtype=\"http:\/\/schema.org\/ListItem\"><a itemprop=\"item\" href=\"https:\/\/hotelvillaflorida.it\/de\/\"><span itemprop=\"name\">Start<\/span><\/a><meta itemprop=\"position\" content=\"1\"\/><\/div><div class=\"g-breadcrumbs-separator\"><i class=\"far fa-angle-right\"><\/i><\/div><div class=\"g-breadcrumbs-item\">Seiten<\/div><\/nav><\/div><\/div><\/div><\/div><\/section><section class=\"l-section wpb_row us_custom_3a797162 hide_on_default hide_on_laptops hide_on_tablets height_small\"><div class=\"l-section-overlay\" style=\"background:linear-gradient(180deg,rgba(0,0,0,0.00),rgba(0,0,0,0.20))\"><\/div><div class=\"l-section-h i-cf\"><div class=\"g-cols vc_row via_grid cols_1 laptops-cols_inherit tablets-cols_inherit mobiles-cols_1 valign_bottom type_default stacking_default\"><div class=\"wpb_column vc_column_container us_custom_ad22d5c8 hide_on_default hide_on_laptops hide_on_tablets\"><div class=\"vc_column-inner\"><nav class=\"g-breadcrumbs us_custom_c68474d9 has_text_color separator_icon align_right hide_current\" itemscope itemtype=\"http:\/\/schema.org\/BreadcrumbList\"><div class=\"g-breadcrumbs-item\" itemscope itemprop=\"itemListElement\" itemtype=\"http:\/\/schema.org\/ListItem\"><a itemprop=\"item\" href=\"https:\/\/hotelvillaflorida.it\/de\/\"><span itemprop=\"name\">Start<\/span><\/a><meta itemprop=\"position\" content=\"1\"\/><\/div><div class=\"g-breadcrumbs-separator\"><i class=\"far fa-angle-right\"><\/i><\/div><div class=\"g-breadcrumbs-item\">Seiten<\/div><\/nav><\/div><\/div><\/div><\/div><\/section><section class=\"l-section wpb_row height_medium\" id=\"prima\"><div class=\"l-section-h i-cf\"><div class=\"g-cols vc_row via_grid cols_1 laptops-cols_inherit tablets-cols_inherit mobiles-cols_1 valign_top type_default stacking_default\"><div class=\"wpb_column vc_column_container\"><div class=\"vc_column-inner\"><div class=\"w-vwrapper us_custom_c97daedd align_center valign_top\"><div class=\"w-text us_custom_d056f26d has_text_color\"><span class=\"w-text-h\"><span class=\"w-text-value\">Gardasee-Erlebnisse<\/span><\/span><\/div><h1 class=\"w-text us_custom_201b0d3e\"><span class=\"w-text-h\"><span class=\"w-text-value\">Golf Hotel Gardasee<\/span><\/span><\/h1><h3 class=\"w-text us_custom_ebbdc731\"><span class=\"w-text-h\"><span class=\"w-text-value\">Der Charme von Golf am Gardasee, ein unvergessliches Erlebnis<\/span><\/span><\/h3><div class=\"w-separator size_large\"><\/div><\/div><div class=\"g-cols wpb_row via_grid cols_3 laptops-cols_inherit tablets-cols_inherit mobiles-cols_1 valign_top type_default stacking_default\" style=\"--columns-gap:4.5rem;--laptops-columns-gap:4.5rem;--tablets-columns-gap:2rem;--mobiles-columns-gap:2rem;\"><div class=\"wpb_column vc_column_container\"><div class=\"vc_column-inner\"><div class=\"wpb_text_column\"><div class=\"wpb_wrapper\"><p class=\"p1\">Ob erfahrener Spieler oder Anf\u00e4nger, Sie finden den perfekten Platz f\u00fcr Ihr Niveau und Ihren Spielstil.<\/p>\n<\/div><\/div><\/div><\/div><div class=\"wpb_column vc_column_container\"><div class=\"vc_column-inner\"><div class=\"wpb_text_column\"><div class=\"wpb_wrapper\"><p><strong>Golf Club Bogliaco &#8211; Der Golfplatz ist 10 km vom Hotel entfernt<\/strong><br \/>\nEin historischer 18-Loch-Platz in einer nat\u00fcrlichen Mulde mit Panoramablick auf den See. Ein spannendes und suggestives Spielerlebnis<\/p>\n<\/div><\/div><\/div><\/div><div class=\"wpb_column vc_column_container\"><div class=\"vc_column-inner\"><div class=\"wpb_text_column\"><div class=\"wpb_wrapper\"><p><strong>Colombaro Golf Club &#8211; Der Golfplatz ist 10 km vom Hotel entfernt<\/strong><br \/>\nEin 9-Loch-Platz, ideal f\u00fcr alle, die Golf in einem informellen und entspannten Rahmen spielen m\u00f6chten. Der Platz, der f\u00fcr Spieler aller Niveaus geeignet ist, schl\u00e4ngelt sich durch sanfte H\u00fcgel und bietet herrliche Ausblicke auf den Gardasee.<\/p>\n<\/div><\/div><\/div><\/div><\/div><div class=\"w-separator size_medium\"><\/div><div class=\"g-cols wpb_row via_grid cols_3 laptops-cols_inherit tablets-cols_inherit mobiles-cols_1 valign_top type_default stacking_default\" style=\"--columns-gap:4.5rem;--laptops-columns-gap:4.5rem;--tablets-columns-gap:2rem;--mobiles-columns-gap:2rem;\"><div class=\"wpb_column vc_column_container\"><div class=\"vc_column-inner\"><div class=\"wpb_text_column\"><div class=\"wpb_wrapper\"><p><strong>Gardagolf Country Club &#8211; Der Golfplatz ist 16 km vom Hotel entfernt<\/strong><br \/>\nEin 27-Loch-Platz in den H\u00fcgeln des Mor\u00e4nenhinterlandes des Gardasees. Ein technischer und anspruchsvoller Platz, perfekt f\u00fcr alle, die Herausforderungen lieben<\/p>\n<\/div><\/div><\/div><\/div><div class=\"wpb_column vc_column_container\"><div class=\"vc_column-inner\"><div class=\"wpb_text_column\"><div class=\"wpb_wrapper\"><p><strong>Arzaga &#8211; Der Golfplatz ist 27 km vom Hotel entfernt<\/strong><br \/>\nEin 18-Loch-Platz, nur wenige Kilometer vom Hotel Villa Florida entfernt. Eine gr\u00fcne Oase mit Golfpl\u00e4tzen auf h\u00f6chstem Niveau, einem Wellnesscenter und einem eleganten Clubhaus<\/p>\n<\/div><\/div><\/div><\/div><div class=\"wpb_column vc_column_container\"><div class=\"vc_column-inner\"><div class=\"wpb_text_column\"><div class=\"wpb_wrapper\"><p><strong>Golf Club Franciacorta &#8211; Etwa 1 Stunde vom Hotel entfernt<\/strong><br \/>\nEin 27-Loch-Platz, der vom amerikanischen Architekten Pete Dye entworfen wurde, ist ein wahres Meisterwerk des Designs und schl\u00e4ngelt sich durch Weinberge und W\u00e4lder und bietet den Spielern atemberaubende Panoramen und ein einzigartiges Spielerlebnis \u2013 Golfclub Franciacorta<\/p>\n<\/div><\/div><\/div><\/div><\/div><div class=\"w-separator size_medium\"><\/div><div class=\"w-vwrapper us_custom_972d4a60 align_center valign_top\"><h3 class=\"w-text us_custom_8ac662a2 has_text_color\"><span class=\"w-text-h\"><span class=\"w-text-value\">Schreiben Sie uns, um ein individuelles Angebot f\u00fcr Ihren Golfausflug zu erhalten<\/span><\/span><\/h3><div class=\"w-text us_custom_58b1af09\"><a target=\"_blank\" href=\"mailto:info@hotelvillaflorida.com\" class=\"w-text-h\"><span class=\"w-text-value\">info@hotelvillaflorida.com<\/span><\/a><\/div><\/div><\/div><\/div><\/div><\/div><\/section><section class=\"l-section wpb_row height_medium\"><div class=\"l-section-h i-cf\"><div class=\"g-cols vc_row via_grid cols_1 laptops-cols_inherit tablets-cols_inherit mobiles-cols_1 valign_top type_default stacking_default\"><div class=\"wpb_column vc_column_container\"><div class=\"vc_column-inner\"><div class=\"w-grid us_carousel us_custom_eaca26c6 centro us_animate_this type_carousel layout_277 preload_style_spinner items_3 ratio_1x1\" id=\"us_grid_1\" style=\"--items:3;--gap:0.5rem;--item-ratio:1;\"><style>.layout_277 .w-grid-item-h{border-radius:0.1rem}.layout_277 .usg_post_image_1{transition-duration:0.3s;transform-origin:50% 50%;transform:scale(1) translate(0%,0%)}.layout_277 .w-grid-item-h:focus-within .usg_post_image_1,.layout_277 .w-grid-item-h:hover .usg_post_image_1{transform:scale(1.05) translate(0%,0%);opacity:1;background:var(--color-header-transparent-text-hover)!important}.layout_277 .usg_post_image_1{position:absolute!important;left:0!important;top:0!important;bottom:0!important;right:0!important}<\/style><div class=\"w-grid-list owl-carousel valign_stretch dotstyle_smudge navstyle_4 arrows-ver-pos_middle arrows-hor-pos_on_sides_inside arrows-disabled_hide owl-responsive-2000 with_dots with_arrows\" style=\"--transition-duration:1050ms;--arrows-size:1.5rem;--arrows-hor-offset:calc(20px - 0.5rem);--arrows-gap:10px;\">\t<article class=\"w-grid-item post-1147 attachment type-attachment status-inherit hentry\" data-id=\"1147\">\r\n\t\t<div class=\"w-grid-item-h\">\r\n\t\t\t\t\t\t\t<a ref=\"magnificPopupGrid\" href=\"https:\/\/hotelvillaflorida.it\/wp-content\/uploads\/2024\/12\/golf-arzaga-golf-club.jpg\" class=\"w-grid-item-anchor\" aria-label=\"gardasee 4 sterne hotels\"><\/a>\r\n\t\t\t\t\t\t<div class=\"w-post-elm post_image usg_post_image_1 stretched\"><img loading=\"lazy\" decoding=\"async\" width=\"1024\" height=\"683\" src=\"https:\/\/hotelvillaflorida.it\/wp-content\/uploads\/2024\/12\/golf-arzaga-golf-club.jpg\" class=\"attachment-large size-large\" alt=\"gardasee 4 sterne hotels\" srcset=\"https:\/\/hotelvillaflorida.it\/wp-content\/uploads\/2024\/12\/golf-arzaga-golf-club.jpg 1024w, https:\/\/hotelvillaflorida.it\/wp-content\/uploads\/2024\/12\/golf-arzaga-golf-club-300x200.jpg 300w\" sizes=\"auto, (max-width: 1024px) 100vw, 1024px\" \/><\/div>\t\t<\/div>\r\n\t\t\t<\/article>\r\n\t<article class=\"w-grid-item post-1265 attachment type-attachment status-inherit hentry\" data-id=\"1265\">\r\n\t\t<div class=\"w-grid-item-h\">\r\n\t\t\t\t\t\t\t<a ref=\"magnificPopupGrid\" href=\"https:\/\/hotelvillaflorida.it\/wp-content\/uploads\/2024\/12\/golf-franciacorta-golf-club.jpg\" class=\"w-grid-item-anchor\" aria-label=\"gardasee 4 sterne hotels\"><\/a>\r\n\t\t\t\t\t\t<div class=\"w-post-elm post_image usg_post_image_1 stretched\"><img loading=\"lazy\" decoding=\"async\" width=\"1024\" height=\"683\" src=\"https:\/\/hotelvillaflorida.it\/wp-content\/uploads\/2024\/12\/golf-franciacorta-golf-club.jpg\" class=\"attachment-large size-large\" alt=\"gardasee 4 sterne hotels\" srcset=\"https:\/\/hotelvillaflorida.it\/wp-content\/uploads\/2024\/12\/golf-franciacorta-golf-club.jpg 1024w, https:\/\/hotelvillaflorida.it\/wp-content\/uploads\/2024\/12\/golf-franciacorta-golf-club-300x200.jpg 300w\" sizes=\"auto, (max-width: 1024px) 100vw, 1024px\" \/><\/div>\t\t<\/div>\r\n\t\t\t<\/article>\r\n\t<article class=\"w-grid-item post-1267 attachment type-attachment status-inherit hentry\" data-id=\"1267\">\r\n\t\t<div class=\"w-grid-item-h\">\r\n\t\t\t\t\t\t\t<a ref=\"magnificPopupGrid\" href=\"https:\/\/hotelvillaflorida.it\/wp-content\/uploads\/2024\/12\/golf-gardagolf.jpg\" class=\"w-grid-item-anchor\" aria-label=\"hotel 4 stelle lago di garda\"><\/a>\r\n\t\t\t\t\t\t<div class=\"w-post-elm post_image usg_post_image_1 stretched\"><img loading=\"lazy\" decoding=\"async\" width=\"1024\" height=\"683\" src=\"https:\/\/hotelvillaflorida.it\/wp-content\/uploads\/2024\/12\/golf-gardagolf.jpg\" class=\"attachment-large size-large\" alt=\"hotel 4 stelle lago di garda\" srcset=\"https:\/\/hotelvillaflorida.it\/wp-content\/uploads\/2024\/12\/golf-gardagolf.jpg 1024w, https:\/\/hotelvillaflorida.it\/wp-content\/uploads\/2024\/12\/golf-gardagolf-300x200.jpg 300w\" sizes=\"auto, (max-width: 1024px) 100vw, 1024px\" \/><\/div>\t\t<\/div>\r\n\t\t\t<\/article>\r\n\t<article class=\"w-grid-item post-1269 attachment type-attachment status-inherit hentry\" data-id=\"1269\">\r\n\t\t<div class=\"w-grid-item-h\">\r\n\t\t\t\t\t\t\t<a ref=\"magnificPopupGrid\" href=\"https:\/\/hotelvillaflorida.it\/wp-content\/uploads\/2024\/12\/golf-golf-club-colombaro.jpg\" class=\"w-grid-item-anchor\" aria-label=\"hotel 4 stelle lago di garda\"><\/a>\r\n\t\t\t\t\t\t<div class=\"w-post-elm post_image usg_post_image_1 stretched\"><img loading=\"lazy\" decoding=\"async\" width=\"1024\" height=\"683\" src=\"https:\/\/hotelvillaflorida.it\/wp-content\/uploads\/2024\/12\/golf-golf-club-colombaro.jpg\" class=\"attachment-large size-large\" alt=\"hotel 4 stelle lago di garda\" srcset=\"https:\/\/hotelvillaflorida.it\/wp-content\/uploads\/2024\/12\/golf-golf-club-colombaro.jpg 1024w, https:\/\/hotelvillaflorida.it\/wp-content\/uploads\/2024\/12\/golf-golf-club-colombaro-300x200.jpg 300w\" sizes=\"auto, (max-width: 1024px) 100vw, 1024px\" \/><\/div>\t\t<\/div>\r\n\t\t\t<\/article>\r\n\t<article class=\"w-grid-item post-1271 attachment type-attachment status-inherit hentry\" data-id=\"1271\">\r\n\t\t<div class=\"w-grid-item-h\">\r\n\t\t\t\t\t\t\t<a ref=\"magnificPopupGrid\" href=\"https:\/\/hotelvillaflorida.it\/wp-content\/uploads\/2024\/12\/golf-bogliaco-golf-club.jpg\" class=\"w-grid-item-anchor\" aria-label=\"hotel 4 stelle lago di garda\"><\/a>\r\n\t\t\t\t\t\t<div class=\"w-post-elm post_image usg_post_image_1 stretched\"><img loading=\"lazy\" decoding=\"async\" width=\"1024\" height=\"683\" src=\"https:\/\/hotelvillaflorida.it\/wp-content\/uploads\/2024\/12\/golf-bogliaco-golf-club.jpg\" class=\"attachment-large size-large\" alt=\"hotel 4 stelle lago di garda\" srcset=\"https:\/\/hotelvillaflorida.it\/wp-content\/uploads\/2024\/12\/golf-bogliaco-golf-club.jpg 1024w, https:\/\/hotelvillaflorida.it\/wp-content\/uploads\/2024\/12\/golf-bogliaco-golf-club-300x200.jpg 300w\" sizes=\"auto, (max-width: 1024px) 100vw, 1024px\" \/><\/div>\t\t<\/div>\r\n\t\t\t<\/article>\r\n\t<article class=\"w-grid-item post-2466 attachment type-attachment status-inherit hentry\" data-id=\"2466\">\r\n\t\t<div class=\"w-grid-item-h\">\r\n\t\t\t\t\t\t\t<a ref=\"magnificPopupGrid\" href=\"https:\/\/hotelvillaflorida.it\/wp-content\/uploads\/2025\/03\/Foto-golf-gerry-scaled.jpg\" class=\"w-grid-item-anchor\" aria-label=\"Hotel Villa Florida - Gardone Riviera on Lake Garda\"><\/a>\r\n\t\t\t\t\t\t<div class=\"w-post-elm post_image usg_post_image_1 stretched\"><img loading=\"lazy\" decoding=\"async\" width=\"717\" height=\"1024\" src=\"https:\/\/hotelvillaflorida.it\/wp-content\/uploads\/2025\/03\/Foto-golf-gerry-717x1024.jpg\" class=\"attachment-large size-large\" alt=\"Hotel Villa Florida - Gardone Riviera on Lake Garda\" srcset=\"https:\/\/hotelvillaflorida.it\/wp-content\/uploads\/2025\/03\/Foto-golf-gerry-717x1024.jpg 717w, https:\/\/hotelvillaflorida.it\/wp-content\/uploads\/2025\/03\/Foto-golf-gerry-210x300.jpg 210w, https:\/\/hotelvillaflorida.it\/wp-content\/uploads\/2025\/03\/Foto-golf-gerry-scaled.jpg 1792w\" sizes=\"auto, (max-width: 717px) 100vw, 717px\" \/><\/div>\t\t<\/div>\r\n\t\t\t<\/article>\r\n<\/div><div class=\"w-grid-carousel-json hidden\" onclick='return {&quot;carousel_settings&quot;:{&quot;aria_labels&quot;:{&quot;prev&quot;:&quot;Zur\\u00fcck&quot;,&quot;next&quot;:&quot;Weiter&quot;},&quot;autoplayContinual&quot;:false,&quot;autoplayHoverPause&quot;:false,&quot;autoplayTimeout&quot;:3000,&quot;autoWidth&quot;:false,&quot;smartSpeed&quot;:1050,&quot;margin&quot;:0,&quot;mouseDrag&quot;:true,&quot;rtl&quot;:false,&quot;slideBy&quot;:&quot;1&quot;,&quot;touchDrag&quot;:true,&quot;slideTransition&quot;:&quot;&quot;,&quot;responsive&quot;:{&quot;0&quot;:{&quot;autoHeight&quot;:false,&quot;autoplay&quot;:true,&quot;autoWidth&quot;:false,&quot;center&quot;:false,&quot;dots&quot;:true,&quot;items&quot;:1,&quot;loop&quot;:true,&quot;nav&quot;:false,&quot;stagePadding&quot;:40,&quot;slideBy&quot;:&quot;1&quot;},&quot;601&quot;:{&quot;items&quot;:3,&quot;autoplay&quot;:false,&quot;center&quot;:false,&quot;dots&quot;:true,&quot;nav&quot;:true,&quot;autoHeight&quot;:false,&quot;autoWidth&quot;:false,&quot;loop&quot;:true,&quot;stagePadding&quot;:50}}}}'><\/div><\/div><\/div><\/div><\/div><\/div><\/section>\n","protected":false},"excerpt":{"rendered":"","protected":false},"author":1,"featured_media":1145,"parent":1489,"menu_order":35,"comment_status":"closed","ping_status":"closed","template":"","meta":{"_acf_changed":false,"footnotes":""},"evidenza":[38],"class_list":["post-1442","page","type-page","status-publish","has-post-thumbnail","hentry","evidenza-evidenza"],"acf":[],"yoast_head":"<!-- This site is optimized with the Yoast SEO plugin v27.4 - https:\/\/yoast.com\/product\/yoast-seo-wordpress\/ -->\n<title>Golf am Gardasee | Hotel Villa Florida<\/title>\n<meta name=\"description\" content=\"Erleben Sie die Leidenschaft f\u00fcr Golf in der N\u00e4he des Hotels Villa Florida. Exklusive Pl\u00e4tze am Gardasee f\u00fcr ein unvergessliches Erlebnis.\" \/>\n<meta name=\"robots\" content=\"index, follow, max-snippet:-1, max-image-preview:large, max-video-preview:-1\" \/>\n<link rel=\"canonical\" href=\"https:\/\/hotelvillaflorida.it\/de\/erlebnis-gardasee\/golf\/\" \/>\n<meta property=\"og:locale\" content=\"de_DE\" \/>\n<meta property=\"og:type\" content=\"article\" \/>\n<meta property=\"og:title\" content=\"Golf am Gardasee | Hotel Villa Florida\" \/>\n<meta property=\"og:description\" content=\"Erleben Sie die Leidenschaft f\u00fcr Golf in der N\u00e4he des Hotels Villa Florida. Exklusive Pl\u00e4tze am Gardasee f\u00fcr ein unvergessliches Erlebnis.\" \/>\n<meta property=\"og:url\" content=\"https:\/\/hotelvillaflorida.it\/de\/erlebnis-gardasee\/golf\/\" \/>\n<meta property=\"og:site_name\" content=\"Hotel Villa Florida\" \/>\n<meta property=\"article:publisher\" content=\"https:\/\/www.facebook.com\/HotelVillaFlorida\" \/>\n<meta property=\"article:modified_time\" content=\"2025-10-07T12:27:44+00:00\" \/>\n<meta property=\"og:image\" content=\"https:\/\/hotelvillaflorida.it\/wp-content\/uploads\/2024\/12\/golf-lago-di-garda-1.jpeg\" \/>\n\t<meta property=\"og:image:width\" content=\"1600\" \/>\n\t<meta property=\"og:image:height\" content=\"900\" \/>\n\t<meta property=\"og:image:type\" content=\"image\/jpeg\" \/>\n<meta name=\"twitter:card\" content=\"summary_large_image\" \/>\n<meta name=\"twitter:label1\" content=\"Gesch\u00e4tzte Lesezeit\" \/>\n\t<meta name=\"twitter:data1\" content=\"2\u00a0Minuten\" \/>\n<script type=\"application\/ld+json\" class=\"yoast-schema-graph\">{\"@context\":\"https:\\\/\\\/schema.org\",\"@graph\":[{\"@type\":\"WebPage\",\"@id\":\"https:\\\/\\\/hotelvillaflorida.it\\\/de\\\/erlebnis-gardasee\\\/golf\\\/\",\"url\":\"https:\\\/\\\/hotelvillaflorida.it\\\/de\\\/erlebnis-gardasee\\\/golf\\\/\",\"name\":\"Golf am Gardasee | Hotel Villa Florida\",\"isPartOf\":{\"@id\":\"https:\\\/\\\/hotelvillaflorida.it\\\/de\\\/#website\"},\"primaryImageOfPage\":{\"@id\":\"https:\\\/\\\/hotelvillaflorida.it\\\/de\\\/erlebnis-gardasee\\\/golf\\\/#primaryimage\"},\"image\":{\"@id\":\"https:\\\/\\\/hotelvillaflorida.it\\\/de\\\/erlebnis-gardasee\\\/golf\\\/#primaryimage\"},\"thumbnailUrl\":\"https:\\\/\\\/hotelvillaflorida.it\\\/wp-content\\\/uploads\\\/2024\\\/12\\\/golf-lago-di-garda-1.jpeg\",\"datePublished\":\"2024-12-05T10:01:07+00:00\",\"dateModified\":\"2025-10-07T12:27:44+00:00\",\"description\":\"Erleben Sie die Leidenschaft f\u00fcr Golf in der N\u00e4he des Hotels Villa Florida. Exklusive Pl\u00e4tze am Gardasee f\u00fcr ein unvergessliches Erlebnis.\",\"breadcrumb\":{\"@id\":\"https:\\\/\\\/hotelvillaflorida.it\\\/de\\\/erlebnis-gardasee\\\/golf\\\/#breadcrumb\"},\"inLanguage\":\"de\",\"potentialAction\":[{\"@type\":\"ReadAction\",\"target\":[\"https:\\\/\\\/hotelvillaflorida.it\\\/de\\\/erlebnis-gardasee\\\/golf\\\/\"]}]},{\"@type\":\"ImageObject\",\"inLanguage\":\"de\",\"@id\":\"https:\\\/\\\/hotelvillaflorida.it\\\/de\\\/erlebnis-gardasee\\\/golf\\\/#primaryimage\",\"url\":\"https:\\\/\\\/hotelvillaflorida.it\\\/wp-content\\\/uploads\\\/2024\\\/12\\\/golf-lago-di-garda-1.jpeg\",\"contentUrl\":\"https:\\\/\\\/hotelvillaflorida.it\\\/wp-content\\\/uploads\\\/2024\\\/12\\\/golf-lago-di-garda-1.jpeg\",\"width\":1600,\"height\":900,\"caption\":\"gardasee 4 sterne hotels\"},{\"@type\":\"BreadcrumbList\",\"@id\":\"https:\\\/\\\/hotelvillaflorida.it\\\/de\\\/erlebnis-gardasee\\\/golf\\\/#breadcrumb\",\"itemListElement\":[{\"@type\":\"ListItem\",\"position\":1,\"name\":\"Home\",\"item\":\"https:\\\/\\\/hotelvillaflorida.it\\\/de\\\/\"},{\"@type\":\"ListItem\",\"position\":2,\"name\":\"Erlebnis Gardasee\",\"item\":\"https:\\\/\\\/hotelvillaflorida.it\\\/de\\\/erlebnis-gardasee\\\/\"},{\"@type\":\"ListItem\",\"position\":3,\"name\":\"Golf\"}]},{\"@type\":\"WebSite\",\"@id\":\"https:\\\/\\\/hotelvillaflorida.it\\\/de\\\/#website\",\"url\":\"https:\\\/\\\/hotelvillaflorida.it\\\/de\\\/\",\"name\":\"Hotel Villa Florida\",\"description\":\"Hotel Villa Florida Gardone Riviera\",\"publisher\":{\"@id\":\"https:\\\/\\\/hotelvillaflorida.it\\\/de\\\/#organization\"},\"alternateName\":\"Hotel Villa Florida Gardone Riviera\",\"potentialAction\":[{\"@type\":\"SearchAction\",\"target\":{\"@type\":\"EntryPoint\",\"urlTemplate\":\"https:\\\/\\\/hotelvillaflorida.it\\\/de\\\/?s={search_term_string}\"},\"query-input\":{\"@type\":\"PropertyValueSpecification\",\"valueRequired\":true,\"valueName\":\"search_term_string\"}}],\"inLanguage\":\"de\"},{\"@type\":\"Organization\",\"@id\":\"https:\\\/\\\/hotelvillaflorida.it\\\/de\\\/#organization\",\"name\":\"Hotel Villa Florida\",\"alternateName\":\"Hotel Villa Florida Gardone Riviera\",\"url\":\"https:\\\/\\\/hotelvillaflorida.it\\\/de\\\/\",\"logo\":{\"@type\":\"ImageObject\",\"inLanguage\":\"de\",\"@id\":\"https:\\\/\\\/hotelvillaflorida.it\\\/de\\\/#\\\/schema\\\/logo\\\/image\\\/\",\"url\":\"https:\\\/\\\/hotelvillaflorida.it\\\/wp-content\\\/uploads\\\/2024\\\/12\\\/Risorsa-5.svg\",\"contentUrl\":\"https:\\\/\\\/hotelvillaflorida.it\\\/wp-content\\\/uploads\\\/2024\\\/12\\\/Risorsa-5.svg\",\"width\":\"1024\",\"height\":\"1024\",\"caption\":\"Hotel Villa Florida\"},\"image\":{\"@id\":\"https:\\\/\\\/hotelvillaflorida.it\\\/de\\\/#\\\/schema\\\/logo\\\/image\\\/\"},\"sameAs\":[\"https:\\\/\\\/www.facebook.com\\\/HotelVillaFlorida\"]}]}<\/script>\n<!-- \/ Yoast SEO plugin. -->","yoast_head_json":{"title":"Golf am Gardasee | Hotel Villa Florida","description":"Erleben Sie die Leidenschaft f\u00fcr Golf in der N\u00e4he des Hotels Villa Florida. Exklusive Pl\u00e4tze am Gardasee f\u00fcr ein unvergessliches Erlebnis.","robots":{"index":"index","follow":"follow","max-snippet":"max-snippet:-1","max-image-preview":"max-image-preview:large","max-video-preview":"max-video-preview:-1"},"canonical":"https:\/\/hotelvillaflorida.it\/de\/erlebnis-gardasee\/golf\/","og_locale":"de_DE","og_type":"article","og_title":"Golf am Gardasee | Hotel Villa Florida","og_description":"Erleben Sie die Leidenschaft f\u00fcr Golf in der N\u00e4he des Hotels Villa Florida. Exklusive Pl\u00e4tze am Gardasee f\u00fcr ein unvergessliches Erlebnis.","og_url":"https:\/\/hotelvillaflorida.it\/de\/erlebnis-gardasee\/golf\/","og_site_name":"Hotel Villa Florida","article_publisher":"https:\/\/www.facebook.com\/HotelVillaFlorida","article_modified_time":"2025-10-07T12:27:44+00:00","og_image":[{"width":1600,"height":900,"url":"https:\/\/hotelvillaflorida.it\/wp-content\/uploads\/2024\/12\/golf-lago-di-garda-1.jpeg","type":"image\/jpeg"}],"twitter_card":"summary_large_image","twitter_misc":{"Gesch\u00e4tzte Lesezeit":"2\u00a0Minuten"},"schema":{"@context":"https:\/\/schema.org","@graph":[{"@type":"WebPage","@id":"https:\/\/hotelvillaflorida.it\/de\/erlebnis-gardasee\/golf\/","url":"https:\/\/hotelvillaflorida.it\/de\/erlebnis-gardasee\/golf\/","name":"Golf am Gardasee | Hotel Villa Florida","isPartOf":{"@id":"https:\/\/hotelvillaflorida.it\/de\/#website"},"primaryImageOfPage":{"@id":"https:\/\/hotelvillaflorida.it\/de\/erlebnis-gardasee\/golf\/#primaryimage"},"image":{"@id":"https:\/\/hotelvillaflorida.it\/de\/erlebnis-gardasee\/golf\/#primaryimage"},"thumbnailUrl":"https:\/\/hotelvillaflorida.it\/wp-content\/uploads\/2024\/12\/golf-lago-di-garda-1.jpeg","datePublished":"2024-12-05T10:01:07+00:00","dateModified":"2025-10-07T12:27:44+00:00","description":"Erleben Sie die Leidenschaft f\u00fcr Golf in der N\u00e4he des Hotels Villa Florida. Exklusive Pl\u00e4tze am Gardasee f\u00fcr ein unvergessliches Erlebnis.","breadcrumb":{"@id":"https:\/\/hotelvillaflorida.it\/de\/erlebnis-gardasee\/golf\/#breadcrumb"},"inLanguage":"de","potentialAction":[{"@type":"ReadAction","target":["https:\/\/hotelvillaflorida.it\/de\/erlebnis-gardasee\/golf\/"]}]},{"@type":"ImageObject","inLanguage":"de","@id":"https:\/\/hotelvillaflorida.it\/de\/erlebnis-gardasee\/golf\/#primaryimage","url":"https:\/\/hotelvillaflorida.it\/wp-content\/uploads\/2024\/12\/golf-lago-di-garda-1.jpeg","contentUrl":"https:\/\/hotelvillaflorida.it\/wp-content\/uploads\/2024\/12\/golf-lago-di-garda-1.jpeg","width":1600,"height":900,"caption":"gardasee 4 sterne hotels"},{"@type":"BreadcrumbList","@id":"https:\/\/hotelvillaflorida.it\/de\/erlebnis-gardasee\/golf\/#breadcrumb","itemListElement":[{"@type":"ListItem","position":1,"name":"Home","item":"https:\/\/hotelvillaflorida.it\/de\/"},{"@type":"ListItem","position":2,"name":"Erlebnis Gardasee","item":"https:\/\/hotelvillaflorida.it\/de\/erlebnis-gardasee\/"},{"@type":"ListItem","position":3,"name":"Golf"}]},{"@type":"WebSite","@id":"https:\/\/hotelvillaflorida.it\/de\/#website","url":"https:\/\/hotelvillaflorida.it\/de\/","name":"Hotel Villa Florida","description":"Hotel Villa Florida Gardone Riviera","publisher":{"@id":"https:\/\/hotelvillaflorida.it\/de\/#organization"},"alternateName":"Hotel Villa Florida Gardone Riviera","potentialAction":[{"@type":"SearchAction","target":{"@type":"EntryPoint","urlTemplate":"https:\/\/hotelvillaflorida.it\/de\/?s={search_term_string}"},"query-input":{"@type":"PropertyValueSpecification","valueRequired":true,"valueName":"search_term_string"}}],"inLanguage":"de"},{"@type":"Organization","@id":"https:\/\/hotelvillaflorida.it\/de\/#organization","name":"Hotel Villa Florida","alternateName":"Hotel Villa Florida Gardone Riviera","url":"https:\/\/hotelvillaflorida.it\/de\/","logo":{"@type":"ImageObject","inLanguage":"de","@id":"https:\/\/hotelvillaflorida.it\/de\/#\/schema\/logo\/image\/","url":"https:\/\/hotelvillaflorida.it\/wp-content\/uploads\/2024\/12\/Risorsa-5.svg","contentUrl":"https:\/\/hotelvillaflorida.it\/wp-content\/uploads\/2024\/12\/Risorsa-5.svg","width":"1024","height":"1024","caption":"Hotel Villa Florida"},"image":{"@id":"https:\/\/hotelvillaflorida.it\/de\/#\/schema\/logo\/image\/"},"sameAs":["https:\/\/www.facebook.com\/HotelVillaFlorida"]}]}},"publishpress_future_workflow_manual_trigger":{"enabledWorkflows":[]},"_links":{"self":[{"href":"https:\/\/hotelvillaflorida.it\/de\/wp-json\/wp\/v2\/pages\/1442","targetHints":{"allow":["GET"]}}],"collection":[{"href":"https:\/\/hotelvillaflorida.it\/de\/wp-json\/wp\/v2\/pages"}],"about":[{"href":"https:\/\/hotelvillaflorida.it\/de\/wp-json\/wp\/v2\/types\/page"}],"author":[{"embeddable":true,"href":"https:\/\/hotelvillaflorida.it\/de\/wp-json\/wp\/v2\/users\/1"}],"replies":[{"embeddable":true,"href":"https:\/\/hotelvillaflorida.it\/de\/wp-json\/wp\/v2\/comments?post=1442"}],"version-history":[{"count":4,"href":"https:\/\/hotelvillaflorida.it\/de\/wp-json\/wp\/v2\/pages\/1442\/revisions"}],"predecessor-version":[{"id":2470,"href":"https:\/\/hotelvillaflorida.it\/de\/wp-json\/wp\/v2\/pages\/1442\/revisions\/2470"}],"up":[{"embeddable":true,"href":"https:\/\/hotelvillaflorida.it\/de\/wp-json\/wp\/v2\/pages\/1489"}],"wp:featuredmedia":[{"embeddable":true,"href":"https:\/\/hotelvillaflorida.it\/de\/wp-json\/wp\/v2\/media\/1145"}],"wp:attachment":[{"href":"https:\/\/hotelvillaflorida.it\/de\/wp-json\/wp\/v2\/media?parent=1442"}],"wp:term":[{"taxonomy":"evidenza","embeddable":true,"href":"https:\/\/hotelvillaflorida.it\/de\/wp-json\/wp\/v2\/evidenza?post=1442"}],"curies":[{"name":"wp","href":"https:\/\/api.w.org\/{rel}","templated":true}]}}