{"id":1405,"date":"2024-12-07T11:21:11","date_gmt":"2024-12-07T10:21:11","guid":{"rendered":"https:\/\/hotelvillaflorida.it\/colazione-a-buffet\/"},"modified":"2024-12-12T16:11:51","modified_gmt":"2024-12-12T15:11:51","slug":"fruehstuecksbueffet","status":"publish","type":"page","link":"https:\/\/hotelvillaflorida.it\/de\/infos-und-leistungen\/fruehstuecksbueffet\/","title":{"rendered":"Fr\u00fchst\u00fccksb\u00fcffet"},"content":{"rendered":"<section class=\"l-section wpb_row us_custom_3a797162 hide_on_mobiles height_small\"><div class=\"l-section-overlay\" style=\"background:linear-gradient(180deg,rgba(0,0,0,0.00),rgba(0,0,0,0.20))\"><\/div><div class=\"l-section-h i-cf\"><div class=\"g-cols vc_row via_grid cols_1 laptops-cols_inherit tablets-cols_inherit mobiles-cols_1 valign_bottom type_default stacking_default\"><div class=\"wpb_column vc_column_container us_custom_3581a2d8\"><div class=\"vc_column-inner\"><nav class=\"g-breadcrumbs us_custom_c68474d9 has_text_color separator_icon align_right\" itemscope itemtype=\"http:\/\/schema.org\/BreadcrumbList\"><div class=\"g-breadcrumbs-item\" itemscope itemprop=\"itemListElement\" itemtype=\"http:\/\/schema.org\/ListItem\"><a itemprop=\"item\" href=\"https:\/\/hotelvillaflorida.it\/de\/\"><span itemprop=\"name\">Start<\/span><\/a><meta itemprop=\"position\" content=\"1\"\/><\/div><div class=\"g-breadcrumbs-separator\"><i class=\"far fa-angle-right\"><\/i><\/div><div class=\"g-breadcrumbs-item\">Seiten<\/div><\/nav><\/div><\/div><\/div><\/div><\/section><section class=\"l-section wpb_row us_custom_3a797162 hide_on_default hide_on_laptops hide_on_tablets height_small\"><div class=\"l-section-overlay\" style=\"background:linear-gradient(180deg,rgba(0,0,0,0.00),rgba(0,0,0,0.20))\"><\/div><div class=\"l-section-h i-cf\"><div class=\"g-cols vc_row via_grid cols_1 laptops-cols_inherit tablets-cols_inherit mobiles-cols_1 valign_bottom type_default stacking_default\"><div class=\"wpb_column vc_column_container us_custom_ad22d5c8 hide_on_default hide_on_laptops hide_on_tablets\"><div class=\"vc_column-inner\"><nav class=\"g-breadcrumbs us_custom_c68474d9 has_text_color separator_icon align_right hide_current\" itemscope itemtype=\"http:\/\/schema.org\/BreadcrumbList\"><div class=\"g-breadcrumbs-item\" itemscope itemprop=\"itemListElement\" itemtype=\"http:\/\/schema.org\/ListItem\"><a itemprop=\"item\" href=\"https:\/\/hotelvillaflorida.it\/de\/\"><span itemprop=\"name\">Start<\/span><\/a><meta itemprop=\"position\" content=\"1\"\/><\/div><div class=\"g-breadcrumbs-separator\"><i class=\"far fa-angle-right\"><\/i><\/div><div class=\"g-breadcrumbs-item\">Seiten<\/div><\/nav><\/div><\/div><\/div><\/div><\/section><section class=\"l-section wpb_row height_medium\" id=\"prima\"><div class=\"l-section-h i-cf\"><div class=\"g-cols vc_row via_grid cols_1 laptops-cols_inherit tablets-cols_inherit mobiles-cols_1 valign_top type_default stacking_default\"><div class=\"wpb_column vc_column_container\"><div class=\"vc_column-inner\"><div class=\"w-vwrapper us_custom_c97daedd align_center valign_top\"><div class=\"w-text us_custom_d056f26d has_text_color\"><span class=\"w-text-h\"><span class=\"w-text-value\">Villa im Gr\u00fcnen des Bio-Olivenhains<\/span><\/span><\/div><h1 class=\"w-text us_custom_201b0d3e\"><span class=\"w-text-h\"><span class=\"w-text-value\">Fr\u00fchst\u00fccksb\u00fcffet<\/span><\/span><\/h1><h3 class=\"w-text us_custom_ebbdc731\"><span class=\"w-text-h\"><span class=\"w-text-value\">Sind Sie bereit, die wahre Bedeutung der italienischen Tafel beim Erwachen zu entdecken?<\/span><\/span><\/h3><div class=\"w-separator size_small\"><\/div><div class=\"wpb_text_column us_custom_d0c27e40\"><div class=\"wpb_wrapper\"><p>Jeden Morgen verwandelt sich unsere Panoramaterrasse \u201cBelvedere dell\u2019Angelo\u201d in eine B\u00fchne der Gaumenfreuden, wo das Fr\u00fchst\u00fccksbuffet unter der geschickten Regie unseres K\u00fcchenchefs zum Leben erwacht.<br \/>\nDie Vielfalt unserer s\u00fc\u00dfen und salzigen Angebote und die sorgf\u00e4ltige Auswahl der Zutaten zeichnen das Hotel Villa Florida aus.\u2028\u2028Unsere kulinarischen Kreationen sind inspiriert von der Vielfalt der typischen lokalen und biologischen Produkte. Frische, am Tisch servierte Gerichte erg\u00e4nzen das Buffet.<br \/>\nUm allen Bed\u00fcrfnissen gerecht zu werden, bieten wir auch leckere Variationen f\u00fcr glutenfreie, vegetarische und vegane Ern\u00e4hrung an.<\/p>\n<\/div><\/div><\/div><\/div><\/div><\/div><\/div><\/section><section class=\"l-section wpb_row height_medium\"><div class=\"l-section-h i-cf\"><div class=\"g-cols vc_row via_grid cols_1 laptops-cols_inherit tablets-cols_inherit mobiles-cols_1 valign_top type_default stacking_default\"><div class=\"wpb_column vc_column_container\"><div class=\"vc_column-inner\"><div class=\"w-grid us_carousel us_custom_eaca26c6 centro us_animate_this type_carousel layout_277 preload_style_spinner items_3 ratio_1x1\" id=\"us_grid_1\" style=\"--items:3;--gap:0.5rem;--item-ratio:1;\"><style>.layout_277 .w-grid-item-h{border-radius:0.1rem}.layout_277 .usg_post_image_1{transition-duration:0.3s;transform-origin:50% 50%;transform:scale(1) translate(0%,0%)}.layout_277 .w-grid-item-h:focus-within .usg_post_image_1,.layout_277 .w-grid-item-h:hover .usg_post_image_1{transform:scale(1.05) translate(0%,0%);opacity:1;background:var(--color-header-transparent-text-hover)!important}.layout_277 .usg_post_image_1{position:absolute!important;left:0!important;top:0!important;bottom:0!important;right:0!important}<\/style><div class=\"w-grid-list owl-carousel valign_stretch dotstyle_smudge navstyle_4 arrows-ver-pos_middle arrows-hor-pos_on_sides_inside arrows-disabled_hide owl-responsive-2000 with_dots with_arrows\" style=\"--transition-duration:1050ms;--arrows-size:1.5rem;--arrows-hor-offset:calc(20px - 0.5rem);--arrows-gap:10px;\">\t<article class=\"w-grid-item post-1061 attachment type-attachment status-inherit hentry\" data-id=\"1061\">\r\n\t\t<div class=\"w-grid-item-h\">\r\n\t\t\t\t\t\t\t<a ref=\"magnificPopupGrid\" href=\"https:\/\/hotelvillaflorida.it\/wp-content\/uploads\/2024\/12\/Hotel-Florida-4.jpg\" class=\"w-grid-item-anchor\" aria-label=\"gardasee 4 sterne hotels\"><\/a>\r\n\t\t\t\t\t\t<div class=\"w-post-elm post_image usg_post_image_1 stretched\"><img loading=\"lazy\" decoding=\"async\" width=\"1024\" height=\"683\" src=\"https:\/\/hotelvillaflorida.it\/wp-content\/uploads\/2024\/12\/Hotel-Florida-4-1024x683.jpg\" class=\"attachment-large size-large\" alt=\"gardasee 4 sterne hotels\" srcset=\"https:\/\/hotelvillaflorida.it\/wp-content\/uploads\/2024\/12\/Hotel-Florida-4-1024x683.jpg 1024w, https:\/\/hotelvillaflorida.it\/wp-content\/uploads\/2024\/12\/Hotel-Florida-4-300x200.jpg 300w, https:\/\/hotelvillaflorida.it\/wp-content\/uploads\/2024\/12\/Hotel-Florida-4.jpg 1300w\" sizes=\"auto, (max-width: 1024px) 100vw, 1024px\" \/><\/div>\t\t<\/div>\r\n\t\t\t<\/article>\r\n\t<article class=\"w-grid-item post-1191 attachment type-attachment status-inherit hentry\" data-id=\"1191\">\r\n\t\t<div class=\"w-grid-item-h\">\r\n\t\t\t\t\t\t\t<a ref=\"magnificPopupGrid\" href=\"https:\/\/hotelvillaflorida.it\/wp-content\/uploads\/2024\/12\/Hotel_Florida_Colazione-6.jpg\" class=\"w-grid-item-anchor\" aria-label=\"gardasee 4 sterne hotels\"><\/a>\r\n\t\t\t\t\t\t<div class=\"w-post-elm post_image usg_post_image_1 stretched\"><img loading=\"lazy\" decoding=\"async\" width=\"1024\" height=\"670\" src=\"https:\/\/hotelvillaflorida.it\/wp-content\/uploads\/2024\/12\/Hotel_Florida_Colazione-6-1024x670.jpg\" class=\"attachment-large size-large\" alt=\"gardasee 4 sterne hotels\" srcset=\"https:\/\/hotelvillaflorida.it\/wp-content\/uploads\/2024\/12\/Hotel_Florida_Colazione-6-1024x670.jpg 1024w, https:\/\/hotelvillaflorida.it\/wp-content\/uploads\/2024\/12\/Hotel_Florida_Colazione-6-300x196.jpg 300w, https:\/\/hotelvillaflorida.it\/wp-content\/uploads\/2024\/12\/Hotel_Florida_Colazione-6.jpg 1300w\" sizes=\"auto, (max-width: 1024px) 100vw, 1024px\" \/><\/div>\t\t<\/div>\r\n\t\t\t<\/article>\r\n\t<article class=\"w-grid-item post-1045 attachment type-attachment status-inherit hentry\" data-id=\"1045\">\r\n\t\t<div class=\"w-grid-item-h\">\r\n\t\t\t\t\t\t\t<a ref=\"magnificPopupGrid\" href=\"https:\/\/hotelvillaflorida.it\/wp-content\/uploads\/2024\/12\/6-florida.jpg\" class=\"w-grid-item-anchor\" aria-label=\"gardasee 4 sterne hotels\"><\/a>\r\n\t\t\t\t\t\t<div class=\"w-post-elm post_image usg_post_image_1 stretched\"><img loading=\"lazy\" decoding=\"async\" width=\"1024\" height=\"683\" src=\"https:\/\/hotelvillaflorida.it\/wp-content\/uploads\/2024\/12\/6-florida-1024x683.jpg\" class=\"attachment-large size-large\" alt=\"gardasee 4 sterne hotels\" srcset=\"https:\/\/hotelvillaflorida.it\/wp-content\/uploads\/2024\/12\/6-florida-1024x683.jpg 1024w, https:\/\/hotelvillaflorida.it\/wp-content\/uploads\/2024\/12\/6-florida-300x200.jpg 300w, https:\/\/hotelvillaflorida.it\/wp-content\/uploads\/2024\/12\/6-florida.jpg 2048w\" sizes=\"auto, (max-width: 1024px) 100vw, 1024px\" \/><\/div>\t\t<\/div>\r\n\t\t\t<\/article>\r\n\t<article class=\"w-grid-item post-1049 attachment type-attachment status-inherit hentry\" data-id=\"1049\">\r\n\t\t<div class=\"w-grid-item-h\">\r\n\t\t\t\t\t\t\t<a ref=\"magnificPopupGrid\" href=\"https:\/\/hotelvillaflorida.it\/wp-content\/uploads\/2024\/12\/GRP01519.jpg\" class=\"w-grid-item-anchor\" aria-label=\"gardasee 4 sterne hotels\"><\/a>\r\n\t\t\t\t\t\t<div class=\"w-post-elm post_image usg_post_image_1 stretched\"><img loading=\"lazy\" decoding=\"async\" width=\"819\" height=\"1024\" src=\"https:\/\/hotelvillaflorida.it\/wp-content\/uploads\/2024\/12\/GRP01519-819x1024.jpg\" class=\"attachment-large size-large\" alt=\"gardasee 4 sterne hotels\" srcset=\"https:\/\/hotelvillaflorida.it\/wp-content\/uploads\/2024\/12\/GRP01519-819x1024.jpg 819w, https:\/\/hotelvillaflorida.it\/wp-content\/uploads\/2024\/12\/GRP01519-240x300.jpg 240w, https:\/\/hotelvillaflorida.it\/wp-content\/uploads\/2024\/12\/GRP01519.jpg 1024w\" sizes=\"auto, (max-width: 819px) 100vw, 819px\" \/><\/div>\t\t<\/div>\r\n\t\t\t<\/article>\r\n\t<article class=\"w-grid-item post-1051 attachment type-attachment status-inherit hentry\" data-id=\"1051\">\r\n\t\t<div class=\"w-grid-item-h\">\r\n\t\t\t\t\t\t\t<a ref=\"magnificPopupGrid\" href=\"https:\/\/hotelvillaflorida.it\/wp-content\/uploads\/2024\/12\/GRP01542.jpg\" class=\"w-grid-item-anchor\" aria-label=\"gardasee 4 sterne hotels\"><\/a>\r\n\t\t\t\t\t\t<div class=\"w-post-elm post_image usg_post_image_1 stretched\"><img loading=\"lazy\" decoding=\"async\" width=\"819\" height=\"1024\" src=\"https:\/\/hotelvillaflorida.it\/wp-content\/uploads\/2024\/12\/GRP01542-819x1024.jpg\" class=\"attachment-large size-large\" alt=\"gardasee 4 sterne hotels\" srcset=\"https:\/\/hotelvillaflorida.it\/wp-content\/uploads\/2024\/12\/GRP01542-819x1024.jpg 819w, https:\/\/hotelvillaflorida.it\/wp-content\/uploads\/2024\/12\/GRP01542-240x300.jpg 240w, https:\/\/hotelvillaflorida.it\/wp-content\/uploads\/2024\/12\/GRP01542.jpg 1024w\" sizes=\"auto, (max-width: 819px) 100vw, 819px\" \/><\/div>\t\t<\/div>\r\n\t\t\t<\/article>\r\n\t<article class=\"w-grid-item post-1053 attachment type-attachment status-inherit hentry\" data-id=\"1053\">\r\n\t\t<div class=\"w-grid-item-h\">\r\n\t\t\t\t\t\t\t<a ref=\"magnificPopupGrid\" href=\"https:\/\/hotelvillaflorida.it\/wp-content\/uploads\/2024\/12\/GRP01628.jpg\" class=\"w-grid-item-anchor\" aria-label=\"gardasee 4 sterne hotels\"><\/a>\r\n\t\t\t\t\t\t<div class=\"w-post-elm post_image usg_post_image_1 stretched\"><img loading=\"lazy\" decoding=\"async\" width=\"819\" height=\"1024\" src=\"https:\/\/hotelvillaflorida.it\/wp-content\/uploads\/2024\/12\/GRP01628-819x1024.jpg\" class=\"attachment-large size-large\" alt=\"gardasee 4 sterne hotels\" srcset=\"https:\/\/hotelvillaflorida.it\/wp-content\/uploads\/2024\/12\/GRP01628-819x1024.jpg 819w, https:\/\/hotelvillaflorida.it\/wp-content\/uploads\/2024\/12\/GRP01628-240x300.jpg 240w, https:\/\/hotelvillaflorida.it\/wp-content\/uploads\/2024\/12\/GRP01628.jpg 1024w\" sizes=\"auto, (max-width: 819px) 100vw, 819px\" \/><\/div>\t\t<\/div>\r\n\t\t\t<\/article>\r\n\t<article class=\"w-grid-item post-1055 attachment type-attachment status-inherit hentry\" data-id=\"1055\">\r\n\t\t<div class=\"w-grid-item-h\">\r\n\t\t\t\t\t\t\t<a ref=\"magnificPopupGrid\" href=\"https:\/\/hotelvillaflorida.it\/wp-content\/uploads\/2024\/12\/GRP01675.jpg\" class=\"w-grid-item-anchor\" aria-label=\"gardasee 4 sterne hotels\"><\/a>\r\n\t\t\t\t\t\t<div class=\"w-post-elm post_image usg_post_image_1 stretched\"><img loading=\"lazy\" decoding=\"async\" width=\"819\" height=\"1024\" src=\"https:\/\/hotelvillaflorida.it\/wp-content\/uploads\/2024\/12\/GRP01675-819x1024.jpg\" class=\"attachment-large size-large\" alt=\"gardasee 4 sterne hotels\" srcset=\"https:\/\/hotelvillaflorida.it\/wp-content\/uploads\/2024\/12\/GRP01675-819x1024.jpg 819w, https:\/\/hotelvillaflorida.it\/wp-content\/uploads\/2024\/12\/GRP01675-240x300.jpg 240w, https:\/\/hotelvillaflorida.it\/wp-content\/uploads\/2024\/12\/GRP01675.jpg 1024w\" sizes=\"auto, (max-width: 819px) 100vw, 819px\" \/><\/div>\t\t<\/div>\r\n\t\t\t<\/article>\r\n<\/div><div class=\"w-grid-carousel-json hidden\" onclick='return {&quot;carousel_settings&quot;:{&quot;aria_labels&quot;:{&quot;prev&quot;:&quot;Zur\\u00fcck&quot;,&quot;next&quot;:&quot;Weiter&quot;},&quot;autoplayContinual&quot;:false,&quot;autoplayHoverPause&quot;:false,&quot;autoplayTimeout&quot;:3000,&quot;autoWidth&quot;:false,&quot;smartSpeed&quot;:1050,&quot;margin&quot;:0,&quot;mouseDrag&quot;:true,&quot;rtl&quot;:false,&quot;slideBy&quot;:&quot;1&quot;,&quot;touchDrag&quot;:true,&quot;slideTransition&quot;:&quot;&quot;,&quot;responsive&quot;:{&quot;0&quot;:{&quot;autoHeight&quot;:false,&quot;autoplay&quot;:true,&quot;autoWidth&quot;:false,&quot;center&quot;:false,&quot;dots&quot;:true,&quot;items&quot;:1,&quot;loop&quot;:true,&quot;nav&quot;:false,&quot;stagePadding&quot;:40,&quot;slideBy&quot;:&quot;1&quot;},&quot;601&quot;:{&quot;items&quot;:3,&quot;autoplay&quot;:false,&quot;center&quot;:false,&quot;dots&quot;:true,&quot;nav&quot;:true,&quot;autoHeight&quot;:false,&quot;autoWidth&quot;:false,&quot;loop&quot;:true,&quot;stagePadding&quot;:50}}}}'><\/div><\/div><\/div><\/div><\/div><\/div><\/section>\n","protected":false},"excerpt":{"rendered":"","protected":false},"author":1,"featured_media":1193,"parent":1547,"menu_order":114,"comment_status":"closed","ping_status":"closed","template":"","meta":{"_acf_changed":false,"footnotes":""},"evidenza":[],"class_list":["post-1405","page","type-page","status-publish","has-post-thumbnail","hentry"],"acf":[],"yoast_head":"<!-- This site is optimized with the Yoast SEO plugin v27.4 - https:\/\/yoast.com\/product\/yoast-seo-wordpress\/ -->\n<title>Fr\u00fchst\u00fccksbuffet | 4 Sterne Hotel Gardone Riviera<\/title>\n<meta name=\"description\" content=\"Genie\u00dfen Sie das Fr\u00fchst\u00fccksbuffet im Hotel Villa Florida in Gardone Riviera: frische Produkte f\u00fcr einen guten Start in den Tag am Gardasee.\" \/>\n<meta name=\"robots\" content=\"index, follow, max-snippet:-1, max-image-preview:large, max-video-preview:-1\" \/>\n<link rel=\"canonical\" href=\"https:\/\/hotelvillaflorida.it\/de\/infos-und-leistungen\/fruehstuecksbueffet\/\" \/>\n<meta property=\"og:locale\" content=\"de_DE\" \/>\n<meta property=\"og:type\" content=\"article\" \/>\n<meta property=\"og:title\" content=\"Fr\u00fchst\u00fccksbuffet | 4 Sterne Hotel Gardone Riviera\" \/>\n<meta property=\"og:description\" content=\"Genie\u00dfen Sie das Fr\u00fchst\u00fccksbuffet im Hotel Villa Florida in Gardone Riviera: frische Produkte f\u00fcr einen guten Start in den Tag am Gardasee.\" \/>\n<meta property=\"og:url\" content=\"https:\/\/hotelvillaflorida.it\/de\/infos-und-leistungen\/fruehstuecksbueffet\/\" \/>\n<meta property=\"og:site_name\" content=\"Hotel Villa Florida\" \/>\n<meta property=\"article:publisher\" content=\"https:\/\/www.facebook.com\/HotelVillaFlorida\" \/>\n<meta property=\"article:modified_time\" content=\"2024-12-12T15:11:51+00:00\" \/>\n<meta property=\"og:image\" content=\"https:\/\/hotelvillaflorida.it\/wp-content\/uploads\/2024\/12\/Hotel-Florida-49.jpg\" \/>\n\t<meta property=\"og:image:width\" content=\"1300\" \/>\n\t<meta property=\"og:image:height\" content=\"841\" \/>\n\t<meta property=\"og:image:type\" content=\"image\/jpeg\" \/>\n<meta name=\"twitter:card\" content=\"summary_large_image\" \/>\n<meta name=\"twitter:label1\" content=\"Gesch\u00e4tzte Lesezeit\" \/>\n\t<meta name=\"twitter:data1\" content=\"2\u00a0Minuten\" \/>\n<script type=\"application\/ld+json\" class=\"yoast-schema-graph\">{\"@context\":\"https:\\\/\\\/schema.org\",\"@graph\":[{\"@type\":\"WebPage\",\"@id\":\"https:\\\/\\\/hotelvillaflorida.it\\\/de\\\/infos-und-leistungen\\\/fruehstuecksbueffet\\\/\",\"url\":\"https:\\\/\\\/hotelvillaflorida.it\\\/de\\\/infos-und-leistungen\\\/fruehstuecksbueffet\\\/\",\"name\":\"Fr\u00fchst\u00fccksbuffet | 4 Sterne Hotel Gardone Riviera\",\"isPartOf\":{\"@id\":\"https:\\\/\\\/hotelvillaflorida.it\\\/de\\\/#website\"},\"primaryImageOfPage\":{\"@id\":\"https:\\\/\\\/hotelvillaflorida.it\\\/de\\\/infos-und-leistungen\\\/fruehstuecksbueffet\\\/#primaryimage\"},\"image\":{\"@id\":\"https:\\\/\\\/hotelvillaflorida.it\\\/de\\\/infos-und-leistungen\\\/fruehstuecksbueffet\\\/#primaryimage\"},\"thumbnailUrl\":\"https:\\\/\\\/hotelvillaflorida.it\\\/wp-content\\\/uploads\\\/2024\\\/12\\\/Hotel-Florida-49.jpg\",\"datePublished\":\"2024-12-07T10:21:11+00:00\",\"dateModified\":\"2024-12-12T15:11:51+00:00\",\"description\":\"Genie\u00dfen Sie das Fr\u00fchst\u00fccksbuffet im Hotel Villa Florida in Gardone Riviera: frische Produkte f\u00fcr einen guten Start in den Tag am Gardasee.\",\"breadcrumb\":{\"@id\":\"https:\\\/\\\/hotelvillaflorida.it\\\/de\\\/infos-und-leistungen\\\/fruehstuecksbueffet\\\/#breadcrumb\"},\"inLanguage\":\"de\",\"potentialAction\":[{\"@type\":\"ReadAction\",\"target\":[\"https:\\\/\\\/hotelvillaflorida.it\\\/de\\\/infos-und-leistungen\\\/fruehstuecksbueffet\\\/\"]}]},{\"@type\":\"ImageObject\",\"inLanguage\":\"de\",\"@id\":\"https:\\\/\\\/hotelvillaflorida.it\\\/de\\\/infos-und-leistungen\\\/fruehstuecksbueffet\\\/#primaryimage\",\"url\":\"https:\\\/\\\/hotelvillaflorida.it\\\/wp-content\\\/uploads\\\/2024\\\/12\\\/Hotel-Florida-49.jpg\",\"contentUrl\":\"https:\\\/\\\/hotelvillaflorida.it\\\/wp-content\\\/uploads\\\/2024\\\/12\\\/Hotel-Florida-49.jpg\",\"width\":1300,\"height\":841,\"caption\":\"gardasee 4 sterne hotels\"},{\"@type\":\"BreadcrumbList\",\"@id\":\"https:\\\/\\\/hotelvillaflorida.it\\\/de\\\/infos-und-leistungen\\\/fruehstuecksbueffet\\\/#breadcrumb\",\"itemListElement\":[{\"@type\":\"ListItem\",\"position\":1,\"name\":\"Home\",\"item\":\"https:\\\/\\\/hotelvillaflorida.it\\\/de\\\/\"},{\"@type\":\"ListItem\",\"position\":2,\"name\":\"Fr\u00fchst\u00fccksb\u00fcffet\"}]},{\"@type\":\"WebSite\",\"@id\":\"https:\\\/\\\/hotelvillaflorida.it\\\/de\\\/#website\",\"url\":\"https:\\\/\\\/hotelvillaflorida.it\\\/de\\\/\",\"name\":\"Hotel Villa Florida\",\"description\":\"Hotel Villa Florida Gardone Riviera\",\"publisher\":{\"@id\":\"https:\\\/\\\/hotelvillaflorida.it\\\/de\\\/#organization\"},\"alternateName\":\"Hotel Villa Florida Gardone Riviera\",\"potentialAction\":[{\"@type\":\"SearchAction\",\"target\":{\"@type\":\"EntryPoint\",\"urlTemplate\":\"https:\\\/\\\/hotelvillaflorida.it\\\/de\\\/?s={search_term_string}\"},\"query-input\":{\"@type\":\"PropertyValueSpecification\",\"valueRequired\":true,\"valueName\":\"search_term_string\"}}],\"inLanguage\":\"de\"},{\"@type\":\"Organization\",\"@id\":\"https:\\\/\\\/hotelvillaflorida.it\\\/de\\\/#organization\",\"name\":\"Hotel Villa Florida\",\"alternateName\":\"Hotel Villa Florida Gardone Riviera\",\"url\":\"https:\\\/\\\/hotelvillaflorida.it\\\/de\\\/\",\"logo\":{\"@type\":\"ImageObject\",\"inLanguage\":\"de\",\"@id\":\"https:\\\/\\\/hotelvillaflorida.it\\\/de\\\/#\\\/schema\\\/logo\\\/image\\\/\",\"url\":\"https:\\\/\\\/hotelvillaflorida.it\\\/wp-content\\\/uploads\\\/2024\\\/12\\\/Risorsa-5.svg\",\"contentUrl\":\"https:\\\/\\\/hotelvillaflorida.it\\\/wp-content\\\/uploads\\\/2024\\\/12\\\/Risorsa-5.svg\",\"width\":\"1024\",\"height\":\"1024\",\"caption\":\"Hotel Villa Florida\"},\"image\":{\"@id\":\"https:\\\/\\\/hotelvillaflorida.it\\\/de\\\/#\\\/schema\\\/logo\\\/image\\\/\"},\"sameAs\":[\"https:\\\/\\\/www.facebook.com\\\/HotelVillaFlorida\"]}]}<\/script>\n<!-- \/ Yoast SEO plugin. -->","yoast_head_json":{"title":"Fr\u00fchst\u00fccksbuffet | 4 Sterne Hotel Gardone Riviera","description":"Genie\u00dfen Sie das Fr\u00fchst\u00fccksbuffet im Hotel Villa Florida in Gardone Riviera: frische Produkte f\u00fcr einen guten Start in den Tag am Gardasee.","robots":{"index":"index","follow":"follow","max-snippet":"max-snippet:-1","max-image-preview":"max-image-preview:large","max-video-preview":"max-video-preview:-1"},"canonical":"https:\/\/hotelvillaflorida.it\/de\/infos-und-leistungen\/fruehstuecksbueffet\/","og_locale":"de_DE","og_type":"article","og_title":"Fr\u00fchst\u00fccksbuffet | 4 Sterne Hotel Gardone Riviera","og_description":"Genie\u00dfen Sie das Fr\u00fchst\u00fccksbuffet im Hotel Villa Florida in Gardone Riviera: frische Produkte f\u00fcr einen guten Start in den Tag am Gardasee.","og_url":"https:\/\/hotelvillaflorida.it\/de\/infos-und-leistungen\/fruehstuecksbueffet\/","og_site_name":"Hotel Villa Florida","article_publisher":"https:\/\/www.facebook.com\/HotelVillaFlorida","article_modified_time":"2024-12-12T15:11:51+00:00","og_image":[{"width":1300,"height":841,"url":"https:\/\/hotelvillaflorida.it\/wp-content\/uploads\/2024\/12\/Hotel-Florida-49.jpg","type":"image\/jpeg"}],"twitter_card":"summary_large_image","twitter_misc":{"Gesch\u00e4tzte Lesezeit":"2\u00a0Minuten"},"schema":{"@context":"https:\/\/schema.org","@graph":[{"@type":"WebPage","@id":"https:\/\/hotelvillaflorida.it\/de\/infos-und-leistungen\/fruehstuecksbueffet\/","url":"https:\/\/hotelvillaflorida.it\/de\/infos-und-leistungen\/fruehstuecksbueffet\/","name":"Fr\u00fchst\u00fccksbuffet | 4 Sterne Hotel Gardone Riviera","isPartOf":{"@id":"https:\/\/hotelvillaflorida.it\/de\/#website"},"primaryImageOfPage":{"@id":"https:\/\/hotelvillaflorida.it\/de\/infos-und-leistungen\/fruehstuecksbueffet\/#primaryimage"},"image":{"@id":"https:\/\/hotelvillaflorida.it\/de\/infos-und-leistungen\/fruehstuecksbueffet\/#primaryimage"},"thumbnailUrl":"https:\/\/hotelvillaflorida.it\/wp-content\/uploads\/2024\/12\/Hotel-Florida-49.jpg","datePublished":"2024-12-07T10:21:11+00:00","dateModified":"2024-12-12T15:11:51+00:00","description":"Genie\u00dfen Sie das Fr\u00fchst\u00fccksbuffet im Hotel Villa Florida in Gardone Riviera: frische Produkte f\u00fcr einen guten Start in den Tag am Gardasee.","breadcrumb":{"@id":"https:\/\/hotelvillaflorida.it\/de\/infos-und-leistungen\/fruehstuecksbueffet\/#breadcrumb"},"inLanguage":"de","potentialAction":[{"@type":"ReadAction","target":["https:\/\/hotelvillaflorida.it\/de\/infos-und-leistungen\/fruehstuecksbueffet\/"]}]},{"@type":"ImageObject","inLanguage":"de","@id":"https:\/\/hotelvillaflorida.it\/de\/infos-und-leistungen\/fruehstuecksbueffet\/#primaryimage","url":"https:\/\/hotelvillaflorida.it\/wp-content\/uploads\/2024\/12\/Hotel-Florida-49.jpg","contentUrl":"https:\/\/hotelvillaflorida.it\/wp-content\/uploads\/2024\/12\/Hotel-Florida-49.jpg","width":1300,"height":841,"caption":"gardasee 4 sterne hotels"},{"@type":"BreadcrumbList","@id":"https:\/\/hotelvillaflorida.it\/de\/infos-und-leistungen\/fruehstuecksbueffet\/#breadcrumb","itemListElement":[{"@type":"ListItem","position":1,"name":"Home","item":"https:\/\/hotelvillaflorida.it\/de\/"},{"@type":"ListItem","position":2,"name":"Fr\u00fchst\u00fccksb\u00fcffet"}]},{"@type":"WebSite","@id":"https:\/\/hotelvillaflorida.it\/de\/#website","url":"https:\/\/hotelvillaflorida.it\/de\/","name":"Hotel Villa Florida","description":"Hotel Villa Florida Gardone Riviera","publisher":{"@id":"https:\/\/hotelvillaflorida.it\/de\/#organization"},"alternateName":"Hotel Villa Florida Gardone Riviera","potentialAction":[{"@type":"SearchAction","target":{"@type":"EntryPoint","urlTemplate":"https:\/\/hotelvillaflorida.it\/de\/?s={search_term_string}"},"query-input":{"@type":"PropertyValueSpecification","valueRequired":true,"valueName":"search_term_string"}}],"inLanguage":"de"},{"@type":"Organization","@id":"https:\/\/hotelvillaflorida.it\/de\/#organization","name":"Hotel Villa Florida","alternateName":"Hotel Villa Florida Gardone Riviera","url":"https:\/\/hotelvillaflorida.it\/de\/","logo":{"@type":"ImageObject","inLanguage":"de","@id":"https:\/\/hotelvillaflorida.it\/de\/#\/schema\/logo\/image\/","url":"https:\/\/hotelvillaflorida.it\/wp-content\/uploads\/2024\/12\/Risorsa-5.svg","contentUrl":"https:\/\/hotelvillaflorida.it\/wp-content\/uploads\/2024\/12\/Risorsa-5.svg","width":"1024","height":"1024","caption":"Hotel Villa Florida"},"image":{"@id":"https:\/\/hotelvillaflorida.it\/de\/#\/schema\/logo\/image\/"},"sameAs":["https:\/\/www.facebook.com\/HotelVillaFlorida"]}]}},"publishpress_future_workflow_manual_trigger":{"enabledWorkflows":[]},"_links":{"self":[{"href":"https:\/\/hotelvillaflorida.it\/de\/wp-json\/wp\/v2\/pages\/1405","targetHints":{"allow":["GET"]}}],"collection":[{"href":"https:\/\/hotelvillaflorida.it\/de\/wp-json\/wp\/v2\/pages"}],"about":[{"href":"https:\/\/hotelvillaflorida.it\/de\/wp-json\/wp\/v2\/types\/page"}],"author":[{"embeddable":true,"href":"https:\/\/hotelvillaflorida.it\/de\/wp-json\/wp\/v2\/users\/1"}],"replies":[{"embeddable":true,"href":"https:\/\/hotelvillaflorida.it\/de\/wp-json\/wp\/v2\/comments?post=1405"}],"version-history":[{"count":2,"href":"https:\/\/hotelvillaflorida.it\/de\/wp-json\/wp\/v2\/pages\/1405\/revisions"}],"predecessor-version":[{"id":1407,"href":"https:\/\/hotelvillaflorida.it\/de\/wp-json\/wp\/v2\/pages\/1405\/revisions\/1407"}],"up":[{"embeddable":true,"href":"https:\/\/hotelvillaflorida.it\/de\/wp-json\/wp\/v2\/pages\/1547"}],"wp:featuredmedia":[{"embeddable":true,"href":"https:\/\/hotelvillaflorida.it\/de\/wp-json\/wp\/v2\/media\/1193"}],"wp:attachment":[{"href":"https:\/\/hotelvillaflorida.it\/de\/wp-json\/wp\/v2\/media?parent=1405"}],"wp:term":[{"taxonomy":"evidenza","embeddable":true,"href":"https:\/\/hotelvillaflorida.it\/de\/wp-json\/wp\/v2\/evidenza?post=1405"}],"curies":[{"name":"wp","href":"https:\/\/api.w.org\/{rel}","templated":true}]}}